{"id":12114,"date":"2018-03-16T20:37:36","date_gmt":"2018-03-17T00:37:36","guid":{"rendered":"http:\/\/ojen.ca?page_id=12114"},"modified":"2024-03-25T12:42:58","modified_gmt":"2024-03-25T16:42:58","slug":"materials-volunteer-judges-coaches","status":"publish","type":"page","link":"https:\/\/ojen2024.turnbull.co\/en\/oocmt\/resources\/materials-volunteer-judges-coaches","title":{"rendered":"Materials for Volunteer Judges and Coaches"},"content":{"rendered":"<p>Below are the 2023-24 materials.&nbsp;<\/p>\n<hr>\n<h3><strong>Materials for all volunteers:<\/strong><\/h3>\n<ol>\n<li><a href=\"https:\/\/ojen2024.turnbull.co\/en\/download\/oocmt-2024-r-v-lavel\" target=\"_blank\" rel=\"noopener\"><strong>R v&nbsp;<\/strong><strong>Lavel<\/strong><strong>&nbsp;Tournament Case 2024&nbsp;<\/strong><\/a>&nbsp;<strong>(<\/strong><strong><a href=\"https:\/\/ojen2024.turnbull.co\/en\/download\/r-c-lavel-francais\" target=\"_blank\" rel=\"noopener\">en fran\u00e7ais ici<\/a>)<\/strong><\/li>\n<li><strong><a href=\"https:\/\/ojen2024.turnbull.co\/en\/download\/oocmt-2024-exhibits-2\" target=\"_blank\" rel=\"noopener\">2024 Evidentiary Exhibits &#8211; R v Lavel<\/a>&nbsp;<\/strong><strong>(<\/strong><strong><a href=\"https:\/\/ojen2024.turnbull.co\/en\/download\/liste-des-pieces-a-conviction_laval\" target=\"_blank\" rel=\"noopener\">en fran\u00e7ais ici<\/a>) &#8211; updated 2024-02-06<\/strong><\/li>\n<li><a href=\"https:\/\/ojen2024.turnbull.co\/en\/download\/oocmt-rules-2024\" target=\"_blank\" rel=\"noopener\"><strong>Official OOCMT Rules&nbsp;<\/strong><\/a><strong>(<a href=\"https:\/\/ojen2024.turnbull.co\/fr\/download\/reglement-officiel-2024\" target=\"_blank\" rel=\"noopener\">en fran\u00e7ais ici<\/a>)<\/strong><\/li>\n<\/ol>\n<h3><strong>Materials specifically for mock trial judges:<\/strong><\/h3>\n<ol>\n<li><strong><a href=\"https:\/\/ojen2024.turnbull.co\/en\/download\/judges-handbook\" target=\"_blank\" rel=\"noopener\">OOCMT Judges Handbook<\/a> <\/strong><strong>(<\/strong><strong><a href=\"https:\/\/ojen2024.turnbull.co\/en\/download\/guide-du-juge\" target=\"_blank\" rel=\"noopener\">en fran\u00e7ais ici<\/a>)<\/strong><\/li>\n<li><a href=\"https:\/\/ojen2024.turnbull.co\/en\/download\/oocmt-scoring-sheet\" target=\"_blank\" rel=\"noopener\"><strong>OOCMT Marking Document&nbsp;<\/strong><\/a><strong>(<\/strong><strong><a href=\"https:\/\/ojen2024.turnbull.co\/en\/download\/guide-de-notation-pour-le-tournoi-de-proces\" target=\"_blank\" rel=\"noopener\">en fran\u00e7ais ici<\/a>)<\/strong><\/li>\n<\/ol>\n<h3><strong>Materials specifically for lawyer coaches:<\/strong><\/h3>\n<ol>\n<li><strong><a href=\"https:\/\/ojen2024.turnbull.co\/wp-content\/uploads\/2019\/12\/OOCMT-Lawyer-Coach-Tips-2020.pdf\" target=\"_blank\" rel=\"noopener\">Tips for Lawyers Coaching&nbsp; <\/a><\/strong><strong>(<\/strong><strong><a href=\"https:\/\/ojen2024.turnbull.co\/en\/download\/lawyer-coach-tips-fr\" target=\"_blank\" rel=\"noopener\">en fran\u00e7ais ici<\/a>)<\/strong><br \/>\n<h2>&nbsp;<\/h2>\n<\/li>\n<\/ol>\n<p>&nbsp;<\/p>\n<h2>&nbsp;<\/h2>\n","protected":false},"excerpt":{"rendered":"<p>Below are the 2023-24 materials.&nbsp; Materials for all volunteers: R v&nbsp;Lavel&nbsp;Tournament Case 2024&nbsp;&nbsp;(en fran\u00e7ais ici) 2024 Evidentiary Exhibits &#8211; R v Lavel&nbsp;(en fran\u00e7ais ici) &#8211; updated 2024-02-06 Official OOCMT Rules&nbsp;(en fran\u00e7ais ici) Materials specifically for mock trial judges: OOCMT Judges Handbook (en fran\u00e7ais ici) OOCMT Marking Document&nbsp;(en fran\u00e7ais ici) Materials specifically for lawyer coaches: Tips [&hellip;]<\/p>\n","protected":false},"author":8,"featured_media":15327,"parent":5359,"menu_order":0,"comment_status":"closed","ping_status":"closed","template":"template-oocmt-default.php","meta":{"_acf_changed":false,"_eb_attr":"","inline_featured_image":false,"ub_ctt_via":"","footnotes":""},"class_list":["post-12114","page","type-page","status-publish","has-post-thumbnail","hentry"],"acf":[],"featured_image_src":"https:\/\/ojen2024.turnbull.co\/wp-content\/uploads\/2018\/06\/Court-benches-stock-picture-2.jpg","yoast_head":"<!-- This site is optimized with the Yoast SEO plugin v25.3 - https:\/\/yoast.com\/wordpress\/plugins\/seo\/ -->\n<title>Materials for Volunteer Judges and Coaches - OJEN<\/title>\n<meta name=\"robots\" content=\"noindex, follow, max-snippet:-1, max-image-preview:large, max-video-preview:-1\" \/>\n<meta property=\"og:locale\" content=\"en_US\" \/>\n<meta property=\"og:type\" content=\"article\" \/>\n<meta property=\"og:title\" content=\"Materials for Volunteer Judges and Coaches - OJEN\" \/>\n<meta property=\"og:description\" content=\"Below are the 2023-24 materials.&nbsp; Materials for all volunteers: R v&nbsp;Lavel&nbsp;Tournament Case 2024&nbsp;&nbsp;(en fran\u00e7ais ici) 2024 Evidentiary Exhibits &#8211; R v Lavel&nbsp;(en fran\u00e7ais ici) &#8211; updated 2024-02-06 Official OOCMT Rules&nbsp;(en fran\u00e7ais ici) Materials specifically for mock trial judges: OOCMT Judges Handbook (en fran\u00e7ais ici) OOCMT Marking Document&nbsp;(en fran\u00e7ais ici) Materials specifically for lawyer coaches: Tips [&hellip;]\" \/>\n<meta property=\"og:url\" content=\"https:\/\/ojen2024.turnbull.co\/en\/oocmt\/resources\/materials-volunteer-judges-coaches\" \/>\n<meta property=\"og:site_name\" content=\"OJEN\" \/>\n<meta property=\"article:publisher\" content=\"https:\/\/www.facebook.com\/pages\/OJEN\/252115501467864\" \/>\n<meta property=\"article:modified_time\" content=\"2024-03-25T16:42:58+00:00\" \/>\n<meta property=\"og:image\" content=\"https:\/\/ojen2024.turnbull.co\/wp-content\/uploads\/2018\/06\/Court-benches-stock-picture-2.jpg\" \/>\n\t<meta property=\"og:image:width\" content=\"1600\" \/>\n\t<meta property=\"og:image:height\" content=\"580\" \/>\n\t<meta property=\"og:image:type\" content=\"image\/jpeg\" \/>\n<meta name=\"twitter:card\" content=\"summary_large_image\" \/>\n<meta name=\"twitter:site\" content=\"@OJEN_ROEJ\" \/>\n<meta name=\"twitter:label1\" content=\"Est. reading time\" \/>\n\t<meta name=\"twitter:data1\" content=\"1 minute\" \/>\n<script type=\"application\/ld+json\" class=\"yoast-schema-graph\">{\"@context\":\"https:\/\/schema.org\",\"@graph\":[{\"@type\":\"WebPage\",\"@id\":\"https:\/\/ojen2024.turnbull.co\/en\/oocmt\/resources\/materials-volunteer-judges-coaches\",\"url\":\"https:\/\/ojen2024.turnbull.co\/en\/oocmt\/resources\/materials-volunteer-judges-coaches\",\"name\":\"Materials for Volunteer Judges and Coaches - OJEN\",\"isPartOf\":{\"@id\":\"https:\/\/ojen2024.turnbull.co\/en\/#website\"},\"primaryImageOfPage\":{\"@id\":\"https:\/\/ojen2024.turnbull.co\/en\/oocmt\/resources\/materials-volunteer-judges-coaches#primaryimage\"},\"image\":{\"@id\":\"https:\/\/ojen2024.turnbull.co\/en\/oocmt\/resources\/materials-volunteer-judges-coaches#primaryimage\"},\"thumbnailUrl\":\"https:\/\/ojen2024.turnbull.co\/wp-content\/uploads\/2018\/06\/Court-benches-stock-picture-2.jpg\",\"datePublished\":\"2018-03-17T00:37:36+00:00\",\"dateModified\":\"2024-03-25T16:42:58+00:00\",\"breadcrumb\":{\"@id\":\"https:\/\/ojen2024.turnbull.co\/en\/oocmt\/resources\/materials-volunteer-judges-coaches#breadcrumb\"},\"inLanguage\":\"en-US\",\"potentialAction\":[{\"@type\":\"ReadAction\",\"target\":[\"https:\/\/ojen2024.turnbull.co\/en\/oocmt\/resources\/materials-volunteer-judges-coaches\"]}]},{\"@type\":\"ImageObject\",\"inLanguage\":\"en-US\",\"@id\":\"https:\/\/ojen2024.turnbull.co\/en\/oocmt\/resources\/materials-volunteer-judges-coaches#primaryimage\",\"url\":\"https:\/\/ojen2024.turnbull.co\/wp-content\/uploads\/2018\/06\/Court-benches-stock-picture-2.jpg\",\"contentUrl\":\"https:\/\/ojen2024.turnbull.co\/wp-content\/uploads\/2018\/06\/Court-benches-stock-picture-2.jpg\",\"width\":1600,\"height\":580},{\"@type\":\"BreadcrumbList\",\"@id\":\"https:\/\/ojen2024.turnbull.co\/en\/oocmt\/resources\/materials-volunteer-judges-coaches#breadcrumb\",\"itemListElement\":[{\"@type\":\"ListItem\",\"position\":1,\"name\":\"Home\",\"item\":\"https:\/\/ojen2024.turnbull.co\/en\"},{\"@type\":\"ListItem\",\"position\":2,\"name\":\"The OBA\/OJEN Competitive Mock Trials for High School Students\",\"item\":\"https:\/\/ojen2024.turnbull.co\/en\/oocmt\"},{\"@type\":\"ListItem\",\"position\":3,\"name\":\"Resources\",\"item\":\"https:\/\/ojen2024.turnbull.co\/en\/oocmt\/resources\"},{\"@type\":\"ListItem\",\"position\":4,\"name\":\"Materials for Volunteer Judges and Coaches\"}]},{\"@type\":\"WebSite\",\"@id\":\"https:\/\/ojen2024.turnbull.co\/en\/#website\",\"url\":\"https:\/\/ojen2024.turnbull.co\/en\/\",\"name\":\"OJEN\",\"description\":\"\",\"potentialAction\":[{\"@type\":\"SearchAction\",\"target\":{\"@type\":\"EntryPoint\",\"urlTemplate\":\"https:\/\/ojen2024.turnbull.co\/en\/?s={search_term_string}\"},\"query-input\":{\"@type\":\"PropertyValueSpecification\",\"valueRequired\":true,\"valueName\":\"search_term_string\"}}],\"inLanguage\":\"en-US\"}]}<\/script>\n<!-- \/ Yoast SEO plugin. -->","yoast_head_json":{"title":"Materials for Volunteer Judges and Coaches - OJEN","robots":{"index":"noindex","follow":"follow","max-snippet":"max-snippet:-1","max-image-preview":"max-image-preview:large","max-video-preview":"max-video-preview:-1"},"og_locale":"en_US","og_type":"article","og_title":"Materials for Volunteer Judges and Coaches - OJEN","og_description":"Below are the 2023-24 materials.&nbsp; Materials for all volunteers: R v&nbsp;Lavel&nbsp;Tournament Case 2024&nbsp;&nbsp;(en fran\u00e7ais ici) 2024 Evidentiary Exhibits &#8211; R v Lavel&nbsp;(en fran\u00e7ais ici) &#8211; updated 2024-02-06 Official OOCMT Rules&nbsp;(en fran\u00e7ais ici) Materials specifically for mock trial judges: OOCMT Judges Handbook (en fran\u00e7ais ici) OOCMT Marking Document&nbsp;(en fran\u00e7ais ici) Materials specifically for lawyer coaches: Tips [&hellip;]","og_url":"https:\/\/ojen2024.turnbull.co\/en\/oocmt\/resources\/materials-volunteer-judges-coaches","og_site_name":"OJEN","article_publisher":"https:\/\/www.facebook.com\/pages\/OJEN\/252115501467864","article_modified_time":"2024-03-25T16:42:58+00:00","og_image":[{"width":1600,"height":580,"url":"https:\/\/ojen2024.turnbull.co\/wp-content\/uploads\/2018\/06\/Court-benches-stock-picture-2.jpg","type":"image\/jpeg"}],"twitter_card":"summary_large_image","twitter_site":"@OJEN_ROEJ","twitter_misc":{"Est. reading time":"1 minute"},"schema":{"@context":"https:\/\/schema.org","@graph":[{"@type":"WebPage","@id":"https:\/\/ojen2024.turnbull.co\/en\/oocmt\/resources\/materials-volunteer-judges-coaches","url":"https:\/\/ojen2024.turnbull.co\/en\/oocmt\/resources\/materials-volunteer-judges-coaches","name":"Materials for Volunteer Judges and Coaches - OJEN","isPartOf":{"@id":"https:\/\/ojen2024.turnbull.co\/en\/#website"},"primaryImageOfPage":{"@id":"https:\/\/ojen2024.turnbull.co\/en\/oocmt\/resources\/materials-volunteer-judges-coaches#primaryimage"},"image":{"@id":"https:\/\/ojen2024.turnbull.co\/en\/oocmt\/resources\/materials-volunteer-judges-coaches#primaryimage"},"thumbnailUrl":"https:\/\/ojen2024.turnbull.co\/wp-content\/uploads\/2018\/06\/Court-benches-stock-picture-2.jpg","datePublished":"2018-03-17T00:37:36+00:00","dateModified":"2024-03-25T16:42:58+00:00","breadcrumb":{"@id":"https:\/\/ojen2024.turnbull.co\/en\/oocmt\/resources\/materials-volunteer-judges-coaches#breadcrumb"},"inLanguage":"en-US","potentialAction":[{"@type":"ReadAction","target":["https:\/\/ojen2024.turnbull.co\/en\/oocmt\/resources\/materials-volunteer-judges-coaches"]}]},{"@type":"ImageObject","inLanguage":"en-US","@id":"https:\/\/ojen2024.turnbull.co\/en\/oocmt\/resources\/materials-volunteer-judges-coaches#primaryimage","url":"https:\/\/ojen2024.turnbull.co\/wp-content\/uploads\/2018\/06\/Court-benches-stock-picture-2.jpg","contentUrl":"https:\/\/ojen2024.turnbull.co\/wp-content\/uploads\/2018\/06\/Court-benches-stock-picture-2.jpg","width":1600,"height":580},{"@type":"BreadcrumbList","@id":"https:\/\/ojen2024.turnbull.co\/en\/oocmt\/resources\/materials-volunteer-judges-coaches#breadcrumb","itemListElement":[{"@type":"ListItem","position":1,"name":"Home","item":"https:\/\/ojen2024.turnbull.co\/en"},{"@type":"ListItem","position":2,"name":"The OBA\/OJEN Competitive Mock Trials for High School Students","item":"https:\/\/ojen2024.turnbull.co\/en\/oocmt"},{"@type":"ListItem","position":3,"name":"Resources","item":"https:\/\/ojen2024.turnbull.co\/en\/oocmt\/resources"},{"@type":"ListItem","position":4,"name":"Materials for Volunteer Judges and Coaches"}]},{"@type":"WebSite","@id":"https:\/\/ojen2024.turnbull.co\/en\/#website","url":"https:\/\/ojen2024.turnbull.co\/en\/","name":"OJEN","description":"","potentialAction":[{"@type":"SearchAction","target":{"@type":"EntryPoint","urlTemplate":"https:\/\/ojen2024.turnbull.co\/en\/?s={search_term_string}"},"query-input":{"@type":"PropertyValueSpecification","valueRequired":true,"valueName":"search_term_string"}}],"inLanguage":"en-US"}]}},"_links":{"self":[{"href":"https:\/\/ojen2024.turnbull.co\/en\/wp-json\/wp\/v2\/pages\/12114"}],"collection":[{"href":"https:\/\/ojen2024.turnbull.co\/en\/wp-json\/wp\/v2\/pages"}],"about":[{"href":"https:\/\/ojen2024.turnbull.co\/en\/wp-json\/wp\/v2\/types\/page"}],"author":[{"embeddable":true,"href":"https:\/\/ojen2024.turnbull.co\/en\/wp-json\/wp\/v2\/users\/8"}],"replies":[{"embeddable":true,"href":"https:\/\/ojen2024.turnbull.co\/en\/wp-json\/wp\/v2\/comments?post=12114"}],"version-history":[{"count":0,"href":"https:\/\/ojen2024.turnbull.co\/en\/wp-json\/wp\/v2\/pages\/12114\/revisions"}],"up":[{"embeddable":true,"href":"https:\/\/ojen2024.turnbull.co\/en\/wp-json\/wp\/v2\/pages\/5359"}],"wp:featuredmedia":[{"embeddable":true,"href":"https:\/\/ojen2024.turnbull.co\/en\/wp-json\/wp\/v2\/media\/15327"}],"wp:attachment":[{"href":"https:\/\/ojen2024.turnbull.co\/en\/wp-json\/wp\/v2\/media?parent=12114"}],"curies":[{"name":"wp","href":"https:\/\/api.w.org\/{rel}","templated":true}]}}