{"id":5068,"date":"2016-10-05T14:48:39","date_gmt":"2016-10-05T14:48:39","guid":{"rendered":"http:\/\/ojen2.turnbull.co\/?page_id=5068"},"modified":"2016-12-23T12:56:20","modified_gmt":"2016-12-23T17:56:20","slug":"2015-suzie-bouchard","status":"publish","type":"page","link":"https:\/\/ojen2024.turnbull.co\/en\/about\/ojen-awards\/tate-herbert-memorial-post-secondary-award\/2015-suzie-bouchard","title":{"rendered":"2015 Suzie Bouchard"},"content":{"rendered":"<p><a href=\"\/wp-content\/uploads\/2016\/10\/THA-2015-Suzie-Bouchard.png\"><img decoding=\"async\" class=\"lft\" src=\"\/wp-content\/uploads\/2016\/10\/THA-2015-Suzie-Bouchard-248x300.png\" alt=\"tha-2015-suzie-bouchard\"><\/a>&nbsp;Suzie Bouchard a re\u00e7u le premier Prix comm\u00e9moratif postsecondaire Tate Herbert. Pendant deux ans, au cours de ses \u00e9tudes \u00e0 la Facult\u00e9 de droit de l\u2019Universit\u00e9 d\u2019Ottawa, elle a contribu\u00e9 de fa\u00e7on importante aux initiatives d\u2019\u00e9ducation juridique du ROEJ.<\/p>\n<p>En tant qu\u2019agente de projet si\u00e9geant au Comit\u00e9 r\u00e9gional du ROEJ \u00e0 Ottawa, elle a mis de l\u2019avant des enjeux francophones importants et a fait preuve d\u2019un grand leadership en ce qui concerne les programmes en fran\u00e7ais.&nbsp;<\/p>\n<p>Elle a organis\u00e9 ses camarades de l\u2019Universit\u00e9 d\u2019Ottawa en vue de mener des projets du ROEJ, comme la diffusion de <em>ROEJ sur les ondes radiophoniques<\/em>, un projet ambitieux comportant de nombreux d\u00e9fis logistiques et \u00e9ducationnels. Suzie a planifi\u00e9 et organis\u00e9 un \u00e9v\u00e8nement dans le cadre de la Journ\u00e9e de l\u2019affaire \u00ab\u2009personne\u2009\u00bb avec le minist\u00e8re de la Justice Canada \u00e0 Ottawa, un projet qui a permis \u00e0 des \u00e9tudiantes des \u00e9coles secondaires locales d\u2019interagir avec des professionnelles du milieu de la justice et d\u2019explorer certains enjeux li\u00e9s \u00e0 la diversit\u00e9 dans le milieu de la justice.<\/p>\n<p>Suzie a travaill\u00e9 avec le gestionnaire de la programmation francophone du ROEJ pour mettre sur pied un nouveau projet sur les droits linguistiques au Canada. Cette nouvelle initiative d\u2019\u00e9ducation juridique repr\u00e9sente un ajout inestimable aux ressources offertes par le ROEJ aux enseignants des cours de droit et d\u2019\u00e9ducation \u00e0 la citoyennet\u00e9.&nbsp;<\/p>\n<p>Dans l\u2019ensemble de son travail, Suzie a fait preuve d\u2019un professionnalisme exemplaire et d\u2019une grande comp\u00e9tence. Ceci en fait une laur\u00e9ate m\u00e9ritant grandement le Prix comm\u00e9moratif postsecondaire Tate Herbert.<\/p>\n","protected":false},"excerpt":{"rendered":"<p>&nbsp;Suzie Bouchard a re\u00e7u le premier Prix comm\u00e9moratif postsecondaire Tate Herbert. Pendant deux ans, au cours de ses \u00e9tudes \u00e0 la Facult\u00e9 de droit de l\u2019Universit\u00e9 d\u2019Ottawa, elle a contribu\u00e9 de fa\u00e7on importante aux initiatives d\u2019\u00e9ducation juridique du ROEJ. En tant qu\u2019agente de projet si\u00e9geant au Comit\u00e9 r\u00e9gional du ROEJ \u00e0 Ottawa, elle a mis [&hellip;]<\/p>\n","protected":false},"author":4,"featured_media":0,"parent":2677,"menu_order":0,"comment_status":"closed","ping_status":"closed","template":"","meta":{"_acf_changed":false,"_eb_attr":"","inline_featured_image":false,"ub_ctt_via":"","footnotes":""},"class_list":["post-5068","page","type-page","status-publish","hentry"],"acf":[],"featured_image_src":null,"yoast_head":"<!-- This site is optimized with the Yoast SEO plugin v25.3 - https:\/\/yoast.com\/wordpress\/plugins\/seo\/ -->\n<title>2015 Suzie Bouchard - OJEN<\/title>\n<meta name=\"robots\" content=\"noindex, follow, max-snippet:-1, max-image-preview:large, max-video-preview:-1\" \/>\n<meta property=\"og:locale\" content=\"en_US\" \/>\n<meta property=\"og:type\" content=\"article\" \/>\n<meta property=\"og:title\" content=\"2015 Suzie Bouchard - OJEN\" \/>\n<meta property=\"og:description\" content=\"&nbsp;Suzie Bouchard a re\u00e7u le premier Prix comm\u00e9moratif postsecondaire Tate Herbert. Pendant deux ans, au cours de ses \u00e9tudes \u00e0 la Facult\u00e9 de droit de l\u2019Universit\u00e9 d\u2019Ottawa, elle a contribu\u00e9 de fa\u00e7on importante aux initiatives d\u2019\u00e9ducation juridique du ROEJ. En tant qu\u2019agente de projet si\u00e9geant au Comit\u00e9 r\u00e9gional du ROEJ \u00e0 Ottawa, elle a mis [&hellip;]\" \/>\n<meta property=\"og:url\" content=\"https:\/\/ojen2024.turnbull.co\/en\/about\/ojen-awards\/tate-herbert-memorial-post-secondary-award\/2015-suzie-bouchard\" \/>\n<meta property=\"og:site_name\" content=\"OJEN\" \/>\n<meta property=\"article:publisher\" content=\"https:\/\/www.facebook.com\/pages\/OJEN\/252115501467864\" \/>\n<meta property=\"article:modified_time\" content=\"2016-12-23T17:56:20+00:00\" \/>\n<meta name=\"twitter:card\" content=\"summary_large_image\" \/>\n<meta name=\"twitter:site\" content=\"@OJEN_ROEJ\" \/>\n<meta name=\"twitter:label1\" content=\"Est. reading time\" \/>\n\t<meta name=\"twitter:data1\" content=\"1 minute\" \/>\n<script type=\"application\/ld+json\" class=\"yoast-schema-graph\">{\"@context\":\"https:\/\/schema.org\",\"@graph\":[{\"@type\":\"WebPage\",\"@id\":\"https:\/\/ojen2024.turnbull.co\/en\/about\/ojen-awards\/tate-herbert-memorial-post-secondary-award\/2015-suzie-bouchard\",\"url\":\"https:\/\/ojen2024.turnbull.co\/en\/about\/ojen-awards\/tate-herbert-memorial-post-secondary-award\/2015-suzie-bouchard\",\"name\":\"2015 Suzie Bouchard - OJEN\",\"isPartOf\":{\"@id\":\"https:\/\/ojen2024.turnbull.co\/en\/#website\"},\"datePublished\":\"2016-10-05T14:48:39+00:00\",\"dateModified\":\"2016-12-23T17:56:20+00:00\",\"breadcrumb\":{\"@id\":\"https:\/\/ojen2024.turnbull.co\/en\/about\/ojen-awards\/tate-herbert-memorial-post-secondary-award\/2015-suzie-bouchard#breadcrumb\"},\"inLanguage\":\"en-US\",\"potentialAction\":[{\"@type\":\"ReadAction\",\"target\":[\"https:\/\/ojen2024.turnbull.co\/en\/about\/ojen-awards\/tate-herbert-memorial-post-secondary-award\/2015-suzie-bouchard\"]}]},{\"@type\":\"BreadcrumbList\",\"@id\":\"https:\/\/ojen2024.turnbull.co\/en\/about\/ojen-awards\/tate-herbert-memorial-post-secondary-award\/2015-suzie-bouchard#breadcrumb\",\"itemListElement\":[{\"@type\":\"ListItem\",\"position\":1,\"name\":\"Home\",\"item\":\"https:\/\/ojen2024.turnbull.co\/en\"},{\"@type\":\"ListItem\",\"position\":2,\"name\":\"About us\",\"item\":\"https:\/\/ojen2024.turnbull.co\/en\/about\"},{\"@type\":\"ListItem\",\"position\":3,\"name\":\"Awards\",\"item\":\"https:\/\/ojen2024.turnbull.co\/en\/about\/ojen-awards\"},{\"@type\":\"ListItem\",\"position\":4,\"name\":\"Tate Herbert Memorial Post-Secondary Award\",\"item\":\"https:\/\/ojen2024.turnbull.co\/en\/about\/ojen-awards\/tate-herbert-memorial-post-secondary-award\"},{\"@type\":\"ListItem\",\"position\":5,\"name\":\"2015 Suzie Bouchard\"}]},{\"@type\":\"WebSite\",\"@id\":\"https:\/\/ojen2024.turnbull.co\/en\/#website\",\"url\":\"https:\/\/ojen2024.turnbull.co\/en\/\",\"name\":\"OJEN\",\"description\":\"\",\"potentialAction\":[{\"@type\":\"SearchAction\",\"target\":{\"@type\":\"EntryPoint\",\"urlTemplate\":\"https:\/\/ojen2024.turnbull.co\/en\/?s={search_term_string}\"},\"query-input\":{\"@type\":\"PropertyValueSpecification\",\"valueRequired\":true,\"valueName\":\"search_term_string\"}}],\"inLanguage\":\"en-US\"}]}<\/script>\n<!-- \/ Yoast SEO plugin. -->","yoast_head_json":{"title":"2015 Suzie Bouchard - OJEN","robots":{"index":"noindex","follow":"follow","max-snippet":"max-snippet:-1","max-image-preview":"max-image-preview:large","max-video-preview":"max-video-preview:-1"},"og_locale":"en_US","og_type":"article","og_title":"2015 Suzie Bouchard - OJEN","og_description":"&nbsp;Suzie Bouchard a re\u00e7u le premier Prix comm\u00e9moratif postsecondaire Tate Herbert. Pendant deux ans, au cours de ses \u00e9tudes \u00e0 la Facult\u00e9 de droit de l\u2019Universit\u00e9 d\u2019Ottawa, elle a contribu\u00e9 de fa\u00e7on importante aux initiatives d\u2019\u00e9ducation juridique du ROEJ. En tant qu\u2019agente de projet si\u00e9geant au Comit\u00e9 r\u00e9gional du ROEJ \u00e0 Ottawa, elle a mis [&hellip;]","og_url":"https:\/\/ojen2024.turnbull.co\/en\/about\/ojen-awards\/tate-herbert-memorial-post-secondary-award\/2015-suzie-bouchard","og_site_name":"OJEN","article_publisher":"https:\/\/www.facebook.com\/pages\/OJEN\/252115501467864","article_modified_time":"2016-12-23T17:56:20+00:00","twitter_card":"summary_large_image","twitter_site":"@OJEN_ROEJ","twitter_misc":{"Est. reading time":"1 minute"},"schema":{"@context":"https:\/\/schema.org","@graph":[{"@type":"WebPage","@id":"https:\/\/ojen2024.turnbull.co\/en\/about\/ojen-awards\/tate-herbert-memorial-post-secondary-award\/2015-suzie-bouchard","url":"https:\/\/ojen2024.turnbull.co\/en\/about\/ojen-awards\/tate-herbert-memorial-post-secondary-award\/2015-suzie-bouchard","name":"2015 Suzie Bouchard - OJEN","isPartOf":{"@id":"https:\/\/ojen2024.turnbull.co\/en\/#website"},"datePublished":"2016-10-05T14:48:39+00:00","dateModified":"2016-12-23T17:56:20+00:00","breadcrumb":{"@id":"https:\/\/ojen2024.turnbull.co\/en\/about\/ojen-awards\/tate-herbert-memorial-post-secondary-award\/2015-suzie-bouchard#breadcrumb"},"inLanguage":"en-US","potentialAction":[{"@type":"ReadAction","target":["https:\/\/ojen2024.turnbull.co\/en\/about\/ojen-awards\/tate-herbert-memorial-post-secondary-award\/2015-suzie-bouchard"]}]},{"@type":"BreadcrumbList","@id":"https:\/\/ojen2024.turnbull.co\/en\/about\/ojen-awards\/tate-herbert-memorial-post-secondary-award\/2015-suzie-bouchard#breadcrumb","itemListElement":[{"@type":"ListItem","position":1,"name":"Home","item":"https:\/\/ojen2024.turnbull.co\/en"},{"@type":"ListItem","position":2,"name":"About us","item":"https:\/\/ojen2024.turnbull.co\/en\/about"},{"@type":"ListItem","position":3,"name":"Awards","item":"https:\/\/ojen2024.turnbull.co\/en\/about\/ojen-awards"},{"@type":"ListItem","position":4,"name":"Tate Herbert Memorial Post-Secondary Award","item":"https:\/\/ojen2024.turnbull.co\/en\/about\/ojen-awards\/tate-herbert-memorial-post-secondary-award"},{"@type":"ListItem","position":5,"name":"2015 Suzie Bouchard"}]},{"@type":"WebSite","@id":"https:\/\/ojen2024.turnbull.co\/en\/#website","url":"https:\/\/ojen2024.turnbull.co\/en\/","name":"OJEN","description":"","potentialAction":[{"@type":"SearchAction","target":{"@type":"EntryPoint","urlTemplate":"https:\/\/ojen2024.turnbull.co\/en\/?s={search_term_string}"},"query-input":{"@type":"PropertyValueSpecification","valueRequired":true,"valueName":"search_term_string"}}],"inLanguage":"en-US"}]}},"_links":{"self":[{"href":"https:\/\/ojen2024.turnbull.co\/en\/wp-json\/wp\/v2\/pages\/5068"}],"collection":[{"href":"https:\/\/ojen2024.turnbull.co\/en\/wp-json\/wp\/v2\/pages"}],"about":[{"href":"https:\/\/ojen2024.turnbull.co\/en\/wp-json\/wp\/v2\/types\/page"}],"author":[{"embeddable":true,"href":"https:\/\/ojen2024.turnbull.co\/en\/wp-json\/wp\/v2\/users\/4"}],"replies":[{"embeddable":true,"href":"https:\/\/ojen2024.turnbull.co\/en\/wp-json\/wp\/v2\/comments?post=5068"}],"version-history":[{"count":0,"href":"https:\/\/ojen2024.turnbull.co\/en\/wp-json\/wp\/v2\/pages\/5068\/revisions"}],"up":[{"embeddable":true,"href":"https:\/\/ojen2024.turnbull.co\/en\/wp-json\/wp\/v2\/pages\/2677"}],"wp:attachment":[{"href":"https:\/\/ojen2024.turnbull.co\/en\/wp-json\/wp\/v2\/media?parent=5068"}],"curies":[{"name":"wp","href":"https:\/\/api.w.org\/{rel}","templated":true}]}}