{"id":5070,"date":"2016-10-05T14:49:14","date_gmt":"2016-10-05T14:49:14","guid":{"rendered":"http:\/\/ojen2.turnbull.co\/?page_id=5070"},"modified":"2016-12-23T12:57:02","modified_gmt":"2016-12-23T17:57:02","slug":"2016-sam-periera","status":"publish","type":"page","link":"https:\/\/ojen2024.turnbull.co\/en\/about\/ojen-awards\/tate-herbert-memorial-post-secondary-award\/2016-sam-periera","title":{"rendered":"2016 Sam Periera"},"content":{"rendered":"<p><a href=\"\/wp-content\/uploads\/2016\/10\/THA-2016-Sam-Pereira.jpg\"><img decoding=\"async\" class=\"lft\" src=\"\/wp-content\/uploads\/2016\/10\/THA-2016-Sam-Pereira-207x300.jpg\" alt=\"tha-2016-sam-pereira\"><\/a>&nbsp;Au cours de l\u2019ann\u00e9e scolaire&nbsp;2015-2016, Sam a contribu\u00e9 de fa\u00e7on remarquable \u00e0 la campagne de collecte de fonds et de sensibilisation <em>Portez la perruque pour la justice<\/em>. L\u2019un des aspects de la campagne \u00e9tait la pr\u00e9paration d\u2019un magazine brossant le portrait de divers \u00ab\u2009champions de l\u2019acc\u00e8s \u00e0 la justice\u2009\u00bb en Ontario. Sam a coordonn\u00e9 le tournage de toutes les vid\u00e9os, un processus extr\u00eamement exigeant. En plus de s\u2019occuper des \u00ab\u2009champions\u2009\u00bb, Sam a coordonn\u00e9 la r\u00e9servation de temps en studio, la pr\u00e9paration de tous les tournages, le recrutement de b\u00e9n\u00e9voles suppl\u00e9mentaires, la coordination de leurs horaires, la direction artistique et la prise de photos magnifiques. Au cours d\u2019une p\u00e9riode de deux \u00e0 trois mois, tout en poursuivant des \u00e9tudes de ma\u00eetrise \u00e0 temps plein, Sam a consacr\u00e9 plus de 100 heures \u00e0 la conception d\u2019un magazine professionnel, magnifique et utile.<\/p>\n<p>En plus de ce travail, Sam a \u00e9galement mis sur pied un programme pro bono dans le d\u00e9partement de production graphique \u00e0 l\u2019Universit\u00e9 Ryerson. Les \u00e9tudiant(e)s qui ont des comp\u00e9tences en production graphique et en marketing pourront travailler avec des organismes \u00e0 but non lucratif et les organisations caritatives de la ville de Toronto pour les aider avec leurs projets de communication, un besoin criant pour ces organismes. Il s\u2019agit non seulement d\u2019une grande contribution au travail du ROEJ, mais \u00e9galement pour l\u2019ensemble du secteur \u00e0 but non lucratif de notre ville.<\/p>\n","protected":false},"excerpt":{"rendered":"<p>&nbsp;Au cours de l\u2019ann\u00e9e scolaire&nbsp;2015-2016, Sam a contribu\u00e9 de fa\u00e7on remarquable \u00e0 la campagne de collecte de fonds et de sensibilisation Portez la perruque pour la justice. L\u2019un des aspects de la campagne \u00e9tait la pr\u00e9paration d\u2019un magazine brossant le portrait de divers \u00ab\u2009champions de l\u2019acc\u00e8s \u00e0 la justice\u2009\u00bb en Ontario. Sam a coordonn\u00e9 le [&hellip;]<\/p>\n","protected":false},"author":4,"featured_media":0,"parent":2677,"menu_order":0,"comment_status":"closed","ping_status":"closed","template":"","meta":{"_acf_changed":false,"_eb_attr":"","inline_featured_image":false,"ub_ctt_via":"","footnotes":""},"class_list":["post-5070","page","type-page","status-publish","hentry"],"acf":[],"featured_image_src":null,"yoast_head":"<!-- This site is optimized with the Yoast SEO plugin v25.3 - https:\/\/yoast.com\/wordpress\/plugins\/seo\/ -->\n<title>2016 Sam Periera - OJEN<\/title>\n<meta name=\"robots\" content=\"noindex, follow, max-snippet:-1, max-image-preview:large, max-video-preview:-1\" \/>\n<meta property=\"og:locale\" content=\"en_US\" \/>\n<meta property=\"og:type\" content=\"article\" \/>\n<meta property=\"og:title\" content=\"2016 Sam Periera - OJEN\" \/>\n<meta property=\"og:description\" content=\"&nbsp;Au cours de l\u2019ann\u00e9e scolaire&nbsp;2015-2016, Sam a contribu\u00e9 de fa\u00e7on remarquable \u00e0 la campagne de collecte de fonds et de sensibilisation Portez la perruque pour la justice. L\u2019un des aspects de la campagne \u00e9tait la pr\u00e9paration d\u2019un magazine brossant le portrait de divers \u00ab\u2009champions de l\u2019acc\u00e8s \u00e0 la justice\u2009\u00bb en Ontario. Sam a coordonn\u00e9 le [&hellip;]\" \/>\n<meta property=\"og:url\" content=\"https:\/\/ojen2024.turnbull.co\/en\/about\/ojen-awards\/tate-herbert-memorial-post-secondary-award\/2016-sam-periera\" \/>\n<meta property=\"og:site_name\" content=\"OJEN\" \/>\n<meta property=\"article:publisher\" content=\"https:\/\/www.facebook.com\/pages\/OJEN\/252115501467864\" \/>\n<meta property=\"article:modified_time\" content=\"2016-12-23T17:57:02+00:00\" \/>\n<meta name=\"twitter:card\" content=\"summary_large_image\" \/>\n<meta name=\"twitter:site\" content=\"@OJEN_ROEJ\" \/>\n<meta name=\"twitter:label1\" content=\"Est. reading time\" \/>\n\t<meta name=\"twitter:data1\" content=\"1 minute\" \/>\n<script type=\"application\/ld+json\" class=\"yoast-schema-graph\">{\"@context\":\"https:\/\/schema.org\",\"@graph\":[{\"@type\":\"WebPage\",\"@id\":\"https:\/\/ojen2024.turnbull.co\/en\/about\/ojen-awards\/tate-herbert-memorial-post-secondary-award\/2016-sam-periera\",\"url\":\"https:\/\/ojen2024.turnbull.co\/en\/about\/ojen-awards\/tate-herbert-memorial-post-secondary-award\/2016-sam-periera\",\"name\":\"2016 Sam Periera - OJEN\",\"isPartOf\":{\"@id\":\"https:\/\/ojen2024.turnbull.co\/en\/#website\"},\"datePublished\":\"2016-10-05T14:49:14+00:00\",\"dateModified\":\"2016-12-23T17:57:02+00:00\",\"breadcrumb\":{\"@id\":\"https:\/\/ojen2024.turnbull.co\/en\/about\/ojen-awards\/tate-herbert-memorial-post-secondary-award\/2016-sam-periera#breadcrumb\"},\"inLanguage\":\"en-US\",\"potentialAction\":[{\"@type\":\"ReadAction\",\"target\":[\"https:\/\/ojen2024.turnbull.co\/en\/about\/ojen-awards\/tate-herbert-memorial-post-secondary-award\/2016-sam-periera\"]}]},{\"@type\":\"BreadcrumbList\",\"@id\":\"https:\/\/ojen2024.turnbull.co\/en\/about\/ojen-awards\/tate-herbert-memorial-post-secondary-award\/2016-sam-periera#breadcrumb\",\"itemListElement\":[{\"@type\":\"ListItem\",\"position\":1,\"name\":\"Home\",\"item\":\"https:\/\/ojen2024.turnbull.co\/en\"},{\"@type\":\"ListItem\",\"position\":2,\"name\":\"About us\",\"item\":\"https:\/\/ojen2024.turnbull.co\/en\/about\"},{\"@type\":\"ListItem\",\"position\":3,\"name\":\"Awards\",\"item\":\"https:\/\/ojen2024.turnbull.co\/en\/about\/ojen-awards\"},{\"@type\":\"ListItem\",\"position\":4,\"name\":\"Tate Herbert Memorial Post-Secondary Award\",\"item\":\"https:\/\/ojen2024.turnbull.co\/en\/about\/ojen-awards\/tate-herbert-memorial-post-secondary-award\"},{\"@type\":\"ListItem\",\"position\":5,\"name\":\"2016 Sam Periera\"}]},{\"@type\":\"WebSite\",\"@id\":\"https:\/\/ojen2024.turnbull.co\/en\/#website\",\"url\":\"https:\/\/ojen2024.turnbull.co\/en\/\",\"name\":\"OJEN\",\"description\":\"\",\"potentialAction\":[{\"@type\":\"SearchAction\",\"target\":{\"@type\":\"EntryPoint\",\"urlTemplate\":\"https:\/\/ojen2024.turnbull.co\/en\/?s={search_term_string}\"},\"query-input\":{\"@type\":\"PropertyValueSpecification\",\"valueRequired\":true,\"valueName\":\"search_term_string\"}}],\"inLanguage\":\"en-US\"}]}<\/script>\n<!-- \/ Yoast SEO plugin. -->","yoast_head_json":{"title":"2016 Sam Periera - OJEN","robots":{"index":"noindex","follow":"follow","max-snippet":"max-snippet:-1","max-image-preview":"max-image-preview:large","max-video-preview":"max-video-preview:-1"},"og_locale":"en_US","og_type":"article","og_title":"2016 Sam Periera - OJEN","og_description":"&nbsp;Au cours de l\u2019ann\u00e9e scolaire&nbsp;2015-2016, Sam a contribu\u00e9 de fa\u00e7on remarquable \u00e0 la campagne de collecte de fonds et de sensibilisation Portez la perruque pour la justice. L\u2019un des aspects de la campagne \u00e9tait la pr\u00e9paration d\u2019un magazine brossant le portrait de divers \u00ab\u2009champions de l\u2019acc\u00e8s \u00e0 la justice\u2009\u00bb en Ontario. Sam a coordonn\u00e9 le [&hellip;]","og_url":"https:\/\/ojen2024.turnbull.co\/en\/about\/ojen-awards\/tate-herbert-memorial-post-secondary-award\/2016-sam-periera","og_site_name":"OJEN","article_publisher":"https:\/\/www.facebook.com\/pages\/OJEN\/252115501467864","article_modified_time":"2016-12-23T17:57:02+00:00","twitter_card":"summary_large_image","twitter_site":"@OJEN_ROEJ","twitter_misc":{"Est. reading time":"1 minute"},"schema":{"@context":"https:\/\/schema.org","@graph":[{"@type":"WebPage","@id":"https:\/\/ojen2024.turnbull.co\/en\/about\/ojen-awards\/tate-herbert-memorial-post-secondary-award\/2016-sam-periera","url":"https:\/\/ojen2024.turnbull.co\/en\/about\/ojen-awards\/tate-herbert-memorial-post-secondary-award\/2016-sam-periera","name":"2016 Sam Periera - OJEN","isPartOf":{"@id":"https:\/\/ojen2024.turnbull.co\/en\/#website"},"datePublished":"2016-10-05T14:49:14+00:00","dateModified":"2016-12-23T17:57:02+00:00","breadcrumb":{"@id":"https:\/\/ojen2024.turnbull.co\/en\/about\/ojen-awards\/tate-herbert-memorial-post-secondary-award\/2016-sam-periera#breadcrumb"},"inLanguage":"en-US","potentialAction":[{"@type":"ReadAction","target":["https:\/\/ojen2024.turnbull.co\/en\/about\/ojen-awards\/tate-herbert-memorial-post-secondary-award\/2016-sam-periera"]}]},{"@type":"BreadcrumbList","@id":"https:\/\/ojen2024.turnbull.co\/en\/about\/ojen-awards\/tate-herbert-memorial-post-secondary-award\/2016-sam-periera#breadcrumb","itemListElement":[{"@type":"ListItem","position":1,"name":"Home","item":"https:\/\/ojen2024.turnbull.co\/en"},{"@type":"ListItem","position":2,"name":"About us","item":"https:\/\/ojen2024.turnbull.co\/en\/about"},{"@type":"ListItem","position":3,"name":"Awards","item":"https:\/\/ojen2024.turnbull.co\/en\/about\/ojen-awards"},{"@type":"ListItem","position":4,"name":"Tate Herbert Memorial Post-Secondary Award","item":"https:\/\/ojen2024.turnbull.co\/en\/about\/ojen-awards\/tate-herbert-memorial-post-secondary-award"},{"@type":"ListItem","position":5,"name":"2016 Sam Periera"}]},{"@type":"WebSite","@id":"https:\/\/ojen2024.turnbull.co\/en\/#website","url":"https:\/\/ojen2024.turnbull.co\/en\/","name":"OJEN","description":"","potentialAction":[{"@type":"SearchAction","target":{"@type":"EntryPoint","urlTemplate":"https:\/\/ojen2024.turnbull.co\/en\/?s={search_term_string}"},"query-input":{"@type":"PropertyValueSpecification","valueRequired":true,"valueName":"search_term_string"}}],"inLanguage":"en-US"}]}},"_links":{"self":[{"href":"https:\/\/ojen2024.turnbull.co\/en\/wp-json\/wp\/v2\/pages\/5070"}],"collection":[{"href":"https:\/\/ojen2024.turnbull.co\/en\/wp-json\/wp\/v2\/pages"}],"about":[{"href":"https:\/\/ojen2024.turnbull.co\/en\/wp-json\/wp\/v2\/types\/page"}],"author":[{"embeddable":true,"href":"https:\/\/ojen2024.turnbull.co\/en\/wp-json\/wp\/v2\/users\/4"}],"replies":[{"embeddable":true,"href":"https:\/\/ojen2024.turnbull.co\/en\/wp-json\/wp\/v2\/comments?post=5070"}],"version-history":[{"count":0,"href":"https:\/\/ojen2024.turnbull.co\/en\/wp-json\/wp\/v2\/pages\/5070\/revisions"}],"up":[{"embeddable":true,"href":"https:\/\/ojen2024.turnbull.co\/en\/wp-json\/wp\/v2\/pages\/2677"}],"wp:attachment":[{"href":"https:\/\/ojen2024.turnbull.co\/en\/wp-json\/wp\/v2\/media?parent=5070"}],"curies":[{"name":"wp","href":"https:\/\/api.w.org\/{rel}","templated":true}]}}