{"id":10953,"date":"2019-01-02T11:52:34","date_gmt":"2019-01-02T16:52:34","guid":{"rendered":"http:\/\/ojen.ca\/?page_id=10953"},"modified":"2019-01-02T11:56:18","modified_gmt":"2019-01-02T16:56:18","slug":"2016-2","status":"publish","type":"page","link":"https:\/\/ojen2024.turnbull.co\/fr\/a-propos\/prix-du-roej\/prix-des-juges-en-chef-du-roej\/2016-2","title":{"rendered":"2016"},"content":{"rendered":"<p><img loading=\"lazy\" decoding=\"async\" class=\"alignleft size-medium wp-image-10879\" src=\"https:\/\/ojen2024.turnbull.co\/wp-content\/uploads\/2017\/11\/IMG_2017-300x253.jpg\" alt=\"HW Mark Conacher\" width=\"300\" height=\"253\" align=\"left\" hspace=\"10\" vspace=\"10\" srcset=\"https:\/\/ojen2024.turnbull.co\/wp-content\/uploads\/2017\/11\/IMG_2017-300x253.jpg 300w, https:\/\/ojen2024.turnbull.co\/wp-content\/uploads\/2017\/11\/IMG_2017-768x648.jpg 768w, https:\/\/ojen2024.turnbull.co\/wp-content\/uploads\/2017\/11\/IMG_2017-1024x864.jpg 1024w, https:\/\/ojen2024.turnbull.co\/wp-content\/uploads\/2017\/11\/IMG_2017.jpg 1182w\" sizes=\"(max-width: 300px) 100vw, 300px\" \/> Monsieur le juge Mark Conacher a fait la promotion de l&rsquo;\u00e9ducation juridique tout au long de sa carri\u00e8re. Il a \u00e9t\u00e9 reconnu en particulier pour ses efforts \u00e0 rendre le syst\u00e8me de justice plus accessible et moins intimidant pour les jeunes \u00e0 l\u2019aide du Programme de comparution en cour qu&rsquo;il a \u00e9labor\u00e9, organis\u00e9 et assur\u00e9 pendant 11 ans.<\/p>\n<p>Le Programme de comparution en cour jumelle des \u00e9tudiants avec des juges, des juges de paix, des procureurs de la Couronne et des avocats de service, leur permettant de passer une journ\u00e9e de travail suivant et observant les proc\u00e9dures judiciaires en coulisse.<\/p>\n<p>Initialement lanc\u00e9 au palais de justice de l&rsquo;ancien h\u00f4tel de ville en 2006, ce Programme a maintenant lieu dans six palais de justice de la Cour de justice de l&rsquo;Ontario dans la RGT. Depuis le lancement du Programme, le juge Conacher a organis\u00e9 plus de 400 activit\u00e9s auxquelles il a pour la plupart pris part.  <\/p>\n<p>Monsieur Conacher a contribu\u00e9 de mani\u00e8re significative \u00e0 la promotion de l&rsquo;\u00e9ducation juridique aupr\u00e8s de centaines d&rsquo;\u00e9tudiants dans la RGT, rendant ainsi les palais de justice plus accueillants et les professionnels en droit plus accessibles.<br \/>\n.&nbsp;<\/p>\n","protected":false},"excerpt":{"rendered":"<p>Monsieur le juge Mark Conacher a fait la promotion de l&rsquo;\u00e9ducation juridique tout au long de sa carri\u00e8re. Il a \u00e9t\u00e9 reconnu en particulier pour ses efforts \u00e0 rendre le syst\u00e8me de justice plus accessible et moins intimidant pour les jeunes \u00e0 l\u2019aide du Programme de comparution en cour qu&rsquo;il a \u00e9labor\u00e9, organis\u00e9 et assur\u00e9 [&hellip;]<\/p>\n","protected":false},"author":323,"featured_media":10879,"parent":7987,"menu_order":0,"comment_status":"closed","ping_status":"closed","template":"","meta":{"_acf_changed":false,"_eb_attr":"","inline_featured_image":false,"ub_ctt_via":"","footnotes":""},"class_list":["post-10953","page","type-page","status-publish","has-post-thumbnail","hentry"],"acf":[],"featured_image_src":"https:\/\/ojen2024.turnbull.co\/wp-content\/uploads\/2017\/11\/IMG_2017.jpg","yoast_head":"<!-- This site is optimized with the Yoast SEO plugin v25.3 - https:\/\/yoast.com\/wordpress\/plugins\/seo\/ -->\n<title>2016 - OJEN<\/title>\n<meta name=\"robots\" content=\"noindex, follow, max-snippet:-1, max-image-preview:large, max-video-preview:-1\" \/>\n<meta property=\"og:locale\" content=\"fr_CA\" \/>\n<meta property=\"og:type\" content=\"article\" \/>\n<meta property=\"og:title\" content=\"2016 - OJEN\" \/>\n<meta property=\"og:description\" content=\"Monsieur le juge Mark Conacher a fait la promotion de l&rsquo;\u00e9ducation juridique tout au long de sa carri\u00e8re. Il a \u00e9t\u00e9 reconnu en particulier pour ses efforts \u00e0 rendre le syst\u00e8me de justice plus accessible et moins intimidant pour les jeunes \u00e0 l\u2019aide du Programme de comparution en cour qu&rsquo;il a \u00e9labor\u00e9, organis\u00e9 et assur\u00e9 [&hellip;]\" \/>\n<meta property=\"og:url\" content=\"https:\/\/ojen2024.turnbull.co\/fr\/a-propos\/prix-du-roej\/prix-des-juges-en-chef-du-roej\/2016-2\" \/>\n<meta property=\"og:site_name\" content=\"OJEN\" \/>\n<meta property=\"article:publisher\" content=\"https:\/\/www.facebook.com\/pages\/OJEN\/252115501467864\" \/>\n<meta property=\"article:modified_time\" content=\"2019-01-02T16:56:18+00:00\" \/>\n<meta property=\"og:image\" content=\"https:\/\/ojen2024.turnbull.co\/wp-content\/uploads\/2017\/11\/IMG_2017.jpg\" \/>\n\t<meta property=\"og:image:width\" content=\"1182\" \/>\n\t<meta property=\"og:image:height\" content=\"997\" \/>\n\t<meta property=\"og:image:type\" content=\"image\/jpeg\" \/>\n<meta name=\"twitter:card\" content=\"summary_large_image\" \/>\n<meta name=\"twitter:site\" content=\"@OJEN_ROEJ\" \/>\n<meta name=\"twitter:label1\" content=\"Estimation du temps de lecture\" \/>\n\t<meta name=\"twitter:data1\" content=\"1 minute\" \/>\n<script type=\"application\/ld+json\" class=\"yoast-schema-graph\">{\"@context\":\"https:\/\/schema.org\",\"@graph\":[{\"@type\":\"WebPage\",\"@id\":\"https:\/\/ojen2024.turnbull.co\/fr\/a-propos\/prix-du-roej\/prix-des-juges-en-chef-du-roej\/2016-2\",\"url\":\"https:\/\/ojen2024.turnbull.co\/fr\/a-propos\/prix-du-roej\/prix-des-juges-en-chef-du-roej\/2016-2\",\"name\":\"2016 - OJEN\",\"isPartOf\":{\"@id\":\"https:\/\/ojen2024.turnbull.co\/en\/#website\"},\"primaryImageOfPage\":{\"@id\":\"https:\/\/ojen2024.turnbull.co\/fr\/a-propos\/prix-du-roej\/prix-des-juges-en-chef-du-roej\/2016-2#primaryimage\"},\"image\":{\"@id\":\"https:\/\/ojen2024.turnbull.co\/fr\/a-propos\/prix-du-roej\/prix-des-juges-en-chef-du-roej\/2016-2#primaryimage\"},\"thumbnailUrl\":\"https:\/\/ojen2024.turnbull.co\/wp-content\/uploads\/2017\/11\/IMG_2017.jpg\",\"datePublished\":\"2019-01-02T16:52:34+00:00\",\"dateModified\":\"2019-01-02T16:56:18+00:00\",\"breadcrumb\":{\"@id\":\"https:\/\/ojen2024.turnbull.co\/fr\/a-propos\/prix-du-roej\/prix-des-juges-en-chef-du-roej\/2016-2#breadcrumb\"},\"inLanguage\":\"fr-CA\",\"potentialAction\":[{\"@type\":\"ReadAction\",\"target\":[\"https:\/\/ojen2024.turnbull.co\/fr\/a-propos\/prix-du-roej\/prix-des-juges-en-chef-du-roej\/2016-2\"]}]},{\"@type\":\"ImageObject\",\"inLanguage\":\"fr-CA\",\"@id\":\"https:\/\/ojen2024.turnbull.co\/fr\/a-propos\/prix-du-roej\/prix-des-juges-en-chef-du-roej\/2016-2#primaryimage\",\"url\":\"https:\/\/ojen2024.turnbull.co\/wp-content\/uploads\/2017\/11\/IMG_2017.jpg\",\"contentUrl\":\"https:\/\/ojen2024.turnbull.co\/wp-content\/uploads\/2017\/11\/IMG_2017.jpg\",\"width\":1182,\"height\":997},{\"@type\":\"BreadcrumbList\",\"@id\":\"https:\/\/ojen2024.turnbull.co\/fr\/a-propos\/prix-du-roej\/prix-des-juges-en-chef-du-roej\/2016-2#breadcrumb\",\"itemListElement\":[{\"@type\":\"ListItem\",\"position\":1,\"name\":\"Home\",\"item\":\"https:\/\/ojen2024.turnbull.co\/fr\"},{\"@type\":\"ListItem\",\"position\":2,\"name\":\"Qui sommes nous?\",\"item\":\"https:\/\/ojen2024.turnbull.co\/fr\/a-propos\"},{\"@type\":\"ListItem\",\"position\":3,\"name\":\"Prix du ROEJ\",\"item\":\"https:\/\/ojen2024.turnbull.co\/fr\/a-propos\/prix-du-roej\"},{\"@type\":\"ListItem\",\"position\":4,\"name\":\"Prix des juges en chef du ROEJ\",\"item\":\"https:\/\/ojen2024.turnbull.co\/fr\/a-propos\/prix-du-roej\/prix-des-juges-en-chef-du-roej\"},{\"@type\":\"ListItem\",\"position\":5,\"name\":\"2016\"}]},{\"@type\":\"WebSite\",\"@id\":\"https:\/\/ojen2024.turnbull.co\/en\/#website\",\"url\":\"https:\/\/ojen2024.turnbull.co\/en\/\",\"name\":\"OJEN\",\"description\":\"\",\"potentialAction\":[{\"@type\":\"SearchAction\",\"target\":{\"@type\":\"EntryPoint\",\"urlTemplate\":\"https:\/\/ojen2024.turnbull.co\/en\/?s={search_term_string}\"},\"query-input\":{\"@type\":\"PropertyValueSpecification\",\"valueRequired\":true,\"valueName\":\"search_term_string\"}}],\"inLanguage\":\"fr-CA\"}]}<\/script>\n<!-- \/ Yoast SEO plugin. -->","yoast_head_json":{"title":"2016 - OJEN","robots":{"index":"noindex","follow":"follow","max-snippet":"max-snippet:-1","max-image-preview":"max-image-preview:large","max-video-preview":"max-video-preview:-1"},"og_locale":"fr_CA","og_type":"article","og_title":"2016 - OJEN","og_description":"Monsieur le juge Mark Conacher a fait la promotion de l&rsquo;\u00e9ducation juridique tout au long de sa carri\u00e8re. Il a \u00e9t\u00e9 reconnu en particulier pour ses efforts \u00e0 rendre le syst\u00e8me de justice plus accessible et moins intimidant pour les jeunes \u00e0 l\u2019aide du Programme de comparution en cour qu&rsquo;il a \u00e9labor\u00e9, organis\u00e9 et assur\u00e9 [&hellip;]","og_url":"https:\/\/ojen2024.turnbull.co\/fr\/a-propos\/prix-du-roej\/prix-des-juges-en-chef-du-roej\/2016-2","og_site_name":"OJEN","article_publisher":"https:\/\/www.facebook.com\/pages\/OJEN\/252115501467864","article_modified_time":"2019-01-02T16:56:18+00:00","og_image":[{"width":1182,"height":997,"url":"https:\/\/ojen2024.turnbull.co\/wp-content\/uploads\/2017\/11\/IMG_2017.jpg","type":"image\/jpeg"}],"twitter_card":"summary_large_image","twitter_site":"@OJEN_ROEJ","twitter_misc":{"Estimation du temps de lecture":"1 minute"},"schema":{"@context":"https:\/\/schema.org","@graph":[{"@type":"WebPage","@id":"https:\/\/ojen2024.turnbull.co\/fr\/a-propos\/prix-du-roej\/prix-des-juges-en-chef-du-roej\/2016-2","url":"https:\/\/ojen2024.turnbull.co\/fr\/a-propos\/prix-du-roej\/prix-des-juges-en-chef-du-roej\/2016-2","name":"2016 - OJEN","isPartOf":{"@id":"https:\/\/ojen2024.turnbull.co\/en\/#website"},"primaryImageOfPage":{"@id":"https:\/\/ojen2024.turnbull.co\/fr\/a-propos\/prix-du-roej\/prix-des-juges-en-chef-du-roej\/2016-2#primaryimage"},"image":{"@id":"https:\/\/ojen2024.turnbull.co\/fr\/a-propos\/prix-du-roej\/prix-des-juges-en-chef-du-roej\/2016-2#primaryimage"},"thumbnailUrl":"https:\/\/ojen2024.turnbull.co\/wp-content\/uploads\/2017\/11\/IMG_2017.jpg","datePublished":"2019-01-02T16:52:34+00:00","dateModified":"2019-01-02T16:56:18+00:00","breadcrumb":{"@id":"https:\/\/ojen2024.turnbull.co\/fr\/a-propos\/prix-du-roej\/prix-des-juges-en-chef-du-roej\/2016-2#breadcrumb"},"inLanguage":"fr-CA","potentialAction":[{"@type":"ReadAction","target":["https:\/\/ojen2024.turnbull.co\/fr\/a-propos\/prix-du-roej\/prix-des-juges-en-chef-du-roej\/2016-2"]}]},{"@type":"ImageObject","inLanguage":"fr-CA","@id":"https:\/\/ojen2024.turnbull.co\/fr\/a-propos\/prix-du-roej\/prix-des-juges-en-chef-du-roej\/2016-2#primaryimage","url":"https:\/\/ojen2024.turnbull.co\/wp-content\/uploads\/2017\/11\/IMG_2017.jpg","contentUrl":"https:\/\/ojen2024.turnbull.co\/wp-content\/uploads\/2017\/11\/IMG_2017.jpg","width":1182,"height":997},{"@type":"BreadcrumbList","@id":"https:\/\/ojen2024.turnbull.co\/fr\/a-propos\/prix-du-roej\/prix-des-juges-en-chef-du-roej\/2016-2#breadcrumb","itemListElement":[{"@type":"ListItem","position":1,"name":"Home","item":"https:\/\/ojen2024.turnbull.co\/fr"},{"@type":"ListItem","position":2,"name":"Qui sommes nous?","item":"https:\/\/ojen2024.turnbull.co\/fr\/a-propos"},{"@type":"ListItem","position":3,"name":"Prix du ROEJ","item":"https:\/\/ojen2024.turnbull.co\/fr\/a-propos\/prix-du-roej"},{"@type":"ListItem","position":4,"name":"Prix des juges en chef du ROEJ","item":"https:\/\/ojen2024.turnbull.co\/fr\/a-propos\/prix-du-roej\/prix-des-juges-en-chef-du-roej"},{"@type":"ListItem","position":5,"name":"2016"}]},{"@type":"WebSite","@id":"https:\/\/ojen2024.turnbull.co\/en\/#website","url":"https:\/\/ojen2024.turnbull.co\/en\/","name":"OJEN","description":"","potentialAction":[{"@type":"SearchAction","target":{"@type":"EntryPoint","urlTemplate":"https:\/\/ojen2024.turnbull.co\/en\/?s={search_term_string}"},"query-input":{"@type":"PropertyValueSpecification","valueRequired":true,"valueName":"search_term_string"}}],"inLanguage":"fr-CA"}]}},"_links":{"self":[{"href":"https:\/\/ojen2024.turnbull.co\/fr\/wp-json\/wp\/v2\/pages\/10953"}],"collection":[{"href":"https:\/\/ojen2024.turnbull.co\/fr\/wp-json\/wp\/v2\/pages"}],"about":[{"href":"https:\/\/ojen2024.turnbull.co\/fr\/wp-json\/wp\/v2\/types\/page"}],"author":[{"embeddable":true,"href":"https:\/\/ojen2024.turnbull.co\/fr\/wp-json\/wp\/v2\/users\/323"}],"replies":[{"embeddable":true,"href":"https:\/\/ojen2024.turnbull.co\/fr\/wp-json\/wp\/v2\/comments?post=10953"}],"version-history":[{"count":0,"href":"https:\/\/ojen2024.turnbull.co\/fr\/wp-json\/wp\/v2\/pages\/10953\/revisions"}],"up":[{"embeddable":true,"href":"https:\/\/ojen2024.turnbull.co\/fr\/wp-json\/wp\/v2\/pages\/7987"}],"wp:featuredmedia":[{"embeddable":true,"href":"https:\/\/ojen2024.turnbull.co\/fr\/wp-json\/wp\/v2\/media\/10879"}],"wp:attachment":[{"href":"https:\/\/ojen2024.turnbull.co\/fr\/wp-json\/wp\/v2\/media?parent=10953"}],"curies":[{"name":"wp","href":"https:\/\/api.w.org\/{rel}","templated":true}]}}