{"id":1196,"date":"2016-08-20T19:52:24","date_gmt":"2016-08-20T19:52:24","guid":{"rendered":"http:\/\/ojen.turnbull.co\/fr\/?page_id=1196"},"modified":"2025-07-25T10:05:57","modified_gmt":"2025-07-25T14:05:57","slug":"communautaires","status":"publish","type":"page","link":"https:\/\/ojen2024.turnbull.co\/fr\/communautaires","title":{"rendered":"Pour les communaut\u00e9s"},"content":{"rendered":"\n<section class=\"wp-block-tco2025-blocks-section-block has-grey-bg\"><div class=\"layout__container\">\n<p>Chaque personne fera face \u00e0 une situation juridique un jour ou l\u2019autre, que ce soit un probl\u00e8me avec un locateur ou un employeur, l\u2019\u00e9chec d\u2019un mariage, une interaction avec la police ou la r\u00e9daction d\u2019un testament. Savoir naviguer dans le syst\u00e8me de justice est une comp\u00e9tence de vie essentielle, mais il faut aussi savoir trouver de l\u2019information juridique fiable et accessible.<\/p>\n<p>C\u2019est l\u00e0 que le ROEJ entre en jeu. Le ROEJ s\u2019associe \u00e0 des groupes communautaires dans tout l\u2019Ontario pour offrir des programmes et des ateliers stimulants et interactifs aux jeunes de 12 \u00e0 29\u00a0ans. Nos programmes sont con\u00e7us pour <strong>d\u00e9velopper les connaissances et les comp\u00e9tences de vie en mati\u00e8re juridique, et pour amener les jeunes \u00e0 se sentir plus \u00e0 l\u2019aise avec les professionnel\u00b7les du droit. <\/strong>Nos programmes pr\u00e9parent les jeunes \u00e0 faire face aux probl\u00e8mes juridiques qui se pr\u00e9senteront dans leur propre vie et leur donnent les moyens de susciter des changements positifs dans leurs communaut\u00e9s.\u00a0<\/p>\n<p>Les programmes du ROEJ permettent \u00e9galement aux jeunes d\u2019interagir avec des professionnel\u00b7les du droit afin de d\u00e9boulonner certaines id\u00e9es fausses au sujet du syst\u00e8me de justice. De leur c\u00f4t\u00e9, les professionnel\u00b7les du droit ont l\u2019occasion de mieux comprendre les exp\u00e9riences v\u00e9cues des jeunes et d\u2019avoir des interactions signifiantes et positives avec eux.<\/p>\n<p><strong>Vous aimeriez proposer un programme du ROEJ \u00e0 votre groupe?<\/strong><\/p>\n<p>Le ROEJ travaille avec divers publics de jeunes, y compris les suivants\u00a0:<\/p>\n<ul>\n<li>Jeunes des Premi\u00e8res Nations, m\u00e9tis et inuits<\/li>\n<li>Jeunes racialis\u00e9s<\/li>\n<li>Jeunes nouvellement arriv\u00e9s au pays<\/li>\n<li>Jeunes francophones<\/li>\n<li>Jeunes qui ont d\u00e9croch\u00e9 du syst\u00e8me d\u2019\u00e9ducation, y compris ceux qui ont \u00e9t\u00e9 suspendus ou expuls\u00e9s<\/li>\n<li>Jeunes qui suivent des programmes d\u2019\u00e9ducation sp\u00e9cialis\u00e9e<\/li>\n<li>Jeunes qui ont eu des d\u00e9m\u00eal\u00e9s avec la justice et qui se trouvent dans des \u00e9tablissements de d\u00e9tention ou sont en probation<\/li>\n<li>Jeunes parents<\/li>\n<li>Jeunes sans domicile fixe ou jeunes de la rue<\/li>\n<li>Jeunes LGBTQ+<\/li>\n<\/ul>\n<p>Les programmes de liaison soutiennent les jeunes qui doivent composer avec de multiples obstacles et sont adapt\u00e9s aux besoins particuliers de chaque public.<\/p>\n<h2>Nos partenaires communautaires<\/h2>\n<p>Voici quelques-uns de nos partenaires communautaires\u00a0:<\/p>\n<ul>\n<li>Afghan Women&rsquo;s Organization<\/li>\n<li>BGC St. Alban\u2019s<\/li>\n<li>East Scarborough Boys and Girls Club<\/li>\n<li>Inuuqatigiit<\/li>\n<li>Jessie\u2019s Centre<\/li>\n<li>Jamaican Canadian Association<\/li>\n<li>Kidnetix Kidz Association<\/li>\n<li>Malvern Family Resource Centre<\/li>\n<li>Massey Centre<\/li>\n<li>N\u2019Swakamok Friendship Centre<\/li>\n<li>Provincial Youth Outreach Workers Program (PYOW)<\/li>\n<li>Regent Park Pathways to Education<\/li>\n<li>Rosalie Hall<\/li>\n<li>Roy McMurtry Youth Centre<\/li>\n<li>Sprucedale Youth Centre<\/li>\n<li>The 519<\/li>\n<li>Toronto Community Housing<\/li>\n<li>Toronto Parks and Recreation<\/li>\n<li>Tropicana Community Services<\/li>\n<li>West Scarborough Neighbourhood Community Centre<\/li>\n<li>Bureau des services \u00e0 la jeunesse d\u2019Ottawa<\/li>\n<\/ul>\n\n\n\n<ul class=\"wp-block-tco2025-blocks-card-list-block image-preview-list\"><li class=\"image-preview js-flipped-card\" tabindex=\"0\"><div class=\"image-preview__inner\"><div class=\"image-preview__wrapper\"><img decoding=\"async\" class=\"image-preview__img\" src=\"https:\/\/ojen2024.turnbull.co\/wp-content\/uploads\/2016\/07\/justice-education-projects.jpg\" loading=\"lazy\" alt=\"\"\/><p class=\"image-preview__text\">Programmes communautaires<\/p><\/div><div class=\"image-preview__back\"><div class=\"image-preview__back-inner js-flipped-card-content\"><h2 class=\"image-preview__back-heading\">Programmes communautaires<\/h2><p class=\"image-preview__back-text\"><\/p><a class=\"image-preview__back-button button button--primary\" href=\"\/fr\/communautaires\/programmes\">En savoir plus<\/a><\/div><\/div><\/div><\/li><li class=\"image-preview js-flipped-card\" tabindex=\"0\"><div class=\"image-preview__inner\"><div class=\"image-preview__wrapper\"><img decoding=\"async\" class=\"image-preview__img\" src=\"https:\/\/ojen2024.turnbull.co\/wp-content\/uploads\/2025\/07\/Community-Request-an-OJEN-program.jpg\" loading=\"lazy\" alt=\"\"\/><p class=\"image-preview__text\">Cr\u00e9er votre projet d\u2019\u00e9ducation juridique<\/p><\/div><div class=\"image-preview__back\"><div class=\"image-preview__back-inner js-flipped-card-content\"><h2 class=\"image-preview__back-heading\">Cr\u00e9er votre projet d\u2019\u00e9ducation juridique<\/h2><p class=\"image-preview__back-text\"><\/p><a class=\"image-preview__back-button button button--primary\" href=\"\/fr\/contribuer-au-travail-du-roej\/demander-un-projet\">En savoir plus<\/a><\/div><\/div><\/div><\/li><li class=\"image-preview js-flipped-card\" tabindex=\"0\"><div class=\"image-preview__inner\"><div class=\"image-preview__wrapper\"><img decoding=\"async\" class=\"image-preview__img\" src=\"https:\/\/ojen2024.turnbull.co\/wp-content\/uploads\/2025\/07\/Community-community-resources.jpg\" loading=\"lazy\" alt=\"\"\/><p class=\"image-preview__text\">Ressources pour les professionnels du droit et les intervenants communautaires<\/p><\/div><div class=\"image-preview__back\"><div class=\"image-preview__back-inner js-flipped-card-content\"><h2 class=\"image-preview__back-heading\">Ressources pour les professionnels du droit et les intervenants communautaires<\/h2><p class=\"image-preview__back-text\"><\/p><a class=\"image-preview__back-button button button--primary\" href=\"\/fr\/communautaires\/ressources\">En savoir plus<\/a><\/div><\/div><\/div><\/li><\/ul>\n<\/div><\/section>\n","protected":false},"excerpt":{"rendered":"","protected":false},"author":4,"featured_media":24580,"parent":0,"menu_order":-97,"comment_status":"closed","ping_status":"closed","template":"template-blocks.php","meta":{"_acf_changed":false,"_eb_attr":"","inline_featured_image":false,"ub_ctt_via":"","footnotes":""},"class_list":["post-1196","page","type-page","status-publish","has-post-thumbnail","hentry"],"acf":[],"featured_image_src":"https:\/\/ojen2024.turnbull.co\/wp-content\/uploads\/2016\/09\/In-the-Community.png","yoast_head":"<!-- This site is optimized with the Yoast SEO plugin v25.3 - https:\/\/yoast.com\/wordpress\/plugins\/seo\/ -->\n<title>Pour les communaut\u00e9s - OJEN<\/title>\n<meta name=\"robots\" content=\"noindex, follow, max-snippet:-1, max-image-preview:large, max-video-preview:-1\" \/>\n<meta property=\"og:locale\" content=\"fr_CA\" \/>\n<meta property=\"og:type\" content=\"article\" \/>\n<meta property=\"og:title\" content=\"Pour les communaut\u00e9s - OJEN\" \/>\n<meta property=\"og:url\" content=\"https:\/\/ojen2024.turnbull.co\/fr\/communautaires\" \/>\n<meta property=\"og:site_name\" content=\"OJEN\" \/>\n<meta property=\"article:publisher\" content=\"https:\/\/www.facebook.com\/pages\/OJEN\/252115501467864\" \/>\n<meta property=\"article:modified_time\" content=\"2025-07-25T14:05:57+00:00\" \/>\n<meta property=\"og:image\" content=\"https:\/\/ojen2024.turnbull.co\/wp-content\/uploads\/2016\/09\/In-the-Community-1024x388.png\" \/>\n\t<meta property=\"og:image:width\" content=\"1024\" \/>\n\t<meta property=\"og:image:height\" content=\"388\" \/>\n\t<meta property=\"og:image:type\" content=\"image\/png\" \/>\n<meta name=\"twitter:card\" content=\"summary_large_image\" \/>\n<meta name=\"twitter:site\" content=\"@OJEN_ROEJ\" \/>\n<meta name=\"twitter:label1\" content=\"Estimation du temps de lecture\" \/>\n\t<meta name=\"twitter:data1\" content=\"3 minutes\" \/>\n<script type=\"application\/ld+json\" class=\"yoast-schema-graph\">{\"@context\":\"https:\/\/schema.org\",\"@graph\":[{\"@type\":\"WebPage\",\"@id\":\"https:\/\/ojen2024.turnbull.co\/fr\/communautaires\",\"url\":\"https:\/\/ojen2024.turnbull.co\/fr\/communautaires\",\"name\":\"Pour les communaut\u00e9s - OJEN\",\"isPartOf\":{\"@id\":\"https:\/\/ojen2024.turnbull.co\/en\/#website\"},\"primaryImageOfPage\":{\"@id\":\"https:\/\/ojen2024.turnbull.co\/fr\/communautaires#primaryimage\"},\"image\":{\"@id\":\"https:\/\/ojen2024.turnbull.co\/fr\/communautaires#primaryimage\"},\"thumbnailUrl\":\"https:\/\/ojen2024.turnbull.co\/wp-content\/uploads\/2016\/09\/In-the-Community.png\",\"datePublished\":\"2016-08-20T19:52:24+00:00\",\"dateModified\":\"2025-07-25T14:05:57+00:00\",\"breadcrumb\":{\"@id\":\"https:\/\/ojen2024.turnbull.co\/fr\/communautaires#breadcrumb\"},\"inLanguage\":\"fr-CA\",\"potentialAction\":[{\"@type\":\"ReadAction\",\"target\":[\"https:\/\/ojen2024.turnbull.co\/fr\/communautaires\"]}]},{\"@type\":\"ImageObject\",\"inLanguage\":\"fr-CA\",\"@id\":\"https:\/\/ojen2024.turnbull.co\/fr\/communautaires#primaryimage\",\"url\":\"https:\/\/ojen2024.turnbull.co\/wp-content\/uploads\/2016\/09\/In-the-Community.png\",\"contentUrl\":\"https:\/\/ojen2024.turnbull.co\/wp-content\/uploads\/2016\/09\/In-the-Community.png\",\"width\":1900,\"height\":720},{\"@type\":\"BreadcrumbList\",\"@id\":\"https:\/\/ojen2024.turnbull.co\/fr\/communautaires#breadcrumb\",\"itemListElement\":[{\"@type\":\"ListItem\",\"position\":1,\"name\":\"Home\",\"item\":\"https:\/\/ojen2024.turnbull.co\/fr\"},{\"@type\":\"ListItem\",\"position\":2,\"name\":\"Pour les communaut\u00e9s\"}]},{\"@type\":\"WebSite\",\"@id\":\"https:\/\/ojen2024.turnbull.co\/en\/#website\",\"url\":\"https:\/\/ojen2024.turnbull.co\/en\/\",\"name\":\"OJEN\",\"description\":\"\",\"potentialAction\":[{\"@type\":\"SearchAction\",\"target\":{\"@type\":\"EntryPoint\",\"urlTemplate\":\"https:\/\/ojen2024.turnbull.co\/en\/?s={search_term_string}\"},\"query-input\":{\"@type\":\"PropertyValueSpecification\",\"valueRequired\":true,\"valueName\":\"search_term_string\"}}],\"inLanguage\":\"fr-CA\"}]}<\/script>\n<!-- \/ Yoast SEO plugin. -->","yoast_head_json":{"title":"Pour les communaut\u00e9s - OJEN","robots":{"index":"noindex","follow":"follow","max-snippet":"max-snippet:-1","max-image-preview":"max-image-preview:large","max-video-preview":"max-video-preview:-1"},"og_locale":"fr_CA","og_type":"article","og_title":"Pour les communaut\u00e9s - OJEN","og_url":"https:\/\/ojen2024.turnbull.co\/fr\/communautaires","og_site_name":"OJEN","article_publisher":"https:\/\/www.facebook.com\/pages\/OJEN\/252115501467864","article_modified_time":"2025-07-25T14:05:57+00:00","og_image":[{"width":1024,"height":388,"url":"https:\/\/ojen2024.turnbull.co\/wp-content\/uploads\/2016\/09\/In-the-Community-1024x388.png","type":"image\/png"}],"twitter_card":"summary_large_image","twitter_site":"@OJEN_ROEJ","twitter_misc":{"Estimation du temps de lecture":"3 minutes"},"schema":{"@context":"https:\/\/schema.org","@graph":[{"@type":"WebPage","@id":"https:\/\/ojen2024.turnbull.co\/fr\/communautaires","url":"https:\/\/ojen2024.turnbull.co\/fr\/communautaires","name":"Pour les communaut\u00e9s - OJEN","isPartOf":{"@id":"https:\/\/ojen2024.turnbull.co\/en\/#website"},"primaryImageOfPage":{"@id":"https:\/\/ojen2024.turnbull.co\/fr\/communautaires#primaryimage"},"image":{"@id":"https:\/\/ojen2024.turnbull.co\/fr\/communautaires#primaryimage"},"thumbnailUrl":"https:\/\/ojen2024.turnbull.co\/wp-content\/uploads\/2016\/09\/In-the-Community.png","datePublished":"2016-08-20T19:52:24+00:00","dateModified":"2025-07-25T14:05:57+00:00","breadcrumb":{"@id":"https:\/\/ojen2024.turnbull.co\/fr\/communautaires#breadcrumb"},"inLanguage":"fr-CA","potentialAction":[{"@type":"ReadAction","target":["https:\/\/ojen2024.turnbull.co\/fr\/communautaires"]}]},{"@type":"ImageObject","inLanguage":"fr-CA","@id":"https:\/\/ojen2024.turnbull.co\/fr\/communautaires#primaryimage","url":"https:\/\/ojen2024.turnbull.co\/wp-content\/uploads\/2016\/09\/In-the-Community.png","contentUrl":"https:\/\/ojen2024.turnbull.co\/wp-content\/uploads\/2016\/09\/In-the-Community.png","width":1900,"height":720},{"@type":"BreadcrumbList","@id":"https:\/\/ojen2024.turnbull.co\/fr\/communautaires#breadcrumb","itemListElement":[{"@type":"ListItem","position":1,"name":"Home","item":"https:\/\/ojen2024.turnbull.co\/fr"},{"@type":"ListItem","position":2,"name":"Pour les communaut\u00e9s"}]},{"@type":"WebSite","@id":"https:\/\/ojen2024.turnbull.co\/en\/#website","url":"https:\/\/ojen2024.turnbull.co\/en\/","name":"OJEN","description":"","potentialAction":[{"@type":"SearchAction","target":{"@type":"EntryPoint","urlTemplate":"https:\/\/ojen2024.turnbull.co\/en\/?s={search_term_string}"},"query-input":{"@type":"PropertyValueSpecification","valueRequired":true,"valueName":"search_term_string"}}],"inLanguage":"fr-CA"}]}},"_links":{"self":[{"href":"https:\/\/ojen2024.turnbull.co\/fr\/wp-json\/wp\/v2\/pages\/1196"}],"collection":[{"href":"https:\/\/ojen2024.turnbull.co\/fr\/wp-json\/wp\/v2\/pages"}],"about":[{"href":"https:\/\/ojen2024.turnbull.co\/fr\/wp-json\/wp\/v2\/types\/page"}],"author":[{"embeddable":true,"href":"https:\/\/ojen2024.turnbull.co\/fr\/wp-json\/wp\/v2\/users\/4"}],"replies":[{"embeddable":true,"href":"https:\/\/ojen2024.turnbull.co\/fr\/wp-json\/wp\/v2\/comments?post=1196"}],"version-history":[{"count":0,"href":"https:\/\/ojen2024.turnbull.co\/fr\/wp-json\/wp\/v2\/pages\/1196\/revisions"}],"wp:featuredmedia":[{"embeddable":true,"href":"https:\/\/ojen2024.turnbull.co\/fr\/wp-json\/wp\/v2\/media\/24580"}],"wp:attachment":[{"href":"https:\/\/ojen2024.turnbull.co\/fr\/wp-json\/wp\/v2\/media?parent=1196"}],"curies":[{"name":"wp","href":"https:\/\/api.w.org\/{rel}","templated":true}]}}