{"id":13931,"date":"2018-12-17T15:55:30","date_gmt":"2018-12-17T20:55:30","guid":{"rendered":"http:\/\/ojen.ca?page_id=13931"},"modified":"2025-07-12T03:46:13","modified_gmt":"2025-07-12T07:46:13","slug":"rapport-annuel","status":"publish","type":"page","link":"https:\/\/ojen2024.turnbull.co\/fr\/a-propos\/rapport-annuel","title":{"rendered":"Rapports annuels"},"content":{"rendered":"<h3 style=\"text-align: left;\"><strong>Plus d&rsquo;informations sur les activit\u00e9s du ROEJ en 2020 dans notre rapport annuel: <\/strong><strong><a href=\"https:\/\/ojen2024.turnbull.co\/en\/download\/annual-report-2020\">OJEN Rapport annuel 2020<\/a><\/strong><\/h3>\n<p>&nbsp;<\/p>\n<hr>\n<h4>Parcourez les rapports annuels du ROEJ des ann\u00e9es pr\u00e9c\u00e9dentes pour en savoir plus sur nous:&nbsp;<\/h4>\n<ul style=\"line-height: 20%;\">\n<li><strong><strong>2019: <\/strong><\/strong><a style=\"font-size: inherit;\" href=\"https:\/\/ojen2024.turnbull.co\/en\/download\/annual-report-2019\">OJEN&rsquo;s Annual Report 2019<\/a><\/li>\n<li><strong>2018:&nbsp;<\/strong><a href=\"https:\/\/ojen2024.turnbull.co\/wp-content\/uploads\/2019\/04\/Annual-Report-2018.pdf\">OJEN&rsquo;s Annual Report 2018<\/a><\/li>\n<li><strong>2017:<\/strong> <a href=\"https:\/\/ojen2024.turnbull.co\/wp-content\/uploads\/2018\/12\/Final-1683-OJEN-FR-AR-2017-v3-1.pdf\">OJEN Rapport annuel 2017<\/a><\/li>\n<li><strong>2016:<\/strong><strong>&nbsp;<\/strong><a href=\"https:\/\/ojen2024.turnbull.co\/wp-content\/uploads\/2018\/11\/OJEN-Annual-Report-2016.pdf\">OJEN Annual Report 2016<\/a><\/li>\n<li><strong>2015:&nbsp;<\/strong><a href=\"https:\/\/ojen2024.turnbull.co\/wp-content\/uploads\/2018\/11\/OJEN-Annual-Report-2015.pdf\">OJEN Annual Report 2015<\/a><\/li>\n<li><strong>2014:&nbsp;<\/strong><a href=\"https:\/\/ojen2024.turnbull.co\/wp-content\/uploads\/2018\/11\/OJEN-Annual-Report-2014.pdf\">OJEN Annual Report 2014<\/a><\/li>\n<li><strong>2013:&nbsp;<\/strong><a href=\"https:\/\/ojen2024.turnbull.co\/wp-content\/uploads\/2018\/11\/OJEN-Annual-Report-2013.pdf\">OJEN Annual Report 2013<\/a><\/li>\n<li><strong>2012:&nbsp;<\/strong><a href=\"https:\/\/ojen2024.turnbull.co\/wp-content\/uploads\/2018\/11\/OJEN-Annual-Report-2012-10thAnniversarySpecialIssue.pdf\">OJEN Annual Report 2012 &#8211; 10th Anniversary Special Issue<\/a><\/li>\n<li><strong>2011:&nbsp;<\/strong><a href=\"https:\/\/ojen2024.turnbull.co\/wp-content\/uploads\/2018\/11\/OJEN-Annual-Report-2011.pdf\">OJEN Annual Report 2011<\/a><\/li>\n<li><strong>2010:&nbsp;<\/strong><a href=\"https:\/\/ojen2024.turnbull.co\/wp-content\/uploads\/2018\/11\/OJEN-Annual-Report-2010.pdf\">OJEN Annual Report 2010<\/a>&nbsp;<\/li>\n<li><strong>2010:<\/strong>&nbsp;<a href=\"https:\/\/ojen2024.turnbull.co\/wp-content\/uploads\/2018\/11\/OJEN-Annual-Report-French-2010.pdf\">OJEN Annual Report French 2010<\/a><\/li>\n<li><strong>2009:&nbsp;<\/strong><a href=\"https:\/\/ojen2024.turnbull.co\/wp-content\/uploads\/2018\/11\/OJEN-Annual-Report-2009.pdf\">OJEN Annual Report 2009<\/a><\/li>\n<li><strong>2009:&nbsp;<\/strong><a href=\"https:\/\/ojen2024.turnbull.co\/wp-content\/uploads\/2018\/11\/OJEN-Annual-Report-French-2009.pdf\">OJEN Annual Report French 2009<\/a><\/li>\n<li><strong>2007:<\/strong>&nbsp;<a href=\"https:\/\/ojen2024.turnbull.co\/wp-content\/uploads\/2018\/11\/OJEN-Annual-Report-2007.pdf\">OJEN Annual Report 2007<\/a><\/li>\n<li><strong>2007:<\/strong> <a href=\"https:\/\/ojen2024.turnbull.co\/wp-content\/uploads\/2018\/11\/OJEN-Annual-Report-French-2007.pdf\">OJEN Annual Report French 2007<\/a><\/li>\n<li><strong>2006:<\/strong>&nbsp;<a href=\"https:\/\/ojen2024.turnbull.co\/wp-content\/uploads\/2018\/11\/OJEN-Annual-Report-2006.pdf\">OJEN Annual Report 2006<\/a><\/li>\n<li><strong>2005:<\/strong>&nbsp;<a href=\"https:\/\/ojen2024.turnbull.co\/wp-content\/uploads\/2018\/11\/OJEN-Annual-Report-2005.pdf\">OJEN Annual Report 2005<\/a>&nbsp;<\/li>\n<li><strong>2005:<\/strong> <a href=\"https:\/\/ojen2024.turnbull.co\/wp-content\/uploads\/2018\/11\/OJEN-Annual-Report-French-2005.pdf\">OJEN Annual Report French 2005<\/a><\/li>\n<\/ul>\n<p>&nbsp;<\/p>\n","protected":false},"excerpt":{"rendered":"<p>Plus d&rsquo;informations sur les activit\u00e9s du ROEJ en 2020 dans notre rapport annuel: OJEN Rapport annuel 2020 &nbsp; Parcourez les rapports annuels du ROEJ des ann\u00e9es pr\u00e9c\u00e9dentes pour en savoir plus sur nous:&nbsp; 2019: OJEN&rsquo;s Annual Report 2019 2018:&nbsp;OJEN&rsquo;s Annual Report 2018 2017: OJEN Rapport annuel 2017 2016:&nbsp;OJEN Annual Report 2016 2015:&nbsp;OJEN Annual Report 2015 [&hellip;]<\/p>\n","protected":false},"author":1232,"featured_media":0,"parent":7922,"menu_order":6,"comment_status":"closed","ping_status":"closed","template":"","meta":{"_acf_changed":false,"_eb_attr":"","inline_featured_image":false,"ub_ctt_via":"","footnotes":""},"class_list":["post-13931","page","type-page","status-publish","hentry"],"acf":[],"featured_image_src":null,"yoast_head":"<!-- This site is optimized with the Yoast SEO plugin v25.3 - https:\/\/yoast.com\/wordpress\/plugins\/seo\/ -->\n<title>Rapports annuels - OJEN<\/title>\n<meta name=\"description\" content=\"Rapport annuel 2017.\" \/>\n<meta name=\"robots\" content=\"noindex, follow, max-snippet:-1, max-image-preview:large, max-video-preview:-1\" \/>\n<meta property=\"og:locale\" content=\"fr_CA\" \/>\n<meta property=\"og:type\" content=\"article\" \/>\n<meta property=\"og:title\" content=\"Rapports annuels - OJEN\" \/>\n<meta property=\"og:description\" content=\"Rapport annuel 2017.\" \/>\n<meta property=\"og:url\" content=\"https:\/\/ojen2024.turnbull.co\/fr\/a-propos\/rapport-annuel\" \/>\n<meta property=\"og:site_name\" content=\"OJEN\" \/>\n<meta property=\"article:publisher\" content=\"https:\/\/www.facebook.com\/pages\/OJEN\/252115501467864\" \/>\n<meta property=\"article:modified_time\" content=\"2025-07-12T07:46:13+00:00\" \/>\n<meta name=\"twitter:card\" content=\"summary_large_image\" \/>\n<meta name=\"twitter:site\" content=\"@OJEN_ROEJ\" \/>\n<meta name=\"twitter:label1\" content=\"Estimation du temps de lecture\" \/>\n\t<meta name=\"twitter:data1\" content=\"1 minute\" \/>\n<script type=\"application\/ld+json\" class=\"yoast-schema-graph\">{\"@context\":\"https:\/\/schema.org\",\"@graph\":[{\"@type\":\"WebPage\",\"@id\":\"https:\/\/ojen2024.turnbull.co\/fr\/a-propos\/rapport-annuel\",\"url\":\"https:\/\/ojen2024.turnbull.co\/fr\/a-propos\/rapport-annuel\",\"name\":\"Rapports annuels - OJEN\",\"isPartOf\":{\"@id\":\"https:\/\/ojen2024.turnbull.co\/en\/#website\"},\"datePublished\":\"2018-12-17T20:55:30+00:00\",\"dateModified\":\"2025-07-12T07:46:13+00:00\",\"description\":\"Rapport annuel 2017.\",\"breadcrumb\":{\"@id\":\"https:\/\/ojen2024.turnbull.co\/fr\/a-propos\/rapport-annuel#breadcrumb\"},\"inLanguage\":\"fr-CA\",\"potentialAction\":[{\"@type\":\"ReadAction\",\"target\":[\"https:\/\/ojen2024.turnbull.co\/fr\/a-propos\/rapport-annuel\"]}]},{\"@type\":\"BreadcrumbList\",\"@id\":\"https:\/\/ojen2024.turnbull.co\/fr\/a-propos\/rapport-annuel#breadcrumb\",\"itemListElement\":[{\"@type\":\"ListItem\",\"position\":1,\"name\":\"Home\",\"item\":\"https:\/\/ojen2024.turnbull.co\/fr\"},{\"@type\":\"ListItem\",\"position\":2,\"name\":\"Qui sommes nous?\",\"item\":\"https:\/\/ojen2024.turnbull.co\/fr\/a-propos\"},{\"@type\":\"ListItem\",\"position\":3,\"name\":\"Rapports annuels\"}]},{\"@type\":\"WebSite\",\"@id\":\"https:\/\/ojen2024.turnbull.co\/en\/#website\",\"url\":\"https:\/\/ojen2024.turnbull.co\/en\/\",\"name\":\"OJEN\",\"description\":\"\",\"potentialAction\":[{\"@type\":\"SearchAction\",\"target\":{\"@type\":\"EntryPoint\",\"urlTemplate\":\"https:\/\/ojen2024.turnbull.co\/en\/?s={search_term_string}\"},\"query-input\":{\"@type\":\"PropertyValueSpecification\",\"valueRequired\":true,\"valueName\":\"search_term_string\"}}],\"inLanguage\":\"fr-CA\"}]}<\/script>\n<!-- \/ Yoast SEO plugin. -->","yoast_head_json":{"title":"Rapports annuels - OJEN","description":"Rapport annuel 2017.","robots":{"index":"noindex","follow":"follow","max-snippet":"max-snippet:-1","max-image-preview":"max-image-preview:large","max-video-preview":"max-video-preview:-1"},"og_locale":"fr_CA","og_type":"article","og_title":"Rapports annuels - OJEN","og_description":"Rapport annuel 2017.","og_url":"https:\/\/ojen2024.turnbull.co\/fr\/a-propos\/rapport-annuel","og_site_name":"OJEN","article_publisher":"https:\/\/www.facebook.com\/pages\/OJEN\/252115501467864","article_modified_time":"2025-07-12T07:46:13+00:00","twitter_card":"summary_large_image","twitter_site":"@OJEN_ROEJ","twitter_misc":{"Estimation du temps de lecture":"1 minute"},"schema":{"@context":"https:\/\/schema.org","@graph":[{"@type":"WebPage","@id":"https:\/\/ojen2024.turnbull.co\/fr\/a-propos\/rapport-annuel","url":"https:\/\/ojen2024.turnbull.co\/fr\/a-propos\/rapport-annuel","name":"Rapports annuels - OJEN","isPartOf":{"@id":"https:\/\/ojen2024.turnbull.co\/en\/#website"},"datePublished":"2018-12-17T20:55:30+00:00","dateModified":"2025-07-12T07:46:13+00:00","description":"Rapport annuel 2017.","breadcrumb":{"@id":"https:\/\/ojen2024.turnbull.co\/fr\/a-propos\/rapport-annuel#breadcrumb"},"inLanguage":"fr-CA","potentialAction":[{"@type":"ReadAction","target":["https:\/\/ojen2024.turnbull.co\/fr\/a-propos\/rapport-annuel"]}]},{"@type":"BreadcrumbList","@id":"https:\/\/ojen2024.turnbull.co\/fr\/a-propos\/rapport-annuel#breadcrumb","itemListElement":[{"@type":"ListItem","position":1,"name":"Home","item":"https:\/\/ojen2024.turnbull.co\/fr"},{"@type":"ListItem","position":2,"name":"Qui sommes nous?","item":"https:\/\/ojen2024.turnbull.co\/fr\/a-propos"},{"@type":"ListItem","position":3,"name":"Rapports annuels"}]},{"@type":"WebSite","@id":"https:\/\/ojen2024.turnbull.co\/en\/#website","url":"https:\/\/ojen2024.turnbull.co\/en\/","name":"OJEN","description":"","potentialAction":[{"@type":"SearchAction","target":{"@type":"EntryPoint","urlTemplate":"https:\/\/ojen2024.turnbull.co\/en\/?s={search_term_string}"},"query-input":{"@type":"PropertyValueSpecification","valueRequired":true,"valueName":"search_term_string"}}],"inLanguage":"fr-CA"}]}},"_links":{"self":[{"href":"https:\/\/ojen2024.turnbull.co\/fr\/wp-json\/wp\/v2\/pages\/13931"}],"collection":[{"href":"https:\/\/ojen2024.turnbull.co\/fr\/wp-json\/wp\/v2\/pages"}],"about":[{"href":"https:\/\/ojen2024.turnbull.co\/fr\/wp-json\/wp\/v2\/types\/page"}],"author":[{"embeddable":true,"href":"https:\/\/ojen2024.turnbull.co\/fr\/wp-json\/wp\/v2\/users\/1232"}],"replies":[{"embeddable":true,"href":"https:\/\/ojen2024.turnbull.co\/fr\/wp-json\/wp\/v2\/comments?post=13931"}],"version-history":[{"count":0,"href":"https:\/\/ojen2024.turnbull.co\/fr\/wp-json\/wp\/v2\/pages\/13931\/revisions"}],"up":[{"embeddable":true,"href":"https:\/\/ojen2024.turnbull.co\/fr\/wp-json\/wp\/v2\/pages\/7922"}],"wp:attachment":[{"href":"https:\/\/ojen2024.turnbull.co\/fr\/wp-json\/wp\/v2\/media?parent=13931"}],"curies":[{"name":"wp","href":"https:\/\/api.w.org\/{rel}","templated":true}]}}