{"id":15994,"date":"2019-09-23T09:35:11","date_gmt":"2019-09-23T13:35:11","guid":{"rendered":"http:\/\/ojen.ca?page_id=15994"},"modified":"2025-07-30T14:51:58","modified_gmt":"2025-07-30T18:51:58","slug":"2019-laura-kirby-mcintosh","status":"publish","type":"page","link":"https:\/\/ojen2024.turnbull.co\/fr\/a-propos\/prix-du-roej\/prix-des-educateurs-juridiques-exemplaires-hux-kiteley\/2019-laura-kirby-mcintosh","title":{"rendered":"2019 Laura Kirby-McIntosh"},"content":{"rendered":"\n<p>Laura\nKirby-McIntosh, enseignant \u00e0 l\u2019\u00e9cole secondaire Cawthra Park du Peel District\nSchool Board, est la&nbsp;9<sup>e<\/sup>&nbsp;laur\u00e9ate du Prix des \u00e9ducateurs\njuridiques exemplaires Hux-Kiteley du ROEJ.&nbsp;\n<\/p>\n\n\n\n<p>M<sup>me<\/sup>&nbsp;Kirby-McIntosh a \u00e9t\u00e9 mise en nomination par trois de ses anciens \u00e9l\u00e8ves du secondaire, soit Daniel Lis, Matthew Patterson et Cain Humeniuk, lesquels poursuivent maintenant des \u00e9tudes universitaires li\u00e9es au droit. Sa mise en nomination a \u00e9t\u00e9 appuy\u00e9e par Monika Mielczarek, une coll\u00e8gue qu\u2019elle avait encadr\u00e9e lorsqu\u2019elle a commenc\u00e9 \u00e0 donner le cours de droit.&nbsp; <\/p>\n\n\n\n<img loading=\"lazy\" decoding=\"async\" width=\"1024\" height=\"683\" src=\"https:\/\/ojen2024.turnbull.co\/wp-content\/uploads\/2019\/09\/1-1024x683.jpg\" alt=\"\" class=\"wp-image-15938\" srcset=\"https:\/\/ojen2024.turnbull.co\/wp-content\/uploads\/2019\/09\/1-1024x683.jpg 1024w, https:\/\/ojen2024.turnbull.co\/wp-content\/uploads\/2019\/09\/1-300x200.jpg 300w, https:\/\/ojen2024.turnbull.co\/wp-content\/uploads\/2019\/09\/1-768x512.jpg 768w\" sizes=\"(max-width: 1024px) 100vw, 1024px\" \/>\n\n\n\n<br><p>Sa\npropre passion pour le droit s\u2019est av\u00e9r\u00e9e une inspiration pour ses \u00e9l\u00e8ves. En\nplus d\u2019enseigner en classe, elle a dirig\u00e9 de nombreux clubs parascolaires, dont\nl\u2019\u00e9quipe de proc\u00e8s simul\u00e9s, des groupes de justice sociale et des groupes de\nd\u00e9fense des droits. Elle est surtout connue pour son r\u00f4le dans l\u2019instauration\ndu programme du D\u00e9fi de la Charte \u00e0 Cawthra Park. Le D\u00e9fi de la Charte est un\ntournoi d\u2019appel simul\u00e9 qui est fond\u00e9 sur une d\u00e9cision judiciaire fictive et qui\nse d\u00e9roule \u00e0 l\u2019\u00e9chelle de la province \u2014 c\u2019est l\u2019un des programmes les plus\nexigeants du ROEJ. Les \u00e9l\u00e8ves r\u00e9digent des m\u00e9moires faisant valoir les\narguments de l\u2019appelant ou de l\u2019intim\u00e9 et les \u00e9quipes gagnantes de chaque camp\nplaident leur cause dans une salle d\u2019audience de la Cour d\u2019appel. M<sup>me<\/sup>&nbsp;Kirby-McIntosh\na commenc\u00e9 \u00e0 organiser le D\u00e9fi de la Charte \u00e0 Cawthra Park \u00e0 titre d\u2019activit\u00e9\nparascolaire pour ses \u00e9l\u00e8ves il y a plusieurs ann\u00e9es. Les \u00e9quipes de Cawthra\nPark ont constamment bien perform\u00e9, se qualifiant presque toujours pour les\ndemi-finales ou les finales.&nbsp; <\/p>\n\n\n\n<p>Les\n\u00e9quipes du D\u00e9fi de la Charte de Cawthra Park ont continu\u00e9 \u00e0 bien performer m\u00eame\napr\u00e8s que M<sup>me<\/sup>&nbsp;Kirby\u2011McIntosh ait pass\u00e9 le flambeau \u00e0 d\u2019autres\nenseignants. \u00c0 ce moment-l\u00e0, le D\u00e9fi de la Charte \u00e9tait devenu un \u00e9v\u00e9nement\nannuel important pour l\u2019\u00e9cole au complet.&nbsp;\n<\/p>\n\n\n\n<p>En\nplus de donner le cours de droit, M<sup>me<\/sup>&nbsp;Kirby-McIntosh donne\nsouvent le cours d\u2019\u00e9ducation \u00e0 la citoyennet\u00e9. Les personnes qui l\u2019ont mise en\nnomination ont soulign\u00e9 les efforts de d\u00e9fense des droits qu\u2019elle d\u00e9ploie au\nnom de la communaut\u00e9 de l\u2019autisme depuis de nombreuses ann\u00e9es. M<sup>me<\/sup>&nbsp;Kirby-McIntosh\nest actuellement pr\u00e9sidente de l\u2019Ontario Autism Coalition. En tant qu\u2019organisatrice\npolitique et militante d\u2019une cause qui lui tient \u00e0 c\u0153ur, elle est un exemple\nparfait de l\u2019application des valeurs enseign\u00e9es dans le programme d\u2019\u00e9ducation \u00e0\nla citoyennet\u00e9.<\/p>\n\n\n\n<p>Selon Matthew Patterson, l\u2019un des anciens \u00e9l\u00e8ves qui l\u2019ont mise en nomination, \u00ab\u2009<em>Aux yeux de Tosh, les \u00e9l\u00e8ves ne sont pas que de simples corps dans une classe. Ce sont des personnes avec des vies et des aspirations. Et Tosh n\u2019est pas qu\u2019une simple enseignante. C\u2019est une mentore, une leader et une source d\u2019inspiration pour les centaines d\u2019\u00e9l\u00e8ves \u00e0 qui elle a enseign\u00e9 au fil des ans.<\/em>\u2009\u00bb<\/p>\n\n\n\n<p>F\u00e9licitations\nLaura!<\/p>\n","protected":false},"excerpt":{"rendered":"<p>Laura Kirby-McIntosh, enseignant \u00e0 l\u2019\u00e9cole secondaire Cawthra Park du Peel District School Board, est la&nbsp;9e&nbsp;laur\u00e9ate du Prix des \u00e9ducateurs juridiques exemplaires Hux-Kiteley du ROEJ.&nbsp; Mme&nbsp;Kirby-McIntosh a \u00e9t\u00e9 mise en nomination par trois de ses anciens \u00e9l\u00e8ves du secondaire, soit Daniel Lis, Matthew Patterson et Cain Humeniuk, lesquels poursuivent maintenant des \u00e9tudes universitaires li\u00e9es au droit. [&hellip;]<\/p>\n","protected":false},"author":1232,"featured_media":0,"parent":7992,"menu_order":0,"comment_status":"closed","ping_status":"closed","template":"","meta":{"_acf_changed":false,"_eb_attr":"","inline_featured_image":false,"ub_ctt_via":"","footnotes":""},"class_list":["post-15994","page","type-page","status-publish","hentry"],"acf":[],"featured_image_src":null,"yoast_head":"<!-- This site is optimized with the Yoast SEO plugin v25.3 - https:\/\/yoast.com\/wordpress\/plugins\/seo\/ -->\n<title>2019 Laura Kirby-McIntosh - OJEN<\/title>\n<meta name=\"robots\" content=\"noindex, follow, max-snippet:-1, max-image-preview:large, max-video-preview:-1\" \/>\n<meta property=\"og:locale\" content=\"fr_CA\" \/>\n<meta property=\"og:type\" content=\"article\" \/>\n<meta property=\"og:title\" content=\"2019 Laura Kirby-McIntosh - OJEN\" \/>\n<meta property=\"og:description\" content=\"Laura Kirby-McIntosh, enseignant \u00e0 l\u2019\u00e9cole secondaire Cawthra Park du Peel District School Board, est la&nbsp;9e&nbsp;laur\u00e9ate du Prix des \u00e9ducateurs juridiques exemplaires Hux-Kiteley du ROEJ.&nbsp; Mme&nbsp;Kirby-McIntosh a \u00e9t\u00e9 mise en nomination par trois de ses anciens \u00e9l\u00e8ves du secondaire, soit Daniel Lis, Matthew Patterson et Cain Humeniuk, lesquels poursuivent maintenant des \u00e9tudes universitaires li\u00e9es au droit. [&hellip;]\" \/>\n<meta property=\"og:url\" content=\"https:\/\/ojen2024.turnbull.co\/fr\/a-propos\/prix-du-roej\/prix-des-educateurs-juridiques-exemplaires-hux-kiteley\/2019-laura-kirby-mcintosh\" \/>\n<meta property=\"og:site_name\" content=\"OJEN\" \/>\n<meta property=\"article:publisher\" content=\"https:\/\/www.facebook.com\/pages\/OJEN\/252115501467864\" \/>\n<meta property=\"article:modified_time\" content=\"2025-07-30T18:51:58+00:00\" \/>\n<meta property=\"og:image\" content=\"https:\/\/ojen2024.turnbull.co\/wp-content\/uploads\/2019\/09\/1-1024x683.jpg\" \/>\n\t<meta property=\"og:image:width\" content=\"1024\" \/>\n\t<meta property=\"og:image:height\" content=\"683\" \/>\n\t<meta property=\"og:image:type\" content=\"image\/jpeg\" \/>\n<meta name=\"twitter:card\" content=\"summary_large_image\" \/>\n<meta name=\"twitter:site\" content=\"@OJEN_ROEJ\" \/>\n<meta name=\"twitter:label1\" content=\"Estimation du temps de lecture\" \/>\n\t<meta name=\"twitter:data1\" content=\"3 minutes\" \/>\n<script type=\"application\/ld+json\" class=\"yoast-schema-graph\">{\"@context\":\"https:\/\/schema.org\",\"@graph\":[{\"@type\":\"WebPage\",\"@id\":\"https:\/\/ojen2024.turnbull.co\/fr\/a-propos\/prix-du-roej\/prix-des-educateurs-juridiques-exemplaires-hux-kiteley\/2019-laura-kirby-mcintosh\",\"url\":\"https:\/\/ojen2024.turnbull.co\/fr\/a-propos\/prix-du-roej\/prix-des-educateurs-juridiques-exemplaires-hux-kiteley\/2019-laura-kirby-mcintosh\",\"name\":\"2019 Laura Kirby-McIntosh - OJEN\",\"isPartOf\":{\"@id\":\"https:\/\/ojen2024.turnbull.co\/en\/#website\"},\"primaryImageOfPage\":{\"@id\":\"https:\/\/ojen2024.turnbull.co\/fr\/a-propos\/prix-du-roej\/prix-des-educateurs-juridiques-exemplaires-hux-kiteley\/2019-laura-kirby-mcintosh#primaryimage\"},\"image\":{\"@id\":\"https:\/\/ojen2024.turnbull.co\/fr\/a-propos\/prix-du-roej\/prix-des-educateurs-juridiques-exemplaires-hux-kiteley\/2019-laura-kirby-mcintosh#primaryimage\"},\"thumbnailUrl\":\"https:\/\/ojen2024.turnbull.co\/wp-content\/uploads\/2019\/09\/1-1024x683.jpg\",\"datePublished\":\"2019-09-23T13:35:11+00:00\",\"dateModified\":\"2025-07-30T18:51:58+00:00\",\"breadcrumb\":{\"@id\":\"https:\/\/ojen2024.turnbull.co\/fr\/a-propos\/prix-du-roej\/prix-des-educateurs-juridiques-exemplaires-hux-kiteley\/2019-laura-kirby-mcintosh#breadcrumb\"},\"inLanguage\":\"fr-CA\",\"potentialAction\":[{\"@type\":\"ReadAction\",\"target\":[\"https:\/\/ojen2024.turnbull.co\/fr\/a-propos\/prix-du-roej\/prix-des-educateurs-juridiques-exemplaires-hux-kiteley\/2019-laura-kirby-mcintosh\"]}]},{\"@type\":\"ImageObject\",\"inLanguage\":\"fr-CA\",\"@id\":\"https:\/\/ojen2024.turnbull.co\/fr\/a-propos\/prix-du-roej\/prix-des-educateurs-juridiques-exemplaires-hux-kiteley\/2019-laura-kirby-mcintosh#primaryimage\",\"url\":\"https:\/\/ojen2024.turnbull.co\/wp-content\/uploads\/2019\/09\/1-1024x683.jpg\",\"contentUrl\":\"https:\/\/ojen2024.turnbull.co\/wp-content\/uploads\/2019\/09\/1-1024x683.jpg\"},{\"@type\":\"BreadcrumbList\",\"@id\":\"https:\/\/ojen2024.turnbull.co\/fr\/a-propos\/prix-du-roej\/prix-des-educateurs-juridiques-exemplaires-hux-kiteley\/2019-laura-kirby-mcintosh#breadcrumb\",\"itemListElement\":[{\"@type\":\"ListItem\",\"position\":1,\"name\":\"Home\",\"item\":\"https:\/\/ojen2024.turnbull.co\/fr\"},{\"@type\":\"ListItem\",\"position\":2,\"name\":\"Qui sommes nous?\",\"item\":\"https:\/\/ojen2024.turnbull.co\/fr\/a-propos\"},{\"@type\":\"ListItem\",\"position\":3,\"name\":\"Prix du ROEJ\",\"item\":\"https:\/\/ojen2024.turnbull.co\/fr\/a-propos\/prix-du-roej\"},{\"@type\":\"ListItem\",\"position\":4,\"name\":\"Prix des \u00e9ducateurs juridiques exemplaires Hux-Kiteley\",\"item\":\"https:\/\/ojen2024.turnbull.co\/fr\/a-propos\/prix-du-roej\/prix-des-educateurs-juridiques-exemplaires-hux-kiteley\"},{\"@type\":\"ListItem\",\"position\":5,\"name\":\"2019 Laura Kirby-McIntosh\"}]},{\"@type\":\"WebSite\",\"@id\":\"https:\/\/ojen2024.turnbull.co\/en\/#website\",\"url\":\"https:\/\/ojen2024.turnbull.co\/en\/\",\"name\":\"OJEN\",\"description\":\"\",\"potentialAction\":[{\"@type\":\"SearchAction\",\"target\":{\"@type\":\"EntryPoint\",\"urlTemplate\":\"https:\/\/ojen2024.turnbull.co\/en\/?s={search_term_string}\"},\"query-input\":{\"@type\":\"PropertyValueSpecification\",\"valueRequired\":true,\"valueName\":\"search_term_string\"}}],\"inLanguage\":\"fr-CA\"}]}<\/script>\n<!-- \/ Yoast SEO plugin. -->","yoast_head_json":{"title":"2019 Laura Kirby-McIntosh - OJEN","robots":{"index":"noindex","follow":"follow","max-snippet":"max-snippet:-1","max-image-preview":"max-image-preview:large","max-video-preview":"max-video-preview:-1"},"og_locale":"fr_CA","og_type":"article","og_title":"2019 Laura Kirby-McIntosh - OJEN","og_description":"Laura Kirby-McIntosh, enseignant \u00e0 l\u2019\u00e9cole secondaire Cawthra Park du Peel District School Board, est la&nbsp;9e&nbsp;laur\u00e9ate du Prix des \u00e9ducateurs juridiques exemplaires Hux-Kiteley du ROEJ.&nbsp; Mme&nbsp;Kirby-McIntosh a \u00e9t\u00e9 mise en nomination par trois de ses anciens \u00e9l\u00e8ves du secondaire, soit Daniel Lis, Matthew Patterson et Cain Humeniuk, lesquels poursuivent maintenant des \u00e9tudes universitaires li\u00e9es au droit. [&hellip;]","og_url":"https:\/\/ojen2024.turnbull.co\/fr\/a-propos\/prix-du-roej\/prix-des-educateurs-juridiques-exemplaires-hux-kiteley\/2019-laura-kirby-mcintosh","og_site_name":"OJEN","article_publisher":"https:\/\/www.facebook.com\/pages\/OJEN\/252115501467864","article_modified_time":"2025-07-30T18:51:58+00:00","og_image":[{"width":1024,"height":683,"url":"https:\/\/ojen2024.turnbull.co\/wp-content\/uploads\/2019\/09\/1-1024x683.jpg","type":"image\/jpeg"}],"twitter_card":"summary_large_image","twitter_site":"@OJEN_ROEJ","twitter_misc":{"Estimation du temps de lecture":"3 minutes"},"schema":{"@context":"https:\/\/schema.org","@graph":[{"@type":"WebPage","@id":"https:\/\/ojen2024.turnbull.co\/fr\/a-propos\/prix-du-roej\/prix-des-educateurs-juridiques-exemplaires-hux-kiteley\/2019-laura-kirby-mcintosh","url":"https:\/\/ojen2024.turnbull.co\/fr\/a-propos\/prix-du-roej\/prix-des-educateurs-juridiques-exemplaires-hux-kiteley\/2019-laura-kirby-mcintosh","name":"2019 Laura Kirby-McIntosh - OJEN","isPartOf":{"@id":"https:\/\/ojen2024.turnbull.co\/en\/#website"},"primaryImageOfPage":{"@id":"https:\/\/ojen2024.turnbull.co\/fr\/a-propos\/prix-du-roej\/prix-des-educateurs-juridiques-exemplaires-hux-kiteley\/2019-laura-kirby-mcintosh#primaryimage"},"image":{"@id":"https:\/\/ojen2024.turnbull.co\/fr\/a-propos\/prix-du-roej\/prix-des-educateurs-juridiques-exemplaires-hux-kiteley\/2019-laura-kirby-mcintosh#primaryimage"},"thumbnailUrl":"https:\/\/ojen2024.turnbull.co\/wp-content\/uploads\/2019\/09\/1-1024x683.jpg","datePublished":"2019-09-23T13:35:11+00:00","dateModified":"2025-07-30T18:51:58+00:00","breadcrumb":{"@id":"https:\/\/ojen2024.turnbull.co\/fr\/a-propos\/prix-du-roej\/prix-des-educateurs-juridiques-exemplaires-hux-kiteley\/2019-laura-kirby-mcintosh#breadcrumb"},"inLanguage":"fr-CA","potentialAction":[{"@type":"ReadAction","target":["https:\/\/ojen2024.turnbull.co\/fr\/a-propos\/prix-du-roej\/prix-des-educateurs-juridiques-exemplaires-hux-kiteley\/2019-laura-kirby-mcintosh"]}]},{"@type":"ImageObject","inLanguage":"fr-CA","@id":"https:\/\/ojen2024.turnbull.co\/fr\/a-propos\/prix-du-roej\/prix-des-educateurs-juridiques-exemplaires-hux-kiteley\/2019-laura-kirby-mcintosh#primaryimage","url":"https:\/\/ojen2024.turnbull.co\/wp-content\/uploads\/2019\/09\/1-1024x683.jpg","contentUrl":"https:\/\/ojen2024.turnbull.co\/wp-content\/uploads\/2019\/09\/1-1024x683.jpg"},{"@type":"BreadcrumbList","@id":"https:\/\/ojen2024.turnbull.co\/fr\/a-propos\/prix-du-roej\/prix-des-educateurs-juridiques-exemplaires-hux-kiteley\/2019-laura-kirby-mcintosh#breadcrumb","itemListElement":[{"@type":"ListItem","position":1,"name":"Home","item":"https:\/\/ojen2024.turnbull.co\/fr"},{"@type":"ListItem","position":2,"name":"Qui sommes nous?","item":"https:\/\/ojen2024.turnbull.co\/fr\/a-propos"},{"@type":"ListItem","position":3,"name":"Prix du ROEJ","item":"https:\/\/ojen2024.turnbull.co\/fr\/a-propos\/prix-du-roej"},{"@type":"ListItem","position":4,"name":"Prix des \u00e9ducateurs juridiques exemplaires Hux-Kiteley","item":"https:\/\/ojen2024.turnbull.co\/fr\/a-propos\/prix-du-roej\/prix-des-educateurs-juridiques-exemplaires-hux-kiteley"},{"@type":"ListItem","position":5,"name":"2019 Laura Kirby-McIntosh"}]},{"@type":"WebSite","@id":"https:\/\/ojen2024.turnbull.co\/en\/#website","url":"https:\/\/ojen2024.turnbull.co\/en\/","name":"OJEN","description":"","potentialAction":[{"@type":"SearchAction","target":{"@type":"EntryPoint","urlTemplate":"https:\/\/ojen2024.turnbull.co\/en\/?s={search_term_string}"},"query-input":{"@type":"PropertyValueSpecification","valueRequired":true,"valueName":"search_term_string"}}],"inLanguage":"fr-CA"}]}},"_links":{"self":[{"href":"https:\/\/ojen2024.turnbull.co\/fr\/wp-json\/wp\/v2\/pages\/15994"}],"collection":[{"href":"https:\/\/ojen2024.turnbull.co\/fr\/wp-json\/wp\/v2\/pages"}],"about":[{"href":"https:\/\/ojen2024.turnbull.co\/fr\/wp-json\/wp\/v2\/types\/page"}],"author":[{"embeddable":true,"href":"https:\/\/ojen2024.turnbull.co\/fr\/wp-json\/wp\/v2\/users\/1232"}],"replies":[{"embeddable":true,"href":"https:\/\/ojen2024.turnbull.co\/fr\/wp-json\/wp\/v2\/comments?post=15994"}],"version-history":[{"count":0,"href":"https:\/\/ojen2024.turnbull.co\/fr\/wp-json\/wp\/v2\/pages\/15994\/revisions"}],"up":[{"embeddable":true,"href":"https:\/\/ojen2024.turnbull.co\/fr\/wp-json\/wp\/v2\/pages\/7992"}],"wp:attachment":[{"href":"https:\/\/ojen2024.turnbull.co\/fr\/wp-json\/wp\/v2\/media?parent=15994"}],"curies":[{"name":"wp","href":"https:\/\/api.w.org\/{rel}","templated":true}]}}