{"id":16378,"date":"2019-10-11T13:00:09","date_gmt":"2019-10-11T17:00:09","guid":{"rendered":"http:\/\/ojen.ca\/?page_id=16378"},"modified":"2019-10-11T13:00:10","modified_gmt":"2019-10-11T17:00:10","slug":"2017-la-juge-margaret-ann-scott","status":"publish","type":"page","link":"https:\/\/ojen2024.turnbull.co\/fr\/a-propos\/prix-du-roej\/prix-des-juges-en-chef-du-roej\/2017-la-juge-margaret-ann-scott","title":{"rendered":"2017 la juge Margaret Ann Scott"},"content":{"rendered":"\n<p>\nLe 29 mars, le Prix des juges en chef 2017 du ROEJ a \u00e9t\u00e9 remis \u00e0 la juge Margaret Ann Scott au cours d\u2019une c\u00e9r\u00e9monie pr\u00e9sid\u00e9e par le juge en chef George Strathy et la juge en chef Lise Maisonneuve. <sup>&nbsp;<\/sup><\/p>\n\n\n\n<p>En 2002, elle a \u00e9t\u00e9 l\u2019instigatrice de la mise sur pied du Durham Public Legal Education Committee dont l\u2019objet est de fournir des programmes d\u2019\u00e9ducation juridique aux jeunes de la collectivit\u00e9 locale. Depuis les 15 derni\u00e8res ann\u00e9es, elle est copr\u00e9sidente de ce comit\u00e9, lequel regroupe des membres du secteur de la justice et du secteur de l\u2019\u00e9ducation. Elle a jou\u00e9 un r\u00f4le important dans l\u2019\u00e9tablissement de plusieurs des principaux programmes du Comit\u00e9, notamment le programme Adoptez une \u00e9cole, le programme des Visites de palais de justice, le D\u00e9fi d\u2019illustrations pour les \u00e9l\u00e8ves de 5<sup>e<\/sup> ann\u00e9e, et l\u2019\u00e9v\u00e9nement de la Journ\u00e9e du droit pour les \u00e9l\u00e8ves de 5<sup>e<\/sup> ann\u00e9e \u2014 lequel attire 300 \u00e9l\u00e8ves au palais de justice d\u2019Oshawa chaque ann\u00e9e.&nbsp;&nbsp;<\/p>\n\n\n\n<p>Cependant, la juge Scott est surtout connue pour ses nombreuses visites dans les salles de classe pour parler aux \u00e9l\u00e8ves et les aider \u00e0 se pr\u00e9parer \u00e0 des proc\u00e8s simul\u00e9s. Son travail sans rel\u00e2che pour \u00e9tablir des liens avec les \u00e9l\u00e8ves, tant au palais de justice que dans leurs salles de classe, a donn\u00e9 un visage humain au syst\u00e8me judiciaire et a aid\u00e9 les jeunes \u00e0 mieux comprendre son r\u00f4le dans la soci\u00e9t\u00e9.<\/p>\n","protected":false},"excerpt":{"rendered":"<p>Le 29 mars, le Prix des juges en chef 2017 du ROEJ a \u00e9t\u00e9 remis \u00e0 la juge Margaret Ann Scott au cours d\u2019une c\u00e9r\u00e9monie pr\u00e9sid\u00e9e par le juge en chef George Strathy et la juge en chef Lise Maisonneuve. &nbsp; En 2002, elle a \u00e9t\u00e9 l\u2019instigatrice de la mise sur pied du Durham Public [&hellip;]<\/p>\n","protected":false},"author":1232,"featured_media":0,"parent":7987,"menu_order":1,"comment_status":"closed","ping_status":"closed","template":"","meta":{"_acf_changed":false,"_eb_attr":"","inline_featured_image":false,"ub_ctt_via":"","footnotes":""},"class_list":["post-16378","page","type-page","status-publish","hentry"],"acf":[],"featured_image_src":null,"yoast_head":"<!-- This site is optimized with the Yoast SEO plugin v25.3 - https:\/\/yoast.com\/wordpress\/plugins\/seo\/ -->\n<title>2017 la juge Margaret Ann Scott - OJEN<\/title>\n<meta name=\"robots\" content=\"noindex, follow, max-snippet:-1, max-image-preview:large, max-video-preview:-1\" \/>\n<meta property=\"og:locale\" content=\"fr_CA\" \/>\n<meta property=\"og:type\" content=\"article\" \/>\n<meta property=\"og:title\" content=\"2017 la juge Margaret Ann Scott - OJEN\" \/>\n<meta property=\"og:description\" content=\"Le 29 mars, le Prix des juges en chef 2017 du ROEJ a \u00e9t\u00e9 remis \u00e0 la juge Margaret Ann Scott au cours d\u2019une c\u00e9r\u00e9monie pr\u00e9sid\u00e9e par le juge en chef George Strathy et la juge en chef Lise Maisonneuve. &nbsp; En 2002, elle a \u00e9t\u00e9 l\u2019instigatrice de la mise sur pied du Durham Public [&hellip;]\" \/>\n<meta property=\"og:url\" content=\"https:\/\/ojen2024.turnbull.co\/fr\/a-propos\/prix-du-roej\/prix-des-juges-en-chef-du-roej\/2017-la-juge-margaret-ann-scott\" \/>\n<meta property=\"og:site_name\" content=\"OJEN\" \/>\n<meta property=\"article:publisher\" content=\"https:\/\/www.facebook.com\/pages\/OJEN\/252115501467864\" \/>\n<meta property=\"article:modified_time\" content=\"2019-10-11T17:00:10+00:00\" \/>\n<meta name=\"twitter:card\" content=\"summary_large_image\" \/>\n<meta name=\"twitter:site\" content=\"@OJEN_ROEJ\" \/>\n<meta name=\"twitter:label1\" content=\"Estimation du temps de lecture\" \/>\n\t<meta name=\"twitter:data1\" content=\"1 minute\" \/>\n<script type=\"application\/ld+json\" class=\"yoast-schema-graph\">{\"@context\":\"https:\/\/schema.org\",\"@graph\":[{\"@type\":\"WebPage\",\"@id\":\"https:\/\/ojen2024.turnbull.co\/fr\/a-propos\/prix-du-roej\/prix-des-juges-en-chef-du-roej\/2017-la-juge-margaret-ann-scott\",\"url\":\"https:\/\/ojen2024.turnbull.co\/fr\/a-propos\/prix-du-roej\/prix-des-juges-en-chef-du-roej\/2017-la-juge-margaret-ann-scott\",\"name\":\"2017 la juge Margaret Ann Scott - OJEN\",\"isPartOf\":{\"@id\":\"https:\/\/ojen2024.turnbull.co\/en\/#website\"},\"datePublished\":\"2019-10-11T17:00:09+00:00\",\"dateModified\":\"2019-10-11T17:00:10+00:00\",\"breadcrumb\":{\"@id\":\"https:\/\/ojen2024.turnbull.co\/fr\/a-propos\/prix-du-roej\/prix-des-juges-en-chef-du-roej\/2017-la-juge-margaret-ann-scott#breadcrumb\"},\"inLanguage\":\"fr-CA\",\"potentialAction\":[{\"@type\":\"ReadAction\",\"target\":[\"https:\/\/ojen2024.turnbull.co\/fr\/a-propos\/prix-du-roej\/prix-des-juges-en-chef-du-roej\/2017-la-juge-margaret-ann-scott\"]}]},{\"@type\":\"BreadcrumbList\",\"@id\":\"https:\/\/ojen2024.turnbull.co\/fr\/a-propos\/prix-du-roej\/prix-des-juges-en-chef-du-roej\/2017-la-juge-margaret-ann-scott#breadcrumb\",\"itemListElement\":[{\"@type\":\"ListItem\",\"position\":1,\"name\":\"Home\",\"item\":\"https:\/\/ojen2024.turnbull.co\/fr\"},{\"@type\":\"ListItem\",\"position\":2,\"name\":\"Qui sommes nous?\",\"item\":\"https:\/\/ojen2024.turnbull.co\/fr\/a-propos\"},{\"@type\":\"ListItem\",\"position\":3,\"name\":\"Prix du ROEJ\",\"item\":\"https:\/\/ojen2024.turnbull.co\/fr\/a-propos\/prix-du-roej\"},{\"@type\":\"ListItem\",\"position\":4,\"name\":\"Prix des juges en chef du ROEJ\",\"item\":\"https:\/\/ojen2024.turnbull.co\/fr\/a-propos\/prix-du-roej\/prix-des-juges-en-chef-du-roej\"},{\"@type\":\"ListItem\",\"position\":5,\"name\":\"2017 la juge Margaret Ann Scott\"}]},{\"@type\":\"WebSite\",\"@id\":\"https:\/\/ojen2024.turnbull.co\/en\/#website\",\"url\":\"https:\/\/ojen2024.turnbull.co\/en\/\",\"name\":\"OJEN\",\"description\":\"\",\"potentialAction\":[{\"@type\":\"SearchAction\",\"target\":{\"@type\":\"EntryPoint\",\"urlTemplate\":\"https:\/\/ojen2024.turnbull.co\/en\/?s={search_term_string}\"},\"query-input\":{\"@type\":\"PropertyValueSpecification\",\"valueRequired\":true,\"valueName\":\"search_term_string\"}}],\"inLanguage\":\"fr-CA\"}]}<\/script>\n<!-- \/ Yoast SEO plugin. -->","yoast_head_json":{"title":"2017 la juge Margaret Ann Scott - OJEN","robots":{"index":"noindex","follow":"follow","max-snippet":"max-snippet:-1","max-image-preview":"max-image-preview:large","max-video-preview":"max-video-preview:-1"},"og_locale":"fr_CA","og_type":"article","og_title":"2017 la juge Margaret Ann Scott - OJEN","og_description":"Le 29 mars, le Prix des juges en chef 2017 du ROEJ a \u00e9t\u00e9 remis \u00e0 la juge Margaret Ann Scott au cours d\u2019une c\u00e9r\u00e9monie pr\u00e9sid\u00e9e par le juge en chef George Strathy et la juge en chef Lise Maisonneuve. &nbsp; En 2002, elle a \u00e9t\u00e9 l\u2019instigatrice de la mise sur pied du Durham Public [&hellip;]","og_url":"https:\/\/ojen2024.turnbull.co\/fr\/a-propos\/prix-du-roej\/prix-des-juges-en-chef-du-roej\/2017-la-juge-margaret-ann-scott","og_site_name":"OJEN","article_publisher":"https:\/\/www.facebook.com\/pages\/OJEN\/252115501467864","article_modified_time":"2019-10-11T17:00:10+00:00","twitter_card":"summary_large_image","twitter_site":"@OJEN_ROEJ","twitter_misc":{"Estimation du temps de lecture":"1 minute"},"schema":{"@context":"https:\/\/schema.org","@graph":[{"@type":"WebPage","@id":"https:\/\/ojen2024.turnbull.co\/fr\/a-propos\/prix-du-roej\/prix-des-juges-en-chef-du-roej\/2017-la-juge-margaret-ann-scott","url":"https:\/\/ojen2024.turnbull.co\/fr\/a-propos\/prix-du-roej\/prix-des-juges-en-chef-du-roej\/2017-la-juge-margaret-ann-scott","name":"2017 la juge Margaret Ann Scott - OJEN","isPartOf":{"@id":"https:\/\/ojen2024.turnbull.co\/en\/#website"},"datePublished":"2019-10-11T17:00:09+00:00","dateModified":"2019-10-11T17:00:10+00:00","breadcrumb":{"@id":"https:\/\/ojen2024.turnbull.co\/fr\/a-propos\/prix-du-roej\/prix-des-juges-en-chef-du-roej\/2017-la-juge-margaret-ann-scott#breadcrumb"},"inLanguage":"fr-CA","potentialAction":[{"@type":"ReadAction","target":["https:\/\/ojen2024.turnbull.co\/fr\/a-propos\/prix-du-roej\/prix-des-juges-en-chef-du-roej\/2017-la-juge-margaret-ann-scott"]}]},{"@type":"BreadcrumbList","@id":"https:\/\/ojen2024.turnbull.co\/fr\/a-propos\/prix-du-roej\/prix-des-juges-en-chef-du-roej\/2017-la-juge-margaret-ann-scott#breadcrumb","itemListElement":[{"@type":"ListItem","position":1,"name":"Home","item":"https:\/\/ojen2024.turnbull.co\/fr"},{"@type":"ListItem","position":2,"name":"Qui sommes nous?","item":"https:\/\/ojen2024.turnbull.co\/fr\/a-propos"},{"@type":"ListItem","position":3,"name":"Prix du ROEJ","item":"https:\/\/ojen2024.turnbull.co\/fr\/a-propos\/prix-du-roej"},{"@type":"ListItem","position":4,"name":"Prix des juges en chef du ROEJ","item":"https:\/\/ojen2024.turnbull.co\/fr\/a-propos\/prix-du-roej\/prix-des-juges-en-chef-du-roej"},{"@type":"ListItem","position":5,"name":"2017 la juge Margaret Ann Scott"}]},{"@type":"WebSite","@id":"https:\/\/ojen2024.turnbull.co\/en\/#website","url":"https:\/\/ojen2024.turnbull.co\/en\/","name":"OJEN","description":"","potentialAction":[{"@type":"SearchAction","target":{"@type":"EntryPoint","urlTemplate":"https:\/\/ojen2024.turnbull.co\/en\/?s={search_term_string}"},"query-input":{"@type":"PropertyValueSpecification","valueRequired":true,"valueName":"search_term_string"}}],"inLanguage":"fr-CA"}]}},"_links":{"self":[{"href":"https:\/\/ojen2024.turnbull.co\/fr\/wp-json\/wp\/v2\/pages\/16378"}],"collection":[{"href":"https:\/\/ojen2024.turnbull.co\/fr\/wp-json\/wp\/v2\/pages"}],"about":[{"href":"https:\/\/ojen2024.turnbull.co\/fr\/wp-json\/wp\/v2\/types\/page"}],"author":[{"embeddable":true,"href":"https:\/\/ojen2024.turnbull.co\/fr\/wp-json\/wp\/v2\/users\/1232"}],"replies":[{"embeddable":true,"href":"https:\/\/ojen2024.turnbull.co\/fr\/wp-json\/wp\/v2\/comments?post=16378"}],"version-history":[{"count":0,"href":"https:\/\/ojen2024.turnbull.co\/fr\/wp-json\/wp\/v2\/pages\/16378\/revisions"}],"up":[{"embeddable":true,"href":"https:\/\/ojen2024.turnbull.co\/fr\/wp-json\/wp\/v2\/pages\/7987"}],"wp:attachment":[{"href":"https:\/\/ojen2024.turnbull.co\/fr\/wp-json\/wp\/v2\/media?parent=16378"}],"curies":[{"name":"wp","href":"https:\/\/api.w.org\/{rel}","templated":true}]}}