{"id":16381,"date":"2019-10-11T13:07:13","date_gmt":"2019-10-11T17:07:13","guid":{"rendered":"http:\/\/ojen.ca\/?page_id=16381"},"modified":"2019-10-11T13:08:06","modified_gmt":"2019-10-11T17:08:06","slug":"2018-sergent-milton-ferguson","status":"publish","type":"page","link":"https:\/\/ojen2024.turnbull.co\/fr\/a-propos\/prix-du-roej\/prix-des-juges-en-chef-du-roej\/2018-sergent-milton-ferguson","title":{"rendered":"2018"},"content":{"rendered":"\n<p>\nLe sergent Milton Ferguson, de la 52<sup>e<\/sup> Division du Service de police de Toronto, a re\u00e7u le Prix des juges en chef 2018 pour souligner les efforts exceptionnels qu\u2019il a d\u00e9ploy\u00e9s afin d\u2019am\u00e9liorer les relations entre la police et les jeunes des communaut\u00e9s marginalis\u00e9es et racialis\u00e9es de Toronto.&nbsp;&nbsp;&nbsp;<\/p>\n\n\n\n<p>Pendant plus de 10 ans, il a travaill\u00e9 b\u00e9n\u00e9volement sur de nombreux projets d\u2019\u00e9ducation juridique du ROEJ. Il a sensibilis\u00e9 les jeunes aux perspectives des agent(e)s de police et leur a offert des strat\u00e9gies pratiques pour les aider \u00e0 \u00e9viter une escalade des conflits en cas d\u2019interaction avec la police. Dans de nombreux cas, il a permis \u00e0 des jeunes d\u2019avoir leur premi\u00e8re exp\u00e9rience positive avec un(e) agent(e) de police.<\/p>\n\n\n\n<p>En plus d\u2019avoir aid\u00e9 des jeunes \u00e0 mieux comprendre la police, sergent Ferguson a inform\u00e9 ses coll\u00e8gues de ce qu\u2019il a appris aupr\u00e8s des jeunes afin qu\u2019ils puissent mieux servir leurs collectivit\u00e9s.&nbsp;&nbsp;En remettant le prix au sergent Ferguson, le juge en chef Strathy a soulign\u00e9 l\u2019importance de son engagement communautaire&nbsp;: <em>\u00ab\u2009Ce genre de dialogue authentique est la fa\u00e7on la plus difficile mais la plus efficace de susciter des changements, et le sergent Ferguson s\u2019est engag\u00e9 \u00e0 \u00eatre un agent du changement.\u2009\u00bb<\/em><\/p>\n","protected":false},"excerpt":{"rendered":"<p>Le sergent Milton Ferguson, de la 52e Division du Service de police de Toronto, a re\u00e7u le Prix des juges en chef 2018 pour souligner les efforts exceptionnels qu\u2019il a d\u00e9ploy\u00e9s afin d\u2019am\u00e9liorer les relations entre la police et les jeunes des communaut\u00e9s marginalis\u00e9es et racialis\u00e9es de Toronto.&nbsp;&nbsp;&nbsp; Pendant plus de 10 ans, il a [&hellip;]<\/p>\n","protected":false},"author":1232,"featured_media":0,"parent":7987,"menu_order":0,"comment_status":"closed","ping_status":"closed","template":"","meta":{"_acf_changed":false,"_eb_attr":"","inline_featured_image":false,"ub_ctt_via":"","footnotes":""},"class_list":["post-16381","page","type-page","status-publish","hentry"],"acf":[],"featured_image_src":null,"yoast_head":"<!-- This site is optimized with the Yoast SEO plugin v25.3 - https:\/\/yoast.com\/wordpress\/plugins\/seo\/ -->\n<title>2018 - OJEN<\/title>\n<meta name=\"robots\" content=\"noindex, follow, max-snippet:-1, max-image-preview:large, max-video-preview:-1\" \/>\n<meta property=\"og:locale\" content=\"fr_CA\" \/>\n<meta property=\"og:type\" content=\"article\" \/>\n<meta property=\"og:title\" content=\"2018 - OJEN\" \/>\n<meta property=\"og:description\" content=\"Le sergent Milton Ferguson, de la 52e Division du Service de police de Toronto, a re\u00e7u le Prix des juges en chef 2018 pour souligner les efforts exceptionnels qu\u2019il a d\u00e9ploy\u00e9s afin d\u2019am\u00e9liorer les relations entre la police et les jeunes des communaut\u00e9s marginalis\u00e9es et racialis\u00e9es de Toronto.&nbsp;&nbsp;&nbsp; Pendant plus de 10 ans, il a [&hellip;]\" \/>\n<meta property=\"og:url\" content=\"https:\/\/ojen2024.turnbull.co\/fr\/2018-sergent-milton-ferguson\" \/>\n<meta property=\"og:site_name\" content=\"OJEN\" \/>\n<meta property=\"article:publisher\" content=\"https:\/\/www.facebook.com\/pages\/OJEN\/252115501467864\" \/>\n<meta property=\"article:modified_time\" content=\"2019-10-11T17:08:06+00:00\" \/>\n<meta name=\"twitter:card\" content=\"summary_large_image\" \/>\n<meta name=\"twitter:site\" content=\"@OJEN_ROEJ\" \/>\n<meta name=\"twitter:label1\" content=\"Estimation du temps de lecture\" \/>\n\t<meta name=\"twitter:data1\" content=\"1 minute\" \/>\n<script type=\"application\/ld+json\" class=\"yoast-schema-graph\">{\"@context\":\"https:\/\/schema.org\",\"@graph\":[{\"@type\":\"WebPage\",\"@id\":\"https:\/\/ojen2024.turnbull.co\/fr\/2018-sergent-milton-ferguson\",\"url\":\"https:\/\/ojen2024.turnbull.co\/fr\/2018-sergent-milton-ferguson\",\"name\":\"2018 - OJEN\",\"isPartOf\":{\"@id\":\"https:\/\/ojen2024.turnbull.co\/en\/#website\"},\"datePublished\":\"2019-10-11T17:07:13+00:00\",\"dateModified\":\"2019-10-11T17:08:06+00:00\",\"breadcrumb\":{\"@id\":\"https:\/\/ojen2024.turnbull.co\/fr\/2018-sergent-milton-ferguson#breadcrumb\"},\"inLanguage\":\"fr-CA\",\"potentialAction\":[{\"@type\":\"ReadAction\",\"target\":[\"https:\/\/ojen2024.turnbull.co\/fr\/2018-sergent-milton-ferguson\"]}]},{\"@type\":\"BreadcrumbList\",\"@id\":\"https:\/\/ojen2024.turnbull.co\/fr\/2018-sergent-milton-ferguson#breadcrumb\",\"itemListElement\":[{\"@type\":\"ListItem\",\"position\":1,\"name\":\"Home\",\"item\":\"https:\/\/ojen2024.turnbull.co\/fr\"},{\"@type\":\"ListItem\",\"position\":2,\"name\":\"2018\"}]},{\"@type\":\"WebSite\",\"@id\":\"https:\/\/ojen2024.turnbull.co\/en\/#website\",\"url\":\"https:\/\/ojen2024.turnbull.co\/en\/\",\"name\":\"OJEN\",\"description\":\"\",\"potentialAction\":[{\"@type\":\"SearchAction\",\"target\":{\"@type\":\"EntryPoint\",\"urlTemplate\":\"https:\/\/ojen2024.turnbull.co\/en\/?s={search_term_string}\"},\"query-input\":{\"@type\":\"PropertyValueSpecification\",\"valueRequired\":true,\"valueName\":\"search_term_string\"}}],\"inLanguage\":\"fr-CA\"}]}<\/script>\n<!-- \/ Yoast SEO plugin. -->","yoast_head_json":{"title":"2018 - OJEN","robots":{"index":"noindex","follow":"follow","max-snippet":"max-snippet:-1","max-image-preview":"max-image-preview:large","max-video-preview":"max-video-preview:-1"},"og_locale":"fr_CA","og_type":"article","og_title":"2018 - OJEN","og_description":"Le sergent Milton Ferguson, de la 52e Division du Service de police de Toronto, a re\u00e7u le Prix des juges en chef 2018 pour souligner les efforts exceptionnels qu\u2019il a d\u00e9ploy\u00e9s afin d\u2019am\u00e9liorer les relations entre la police et les jeunes des communaut\u00e9s marginalis\u00e9es et racialis\u00e9es de Toronto.&nbsp;&nbsp;&nbsp; Pendant plus de 10 ans, il a [&hellip;]","og_url":"https:\/\/ojen2024.turnbull.co\/fr\/2018-sergent-milton-ferguson","og_site_name":"OJEN","article_publisher":"https:\/\/www.facebook.com\/pages\/OJEN\/252115501467864","article_modified_time":"2019-10-11T17:08:06+00:00","twitter_card":"summary_large_image","twitter_site":"@OJEN_ROEJ","twitter_misc":{"Estimation du temps de lecture":"1 minute"},"schema":{"@context":"https:\/\/schema.org","@graph":[{"@type":"WebPage","@id":"https:\/\/ojen2024.turnbull.co\/fr\/2018-sergent-milton-ferguson","url":"https:\/\/ojen2024.turnbull.co\/fr\/2018-sergent-milton-ferguson","name":"2018 - OJEN","isPartOf":{"@id":"https:\/\/ojen2024.turnbull.co\/en\/#website"},"datePublished":"2019-10-11T17:07:13+00:00","dateModified":"2019-10-11T17:08:06+00:00","breadcrumb":{"@id":"https:\/\/ojen2024.turnbull.co\/fr\/2018-sergent-milton-ferguson#breadcrumb"},"inLanguage":"fr-CA","potentialAction":[{"@type":"ReadAction","target":["https:\/\/ojen2024.turnbull.co\/fr\/2018-sergent-milton-ferguson"]}]},{"@type":"BreadcrumbList","@id":"https:\/\/ojen2024.turnbull.co\/fr\/2018-sergent-milton-ferguson#breadcrumb","itemListElement":[{"@type":"ListItem","position":1,"name":"Home","item":"https:\/\/ojen2024.turnbull.co\/fr"},{"@type":"ListItem","position":2,"name":"2018"}]},{"@type":"WebSite","@id":"https:\/\/ojen2024.turnbull.co\/en\/#website","url":"https:\/\/ojen2024.turnbull.co\/en\/","name":"OJEN","description":"","potentialAction":[{"@type":"SearchAction","target":{"@type":"EntryPoint","urlTemplate":"https:\/\/ojen2024.turnbull.co\/en\/?s={search_term_string}"},"query-input":{"@type":"PropertyValueSpecification","valueRequired":true,"valueName":"search_term_string"}}],"inLanguage":"fr-CA"}]}},"_links":{"self":[{"href":"https:\/\/ojen2024.turnbull.co\/fr\/wp-json\/wp\/v2\/pages\/16381"}],"collection":[{"href":"https:\/\/ojen2024.turnbull.co\/fr\/wp-json\/wp\/v2\/pages"}],"about":[{"href":"https:\/\/ojen2024.turnbull.co\/fr\/wp-json\/wp\/v2\/types\/page"}],"author":[{"embeddable":true,"href":"https:\/\/ojen2024.turnbull.co\/fr\/wp-json\/wp\/v2\/users\/1232"}],"replies":[{"embeddable":true,"href":"https:\/\/ojen2024.turnbull.co\/fr\/wp-json\/wp\/v2\/comments?post=16381"}],"version-history":[{"count":0,"href":"https:\/\/ojen2024.turnbull.co\/fr\/wp-json\/wp\/v2\/pages\/16381\/revisions"}],"up":[{"embeddable":true,"href":"https:\/\/ojen2024.turnbull.co\/fr\/wp-json\/wp\/v2\/pages\/7987"}],"wp:attachment":[{"href":"https:\/\/ojen2024.turnbull.co\/fr\/wp-json\/wp\/v2\/media?parent=16381"}],"curies":[{"name":"wp","href":"https:\/\/api.w.org\/{rel}","templated":true}]}}