{"id":16390,"date":"2019-10-11T13:27:58","date_gmt":"2019-10-11T17:27:58","guid":{"rendered":"http:\/\/ojen.ca\/?page_id=16390"},"modified":"2019-10-11T13:28:00","modified_gmt":"2019-10-11T17:28:00","slug":"2017-michele-valentini","status":"publish","type":"page","link":"https:\/\/ojen2024.turnbull.co\/fr\/a-propos\/prix-du-roej\/le-prix-commemoratif-postsecondaire-tate-herbert\/2017-michele-valentini","title":{"rendered":"2017 Michele Valentini"},"content":{"rendered":"\n<p>\nMichele, une r\u00e9cente dipl\u00f4m\u00e9e de la Facult\u00e9 de droit de l\u2019Universit\u00e9 d\u2019Ottawa, a contribu\u00e9 aux programmes du ROEJ pendant deux ans \u00e0 Ottawa et \u00e0 Toronto. Elle effectue pr\u00e9sentement un stage en droit au Bureau des avocats de la Couronne \u2013 Droit civil (BAC &#8211; Droit civil) du minist\u00e8re du Procureur g\u00e9n\u00e9ral.&nbsp;<br><\/p>\n\n\n\n<p>Pendant son stage de quatre mois \u00e0 l\u2019\u00e9t\u00e9&nbsp;2015, Michele a fait preuve d\u2019une grande initiative et de capacit\u00e9s exceptionnelles, et a contribu\u00e9 significativement \u00e0 plusieurs initiatives majeures du ROEJ. Elle a jou\u00e9 un r\u00f4le de premier plan dans l\u2019organisation de l\u2019Institut estival de droit annuel du ROEJ destin\u00e9 aux enseignant(e)s en recrutant des conf\u00e9renciers et en faisant la promotion de l\u2019\u00e9v\u00e9nement dans divers m\u00e9dias. Elle a \u00e9galement particip\u00e9 \u00e0 l\u2019\u00e9laboration de trois ressources p\u00e9dagogiques.&nbsp;<br><\/p>\n\n\n\n<p>Apr\u00e8s son stage au ROEJ, Michele a continu\u00e9 de travailler b\u00e9n\u00e9volement sur des projets d\u2019\u00e9ducation juridique du ROEJ \u00e0 Ottawa tout en poursuivant ses \u00e9tudes. Elle a planifi\u00e9 et coordonn\u00e9 un \u00e9v\u00e9nement d\u2019un jour destin\u00e9 aux jeunes femmes dans le cadre de la Journ\u00e9e de l\u2019affaire \u00ab\u2009personne\u2009\u00bb \u00e0 Ottawa; a si\u00e9g\u00e9 au comit\u00e9 local du ROEJ qui \u00e9labore des initiatives d\u2019\u00e9ducation juridique dans la r\u00e9gion de l\u2019Est; a co-anim\u00e9, avec le directeur du soutien aux \u00e9ducateurs du ROEJ, un atelier de perfectionnement professionnel d\u2019une journ\u00e9e pour les enseignant(e)s de la r\u00e9gion d\u2019Ottawa; et a coordonn\u00e9 et anim\u00e9 le jeu Acc\u00e8s \u00e0 la justice, un projet exp\u00e9rientiel en salle de classe auquel deux \u00e9coles secondaires \u00e0 Ottawa ont particip\u00e9.<br><\/p>\n\n\n\n<p>Michele a obtenu son dipl\u00f4me en droit cet \u00e9t\u00e9 et nous lui souhaitons beaucoup de succ\u00e8s dans sa carri\u00e8re en droit.<\/p>\n","protected":false},"excerpt":{"rendered":"<p>Michele, une r\u00e9cente dipl\u00f4m\u00e9e de la Facult\u00e9 de droit de l\u2019Universit\u00e9 d\u2019Ottawa, a contribu\u00e9 aux programmes du ROEJ pendant deux ans \u00e0 Ottawa et \u00e0 Toronto. Elle effectue pr\u00e9sentement un stage en droit au Bureau des avocats de la Couronne \u2013 Droit civil (BAC &#8211; Droit civil) du minist\u00e8re du Procureur g\u00e9n\u00e9ral.&nbsp; Pendant son stage [&hellip;]<\/p>\n","protected":false},"author":1232,"featured_media":0,"parent":7995,"menu_order":0,"comment_status":"closed","ping_status":"closed","template":"","meta":{"_acf_changed":false,"_eb_attr":"","inline_featured_image":false,"ub_ctt_via":"","footnotes":""},"class_list":["post-16390","page","type-page","status-publish","hentry"],"acf":[],"featured_image_src":null,"yoast_head":"<!-- This site is optimized with the Yoast SEO plugin v25.3 - https:\/\/yoast.com\/wordpress\/plugins\/seo\/ -->\n<title>2017 Michele Valentini - OJEN<\/title>\n<meta name=\"robots\" content=\"noindex, follow, max-snippet:-1, max-image-preview:large, max-video-preview:-1\" \/>\n<meta property=\"og:locale\" content=\"fr_CA\" \/>\n<meta property=\"og:type\" content=\"article\" \/>\n<meta property=\"og:title\" content=\"2017 Michele Valentini - OJEN\" \/>\n<meta property=\"og:description\" content=\"Michele, une r\u00e9cente dipl\u00f4m\u00e9e de la Facult\u00e9 de droit de l\u2019Universit\u00e9 d\u2019Ottawa, a contribu\u00e9 aux programmes du ROEJ pendant deux ans \u00e0 Ottawa et \u00e0 Toronto. Elle effectue pr\u00e9sentement un stage en droit au Bureau des avocats de la Couronne \u2013 Droit civil (BAC &#8211; Droit civil) du minist\u00e8re du Procureur g\u00e9n\u00e9ral.&nbsp; Pendant son stage [&hellip;]\" \/>\n<meta property=\"og:url\" content=\"https:\/\/ojen2024.turnbull.co\/fr\/2017-michele-valentini\" \/>\n<meta property=\"og:site_name\" content=\"OJEN\" \/>\n<meta property=\"article:publisher\" content=\"https:\/\/www.facebook.com\/pages\/OJEN\/252115501467864\" \/>\n<meta property=\"article:modified_time\" content=\"2019-10-11T17:28:00+00:00\" \/>\n<meta name=\"twitter:card\" content=\"summary_large_image\" \/>\n<meta name=\"twitter:site\" content=\"@OJEN_ROEJ\" \/>\n<meta name=\"twitter:label1\" content=\"Estimation du temps de lecture\" \/>\n\t<meta name=\"twitter:data1\" content=\"2 minutes\" \/>\n<script type=\"application\/ld+json\" class=\"yoast-schema-graph\">{\"@context\":\"https:\/\/schema.org\",\"@graph\":[{\"@type\":\"WebPage\",\"@id\":\"https:\/\/ojen2024.turnbull.co\/fr\/2017-michele-valentini\",\"url\":\"https:\/\/ojen2024.turnbull.co\/fr\/2017-michele-valentini\",\"name\":\"2017 Michele Valentini - OJEN\",\"isPartOf\":{\"@id\":\"https:\/\/ojen2024.turnbull.co\/en\/#website\"},\"datePublished\":\"2019-10-11T17:27:58+00:00\",\"dateModified\":\"2019-10-11T17:28:00+00:00\",\"breadcrumb\":{\"@id\":\"https:\/\/ojen2024.turnbull.co\/fr\/2017-michele-valentini#breadcrumb\"},\"inLanguage\":\"fr-CA\",\"potentialAction\":[{\"@type\":\"ReadAction\",\"target\":[\"https:\/\/ojen2024.turnbull.co\/fr\/2017-michele-valentini\"]}]},{\"@type\":\"BreadcrumbList\",\"@id\":\"https:\/\/ojen2024.turnbull.co\/fr\/2017-michele-valentini#breadcrumb\",\"itemListElement\":[{\"@type\":\"ListItem\",\"position\":1,\"name\":\"Home\",\"item\":\"https:\/\/ojen2024.turnbull.co\/fr\"},{\"@type\":\"ListItem\",\"position\":2,\"name\":\"2017 Michele Valentini\"}]},{\"@type\":\"WebSite\",\"@id\":\"https:\/\/ojen2024.turnbull.co\/en\/#website\",\"url\":\"https:\/\/ojen2024.turnbull.co\/en\/\",\"name\":\"OJEN\",\"description\":\"\",\"potentialAction\":[{\"@type\":\"SearchAction\",\"target\":{\"@type\":\"EntryPoint\",\"urlTemplate\":\"https:\/\/ojen2024.turnbull.co\/en\/?s={search_term_string}\"},\"query-input\":{\"@type\":\"PropertyValueSpecification\",\"valueRequired\":true,\"valueName\":\"search_term_string\"}}],\"inLanguage\":\"fr-CA\"}]}<\/script>\n<!-- \/ Yoast SEO plugin. -->","yoast_head_json":{"title":"2017 Michele Valentini - OJEN","robots":{"index":"noindex","follow":"follow","max-snippet":"max-snippet:-1","max-image-preview":"max-image-preview:large","max-video-preview":"max-video-preview:-1"},"og_locale":"fr_CA","og_type":"article","og_title":"2017 Michele Valentini - OJEN","og_description":"Michele, une r\u00e9cente dipl\u00f4m\u00e9e de la Facult\u00e9 de droit de l\u2019Universit\u00e9 d\u2019Ottawa, a contribu\u00e9 aux programmes du ROEJ pendant deux ans \u00e0 Ottawa et \u00e0 Toronto. Elle effectue pr\u00e9sentement un stage en droit au Bureau des avocats de la Couronne \u2013 Droit civil (BAC &#8211; Droit civil) du minist\u00e8re du Procureur g\u00e9n\u00e9ral.&nbsp; Pendant son stage [&hellip;]","og_url":"https:\/\/ojen2024.turnbull.co\/fr\/2017-michele-valentini","og_site_name":"OJEN","article_publisher":"https:\/\/www.facebook.com\/pages\/OJEN\/252115501467864","article_modified_time":"2019-10-11T17:28:00+00:00","twitter_card":"summary_large_image","twitter_site":"@OJEN_ROEJ","twitter_misc":{"Estimation du temps de lecture":"2 minutes"},"schema":{"@context":"https:\/\/schema.org","@graph":[{"@type":"WebPage","@id":"https:\/\/ojen2024.turnbull.co\/fr\/2017-michele-valentini","url":"https:\/\/ojen2024.turnbull.co\/fr\/2017-michele-valentini","name":"2017 Michele Valentini - OJEN","isPartOf":{"@id":"https:\/\/ojen2024.turnbull.co\/en\/#website"},"datePublished":"2019-10-11T17:27:58+00:00","dateModified":"2019-10-11T17:28:00+00:00","breadcrumb":{"@id":"https:\/\/ojen2024.turnbull.co\/fr\/2017-michele-valentini#breadcrumb"},"inLanguage":"fr-CA","potentialAction":[{"@type":"ReadAction","target":["https:\/\/ojen2024.turnbull.co\/fr\/2017-michele-valentini"]}]},{"@type":"BreadcrumbList","@id":"https:\/\/ojen2024.turnbull.co\/fr\/2017-michele-valentini#breadcrumb","itemListElement":[{"@type":"ListItem","position":1,"name":"Home","item":"https:\/\/ojen2024.turnbull.co\/fr"},{"@type":"ListItem","position":2,"name":"2017 Michele Valentini"}]},{"@type":"WebSite","@id":"https:\/\/ojen2024.turnbull.co\/en\/#website","url":"https:\/\/ojen2024.turnbull.co\/en\/","name":"OJEN","description":"","potentialAction":[{"@type":"SearchAction","target":{"@type":"EntryPoint","urlTemplate":"https:\/\/ojen2024.turnbull.co\/en\/?s={search_term_string}"},"query-input":{"@type":"PropertyValueSpecification","valueRequired":true,"valueName":"search_term_string"}}],"inLanguage":"fr-CA"}]}},"_links":{"self":[{"href":"https:\/\/ojen2024.turnbull.co\/fr\/wp-json\/wp\/v2\/pages\/16390"}],"collection":[{"href":"https:\/\/ojen2024.turnbull.co\/fr\/wp-json\/wp\/v2\/pages"}],"about":[{"href":"https:\/\/ojen2024.turnbull.co\/fr\/wp-json\/wp\/v2\/types\/page"}],"author":[{"embeddable":true,"href":"https:\/\/ojen2024.turnbull.co\/fr\/wp-json\/wp\/v2\/users\/1232"}],"replies":[{"embeddable":true,"href":"https:\/\/ojen2024.turnbull.co\/fr\/wp-json\/wp\/v2\/comments?post=16390"}],"version-history":[{"count":0,"href":"https:\/\/ojen2024.turnbull.co\/fr\/wp-json\/wp\/v2\/pages\/16390\/revisions"}],"up":[{"embeddable":true,"href":"https:\/\/ojen2024.turnbull.co\/fr\/wp-json\/wp\/v2\/pages\/7995"}],"wp:attachment":[{"href":"https:\/\/ojen2024.turnbull.co\/fr\/wp-json\/wp\/v2\/media?parent=16390"}],"curies":[{"name":"wp","href":"https:\/\/api.w.org\/{rel}","templated":true}]}}