{"id":16392,"date":"2019-10-11T13:30:17","date_gmt":"2019-10-11T17:30:17","guid":{"rendered":"http:\/\/ojen.ca\/?page_id=16392"},"modified":"2019-10-11T13:30:20","modified_gmt":"2019-10-11T17:30:20","slug":"2018-halime-celik","status":"publish","type":"page","link":"https:\/\/ojen2024.turnbull.co\/fr\/a-propos\/prix-du-roej\/le-prix-commemoratif-postsecondaire-tate-herbert\/2018-halime-celik","title":{"rendered":"2018 Halime Celik"},"content":{"rendered":"\n<p>\nHalime Celik a d\u00e9couvert le ROEJ en 2010 lorsqu\u2019elle a particip\u00e9, en tant qu\u2019\u00e9l\u00e8ve du secondaire, au programme<em>Trailblazers&nbsp;: Meeting Women in Law<\/em>, un \u00e9v\u00e9nement d\u2019une journ\u00e9e destin\u00e9 aux jeunes filles du secondaire qui songent \u00e0 faire carri\u00e8re en droit.&nbsp;<\/p>\n\n\n\n<p>En 2016, alors qu\u2019elle \u00e9tudiait en droit \u00e0 l\u2019Universit\u00e9 d\u2019Ottawa, elle a effectu\u00e9 un stage \u00e0 temps partiel dans nos bureaux, de mai \u00e0 juillet 2016. Pendant ce stage, elle a r\u00e9alis\u00e9 un inventaire complet des personnes-ressources des palais de justice pour le programme <em>Salles d\u2019audience et salles de classe<\/em> du ROEJ. Elle a \u00e9galement pr\u00eat\u00e9 main-forte pour un certain nombre d\u2019initiatives de sensibilisation.&nbsp;<\/p>\n\n\n\n<p>Halime a continu\u00e9 de faire du b\u00e9n\u00e9volat apr\u00e8s avoir satisfait aux exigences de son stage donnant droit \u00e0 des cr\u00e9dits. Elle a particip\u00e9 \u00e0 la planification et \u00e0 la coordination de l\u2019Institut estival de droit, un congr\u00e8s de perfectionnement professionnel de deux jours destin\u00e9 aux enseignant(e)s, en plus de co-animer l\u2019\u00e9v\u00e9nement.&nbsp;<\/p>\n\n\n\n<p>Lorsqu\u2019elle est retourn\u00e9e \u00e0 ses \u00e9tudes pour l\u2019ann\u00e9e&nbsp;2016-2017, elle a travaill\u00e9 avec le personnel du ROEJ afin de coordonner un \u00e9v\u00e9nement dans le cadre de la Journ\u00e9e de l\u2019affaire \u00ab\u2009personne\u2009\u00bb pour les \u00e9l\u00e8ves du secondaire \u00e0 Ottawa, en partenariat avec le minist\u00e8re de la Justice (JUS).&nbsp;<\/p>\n\n\n\n<p>Dans le cadre de son travail b\u00e9n\u00e9vole pour le ROEJ, Halime a contribu\u00e9 \u00e0 l\u2019\u00e9laboration et \u00e0 la mise en \u0153uvre d\u2019un nouveau programme de sensibilisation, soit le <em>Legal Leaders Program for Newcomer Youth<\/em>, un programme qui s\u2019adresse aux jeunes nouveaux arrivants ou aux jeunes canadiens de premi\u00e8re g\u00e9n\u00e9ration.&nbsp;&nbsp;<\/p>\n\n\n\n<p>Halime a obtenu son dipl\u00f4me en droit cet \u00e9t\u00e9 et nous lui souhaitons beaucoup de succ\u00e8s dans sa carri\u00e8re en droit!<\/p>\n","protected":false},"excerpt":{"rendered":"<p>Halime Celik a d\u00e9couvert le ROEJ en 2010 lorsqu\u2019elle a particip\u00e9, en tant qu\u2019\u00e9l\u00e8ve du secondaire, au programmeTrailblazers&nbsp;: Meeting Women in Law, un \u00e9v\u00e9nement d\u2019une journ\u00e9e destin\u00e9 aux jeunes filles du secondaire qui songent \u00e0 faire carri\u00e8re en droit.&nbsp; En 2016, alors qu\u2019elle \u00e9tudiait en droit \u00e0 l\u2019Universit\u00e9 d\u2019Ottawa, elle a effectu\u00e9 un stage \u00e0 [&hellip;]<\/p>\n","protected":false},"author":1232,"featured_media":0,"parent":7995,"menu_order":0,"comment_status":"closed","ping_status":"closed","template":"","meta":{"_acf_changed":false,"_eb_attr":"","inline_featured_image":false,"ub_ctt_via":"","footnotes":""},"class_list":["post-16392","page","type-page","status-publish","hentry"],"acf":[],"featured_image_src":null,"yoast_head":"<!-- This site is optimized with the Yoast SEO plugin v25.3 - https:\/\/yoast.com\/wordpress\/plugins\/seo\/ -->\n<title>2018 Halime Celik - OJEN<\/title>\n<meta name=\"robots\" content=\"noindex, follow, max-snippet:-1, max-image-preview:large, max-video-preview:-1\" \/>\n<meta property=\"og:locale\" content=\"fr_CA\" \/>\n<meta property=\"og:type\" content=\"article\" \/>\n<meta property=\"og:title\" content=\"2018 Halime Celik - OJEN\" \/>\n<meta property=\"og:description\" content=\"Halime Celik a d\u00e9couvert le ROEJ en 2010 lorsqu\u2019elle a particip\u00e9, en tant qu\u2019\u00e9l\u00e8ve du secondaire, au programmeTrailblazers&nbsp;: Meeting Women in Law, un \u00e9v\u00e9nement d\u2019une journ\u00e9e destin\u00e9 aux jeunes filles du secondaire qui songent \u00e0 faire carri\u00e8re en droit.&nbsp; En 2016, alors qu\u2019elle \u00e9tudiait en droit \u00e0 l\u2019Universit\u00e9 d\u2019Ottawa, elle a effectu\u00e9 un stage \u00e0 [&hellip;]\" \/>\n<meta property=\"og:url\" content=\"https:\/\/ojen2024.turnbull.co\/fr\/2018-halime-celik\" \/>\n<meta property=\"og:site_name\" content=\"OJEN\" \/>\n<meta property=\"article:publisher\" content=\"https:\/\/www.facebook.com\/pages\/OJEN\/252115501467864\" \/>\n<meta property=\"article:modified_time\" content=\"2019-10-11T17:30:20+00:00\" \/>\n<meta name=\"twitter:card\" content=\"summary_large_image\" \/>\n<meta name=\"twitter:site\" content=\"@OJEN_ROEJ\" \/>\n<meta name=\"twitter:label1\" content=\"Estimation du temps de lecture\" \/>\n\t<meta name=\"twitter:data1\" content=\"2 minutes\" \/>\n<script type=\"application\/ld+json\" class=\"yoast-schema-graph\">{\"@context\":\"https:\/\/schema.org\",\"@graph\":[{\"@type\":\"WebPage\",\"@id\":\"https:\/\/ojen2024.turnbull.co\/fr\/2018-halime-celik\",\"url\":\"https:\/\/ojen2024.turnbull.co\/fr\/2018-halime-celik\",\"name\":\"2018 Halime Celik - OJEN\",\"isPartOf\":{\"@id\":\"https:\/\/ojen2024.turnbull.co\/en\/#website\"},\"datePublished\":\"2019-10-11T17:30:17+00:00\",\"dateModified\":\"2019-10-11T17:30:20+00:00\",\"breadcrumb\":{\"@id\":\"https:\/\/ojen2024.turnbull.co\/fr\/2018-halime-celik#breadcrumb\"},\"inLanguage\":\"fr-CA\",\"potentialAction\":[{\"@type\":\"ReadAction\",\"target\":[\"https:\/\/ojen2024.turnbull.co\/fr\/2018-halime-celik\"]}]},{\"@type\":\"BreadcrumbList\",\"@id\":\"https:\/\/ojen2024.turnbull.co\/fr\/2018-halime-celik#breadcrumb\",\"itemListElement\":[{\"@type\":\"ListItem\",\"position\":1,\"name\":\"Home\",\"item\":\"https:\/\/ojen2024.turnbull.co\/fr\"},{\"@type\":\"ListItem\",\"position\":2,\"name\":\"2018 Halime Celik\"}]},{\"@type\":\"WebSite\",\"@id\":\"https:\/\/ojen2024.turnbull.co\/en\/#website\",\"url\":\"https:\/\/ojen2024.turnbull.co\/en\/\",\"name\":\"OJEN\",\"description\":\"\",\"potentialAction\":[{\"@type\":\"SearchAction\",\"target\":{\"@type\":\"EntryPoint\",\"urlTemplate\":\"https:\/\/ojen2024.turnbull.co\/en\/?s={search_term_string}\"},\"query-input\":{\"@type\":\"PropertyValueSpecification\",\"valueRequired\":true,\"valueName\":\"search_term_string\"}}],\"inLanguage\":\"fr-CA\"}]}<\/script>\n<!-- \/ Yoast SEO plugin. -->","yoast_head_json":{"title":"2018 Halime Celik - OJEN","robots":{"index":"noindex","follow":"follow","max-snippet":"max-snippet:-1","max-image-preview":"max-image-preview:large","max-video-preview":"max-video-preview:-1"},"og_locale":"fr_CA","og_type":"article","og_title":"2018 Halime Celik - OJEN","og_description":"Halime Celik a d\u00e9couvert le ROEJ en 2010 lorsqu\u2019elle a particip\u00e9, en tant qu\u2019\u00e9l\u00e8ve du secondaire, au programmeTrailblazers&nbsp;: Meeting Women in Law, un \u00e9v\u00e9nement d\u2019une journ\u00e9e destin\u00e9 aux jeunes filles du secondaire qui songent \u00e0 faire carri\u00e8re en droit.&nbsp; En 2016, alors qu\u2019elle \u00e9tudiait en droit \u00e0 l\u2019Universit\u00e9 d\u2019Ottawa, elle a effectu\u00e9 un stage \u00e0 [&hellip;]","og_url":"https:\/\/ojen2024.turnbull.co\/fr\/2018-halime-celik","og_site_name":"OJEN","article_publisher":"https:\/\/www.facebook.com\/pages\/OJEN\/252115501467864","article_modified_time":"2019-10-11T17:30:20+00:00","twitter_card":"summary_large_image","twitter_site":"@OJEN_ROEJ","twitter_misc":{"Estimation du temps de lecture":"2 minutes"},"schema":{"@context":"https:\/\/schema.org","@graph":[{"@type":"WebPage","@id":"https:\/\/ojen2024.turnbull.co\/fr\/2018-halime-celik","url":"https:\/\/ojen2024.turnbull.co\/fr\/2018-halime-celik","name":"2018 Halime Celik - OJEN","isPartOf":{"@id":"https:\/\/ojen2024.turnbull.co\/en\/#website"},"datePublished":"2019-10-11T17:30:17+00:00","dateModified":"2019-10-11T17:30:20+00:00","breadcrumb":{"@id":"https:\/\/ojen2024.turnbull.co\/fr\/2018-halime-celik#breadcrumb"},"inLanguage":"fr-CA","potentialAction":[{"@type":"ReadAction","target":["https:\/\/ojen2024.turnbull.co\/fr\/2018-halime-celik"]}]},{"@type":"BreadcrumbList","@id":"https:\/\/ojen2024.turnbull.co\/fr\/2018-halime-celik#breadcrumb","itemListElement":[{"@type":"ListItem","position":1,"name":"Home","item":"https:\/\/ojen2024.turnbull.co\/fr"},{"@type":"ListItem","position":2,"name":"2018 Halime Celik"}]},{"@type":"WebSite","@id":"https:\/\/ojen2024.turnbull.co\/en\/#website","url":"https:\/\/ojen2024.turnbull.co\/en\/","name":"OJEN","description":"","potentialAction":[{"@type":"SearchAction","target":{"@type":"EntryPoint","urlTemplate":"https:\/\/ojen2024.turnbull.co\/en\/?s={search_term_string}"},"query-input":{"@type":"PropertyValueSpecification","valueRequired":true,"valueName":"search_term_string"}}],"inLanguage":"fr-CA"}]}},"_links":{"self":[{"href":"https:\/\/ojen2024.turnbull.co\/fr\/wp-json\/wp\/v2\/pages\/16392"}],"collection":[{"href":"https:\/\/ojen2024.turnbull.co\/fr\/wp-json\/wp\/v2\/pages"}],"about":[{"href":"https:\/\/ojen2024.turnbull.co\/fr\/wp-json\/wp\/v2\/types\/page"}],"author":[{"embeddable":true,"href":"https:\/\/ojen2024.turnbull.co\/fr\/wp-json\/wp\/v2\/users\/1232"}],"replies":[{"embeddable":true,"href":"https:\/\/ojen2024.turnbull.co\/fr\/wp-json\/wp\/v2\/comments?post=16392"}],"version-history":[{"count":0,"href":"https:\/\/ojen2024.turnbull.co\/fr\/wp-json\/wp\/v2\/pages\/16392\/revisions"}],"up":[{"embeddable":true,"href":"https:\/\/ojen2024.turnbull.co\/fr\/wp-json\/wp\/v2\/pages\/7995"}],"wp:attachment":[{"href":"https:\/\/ojen2024.turnbull.co\/fr\/wp-json\/wp\/v2\/media?parent=16392"}],"curies":[{"name":"wp","href":"https:\/\/api.w.org\/{rel}","templated":true}]}}