{"id":16470,"date":"2019-10-15T09:08:58","date_gmt":"2019-10-15T13:08:58","guid":{"rendered":"http:\/\/ojen.ca\/?page_id=16470"},"modified":"2019-10-15T09:08:59","modified_gmt":"2019-10-15T13:08:59","slug":"2017-kim-wallace","status":"publish","type":"page","link":"https:\/\/ojen2024.turnbull.co\/fr\/a-propos\/prix-du-roej\/prix-des-educateurs-juridiques-exemplaires-hux-kiteley\/2017-kim-wallace","title":{"rendered":"2017 Kim Wallace"},"content":{"rendered":"\n<p>Kim&nbsp;Wallace <strong>a<\/strong> largement contribu\u00e9 au domaine de l&rsquo;\u00e9ducation juridique \u00e0 la fois\n\u00e0 titre de coordonnatrice des \u00e9tudes canadiennes et mondiales au Conseil\nscolaire du district de Halton et, plus r\u00e9cemment, en collaboration avec le\nMinist\u00e8re de l&rsquo;\u00c9ducation de l\u2019Ontario.&nbsp; <\/p>\n\n\n\n<p>Elle a aid\u00e9 le juge Forsythe, Kim&nbsp;Wilson\net d&rsquo;autres dans le lancement du tournoi de proc\u00e8s simul\u00e9s de Halton en 2004. Il\ndemeure l&rsquo;un des meilleurs tournois de proc\u00e8s simul\u00e9s annuels en Ontario.<\/p>\n\n\n\n<p>Kim&nbsp;Wallace est dou\u00e9e pour \u00e9tablir\ndes relations au sein de la communaut\u00e9 et des secteurs de transition. Elle a\nconstitu\u00e9 des relations de collaboration avec le Conseil scolaire du district\nde Halton et la Halton County Law Association qui ont dur\u00e9 plus d&rsquo;une d\u00e9cennie\nplus tard.<\/p>\n\n\n\n<p>Sous l\u2019\u00e9gide du Minist\u00e8re de l&rsquo;\u00c9ducation\nde l\u2019Ontario, elle \u00e9tait membre de l&rsquo;\u00e9quipe qui a \u00e9labor\u00e9 le cours de\npr\u00e9paration aux \u00e9tudes coll\u00e9giales, \u00c9tudes juridiques, CLN4C, pour les \u00e9l\u00e8ves\nde la 12<sup>e<\/sup> ann\u00e9e. Ce cours permet aux \u00e9tudiants inscrits \u00e0 un\nprogramme d&rsquo;\u00e9tudes ouvert ou \u00e0 un programme d&rsquo;\u00e9tudes coll\u00e9gial de compl\u00e9ter\nl&rsquo;\u00e9quivalent de deux ann\u00e9es d&rsquo;\u00e9tudes en droit de niveau secondaire. <\/p>\n","protected":false},"excerpt":{"rendered":"<p>Kim&nbsp;Wallace a largement contribu\u00e9 au domaine de l&rsquo;\u00e9ducation juridique \u00e0 la fois \u00e0 titre de coordonnatrice des \u00e9tudes canadiennes et mondiales au Conseil scolaire du district de Halton et, plus r\u00e9cemment, en collaboration avec le Minist\u00e8re de l&rsquo;\u00c9ducation de l\u2019Ontario.&nbsp; Elle a aid\u00e9 le juge Forsythe, Kim&nbsp;Wilson et d&rsquo;autres dans le lancement du tournoi de [&hellip;]<\/p>\n","protected":false},"author":1232,"featured_media":0,"parent":7992,"menu_order":0,"comment_status":"closed","ping_status":"closed","template":"","meta":{"_acf_changed":false,"_eb_attr":"","inline_featured_image":false,"ub_ctt_via":"","footnotes":""},"class_list":["post-16470","page","type-page","status-publish","hentry"],"acf":[],"featured_image_src":null,"yoast_head":"<!-- This site is optimized with the Yoast SEO plugin v25.3 - https:\/\/yoast.com\/wordpress\/plugins\/seo\/ -->\n<title>2017 Kim Wallace - OJEN<\/title>\n<meta name=\"robots\" content=\"noindex, follow, max-snippet:-1, max-image-preview:large, max-video-preview:-1\" \/>\n<meta property=\"og:locale\" content=\"fr_CA\" \/>\n<meta property=\"og:type\" content=\"article\" \/>\n<meta property=\"og:title\" content=\"2017 Kim Wallace - OJEN\" \/>\n<meta property=\"og:description\" content=\"Kim&nbsp;Wallace a largement contribu\u00e9 au domaine de l&rsquo;\u00e9ducation juridique \u00e0 la fois \u00e0 titre de coordonnatrice des \u00e9tudes canadiennes et mondiales au Conseil scolaire du district de Halton et, plus r\u00e9cemment, en collaboration avec le Minist\u00e8re de l&rsquo;\u00c9ducation de l\u2019Ontario.&nbsp; Elle a aid\u00e9 le juge Forsythe, Kim&nbsp;Wilson et d&rsquo;autres dans le lancement du tournoi de [&hellip;]\" \/>\n<meta property=\"og:url\" content=\"https:\/\/ojen2024.turnbull.co\/fr\/2017-kim-wallace\" \/>\n<meta property=\"og:site_name\" content=\"OJEN\" \/>\n<meta property=\"article:publisher\" content=\"https:\/\/www.facebook.com\/pages\/OJEN\/252115501467864\" \/>\n<meta property=\"article:modified_time\" content=\"2019-10-15T13:08:59+00:00\" \/>\n<meta name=\"twitter:card\" content=\"summary_large_image\" \/>\n<meta name=\"twitter:site\" content=\"@OJEN_ROEJ\" \/>\n<meta name=\"twitter:label1\" content=\"Estimation du temps de lecture\" \/>\n\t<meta name=\"twitter:data1\" content=\"1 minute\" \/>\n<script type=\"application\/ld+json\" class=\"yoast-schema-graph\">{\"@context\":\"https:\/\/schema.org\",\"@graph\":[{\"@type\":\"WebPage\",\"@id\":\"https:\/\/ojen2024.turnbull.co\/fr\/2017-kim-wallace\",\"url\":\"https:\/\/ojen2024.turnbull.co\/fr\/2017-kim-wallace\",\"name\":\"2017 Kim Wallace - OJEN\",\"isPartOf\":{\"@id\":\"https:\/\/ojen2024.turnbull.co\/en\/#website\"},\"datePublished\":\"2019-10-15T13:08:58+00:00\",\"dateModified\":\"2019-10-15T13:08:59+00:00\",\"breadcrumb\":{\"@id\":\"https:\/\/ojen2024.turnbull.co\/fr\/2017-kim-wallace#breadcrumb\"},\"inLanguage\":\"fr-CA\",\"potentialAction\":[{\"@type\":\"ReadAction\",\"target\":[\"https:\/\/ojen2024.turnbull.co\/fr\/2017-kim-wallace\"]}]},{\"@type\":\"BreadcrumbList\",\"@id\":\"https:\/\/ojen2024.turnbull.co\/fr\/2017-kim-wallace#breadcrumb\",\"itemListElement\":[{\"@type\":\"ListItem\",\"position\":1,\"name\":\"Home\",\"item\":\"https:\/\/ojen2024.turnbull.co\/fr\"},{\"@type\":\"ListItem\",\"position\":2,\"name\":\"2017 Kim Wallace\"}]},{\"@type\":\"WebSite\",\"@id\":\"https:\/\/ojen2024.turnbull.co\/en\/#website\",\"url\":\"https:\/\/ojen2024.turnbull.co\/en\/\",\"name\":\"OJEN\",\"description\":\"\",\"potentialAction\":[{\"@type\":\"SearchAction\",\"target\":{\"@type\":\"EntryPoint\",\"urlTemplate\":\"https:\/\/ojen2024.turnbull.co\/en\/?s={search_term_string}\"},\"query-input\":{\"@type\":\"PropertyValueSpecification\",\"valueRequired\":true,\"valueName\":\"search_term_string\"}}],\"inLanguage\":\"fr-CA\"}]}<\/script>\n<!-- \/ Yoast SEO plugin. -->","yoast_head_json":{"title":"2017 Kim Wallace - OJEN","robots":{"index":"noindex","follow":"follow","max-snippet":"max-snippet:-1","max-image-preview":"max-image-preview:large","max-video-preview":"max-video-preview:-1"},"og_locale":"fr_CA","og_type":"article","og_title":"2017 Kim Wallace - OJEN","og_description":"Kim&nbsp;Wallace a largement contribu\u00e9 au domaine de l&rsquo;\u00e9ducation juridique \u00e0 la fois \u00e0 titre de coordonnatrice des \u00e9tudes canadiennes et mondiales au Conseil scolaire du district de Halton et, plus r\u00e9cemment, en collaboration avec le Minist\u00e8re de l&rsquo;\u00c9ducation de l\u2019Ontario.&nbsp; Elle a aid\u00e9 le juge Forsythe, Kim&nbsp;Wilson et d&rsquo;autres dans le lancement du tournoi de [&hellip;]","og_url":"https:\/\/ojen2024.turnbull.co\/fr\/2017-kim-wallace","og_site_name":"OJEN","article_publisher":"https:\/\/www.facebook.com\/pages\/OJEN\/252115501467864","article_modified_time":"2019-10-15T13:08:59+00:00","twitter_card":"summary_large_image","twitter_site":"@OJEN_ROEJ","twitter_misc":{"Estimation du temps de lecture":"1 minute"},"schema":{"@context":"https:\/\/schema.org","@graph":[{"@type":"WebPage","@id":"https:\/\/ojen2024.turnbull.co\/fr\/2017-kim-wallace","url":"https:\/\/ojen2024.turnbull.co\/fr\/2017-kim-wallace","name":"2017 Kim Wallace - OJEN","isPartOf":{"@id":"https:\/\/ojen2024.turnbull.co\/en\/#website"},"datePublished":"2019-10-15T13:08:58+00:00","dateModified":"2019-10-15T13:08:59+00:00","breadcrumb":{"@id":"https:\/\/ojen2024.turnbull.co\/fr\/2017-kim-wallace#breadcrumb"},"inLanguage":"fr-CA","potentialAction":[{"@type":"ReadAction","target":["https:\/\/ojen2024.turnbull.co\/fr\/2017-kim-wallace"]}]},{"@type":"BreadcrumbList","@id":"https:\/\/ojen2024.turnbull.co\/fr\/2017-kim-wallace#breadcrumb","itemListElement":[{"@type":"ListItem","position":1,"name":"Home","item":"https:\/\/ojen2024.turnbull.co\/fr"},{"@type":"ListItem","position":2,"name":"2017 Kim Wallace"}]},{"@type":"WebSite","@id":"https:\/\/ojen2024.turnbull.co\/en\/#website","url":"https:\/\/ojen2024.turnbull.co\/en\/","name":"OJEN","description":"","potentialAction":[{"@type":"SearchAction","target":{"@type":"EntryPoint","urlTemplate":"https:\/\/ojen2024.turnbull.co\/en\/?s={search_term_string}"},"query-input":{"@type":"PropertyValueSpecification","valueRequired":true,"valueName":"search_term_string"}}],"inLanguage":"fr-CA"}]}},"_links":{"self":[{"href":"https:\/\/ojen2024.turnbull.co\/fr\/wp-json\/wp\/v2\/pages\/16470"}],"collection":[{"href":"https:\/\/ojen2024.turnbull.co\/fr\/wp-json\/wp\/v2\/pages"}],"about":[{"href":"https:\/\/ojen2024.turnbull.co\/fr\/wp-json\/wp\/v2\/types\/page"}],"author":[{"embeddable":true,"href":"https:\/\/ojen2024.turnbull.co\/fr\/wp-json\/wp\/v2\/users\/1232"}],"replies":[{"embeddable":true,"href":"https:\/\/ojen2024.turnbull.co\/fr\/wp-json\/wp\/v2\/comments?post=16470"}],"version-history":[{"count":0,"href":"https:\/\/ojen2024.turnbull.co\/fr\/wp-json\/wp\/v2\/pages\/16470\/revisions"}],"up":[{"embeddable":true,"href":"https:\/\/ojen2024.turnbull.co\/fr\/wp-json\/wp\/v2\/pages\/7992"}],"wp:attachment":[{"href":"https:\/\/ojen2024.turnbull.co\/fr\/wp-json\/wp\/v2\/media?parent=16470"}],"curies":[{"name":"wp","href":"https:\/\/api.w.org\/{rel}","templated":true}]}}