{"id":19192,"date":"2020-08-31T01:30:13","date_gmt":"2020-08-31T05:30:13","guid":{"rendered":"http:\/\/ojen.ca\/?page_id=19192"},"modified":"2020-08-31T01:30:15","modified_gmt":"2020-08-31T05:30:15","slug":"2020-rita-gravina","status":"publish","type":"page","link":"https:\/\/ojen2024.turnbull.co\/fr\/a-propos\/prix-du-roej\/prix-des-educateurs-juridiques-exemplaires-hux-kiteley\/2020-rita-gravina","title":{"rendered":"2020 Rita Gravina"},"content":{"rendered":"\n<p><strong>Rita Gravina,<\/strong> enseignante \u00e0 l&rsquo;\u00e9cole Bishop Strachan, est la10<sup>e<\/sup> laur\u00e9ate du <strong>Prix des \u00e9ducateurs juridiques exemplaires Hux-Kiteley<\/strong>, un prix qui est remis tous les ans par le ROEJ.&nbsp;<\/p>\n\n\n\n<p>La nomination de M<sup>me <\/sup>Gravina a \u00e9t\u00e9 propos\u00e9e par plusieurs de ses \u00e9l\u00e8ves actuels et ant\u00e9rieurs ainsi que par des coll\u00e8gues de l&rsquo;\u00e9cole Bishop Strachan. Enseignante depuis 24&nbsp;ans, M<sup>me <\/sup>Gravina a donn\u00e9 les cours d&rsquo;\u00e9ducation \u00e0 la citoyennet\u00e9, de droit, et d&rsquo;\u00e9quit\u00e9 et justice sociale et a aid\u00e9 les \u00e9l\u00e8ves \u00e0 mettre en \u0153uvre leurs propres plans d&rsquo;action sociale.<\/p>\n\n\n\n<div class=\"wp-block-image\"><figure class=\"aligncenter size-large is-resized\"><img loading=\"lazy\" decoding=\"async\" src=\"https:\/\/ojen2024.turnbull.co\/wp-content\/uploads\/2020\/06\/Rita-Gravina-768x1024.jpg\" alt=\"\" class=\"wp-image-18788\" width=\"316\" height=\"420\" srcset=\"https:\/\/ojen2024.turnbull.co\/wp-content\/uploads\/2020\/06\/Rita-Gravina-768x1024.jpg 768w, https:\/\/ojen2024.turnbull.co\/wp-content\/uploads\/2020\/06\/Rita-Gravina-225x300.jpg 225w, https:\/\/ojen2024.turnbull.co\/wp-content\/uploads\/2020\/06\/Rita-Gravina-1152x1536.jpg 1152w, https:\/\/ojen2024.turnbull.co\/wp-content\/uploads\/2020\/06\/Rita-Gravina-rotated.jpg 1512w\" sizes=\"(max-width: 316px) 100vw, 316px\" \/><\/figure><\/div>\n\n\n\n<p>En faisant participer les \u00e9l\u00e8ves \u00e0 des plans d&rsquo;action sociale, \u00e0 des proc\u00e8s simul\u00e9s, \u00e0 des sommets Simul&rsquo;ONU et en les invitant \u00e0 participer \u00e0 l&rsquo;\u00e9laboration des politiques et orientations strat\u00e9giques de l&rsquo;\u00e9cole, elle leur fait comprendre la responsabilit\u00e9 et le potentiel de la citoyennet\u00e9 d\u00e9mocratique tout en leur inculquant le sens de l&rsquo;action personnelle pour faire une diff\u00e9rence. R\u00e9cemment, elle a travaill\u00e9 avec des \u00e9l\u00e8ves pour promouvoir une plus grande \u00e9quit\u00e9 et une meilleure int\u00e9gration au sein de la population \u00e9tudiante diversifi\u00e9e de l&rsquo;\u00e9cole Bishop Strachan.<\/p>\n\n\n\n<p>Elle a assum\u00e9 plusieurs fonctions qui l&rsquo;ont amen\u00e9e \u00e0 jouer un r\u00f4le de leader, notamment conseill\u00e8re et co-organisatrice pour le You Belong Student Equity Summit, conseill\u00e8re pour le comit\u00e9 d&rsquo;\u00e9ducation sur l&rsquo;Holocauste et co-animatrice du comit\u00e9 pour la diversit\u00e9, l&rsquo;\u00e9quit\u00e9 et l&rsquo;inclusion. Elle est conseill\u00e8re pour le club Simul&rsquo;ONU et elle a \u00e9t\u00e9 co-organisatrice pour notre Conf\u00e9rence Simul&rsquo;ONU en 2018. Actuellement, elle joue le r\u00f4le de conseill\u00e8re aupr\u00e8s de l&rsquo;\u00e9quipe juridique qui se pr\u00e9pare au proc\u00e8s simul\u00e9 de l&rsquo;\u00e9cole Bishop Strachan.&nbsp;<\/p>\n\n\n\n<p>Dans les derni\u00e8res ann\u00e9es, elle a \u00e9galement \u00e9t\u00e9 membre du comit\u00e9 des politiques pour l&rsquo;inclusion des personnes transgenres (Transgender Policy Committee), conseill\u00e8re aupr\u00e8s du groupe de travail de l&rsquo;\u00e9cole sur le courage moral (Moral Courage Task Force), et a mentor\u00e9 des \u00e9tudiants du Global Ideas Institute, une initiative de la Munk School of Global Affairs. \u00c0 partir de l&rsquo;ann\u00e9e scolaire 2020-2021, elle assumera \u00e9galement un nouveau, soit le r\u00f4le de directrice de l&rsquo;apprentissage global. Dans ses nouvelles fonctions, elle travaillera en \u00e9troite collaboration avec les enseignants et les \u00e9l\u00e8ves, tout en continuant \u00e0 enseigner le droit, pour faire avancer les questions relatives \u00e0 l&rsquo;\u00e9thique et \u00e0 la citoyennet\u00e9, \u00e0 l&rsquo;action sociale et \u00e0 la justice sociale.<\/p>\n","protected":false},"excerpt":{"rendered":"<p>Rita Gravina, enseignante \u00e0 l&rsquo;\u00e9cole Bishop Strachan, est la10e laur\u00e9ate du Prix des \u00e9ducateurs juridiques exemplaires Hux-Kiteley, un prix qui est remis tous les ans par le ROEJ.&nbsp; La nomination de Mme Gravina a \u00e9t\u00e9 propos\u00e9e par plusieurs de ses \u00e9l\u00e8ves actuels et ant\u00e9rieurs ainsi que par des coll\u00e8gues de l&rsquo;\u00e9cole Bishop Strachan. Enseignante depuis [&hellip;]<\/p>\n","protected":false},"author":1232,"featured_media":0,"parent":7992,"menu_order":0,"comment_status":"closed","ping_status":"closed","template":"","meta":{"_acf_changed":false,"_eb_attr":"","inline_featured_image":false,"ub_ctt_via":"","footnotes":""},"class_list":["post-19192","page","type-page","status-publish","hentry"],"acf":[],"featured_image_src":null,"yoast_head":"<!-- This site is optimized with the Yoast SEO plugin v25.3 - https:\/\/yoast.com\/wordpress\/plugins\/seo\/ -->\n<title>2020 Rita Gravina - OJEN<\/title>\n<meta name=\"description\" content=\"Rita Gravina, enseignante \u00e0 l&#039;\u00e9cole Bishop Strachan, est la10e laur\u00e9ate du Prix des \u00e9ducateurs juridiques exemplaires Hux-Kiteley.\" \/>\n<meta name=\"robots\" content=\"noindex, follow, max-snippet:-1, max-image-preview:large, max-video-preview:-1\" \/>\n<meta property=\"og:locale\" content=\"fr_CA\" \/>\n<meta property=\"og:type\" content=\"article\" \/>\n<meta property=\"og:title\" content=\"2020 Rita Gravina - OJEN\" \/>\n<meta property=\"og:description\" content=\"Rita Gravina, enseignante \u00e0 l&#039;\u00e9cole Bishop Strachan, est la10e laur\u00e9ate du Prix des \u00e9ducateurs juridiques exemplaires Hux-Kiteley.\" \/>\n<meta property=\"og:url\" content=\"https:\/\/ojen2024.turnbull.co\/fr\/2020-rita-gravina\" \/>\n<meta property=\"og:site_name\" content=\"OJEN\" \/>\n<meta property=\"article:publisher\" content=\"https:\/\/www.facebook.com\/pages\/OJEN\/252115501467864\" \/>\n<meta property=\"article:modified_time\" content=\"2020-08-31T05:30:15+00:00\" \/>\n<meta property=\"og:image\" content=\"https:\/\/ojen2024.turnbull.co\/wp-content\/uploads\/2020\/06\/Rita-Gravina-768x1024.jpg\" \/>\n<meta name=\"twitter:card\" content=\"summary_large_image\" \/>\n<meta name=\"twitter:site\" content=\"@OJEN_ROEJ\" \/>\n<meta name=\"twitter:label1\" content=\"Estimation du temps de lecture\" \/>\n\t<meta name=\"twitter:data1\" content=\"2 minutes\" \/>\n<script type=\"application\/ld+json\" class=\"yoast-schema-graph\">{\"@context\":\"https:\/\/schema.org\",\"@graph\":[{\"@type\":\"WebPage\",\"@id\":\"https:\/\/ojen2024.turnbull.co\/fr\/2020-rita-gravina\",\"url\":\"https:\/\/ojen2024.turnbull.co\/fr\/2020-rita-gravina\",\"name\":\"2020 Rita Gravina - OJEN\",\"isPartOf\":{\"@id\":\"https:\/\/ojen2024.turnbull.co\/en\/#website\"},\"primaryImageOfPage\":{\"@id\":\"https:\/\/ojen2024.turnbull.co\/fr\/2020-rita-gravina#primaryimage\"},\"image\":{\"@id\":\"https:\/\/ojen2024.turnbull.co\/fr\/2020-rita-gravina#primaryimage\"},\"thumbnailUrl\":\"https:\/\/ojen2024.turnbull.co\/wp-content\/uploads\/2020\/06\/Rita-Gravina-768x1024.jpg\",\"datePublished\":\"2020-08-31T05:30:13+00:00\",\"dateModified\":\"2020-08-31T05:30:15+00:00\",\"description\":\"Rita Gravina, enseignante \u00e0 l'\u00e9cole Bishop Strachan, est la10e laur\u00e9ate du Prix des \u00e9ducateurs juridiques exemplaires Hux-Kiteley.\",\"breadcrumb\":{\"@id\":\"https:\/\/ojen2024.turnbull.co\/fr\/2020-rita-gravina#breadcrumb\"},\"inLanguage\":\"fr-CA\",\"potentialAction\":[{\"@type\":\"ReadAction\",\"target\":[\"https:\/\/ojen2024.turnbull.co\/fr\/2020-rita-gravina\"]}]},{\"@type\":\"ImageObject\",\"inLanguage\":\"fr-CA\",\"@id\":\"https:\/\/ojen2024.turnbull.co\/fr\/2020-rita-gravina#primaryimage\",\"url\":\"https:\/\/ojen2024.turnbull.co\/wp-content\/uploads\/2020\/06\/Rita-Gravina-768x1024.jpg\",\"contentUrl\":\"https:\/\/ojen2024.turnbull.co\/wp-content\/uploads\/2020\/06\/Rita-Gravina-768x1024.jpg\"},{\"@type\":\"BreadcrumbList\",\"@id\":\"https:\/\/ojen2024.turnbull.co\/fr\/2020-rita-gravina#breadcrumb\",\"itemListElement\":[{\"@type\":\"ListItem\",\"position\":1,\"name\":\"Home\",\"item\":\"https:\/\/ojen2024.turnbull.co\/fr\"},{\"@type\":\"ListItem\",\"position\":2,\"name\":\"2020 Rita Gravina\"}]},{\"@type\":\"WebSite\",\"@id\":\"https:\/\/ojen2024.turnbull.co\/en\/#website\",\"url\":\"https:\/\/ojen2024.turnbull.co\/en\/\",\"name\":\"OJEN\",\"description\":\"\",\"potentialAction\":[{\"@type\":\"SearchAction\",\"target\":{\"@type\":\"EntryPoint\",\"urlTemplate\":\"https:\/\/ojen2024.turnbull.co\/en\/?s={search_term_string}\"},\"query-input\":{\"@type\":\"PropertyValueSpecification\",\"valueRequired\":true,\"valueName\":\"search_term_string\"}}],\"inLanguage\":\"fr-CA\"}]}<\/script>\n<!-- \/ Yoast SEO plugin. -->","yoast_head_json":{"title":"2020 Rita Gravina - OJEN","description":"Rita Gravina, enseignante \u00e0 l'\u00e9cole Bishop Strachan, est la10e laur\u00e9ate du Prix des \u00e9ducateurs juridiques exemplaires Hux-Kiteley.","robots":{"index":"noindex","follow":"follow","max-snippet":"max-snippet:-1","max-image-preview":"max-image-preview:large","max-video-preview":"max-video-preview:-1"},"og_locale":"fr_CA","og_type":"article","og_title":"2020 Rita Gravina - OJEN","og_description":"Rita Gravina, enseignante \u00e0 l'\u00e9cole Bishop Strachan, est la10e laur\u00e9ate du Prix des \u00e9ducateurs juridiques exemplaires Hux-Kiteley.","og_url":"https:\/\/ojen2024.turnbull.co\/fr\/2020-rita-gravina","og_site_name":"OJEN","article_publisher":"https:\/\/www.facebook.com\/pages\/OJEN\/252115501467864","article_modified_time":"2020-08-31T05:30:15+00:00","og_image":[{"url":"https:\/\/ojen2024.turnbull.co\/wp-content\/uploads\/2020\/06\/Rita-Gravina-768x1024.jpg","type":"","width":"","height":""}],"twitter_card":"summary_large_image","twitter_site":"@OJEN_ROEJ","twitter_misc":{"Estimation du temps de lecture":"2 minutes"},"schema":{"@context":"https:\/\/schema.org","@graph":[{"@type":"WebPage","@id":"https:\/\/ojen2024.turnbull.co\/fr\/2020-rita-gravina","url":"https:\/\/ojen2024.turnbull.co\/fr\/2020-rita-gravina","name":"2020 Rita Gravina - OJEN","isPartOf":{"@id":"https:\/\/ojen2024.turnbull.co\/en\/#website"},"primaryImageOfPage":{"@id":"https:\/\/ojen2024.turnbull.co\/fr\/2020-rita-gravina#primaryimage"},"image":{"@id":"https:\/\/ojen2024.turnbull.co\/fr\/2020-rita-gravina#primaryimage"},"thumbnailUrl":"https:\/\/ojen2024.turnbull.co\/wp-content\/uploads\/2020\/06\/Rita-Gravina-768x1024.jpg","datePublished":"2020-08-31T05:30:13+00:00","dateModified":"2020-08-31T05:30:15+00:00","description":"Rita Gravina, enseignante \u00e0 l'\u00e9cole Bishop Strachan, est la10e laur\u00e9ate du Prix des \u00e9ducateurs juridiques exemplaires Hux-Kiteley.","breadcrumb":{"@id":"https:\/\/ojen2024.turnbull.co\/fr\/2020-rita-gravina#breadcrumb"},"inLanguage":"fr-CA","potentialAction":[{"@type":"ReadAction","target":["https:\/\/ojen2024.turnbull.co\/fr\/2020-rita-gravina"]}]},{"@type":"ImageObject","inLanguage":"fr-CA","@id":"https:\/\/ojen2024.turnbull.co\/fr\/2020-rita-gravina#primaryimage","url":"https:\/\/ojen2024.turnbull.co\/wp-content\/uploads\/2020\/06\/Rita-Gravina-768x1024.jpg","contentUrl":"https:\/\/ojen2024.turnbull.co\/wp-content\/uploads\/2020\/06\/Rita-Gravina-768x1024.jpg"},{"@type":"BreadcrumbList","@id":"https:\/\/ojen2024.turnbull.co\/fr\/2020-rita-gravina#breadcrumb","itemListElement":[{"@type":"ListItem","position":1,"name":"Home","item":"https:\/\/ojen2024.turnbull.co\/fr"},{"@type":"ListItem","position":2,"name":"2020 Rita Gravina"}]},{"@type":"WebSite","@id":"https:\/\/ojen2024.turnbull.co\/en\/#website","url":"https:\/\/ojen2024.turnbull.co\/en\/","name":"OJEN","description":"","potentialAction":[{"@type":"SearchAction","target":{"@type":"EntryPoint","urlTemplate":"https:\/\/ojen2024.turnbull.co\/en\/?s={search_term_string}"},"query-input":{"@type":"PropertyValueSpecification","valueRequired":true,"valueName":"search_term_string"}}],"inLanguage":"fr-CA"}]}},"_links":{"self":[{"href":"https:\/\/ojen2024.turnbull.co\/fr\/wp-json\/wp\/v2\/pages\/19192"}],"collection":[{"href":"https:\/\/ojen2024.turnbull.co\/fr\/wp-json\/wp\/v2\/pages"}],"about":[{"href":"https:\/\/ojen2024.turnbull.co\/fr\/wp-json\/wp\/v2\/types\/page"}],"author":[{"embeddable":true,"href":"https:\/\/ojen2024.turnbull.co\/fr\/wp-json\/wp\/v2\/users\/1232"}],"replies":[{"embeddable":true,"href":"https:\/\/ojen2024.turnbull.co\/fr\/wp-json\/wp\/v2\/comments?post=19192"}],"version-history":[{"count":0,"href":"https:\/\/ojen2024.turnbull.co\/fr\/wp-json\/wp\/v2\/pages\/19192\/revisions"}],"up":[{"embeddable":true,"href":"https:\/\/ojen2024.turnbull.co\/fr\/wp-json\/wp\/v2\/pages\/7992"}],"wp:attachment":[{"href":"https:\/\/ojen2024.turnbull.co\/fr\/wp-json\/wp\/v2\/media?parent=19192"}],"curies":[{"name":"wp","href":"https:\/\/api.w.org\/{rel}","templated":true}]}}