{"id":19196,"date":"2020-08-31T01:36:55","date_gmt":"2020-08-31T05:36:55","guid":{"rendered":"http:\/\/ojen.ca\/?page_id=19196"},"modified":"2025-07-29T20:15:20","modified_gmt":"2025-07-30T00:15:20","slug":"2019-jamie-glass","status":"publish","type":"page","link":"https:\/\/ojen2024.turnbull.co\/fr\/a-propos\/prix-du-roej\/prix-des-juges-en-chef-du-roej\/2019-jamie-glass","title":{"rendered":"2019-2020"},"content":{"rendered":"\n<p>Le Prix des juges en chef 2019 a \u00e9t\u00e9 d\u00e9cern\u00e9 \u00e0 Jamie Glass, professeur de droit au Middlefield Collegiate Institute du York Region District School Board.<\/p>\n\n\n\n<p>M. Glass, qui a commenc\u00e9 sa carri\u00e8re en tant qu&rsquo;avocat criminaliste, est un enseignant inspirant et novateur qui enseigne le droit et l&rsquo;\u00e9ducation \u00e0 la citoyennet\u00e9 depuis 21&nbsp;ans.&nbsp;&nbsp;&nbsp;<\/p>\n\n\n\n<div class=\"wp-block-image\"><figure class=\"aligncenter size-large is-resized\"><img loading=\"lazy\" decoding=\"async\" src=\"https:\/\/ojen2024.turnbull.co\/wp-content\/uploads\/2020\/04\/Glass-in-court2-1024x768.jpg\" alt=\"\" class=\"wp-image-18280\" width=\"460\" height=\"345\" srcset=\"https:\/\/ojen2024.turnbull.co\/wp-content\/uploads\/2020\/04\/Glass-in-court2-1024x768.jpg 1024w, https:\/\/ojen2024.turnbull.co\/wp-content\/uploads\/2020\/04\/Glass-in-court2-300x225.jpg 300w, https:\/\/ojen2024.turnbull.co\/wp-content\/uploads\/2020\/04\/Glass-in-court2-768x576.jpg 768w, https:\/\/ojen2024.turnbull.co\/wp-content\/uploads\/2020\/04\/Glass-in-court2-1536x1152.jpg 1536w, https:\/\/ojen2024.turnbull.co\/wp-content\/uploads\/2020\/04\/Glass-in-court2-2048x1536.jpg 2048w\" sizes=\"(max-width: 460px) 100vw, 460px\" \/><\/figure><\/div>\n\n\n\n<p>Ses \u00e9l\u00e8ves d\u00e9crivent ses classes comme anim\u00e9es et int\u00e9ressantes et plusieurs personnes ont affirm\u00e9 qu&rsquo;il s\u2019efforce constamment de r\u00e9ellement comprendre les d\u00e9fis de la population \u00e9tudiante diversifi\u00e9e et d&rsquo;adapter son style d&rsquo;enseignement aux besoins individuels.<\/p>\n\n\n\n<p>Selon ses coll\u00e8gues enseignants, M.&nbsp;Glass offre g\u00e9n\u00e9reusement ses connaissances et son expertise aux autres. Au d\u00e9but de sa carri\u00e8re d\u2019enseignant, il a mis sur pied le Ontario Law Teacher&rsquo;s Assistance Network (OLTAN), un r\u00e9seau de professeurs de droit de l&rsquo;Ontario qui mettent en commun des le\u00e7ons, des id\u00e9es et des outils p\u00e9dagogiques. Il a donn\u00e9 le cours en ligne de qualification suppl\u00e9mentaire en droit de base pour l&rsquo;Institut d&rsquo;\u00e9tudes p\u00e9dagogiques de l&rsquo;Ontario (IEPO) et a d\u00e9velopp\u00e9 le cours de droit de l&rsquo;IEPO qui est pr\u00e9sentement reconnu par l&rsquo;Ordre des enseignantes et des enseignants de l&rsquo;Ontario.<\/p>\n\n\n\n<p>Les professionnels du secteur de la justice applaudissent son leadership en mati\u00e8re d\u2019\u00e9quit\u00e9 et affirment que M.&nbsp;Glass a commenc\u00e9 \u00e0 promouvoir \u00ab\u2009la diversit\u00e9, l&rsquo;inclusion et l&rsquo;appartenance\u2009\u00bb bien avant que cela ne devienne une politique sociale populaire. Il a contribu\u00e9 \u00e0 l&rsquo;organisation de forums, de conf\u00e9rences et de programmes destin\u00e9s \u00e0 aider les enseignantes et enseignants \u00e0 mieux comprendre les \u00e9l\u00e8ves racialis\u00e9s, mal servis ou marginalis\u00e9s, et \u00e0 les mobiliser.&nbsp;<\/p>\n\n\n\n<p>La contribution exceptionnelle de Jamie Glass a augment\u00e9 la compr\u00e9hension du syst\u00e8me de justice au sein de la population. Nous le f\u00e9licitons d&rsquo;avoir \u00e9t\u00e9 choisi comme quinzi\u00e8me laur\u00e9at du Prix des juges en chef du ROEJ!<\/p>\n","protected":false},"excerpt":{"rendered":"<p>Le Prix des juges en chef 2019 a \u00e9t\u00e9 d\u00e9cern\u00e9 \u00e0 Jamie Glass, professeur de droit au Middlefield Collegiate Institute du York Region District School Board. M. Glass, qui a commenc\u00e9 sa carri\u00e8re en tant qu&rsquo;avocat criminaliste, est un enseignant inspirant et novateur qui enseigne le droit et l&rsquo;\u00e9ducation \u00e0 la citoyennet\u00e9 depuis 21&nbsp;ans.&nbsp;&nbsp;&nbsp; Ses [&hellip;]<\/p>\n","protected":false},"author":1232,"featured_media":0,"parent":7987,"menu_order":0,"comment_status":"closed","ping_status":"closed","template":"","meta":{"_acf_changed":false,"_eb_attr":"","inline_featured_image":false,"ub_ctt_via":"","footnotes":""},"class_list":["post-19196","page","type-page","status-publish","hentry"],"acf":[],"featured_image_src":null,"yoast_head":"<!-- This site is optimized with the Yoast SEO plugin v25.3 - https:\/\/yoast.com\/wordpress\/plugins\/seo\/ -->\n<title>2019-2020 - OJEN<\/title>\n<meta name=\"description\" content=\"Le Prix des juges en chef 2019 a \u00e9t\u00e9 d\u00e9cern\u00e9 \u00e0 Jamie Glass, professeur de droit au Middlefield Collegiate Institute du York Region District School Board.\" \/>\n<meta name=\"robots\" content=\"noindex, follow, max-snippet:-1, max-image-preview:large, max-video-preview:-1\" \/>\n<meta property=\"og:locale\" content=\"fr_CA\" \/>\n<meta property=\"og:type\" content=\"article\" \/>\n<meta property=\"og:title\" content=\"2019-2020 - OJEN\" \/>\n<meta property=\"og:description\" content=\"Le Prix des juges en chef 2019 a \u00e9t\u00e9 d\u00e9cern\u00e9 \u00e0 Jamie Glass, professeur de droit au Middlefield Collegiate Institute du York Region District School Board.\" \/>\n<meta property=\"og:url\" content=\"https:\/\/ojen2024.turnbull.co\/fr\/a-propos\/prix-du-roej\/prix-des-juges-en-chef-du-roej\/2019-jamie-glass\" \/>\n<meta property=\"og:site_name\" content=\"OJEN\" \/>\n<meta property=\"article:publisher\" content=\"https:\/\/www.facebook.com\/pages\/OJEN\/252115501467864\" \/>\n<meta property=\"article:modified_time\" content=\"2025-07-30T00:15:20+00:00\" \/>\n<meta property=\"og:image\" content=\"https:\/\/ojen2024.turnbull.co\/wp-content\/uploads\/2020\/04\/Glass-in-court2-1024x768.jpg\" \/>\n\t<meta property=\"og:image:width\" content=\"1024\" \/>\n\t<meta property=\"og:image:height\" content=\"768\" \/>\n\t<meta property=\"og:image:type\" content=\"image\/jpeg\" \/>\n<meta name=\"twitter:card\" content=\"summary_large_image\" \/>\n<meta name=\"twitter:site\" content=\"@OJEN_ROEJ\" \/>\n<meta name=\"twitter:label1\" content=\"Estimation du temps de lecture\" \/>\n\t<meta name=\"twitter:data1\" content=\"2 minutes\" \/>\n<script type=\"application\/ld+json\" class=\"yoast-schema-graph\">{\"@context\":\"https:\/\/schema.org\",\"@graph\":[{\"@type\":\"WebPage\",\"@id\":\"https:\/\/ojen2024.turnbull.co\/fr\/a-propos\/prix-du-roej\/prix-des-juges-en-chef-du-roej\/2019-jamie-glass\",\"url\":\"https:\/\/ojen2024.turnbull.co\/fr\/a-propos\/prix-du-roej\/prix-des-juges-en-chef-du-roej\/2019-jamie-glass\",\"name\":\"2019-2020 - OJEN\",\"isPartOf\":{\"@id\":\"https:\/\/ojen2024.turnbull.co\/en\/#website\"},\"primaryImageOfPage\":{\"@id\":\"https:\/\/ojen2024.turnbull.co\/fr\/a-propos\/prix-du-roej\/prix-des-juges-en-chef-du-roej\/2019-jamie-glass#primaryimage\"},\"image\":{\"@id\":\"https:\/\/ojen2024.turnbull.co\/fr\/a-propos\/prix-du-roej\/prix-des-juges-en-chef-du-roej\/2019-jamie-glass#primaryimage\"},\"thumbnailUrl\":\"https:\/\/ojen2024.turnbull.co\/wp-content\/uploads\/2020\/04\/Glass-in-court2-1024x768.jpg\",\"datePublished\":\"2020-08-31T05:36:55+00:00\",\"dateModified\":\"2025-07-30T00:15:20+00:00\",\"description\":\"Le Prix des juges en chef 2019 a \u00e9t\u00e9 d\u00e9cern\u00e9 \u00e0 Jamie Glass, professeur de droit au Middlefield Collegiate Institute du York Region District School Board.\",\"breadcrumb\":{\"@id\":\"https:\/\/ojen2024.turnbull.co\/fr\/a-propos\/prix-du-roej\/prix-des-juges-en-chef-du-roej\/2019-jamie-glass#breadcrumb\"},\"inLanguage\":\"fr-CA\",\"potentialAction\":[{\"@type\":\"ReadAction\",\"target\":[\"https:\/\/ojen2024.turnbull.co\/fr\/a-propos\/prix-du-roej\/prix-des-juges-en-chef-du-roej\/2019-jamie-glass\"]}]},{\"@type\":\"ImageObject\",\"inLanguage\":\"fr-CA\",\"@id\":\"https:\/\/ojen2024.turnbull.co\/fr\/a-propos\/prix-du-roej\/prix-des-juges-en-chef-du-roej\/2019-jamie-glass#primaryimage\",\"url\":\"https:\/\/ojen2024.turnbull.co\/wp-content\/uploads\/2020\/04\/Glass-in-court2-1024x768.jpg\",\"contentUrl\":\"https:\/\/ojen2024.turnbull.co\/wp-content\/uploads\/2020\/04\/Glass-in-court2-1024x768.jpg\"},{\"@type\":\"BreadcrumbList\",\"@id\":\"https:\/\/ojen2024.turnbull.co\/fr\/a-propos\/prix-du-roej\/prix-des-juges-en-chef-du-roej\/2019-jamie-glass#breadcrumb\",\"itemListElement\":[{\"@type\":\"ListItem\",\"position\":1,\"name\":\"Home\",\"item\":\"https:\/\/ojen2024.turnbull.co\/fr\"},{\"@type\":\"ListItem\",\"position\":2,\"name\":\"Qui sommes nous?\",\"item\":\"https:\/\/ojen2024.turnbull.co\/fr\/a-propos\"},{\"@type\":\"ListItem\",\"position\":3,\"name\":\"Prix du ROEJ\",\"item\":\"https:\/\/ojen2024.turnbull.co\/fr\/a-propos\/prix-du-roej\"},{\"@type\":\"ListItem\",\"position\":4,\"name\":\"Prix des juges en chef du ROEJ\",\"item\":\"https:\/\/ojen2024.turnbull.co\/fr\/a-propos\/prix-du-roej\/prix-des-juges-en-chef-du-roej\"},{\"@type\":\"ListItem\",\"position\":5,\"name\":\"2019-2020\"}]},{\"@type\":\"WebSite\",\"@id\":\"https:\/\/ojen2024.turnbull.co\/en\/#website\",\"url\":\"https:\/\/ojen2024.turnbull.co\/en\/\",\"name\":\"OJEN\",\"description\":\"\",\"potentialAction\":[{\"@type\":\"SearchAction\",\"target\":{\"@type\":\"EntryPoint\",\"urlTemplate\":\"https:\/\/ojen2024.turnbull.co\/en\/?s={search_term_string}\"},\"query-input\":{\"@type\":\"PropertyValueSpecification\",\"valueRequired\":true,\"valueName\":\"search_term_string\"}}],\"inLanguage\":\"fr-CA\"}]}<\/script>\n<!-- \/ Yoast SEO plugin. -->","yoast_head_json":{"title":"2019-2020 - OJEN","description":"Le Prix des juges en chef 2019 a \u00e9t\u00e9 d\u00e9cern\u00e9 \u00e0 Jamie Glass, professeur de droit au Middlefield Collegiate Institute du York Region District School Board.","robots":{"index":"noindex","follow":"follow","max-snippet":"max-snippet:-1","max-image-preview":"max-image-preview:large","max-video-preview":"max-video-preview:-1"},"og_locale":"fr_CA","og_type":"article","og_title":"2019-2020 - OJEN","og_description":"Le Prix des juges en chef 2019 a \u00e9t\u00e9 d\u00e9cern\u00e9 \u00e0 Jamie Glass, professeur de droit au Middlefield Collegiate Institute du York Region District School Board.","og_url":"https:\/\/ojen2024.turnbull.co\/fr\/a-propos\/prix-du-roej\/prix-des-juges-en-chef-du-roej\/2019-jamie-glass","og_site_name":"OJEN","article_publisher":"https:\/\/www.facebook.com\/pages\/OJEN\/252115501467864","article_modified_time":"2025-07-30T00:15:20+00:00","og_image":[{"width":1024,"height":768,"url":"https:\/\/ojen2024.turnbull.co\/wp-content\/uploads\/2020\/04\/Glass-in-court2-1024x768.jpg","type":"image\/jpeg"}],"twitter_card":"summary_large_image","twitter_site":"@OJEN_ROEJ","twitter_misc":{"Estimation du temps de lecture":"2 minutes"},"schema":{"@context":"https:\/\/schema.org","@graph":[{"@type":"WebPage","@id":"https:\/\/ojen2024.turnbull.co\/fr\/a-propos\/prix-du-roej\/prix-des-juges-en-chef-du-roej\/2019-jamie-glass","url":"https:\/\/ojen2024.turnbull.co\/fr\/a-propos\/prix-du-roej\/prix-des-juges-en-chef-du-roej\/2019-jamie-glass","name":"2019-2020 - OJEN","isPartOf":{"@id":"https:\/\/ojen2024.turnbull.co\/en\/#website"},"primaryImageOfPage":{"@id":"https:\/\/ojen2024.turnbull.co\/fr\/a-propos\/prix-du-roej\/prix-des-juges-en-chef-du-roej\/2019-jamie-glass#primaryimage"},"image":{"@id":"https:\/\/ojen2024.turnbull.co\/fr\/a-propos\/prix-du-roej\/prix-des-juges-en-chef-du-roej\/2019-jamie-glass#primaryimage"},"thumbnailUrl":"https:\/\/ojen2024.turnbull.co\/wp-content\/uploads\/2020\/04\/Glass-in-court2-1024x768.jpg","datePublished":"2020-08-31T05:36:55+00:00","dateModified":"2025-07-30T00:15:20+00:00","description":"Le Prix des juges en chef 2019 a \u00e9t\u00e9 d\u00e9cern\u00e9 \u00e0 Jamie Glass, professeur de droit au Middlefield Collegiate Institute du York Region District School Board.","breadcrumb":{"@id":"https:\/\/ojen2024.turnbull.co\/fr\/a-propos\/prix-du-roej\/prix-des-juges-en-chef-du-roej\/2019-jamie-glass#breadcrumb"},"inLanguage":"fr-CA","potentialAction":[{"@type":"ReadAction","target":["https:\/\/ojen2024.turnbull.co\/fr\/a-propos\/prix-du-roej\/prix-des-juges-en-chef-du-roej\/2019-jamie-glass"]}]},{"@type":"ImageObject","inLanguage":"fr-CA","@id":"https:\/\/ojen2024.turnbull.co\/fr\/a-propos\/prix-du-roej\/prix-des-juges-en-chef-du-roej\/2019-jamie-glass#primaryimage","url":"https:\/\/ojen2024.turnbull.co\/wp-content\/uploads\/2020\/04\/Glass-in-court2-1024x768.jpg","contentUrl":"https:\/\/ojen2024.turnbull.co\/wp-content\/uploads\/2020\/04\/Glass-in-court2-1024x768.jpg"},{"@type":"BreadcrumbList","@id":"https:\/\/ojen2024.turnbull.co\/fr\/a-propos\/prix-du-roej\/prix-des-juges-en-chef-du-roej\/2019-jamie-glass#breadcrumb","itemListElement":[{"@type":"ListItem","position":1,"name":"Home","item":"https:\/\/ojen2024.turnbull.co\/fr"},{"@type":"ListItem","position":2,"name":"Qui sommes nous?","item":"https:\/\/ojen2024.turnbull.co\/fr\/a-propos"},{"@type":"ListItem","position":3,"name":"Prix du ROEJ","item":"https:\/\/ojen2024.turnbull.co\/fr\/a-propos\/prix-du-roej"},{"@type":"ListItem","position":4,"name":"Prix des juges en chef du ROEJ","item":"https:\/\/ojen2024.turnbull.co\/fr\/a-propos\/prix-du-roej\/prix-des-juges-en-chef-du-roej"},{"@type":"ListItem","position":5,"name":"2019-2020"}]},{"@type":"WebSite","@id":"https:\/\/ojen2024.turnbull.co\/en\/#website","url":"https:\/\/ojen2024.turnbull.co\/en\/","name":"OJEN","description":"","potentialAction":[{"@type":"SearchAction","target":{"@type":"EntryPoint","urlTemplate":"https:\/\/ojen2024.turnbull.co\/en\/?s={search_term_string}"},"query-input":{"@type":"PropertyValueSpecification","valueRequired":true,"valueName":"search_term_string"}}],"inLanguage":"fr-CA"}]}},"_links":{"self":[{"href":"https:\/\/ojen2024.turnbull.co\/fr\/wp-json\/wp\/v2\/pages\/19196"}],"collection":[{"href":"https:\/\/ojen2024.turnbull.co\/fr\/wp-json\/wp\/v2\/pages"}],"about":[{"href":"https:\/\/ojen2024.turnbull.co\/fr\/wp-json\/wp\/v2\/types\/page"}],"author":[{"embeddable":true,"href":"https:\/\/ojen2024.turnbull.co\/fr\/wp-json\/wp\/v2\/users\/1232"}],"replies":[{"embeddable":true,"href":"https:\/\/ojen2024.turnbull.co\/fr\/wp-json\/wp\/v2\/comments?post=19196"}],"version-history":[{"count":0,"href":"https:\/\/ojen2024.turnbull.co\/fr\/wp-json\/wp\/v2\/pages\/19196\/revisions"}],"up":[{"embeddable":true,"href":"https:\/\/ojen2024.turnbull.co\/fr\/wp-json\/wp\/v2\/pages\/7987"}],"wp:attachment":[{"href":"https:\/\/ojen2024.turnbull.co\/fr\/wp-json\/wp\/v2\/media?parent=19196"}],"curies":[{"name":"wp","href":"https:\/\/api.w.org\/{rel}","templated":true}]}}