{"id":19561,"date":"2020-09-18T11:53:43","date_gmt":"2020-09-18T15:53:43","guid":{"rendered":"http:\/\/ojen.ca\/?page_id=19561"},"modified":"2021-01-04T15:28:24","modified_gmt":"2021-01-04T20:28:24","slug":"les-jeunes-s-engagent","status":"publish","type":"page","link":"https:\/\/ojen2024.turnbull.co\/fr\/les-jeunes-s-engagent","title":{"rendered":"Les jeunes s\u2019engagent"},"content":{"rendered":"\n<h4 class=\"wp-block-heading\"><strong>Le minist\u00e8re du Patrimoine canadien fournit du financement pour soutenir les programmes francophones du ROEJ<\/strong><\/h4>\n\n\n\n<p>Gr\u00e2ce \u00e0 une contribution du minist\u00e8re du Patrimoine canadien, le ROEJ mettra sur pied un programme d&rsquo;appels simul\u00e9s en fran\u00e7ais. Ce programme donnera aux \u00e9l\u00e8ves francophones de l&rsquo;Ontario l&rsquo;occasion de mieux comprendre les droits et les protections conf\u00e9r\u00e9s par la <em>Charte canadienne des droits et libert\u00e9s.<\/em><\/p>\n\n\n\n<h4 class=\"wp-block-heading\"><strong>Recourir \u00e0 la Charte pour prot\u00e9ger les droits et favoriser le changement social<\/strong><\/h4>\n\n\n\n<p>Le programme D\u00e9fi de la Charte du ROEJ am\u00e8ne les jeunes \u00e0 explorer des questions sociales complexes en utilisant des sc\u00e9narios d&rsquo;appel fictifs qui s\u2019inspirent de d\u00e9cisions judiciaires importantes fond\u00e9es sur la Charte. Ce faisant, ils en viennent \u00e0 mieux comprendre l&rsquo;importance de la Charte en tant que syst\u00e8me permettant de trancher des affaires o\u00f9des valeurs et des int\u00e9r\u00eats divergents s\u2019entrechoquent.Ils d\u00e9couvrent \u00e9galement comment les lois et les politiques discriminatoires peuvent \u00eatre abrog\u00e9es et quelles sont les limites de la loi, et ils participent \u00e0 un dialogue sur les autres fa\u00e7ons d\u2019induire des changements sociaux.<\/p>\n\n\n\n<p>Avec l\u2019aide d&rsquo;enseignants, d&rsquo;avocats-guides et de \u00ab mentors \u00bb en ligne, les \u00e9quipes d&rsquo;\u00e9l\u00e8ves pr\u00e9parent et soumettent des arguments \u00e9crits pour \u00e9tayer la cause de l&rsquo;appelant ou de la partie intim\u00e9e. Un forum de discussion en ligne, anim\u00e9 par des b\u00e9n\u00e9voles qui connaissant bien le droit constitutionnel, donne aux \u00e9l\u00e8ves l&rsquo;occasion d\u2019\u00e9changer sur les questions en litige et de poser des questions juridiques. Les deux meilleures\u00e9quipes sont ensuite invit\u00e9es \u00e0 pr\u00e9senter leurs arguments \u00e0 une formation de juges de la Cour d&rsquo;appel de l&rsquo;Ontario.<\/p>\n\n\n\n<p>Pour orienter l\u2019\u00e9laboration de ce programme, le ROEJ s\u2019est adjoint 12\u00e9l\u00e8ves francophones provenant des quatre coins de l&rsquo;Ontario pour former une \u00e9quipe de jeunes conseillers. En collaboration avec le personnel et les partenaires du ROEJ, ils joueront un r\u00f4le de premier plan dans la conception de l&rsquo;activit\u00e9 d&rsquo;appel simul\u00e9 destin\u00e9e aux \u00e9l\u00e8ves francophones. De concert avec le personnel et les partenaires du ROEJ, ils s\u00e9lectionneront desd\u00e9cisions judiciaires fond\u00e9es sur la Charte qui seraient appropri\u00e9es et discuteront des fa\u00e7ons de rendre le projet int\u00e9ressant pour les jeunes franco-ontariens et franco-ontariennes.<\/p>\n\n\n\n<h4 class=\"wp-block-heading\"><strong>Le programme Les jeunes s\u2019engagent<\/strong><\/h4>\n\n\n\n<p>Dans le cadre du programme Les jeunes s\u2019engagent, Patrimoine canadien s\u2019est engag\u00e9 \u00e0 fournir du financement au ROEJ pendant deux ans, soit jusqu&rsquo;en mars 2022. L&rsquo;objectif du programme est de renforcer le sentiment d\u2019appartenance des jeunes au Canada en favorisant leur engagement. Le programme D\u00e9fi de la Charte du ROEJ s&rsquo;inscrit bien dans cet objectif. En permettant aux \u00e9l\u00e8ves de participer \u00e0 une activit\u00e9 d&rsquo;apprentissage pratique sur la <em>Charte canadienne des droits et libert\u00e9s<\/em>, ils ont l&rsquo;occasion d\u2019en apprendre plus long sur la diversit\u00e9 de notre pays et sur les valeurs et les int\u00e9r\u00eats que nous avons en commun. Les \u00e9l\u00e8ves francophones exploreront comment la Charte a permis de prot\u00e9ger les droits des communaut\u00e9s minoritaires, y compris les minorit\u00e9s delangue officielle, et d\u00e9velopperont ainsi un plus grand sentiment d\u2019appartenance au Canada.<\/p>\n\n\n\n<p>Il est important pour le ROEJ de fournir de l&rsquo;\u00e9ducation juridique dans les deux langues officielles. Nous sommes ravis d\u2019annoncer que, gr\u00e2ce au programme Les jeunes s&rsquo;engagent du minist\u00e8re du Patrimoine canadien, plus de 500 \u00e9l\u00e8ves francophones du secondaire auront acc\u00e8s au programme D\u00e9fi de la Charte \u00e0 l\u2019\u00e9chelle de la province jusqu&rsquo;en avril 2022.<\/p>\n\n\n\n<p>Pour plus d\u2019information sur ce projet, pri\u00e8re de contacter&nbsp;<a href=\"https:\/\/ojen2024.turnbull.co\/fr\/team\/thomas-gallezot\">Thomas Gallezot<\/a>.<\/p>\n\n\n\n<p><em>\u00ab Notre gouvernement est fier d\u2019appuyer le projet du ROEJ, qui vise \u00e0 faire participer des \u00e9l\u00e8ves francophones de l\u2019Ontario \u00e0 cette exp\u00e9rience d\u2019apprentissage, par l\u2019entremise du programme Les jeunes s\u2019engagent. Cette activit\u00e9 pratique permettra aux \u00e9l\u00e8ves de saisir les enjeux sociaux complexes qui nous entourent, les incitant ainsi \u00e0 devenir des citoyens actifs et engag\u00e9s. \u00bb<\/em> <\/p>\n\n\n\n<p><em><strong>\u2212 L\u2019honorable Steven Guilbeault, ministre du Patrimoine canadien<\/strong><\/em><\/p>\n\n\n\n<div class=\"wp-block-image\"><figure class=\"aligncenter size-large is-resized\"><img loading=\"lazy\" decoding=\"async\" src=\"https:\/\/ojen2024.turnbull.co\/wp-content\/uploads\/2021\/01\/1li_Fr_Wordmark_C-1024x105.png\" alt=\"\" class=\"wp-image-20148\" width=\"424\" height=\"43\" srcset=\"https:\/\/ojen2024.turnbull.co\/wp-content\/uploads\/2021\/01\/1li_Fr_Wordmark_C-1024x105.png 1024w, https:\/\/ojen2024.turnbull.co\/wp-content\/uploads\/2021\/01\/1li_Fr_Wordmark_C-300x31.png 300w, https:\/\/ojen2024.turnbull.co\/wp-content\/uploads\/2021\/01\/1li_Fr_Wordmark_C-768x78.png 768w, https:\/\/ojen2024.turnbull.co\/wp-content\/uploads\/2021\/01\/1li_Fr_Wordmark_C.png 1469w\" sizes=\"(max-width: 424px) 100vw, 424px\" \/><\/figure><\/div>\n\n\n\n<h4 class=\"wp-block-heading\"><strong>Communique de presse:<\/strong><\/h4>\n\n\n\n[FR] Le minist\u00e8re du Patrimoine canadien<\/p>\n\n\n\n<p><a class=\"btn\" href=\"https:\/\/ojen2024.turnbull.co\/fr\/download\/patrimoine-canadien\" target=\"_blank\" rel=\"noopener noreferrer\">T\u00e9l\u00e9charger<\/a><\/p>\n","protected":false},"excerpt":{"rendered":"<p>Le minist\u00e8re du Patrimoine canadien fournit du financement pour soutenir les programmes francophones du ROEJ Gr\u00e2ce \u00e0 une contribution du minist\u00e8re du Patrimoine canadien, le ROEJ mettra sur pied un programme d&rsquo;appels simul\u00e9s en fran\u00e7ais. Ce programme donnera aux \u00e9l\u00e8ves francophones de l&rsquo;Ontario l&rsquo;occasion de mieux comprendre les droits et les protections conf\u00e9r\u00e9s par la [&hellip;]<\/p>\n","protected":false},"author":1232,"featured_media":18775,"parent":0,"menu_order":0,"comment_status":"closed","ping_status":"closed","template":"","meta":{"_acf_changed":false,"_eb_attr":"","inline_featured_image":false,"ub_ctt_via":"","footnotes":""},"class_list":["post-19561","page","type-page","status-publish","has-post-thumbnail","hentry"],"acf":[],"featured_image_src":"https:\/\/ojen2024.turnbull.co\/wp-content\/uploads\/2020\/06\/Osgoode-hall.jpg","yoast_head":"<!-- This site is optimized with the Yoast SEO plugin v25.3 - https:\/\/yoast.com\/wordpress\/plugins\/seo\/ -->\n<title>Les jeunes s\u2019engagent - OJEN<\/title>\n<meta name=\"robots\" content=\"noindex, follow, max-snippet:-1, max-image-preview:large, max-video-preview:-1\" \/>\n<meta property=\"og:locale\" content=\"fr_CA\" \/>\n<meta property=\"og:type\" content=\"article\" \/>\n<meta property=\"og:title\" content=\"Les jeunes s\u2019engagent - OJEN\" \/>\n<meta property=\"og:description\" content=\"Le minist\u00e8re du Patrimoine canadien fournit du financement pour soutenir les programmes francophones du ROEJ Gr\u00e2ce \u00e0 une contribution du minist\u00e8re du Patrimoine canadien, le ROEJ mettra sur pied un programme d&rsquo;appels simul\u00e9s en fran\u00e7ais. Ce programme donnera aux \u00e9l\u00e8ves francophones de l&rsquo;Ontario l&rsquo;occasion de mieux comprendre les droits et les protections conf\u00e9r\u00e9s par la [&hellip;]\" \/>\n<meta property=\"og:url\" content=\"https:\/\/ojen2024.turnbull.co\/fr\/les-jeunes-s-engagent\" \/>\n<meta property=\"og:site_name\" content=\"OJEN\" \/>\n<meta property=\"article:publisher\" content=\"https:\/\/www.facebook.com\/pages\/OJEN\/252115501467864\" \/>\n<meta property=\"article:modified_time\" content=\"2021-01-04T20:28:24+00:00\" \/>\n<meta property=\"og:image\" content=\"https:\/\/ojen2024.turnbull.co\/wp-content\/uploads\/2020\/06\/Osgoode-hall.jpg\" \/>\n\t<meta property=\"og:image:width\" content=\"1600\" \/>\n\t<meta property=\"og:image:height\" content=\"580\" \/>\n\t<meta property=\"og:image:type\" content=\"image\/jpeg\" \/>\n<meta name=\"twitter:card\" content=\"summary_large_image\" \/>\n<meta name=\"twitter:site\" content=\"@OJEN_ROEJ\" \/>\n<meta name=\"twitter:label1\" content=\"Estimation du temps de lecture\" \/>\n\t<meta name=\"twitter:data1\" content=\"3 minutes\" \/>\n<script type=\"application\/ld+json\" class=\"yoast-schema-graph\">{\"@context\":\"https:\/\/schema.org\",\"@graph\":[{\"@type\":\"WebPage\",\"@id\":\"https:\/\/ojen2024.turnbull.co\/fr\/les-jeunes-s-engagent\",\"url\":\"https:\/\/ojen2024.turnbull.co\/fr\/les-jeunes-s-engagent\",\"name\":\"Les jeunes s\u2019engagent - OJEN\",\"isPartOf\":{\"@id\":\"https:\/\/ojen2024.turnbull.co\/en\/#website\"},\"primaryImageOfPage\":{\"@id\":\"https:\/\/ojen2024.turnbull.co\/fr\/les-jeunes-s-engagent#primaryimage\"},\"image\":{\"@id\":\"https:\/\/ojen2024.turnbull.co\/fr\/les-jeunes-s-engagent#primaryimage\"},\"thumbnailUrl\":\"https:\/\/ojen2024.turnbull.co\/wp-content\/uploads\/2020\/06\/Osgoode-hall.jpg\",\"datePublished\":\"2020-09-18T15:53:43+00:00\",\"dateModified\":\"2021-01-04T20:28:24+00:00\",\"breadcrumb\":{\"@id\":\"https:\/\/ojen2024.turnbull.co\/fr\/les-jeunes-s-engagent#breadcrumb\"},\"inLanguage\":\"fr-CA\",\"potentialAction\":[{\"@type\":\"ReadAction\",\"target\":[\"https:\/\/ojen2024.turnbull.co\/fr\/les-jeunes-s-engagent\"]}]},{\"@type\":\"ImageObject\",\"inLanguage\":\"fr-CA\",\"@id\":\"https:\/\/ojen2024.turnbull.co\/fr\/les-jeunes-s-engagent#primaryimage\",\"url\":\"https:\/\/ojen2024.turnbull.co\/wp-content\/uploads\/2020\/06\/Osgoode-hall.jpg\",\"contentUrl\":\"https:\/\/ojen2024.turnbull.co\/wp-content\/uploads\/2020\/06\/Osgoode-hall.jpg\",\"width\":1600,\"height\":580},{\"@type\":\"BreadcrumbList\",\"@id\":\"https:\/\/ojen2024.turnbull.co\/fr\/les-jeunes-s-engagent#breadcrumb\",\"itemListElement\":[{\"@type\":\"ListItem\",\"position\":1,\"name\":\"Home\",\"item\":\"https:\/\/ojen2024.turnbull.co\/fr\"},{\"@type\":\"ListItem\",\"position\":2,\"name\":\"Les jeunes s\u2019engagent\"}]},{\"@type\":\"WebSite\",\"@id\":\"https:\/\/ojen2024.turnbull.co\/en\/#website\",\"url\":\"https:\/\/ojen2024.turnbull.co\/en\/\",\"name\":\"OJEN\",\"description\":\"\",\"potentialAction\":[{\"@type\":\"SearchAction\",\"target\":{\"@type\":\"EntryPoint\",\"urlTemplate\":\"https:\/\/ojen2024.turnbull.co\/en\/?s={search_term_string}\"},\"query-input\":{\"@type\":\"PropertyValueSpecification\",\"valueRequired\":true,\"valueName\":\"search_term_string\"}}],\"inLanguage\":\"fr-CA\"}]}<\/script>\n<!-- \/ Yoast SEO plugin. -->","yoast_head_json":{"title":"Les jeunes s\u2019engagent - OJEN","robots":{"index":"noindex","follow":"follow","max-snippet":"max-snippet:-1","max-image-preview":"max-image-preview:large","max-video-preview":"max-video-preview:-1"},"og_locale":"fr_CA","og_type":"article","og_title":"Les jeunes s\u2019engagent - OJEN","og_description":"Le minist\u00e8re du Patrimoine canadien fournit du financement pour soutenir les programmes francophones du ROEJ Gr\u00e2ce \u00e0 une contribution du minist\u00e8re du Patrimoine canadien, le ROEJ mettra sur pied un programme d&rsquo;appels simul\u00e9s en fran\u00e7ais. Ce programme donnera aux \u00e9l\u00e8ves francophones de l&rsquo;Ontario l&rsquo;occasion de mieux comprendre les droits et les protections conf\u00e9r\u00e9s par la [&hellip;]","og_url":"https:\/\/ojen2024.turnbull.co\/fr\/les-jeunes-s-engagent","og_site_name":"OJEN","article_publisher":"https:\/\/www.facebook.com\/pages\/OJEN\/252115501467864","article_modified_time":"2021-01-04T20:28:24+00:00","og_image":[{"width":1600,"height":580,"url":"https:\/\/ojen2024.turnbull.co\/wp-content\/uploads\/2020\/06\/Osgoode-hall.jpg","type":"image\/jpeg"}],"twitter_card":"summary_large_image","twitter_site":"@OJEN_ROEJ","twitter_misc":{"Estimation du temps de lecture":"3 minutes"},"schema":{"@context":"https:\/\/schema.org","@graph":[{"@type":"WebPage","@id":"https:\/\/ojen2024.turnbull.co\/fr\/les-jeunes-s-engagent","url":"https:\/\/ojen2024.turnbull.co\/fr\/les-jeunes-s-engagent","name":"Les jeunes s\u2019engagent - OJEN","isPartOf":{"@id":"https:\/\/ojen2024.turnbull.co\/en\/#website"},"primaryImageOfPage":{"@id":"https:\/\/ojen2024.turnbull.co\/fr\/les-jeunes-s-engagent#primaryimage"},"image":{"@id":"https:\/\/ojen2024.turnbull.co\/fr\/les-jeunes-s-engagent#primaryimage"},"thumbnailUrl":"https:\/\/ojen2024.turnbull.co\/wp-content\/uploads\/2020\/06\/Osgoode-hall.jpg","datePublished":"2020-09-18T15:53:43+00:00","dateModified":"2021-01-04T20:28:24+00:00","breadcrumb":{"@id":"https:\/\/ojen2024.turnbull.co\/fr\/les-jeunes-s-engagent#breadcrumb"},"inLanguage":"fr-CA","potentialAction":[{"@type":"ReadAction","target":["https:\/\/ojen2024.turnbull.co\/fr\/les-jeunes-s-engagent"]}]},{"@type":"ImageObject","inLanguage":"fr-CA","@id":"https:\/\/ojen2024.turnbull.co\/fr\/les-jeunes-s-engagent#primaryimage","url":"https:\/\/ojen2024.turnbull.co\/wp-content\/uploads\/2020\/06\/Osgoode-hall.jpg","contentUrl":"https:\/\/ojen2024.turnbull.co\/wp-content\/uploads\/2020\/06\/Osgoode-hall.jpg","width":1600,"height":580},{"@type":"BreadcrumbList","@id":"https:\/\/ojen2024.turnbull.co\/fr\/les-jeunes-s-engagent#breadcrumb","itemListElement":[{"@type":"ListItem","position":1,"name":"Home","item":"https:\/\/ojen2024.turnbull.co\/fr"},{"@type":"ListItem","position":2,"name":"Les jeunes s\u2019engagent"}]},{"@type":"WebSite","@id":"https:\/\/ojen2024.turnbull.co\/en\/#website","url":"https:\/\/ojen2024.turnbull.co\/en\/","name":"OJEN","description":"","potentialAction":[{"@type":"SearchAction","target":{"@type":"EntryPoint","urlTemplate":"https:\/\/ojen2024.turnbull.co\/en\/?s={search_term_string}"},"query-input":{"@type":"PropertyValueSpecification","valueRequired":true,"valueName":"search_term_string"}}],"inLanguage":"fr-CA"}]}},"_links":{"self":[{"href":"https:\/\/ojen2024.turnbull.co\/fr\/wp-json\/wp\/v2\/pages\/19561"}],"collection":[{"href":"https:\/\/ojen2024.turnbull.co\/fr\/wp-json\/wp\/v2\/pages"}],"about":[{"href":"https:\/\/ojen2024.turnbull.co\/fr\/wp-json\/wp\/v2\/types\/page"}],"author":[{"embeddable":true,"href":"https:\/\/ojen2024.turnbull.co\/fr\/wp-json\/wp\/v2\/users\/1232"}],"replies":[{"embeddable":true,"href":"https:\/\/ojen2024.turnbull.co\/fr\/wp-json\/wp\/v2\/comments?post=19561"}],"version-history":[{"count":0,"href":"https:\/\/ojen2024.turnbull.co\/fr\/wp-json\/wp\/v2\/pages\/19561\/revisions"}],"wp:featuredmedia":[{"embeddable":true,"href":"https:\/\/ojen2024.turnbull.co\/fr\/wp-json\/wp\/v2\/media\/18775"}],"wp:attachment":[{"href":"https:\/\/ojen2024.turnbull.co\/fr\/wp-json\/wp\/v2\/media?parent=19561"}],"curies":[{"name":"wp","href":"https:\/\/api.w.org\/{rel}","templated":true}]}}