{"id":26568,"date":"2023-01-26T09:45:18","date_gmt":"2023-01-26T14:45:18","guid":{"rendered":"https:\/\/ojen.ca\/?page_id=26568"},"modified":"2025-07-12T03:45:33","modified_gmt":"2025-07-12T07:45:33","slug":"plan-strategique","status":"publish","type":"page","link":"https:\/\/ojen2024.turnbull.co\/fr\/a-propos\/plan-strategique","title":{"rendered":"Plan strat\u00e9gique"},"content":{"rendered":"\n<p>Pour \u00e9laborer le pr\u00e9sent plan strat\u00e9gique, le ROEJ a commenc\u00e9 par \u00e9couter. \u00c9couter les besoins, les priorit\u00e9s, les opinions et les exp\u00e9riences des jeunes, des enseignants, des intervenants des services \u00e0 la jeunesse, des professionnels du secteur de la justice et des bailleurs de fonds. Nous avons utilis\u00e9 diverses m\u00e9thodes pour recueillir ces renseignements, comme des sondages en ligne, des groupes de discussion et des entretiens individuels. Nous avons \u00e9galement pass\u00e9 en revue les rapports qui ont \u00e9t\u00e9 publi\u00e9s sur des questions juridiques pertinentes, les tendances en \u00e9ducation et les besoins de certains groupes d\u00e9mographiques.&nbsp;&nbsp;<\/p>\n\n\n\n<p>Le conseil d\u2019administration et le personnel du ROEJ ont \u00e9cout\u00e9 ce qu\u2019on leur a dit, puis ont r\u00e9fl\u00e9chi \u00e0 ce que cela signifiait pour les programmes et les services du ROEJ dans le futur.<\/p>\n\n\n\n<p>Cela nous a men\u00e9s aux cinq orientations strat\u00e9giques suivantes pour les quatre prochaines ann\u00e9es&nbsp;:&nbsp;<\/p>\n\n\n\n&nbsp;<ol class=\"wp-block-list\" type=\"1\"><li>Interagir avec les jeunes directement afin de servir des jeunes plus diversifi\u00e9s.<\/li><\/ol>\n\n\n\n<ol class=\"wp-block-list\" type=\"1\" start=\"2\"><li>\u00c9couter les appels \u00e0 l\u2019action de la Commission de v\u00e9rit\u00e9 et r\u00e9conciliation du Canada qui s\u2019appliquent \u00e0 notre travail, apprendre de ces appels \u00e0 l\u2019action, obtenir des conseils sur la fa\u00e7on dont nous pouvons les mettre en \u0153uvre et int\u00e9grer les enseignements des Premi\u00e8res Nations, des Inuits et des M\u00e9tis \u00e0 notre travail.<\/li><\/ol>\n\n\n\n<ol class=\"wp-block-list\" type=\"1\" start=\"3\"><li>D\u00e9ployer une strat\u00e9gie compl\u00e8te pour recruter et former des b\u00e9n\u00e9voles, et les retenir.<\/li><\/ol>\n\n\n\n<ol class=\"wp-block-list\" type=\"1\" start=\"4\"><li>\u00c9largir nos relations avec les interm\u00e9diaires de confiance dans les \u00e9coles et d\u2019autres milieux.<\/li><\/ol>\n\n\n\n<ol class=\"wp-block-list\" type=\"1\" start=\"5\"><li>Cultiver une plus grande durabilit\u00e9.&nbsp;<\/li><\/ol>\n","protected":false},"excerpt":{"rendered":"<p>Pour \u00e9laborer le pr\u00e9sent plan strat\u00e9gique, le ROEJ a commenc\u00e9 par \u00e9couter. \u00c9couter les besoins, les priorit\u00e9s, les opinions et les exp\u00e9riences des jeunes, des enseignants, des intervenants des services \u00e0 la jeunesse, des professionnels du secteur de la justice et des bailleurs de fonds. Nous avons utilis\u00e9 diverses m\u00e9thodes pour recueillir ces renseignements, comme [&hellip;]<\/p>\n","protected":false},"author":1232,"featured_media":23847,"parent":7922,"menu_order":4,"comment_status":"closed","ping_status":"closed","template":"","meta":{"_acf_changed":false,"_eb_attr":"","inline_featured_image":false,"ub_ctt_via":"","footnotes":""},"class_list":["post-26568","page","type-page","status-publish","has-post-thumbnail","hentry"],"acf":[],"featured_image_src":"https:\/\/ojen2024.turnbull.co\/wp-content\/uploads\/2021\/04\/court-railing-hero-image-3.webp","yoast_head":"<!-- This site is optimized with the Yoast SEO plugin v25.3 - https:\/\/yoast.com\/wordpress\/plugins\/seo\/ -->\n<title>Plan strat\u00e9gique - OJEN<\/title>\n<meta name=\"robots\" content=\"noindex, follow, max-snippet:-1, max-image-preview:large, max-video-preview:-1\" \/>\n<meta property=\"og:locale\" content=\"fr_CA\" \/>\n<meta property=\"og:type\" content=\"article\" \/>\n<meta property=\"og:title\" content=\"Plan strat\u00e9gique - OJEN\" \/>\n<meta property=\"og:description\" content=\"Pour \u00e9laborer le pr\u00e9sent plan strat\u00e9gique, le ROEJ a commenc\u00e9 par \u00e9couter. \u00c9couter les besoins, les priorit\u00e9s, les opinions et les exp\u00e9riences des jeunes, des enseignants, des intervenants des services \u00e0 la jeunesse, des professionnels du secteur de la justice et des bailleurs de fonds. Nous avons utilis\u00e9 diverses m\u00e9thodes pour recueillir ces renseignements, comme [&hellip;]\" \/>\n<meta property=\"og:url\" content=\"https:\/\/ojen2024.turnbull.co\/fr\/a-propos\/plan-strategique\" \/>\n<meta property=\"og:site_name\" content=\"OJEN\" \/>\n<meta property=\"article:publisher\" content=\"https:\/\/www.facebook.com\/pages\/OJEN\/252115501467864\" \/>\n<meta property=\"article:modified_time\" content=\"2025-07-12T07:45:33+00:00\" \/>\n<meta property=\"og:image\" content=\"https:\/\/ojen2024.turnbull.co\/wp-content\/uploads\/2021\/04\/court-railing-hero-image-3.webp\" \/>\n\t<meta property=\"og:image:width\" content=\"2133\" \/>\n\t<meta property=\"og:image:height\" content=\"775\" \/>\n\t<meta property=\"og:image:type\" content=\"image\/webp\" \/>\n<meta name=\"twitter:card\" content=\"summary_large_image\" \/>\n<meta name=\"twitter:site\" content=\"@OJEN_ROEJ\" \/>\n<meta name=\"twitter:label1\" content=\"Estimation du temps de lecture\" \/>\n\t<meta name=\"twitter:data1\" content=\"2 minutes\" \/>\n<script type=\"application\/ld+json\" class=\"yoast-schema-graph\">{\"@context\":\"https:\/\/schema.org\",\"@graph\":[{\"@type\":\"WebPage\",\"@id\":\"https:\/\/ojen2024.turnbull.co\/fr\/a-propos\/plan-strategique\",\"url\":\"https:\/\/ojen2024.turnbull.co\/fr\/a-propos\/plan-strategique\",\"name\":\"Plan strat\u00e9gique - OJEN\",\"isPartOf\":{\"@id\":\"https:\/\/ojen2024.turnbull.co\/en\/#website\"},\"primaryImageOfPage\":{\"@id\":\"https:\/\/ojen2024.turnbull.co\/fr\/a-propos\/plan-strategique#primaryimage\"},\"image\":{\"@id\":\"https:\/\/ojen2024.turnbull.co\/fr\/a-propos\/plan-strategique#primaryimage\"},\"thumbnailUrl\":\"https:\/\/ojen2024.turnbull.co\/wp-content\/uploads\/2021\/04\/court-railing-hero-image-3.webp\",\"datePublished\":\"2023-01-26T14:45:18+00:00\",\"dateModified\":\"2025-07-12T07:45:33+00:00\",\"breadcrumb\":{\"@id\":\"https:\/\/ojen2024.turnbull.co\/fr\/a-propos\/plan-strategique#breadcrumb\"},\"inLanguage\":\"fr-CA\",\"potentialAction\":[{\"@type\":\"ReadAction\",\"target\":[\"https:\/\/ojen2024.turnbull.co\/fr\/a-propos\/plan-strategique\"]}]},{\"@type\":\"ImageObject\",\"inLanguage\":\"fr-CA\",\"@id\":\"https:\/\/ojen2024.turnbull.co\/fr\/a-propos\/plan-strategique#primaryimage\",\"url\":\"https:\/\/ojen2024.turnbull.co\/wp-content\/uploads\/2021\/04\/court-railing-hero-image-3.webp\",\"contentUrl\":\"https:\/\/ojen2024.turnbull.co\/wp-content\/uploads\/2021\/04\/court-railing-hero-image-3.webp\",\"width\":2133,\"height\":775},{\"@type\":\"BreadcrumbList\",\"@id\":\"https:\/\/ojen2024.turnbull.co\/fr\/a-propos\/plan-strategique#breadcrumb\",\"itemListElement\":[{\"@type\":\"ListItem\",\"position\":1,\"name\":\"Home\",\"item\":\"https:\/\/ojen2024.turnbull.co\/fr\"},{\"@type\":\"ListItem\",\"position\":2,\"name\":\"Qui sommes nous?\",\"item\":\"https:\/\/ojen2024.turnbull.co\/fr\/a-propos\"},{\"@type\":\"ListItem\",\"position\":3,\"name\":\"Plan strat\u00e9gique\"}]},{\"@type\":\"WebSite\",\"@id\":\"https:\/\/ojen2024.turnbull.co\/en\/#website\",\"url\":\"https:\/\/ojen2024.turnbull.co\/en\/\",\"name\":\"OJEN\",\"description\":\"\",\"potentialAction\":[{\"@type\":\"SearchAction\",\"target\":{\"@type\":\"EntryPoint\",\"urlTemplate\":\"https:\/\/ojen2024.turnbull.co\/en\/?s={search_term_string}\"},\"query-input\":{\"@type\":\"PropertyValueSpecification\",\"valueRequired\":true,\"valueName\":\"search_term_string\"}}],\"inLanguage\":\"fr-CA\"}]}<\/script>\n<!-- \/ Yoast SEO plugin. -->","yoast_head_json":{"title":"Plan strat\u00e9gique - OJEN","robots":{"index":"noindex","follow":"follow","max-snippet":"max-snippet:-1","max-image-preview":"max-image-preview:large","max-video-preview":"max-video-preview:-1"},"og_locale":"fr_CA","og_type":"article","og_title":"Plan strat\u00e9gique - OJEN","og_description":"Pour \u00e9laborer le pr\u00e9sent plan strat\u00e9gique, le ROEJ a commenc\u00e9 par \u00e9couter. \u00c9couter les besoins, les priorit\u00e9s, les opinions et les exp\u00e9riences des jeunes, des enseignants, des intervenants des services \u00e0 la jeunesse, des professionnels du secteur de la justice et des bailleurs de fonds. Nous avons utilis\u00e9 diverses m\u00e9thodes pour recueillir ces renseignements, comme [&hellip;]","og_url":"https:\/\/ojen2024.turnbull.co\/fr\/a-propos\/plan-strategique","og_site_name":"OJEN","article_publisher":"https:\/\/www.facebook.com\/pages\/OJEN\/252115501467864","article_modified_time":"2025-07-12T07:45:33+00:00","og_image":[{"width":2133,"height":775,"url":"https:\/\/ojen2024.turnbull.co\/wp-content\/uploads\/2021\/04\/court-railing-hero-image-3.webp","type":"image\/webp"}],"twitter_card":"summary_large_image","twitter_site":"@OJEN_ROEJ","twitter_misc":{"Estimation du temps de lecture":"2 minutes"},"schema":{"@context":"https:\/\/schema.org","@graph":[{"@type":"WebPage","@id":"https:\/\/ojen2024.turnbull.co\/fr\/a-propos\/plan-strategique","url":"https:\/\/ojen2024.turnbull.co\/fr\/a-propos\/plan-strategique","name":"Plan strat\u00e9gique - OJEN","isPartOf":{"@id":"https:\/\/ojen2024.turnbull.co\/en\/#website"},"primaryImageOfPage":{"@id":"https:\/\/ojen2024.turnbull.co\/fr\/a-propos\/plan-strategique#primaryimage"},"image":{"@id":"https:\/\/ojen2024.turnbull.co\/fr\/a-propos\/plan-strategique#primaryimage"},"thumbnailUrl":"https:\/\/ojen2024.turnbull.co\/wp-content\/uploads\/2021\/04\/court-railing-hero-image-3.webp","datePublished":"2023-01-26T14:45:18+00:00","dateModified":"2025-07-12T07:45:33+00:00","breadcrumb":{"@id":"https:\/\/ojen2024.turnbull.co\/fr\/a-propos\/plan-strategique#breadcrumb"},"inLanguage":"fr-CA","potentialAction":[{"@type":"ReadAction","target":["https:\/\/ojen2024.turnbull.co\/fr\/a-propos\/plan-strategique"]}]},{"@type":"ImageObject","inLanguage":"fr-CA","@id":"https:\/\/ojen2024.turnbull.co\/fr\/a-propos\/plan-strategique#primaryimage","url":"https:\/\/ojen2024.turnbull.co\/wp-content\/uploads\/2021\/04\/court-railing-hero-image-3.webp","contentUrl":"https:\/\/ojen2024.turnbull.co\/wp-content\/uploads\/2021\/04\/court-railing-hero-image-3.webp","width":2133,"height":775},{"@type":"BreadcrumbList","@id":"https:\/\/ojen2024.turnbull.co\/fr\/a-propos\/plan-strategique#breadcrumb","itemListElement":[{"@type":"ListItem","position":1,"name":"Home","item":"https:\/\/ojen2024.turnbull.co\/fr"},{"@type":"ListItem","position":2,"name":"Qui sommes nous?","item":"https:\/\/ojen2024.turnbull.co\/fr\/a-propos"},{"@type":"ListItem","position":3,"name":"Plan strat\u00e9gique"}]},{"@type":"WebSite","@id":"https:\/\/ojen2024.turnbull.co\/en\/#website","url":"https:\/\/ojen2024.turnbull.co\/en\/","name":"OJEN","description":"","potentialAction":[{"@type":"SearchAction","target":{"@type":"EntryPoint","urlTemplate":"https:\/\/ojen2024.turnbull.co\/en\/?s={search_term_string}"},"query-input":{"@type":"PropertyValueSpecification","valueRequired":true,"valueName":"search_term_string"}}],"inLanguage":"fr-CA"}]}},"_links":{"self":[{"href":"https:\/\/ojen2024.turnbull.co\/fr\/wp-json\/wp\/v2\/pages\/26568"}],"collection":[{"href":"https:\/\/ojen2024.turnbull.co\/fr\/wp-json\/wp\/v2\/pages"}],"about":[{"href":"https:\/\/ojen2024.turnbull.co\/fr\/wp-json\/wp\/v2\/types\/page"}],"author":[{"embeddable":true,"href":"https:\/\/ojen2024.turnbull.co\/fr\/wp-json\/wp\/v2\/users\/1232"}],"replies":[{"embeddable":true,"href":"https:\/\/ojen2024.turnbull.co\/fr\/wp-json\/wp\/v2\/comments?post=26568"}],"version-history":[{"count":0,"href":"https:\/\/ojen2024.turnbull.co\/fr\/wp-json\/wp\/v2\/pages\/26568\/revisions"}],"up":[{"embeddable":true,"href":"https:\/\/ojen2024.turnbull.co\/fr\/wp-json\/wp\/v2\/pages\/7922"}],"wp:featuredmedia":[{"embeddable":true,"href":"https:\/\/ojen2024.turnbull.co\/fr\/wp-json\/wp\/v2\/media\/23847"}],"wp:attachment":[{"href":"https:\/\/ojen2024.turnbull.co\/fr\/wp-json\/wp\/v2\/media?parent=26568"}],"curies":[{"name":"wp","href":"https:\/\/api.w.org\/{rel}","templated":true}]}}