{"id":27042,"date":"2023-05-12T11:47:54","date_gmt":"2023-05-12T15:47:54","guid":{"rendered":"https:\/\/ojen.ca\/?page_id=27042"},"modified":"2023-05-12T11:47:55","modified_gmt":"2023-05-12T15:47:55","slug":"confirmez-votre-requete","status":"publish","type":"page","link":"https:\/\/ojen2024.turnbull.co\/fr\/le-roej-dans-les-salles-de-classe\/courthouses\/confirmez-votre-requete","title":{"rendered":"Confirmez votre requ\u00eate"},"content":{"rendered":"\n<p>Merci. Votre requ\u00eate a \u00e9t\u00e9 envoy\u00e9e. Le personnel du tribunal vous contactera dans les 15 jours ouvrables pour r\u00e9gler les d\u00e9tails de votre visite.<\/p>\n\n\n\n<p>Pour toute question, pri\u00e8re d&rsquo;\u00e9crire \u00e0 Thomas Gallezot, responsable du programme, \u00e0 l\u2019adresse courriel suivante: <a href=\"mailto:tgallezot@ojen.ca\" target=\"_blank\" rel=\"noreferrer noopener\">tgallezot@ojen.ca<\/a>.<\/p>\n","protected":false},"excerpt":{"rendered":"<p>Merci. Votre requ\u00eate a \u00e9t\u00e9 envoy\u00e9e. Le personnel du tribunal vous contactera dans les 15 jours ouvrables pour r\u00e9gler les d\u00e9tails de votre visite. Pour toute question, pri\u00e8re d&rsquo;\u00e9crire \u00e0 Thomas Gallezot, responsable du programme, \u00e0 l\u2019adresse courriel suivante: tgallezot@ojen.ca.<\/p>\n","protected":false},"author":1232,"featured_media":0,"parent":8296,"menu_order":0,"comment_status":"closed","ping_status":"closed","template":"","meta":{"_acf_changed":false,"_eb_attr":"","inline_featured_image":false,"ub_ctt_via":"","footnotes":""},"class_list":["post-27042","page","type-page","status-publish","hentry"],"acf":[],"featured_image_src":null,"yoast_head":"<!-- This site is optimized with the Yoast SEO plugin v25.3 - https:\/\/yoast.com\/wordpress\/plugins\/seo\/ -->\n<title>Confirmez votre requ\u00eate - OJEN<\/title>\n<meta name=\"robots\" content=\"noindex, follow, max-snippet:-1, max-image-preview:large, max-video-preview:-1\" \/>\n<meta property=\"og:locale\" content=\"fr_CA\" \/>\n<meta property=\"og:type\" content=\"article\" \/>\n<meta property=\"og:title\" content=\"Confirmez votre requ\u00eate - OJEN\" \/>\n<meta property=\"og:description\" content=\"Merci. Votre requ\u00eate a \u00e9t\u00e9 envoy\u00e9e. Le personnel du tribunal vous contactera dans les 15 jours ouvrables pour r\u00e9gler les d\u00e9tails de votre visite. Pour toute question, pri\u00e8re d&rsquo;\u00e9crire \u00e0 Thomas Gallezot, responsable du programme, \u00e0 l\u2019adresse courriel suivante: tgallezot@ojen.ca.\" \/>\n<meta property=\"og:url\" content=\"https:\/\/ojen2024.turnbull.co\/fr\/le-roej-dans-les-salles-de-classe\/courthouses\/confirmez-votre-requete\" \/>\n<meta property=\"og:site_name\" content=\"OJEN\" \/>\n<meta property=\"article:publisher\" content=\"https:\/\/www.facebook.com\/pages\/OJEN\/252115501467864\" \/>\n<meta property=\"article:modified_time\" content=\"2023-05-12T15:47:55+00:00\" \/>\n<meta name=\"twitter:card\" content=\"summary_large_image\" \/>\n<meta name=\"twitter:site\" content=\"@OJEN_ROEJ\" \/>\n<meta name=\"twitter:label1\" content=\"Estimation du temps de lecture\" \/>\n\t<meta name=\"twitter:data1\" content=\"1 minute\" \/>\n<script type=\"application\/ld+json\" class=\"yoast-schema-graph\">{\"@context\":\"https:\/\/schema.org\",\"@graph\":[{\"@type\":\"WebPage\",\"@id\":\"https:\/\/ojen2024.turnbull.co\/fr\/le-roej-dans-les-salles-de-classe\/courthouses\/confirmez-votre-requete\",\"url\":\"https:\/\/ojen2024.turnbull.co\/fr\/le-roej-dans-les-salles-de-classe\/courthouses\/confirmez-votre-requete\",\"name\":\"Confirmez votre requ\u00eate - OJEN\",\"isPartOf\":{\"@id\":\"https:\/\/ojen2024.turnbull.co\/en\/#website\"},\"datePublished\":\"2023-05-12T15:47:54+00:00\",\"dateModified\":\"2023-05-12T15:47:55+00:00\",\"breadcrumb\":{\"@id\":\"https:\/\/ojen2024.turnbull.co\/fr\/le-roej-dans-les-salles-de-classe\/courthouses\/confirmez-votre-requete#breadcrumb\"},\"inLanguage\":\"fr-CA\",\"potentialAction\":[{\"@type\":\"ReadAction\",\"target\":[\"https:\/\/ojen2024.turnbull.co\/fr\/le-roej-dans-les-salles-de-classe\/courthouses\/confirmez-votre-requete\"]}]},{\"@type\":\"BreadcrumbList\",\"@id\":\"https:\/\/ojen2024.turnbull.co\/fr\/le-roej-dans-les-salles-de-classe\/courthouses\/confirmez-votre-requete#breadcrumb\",\"itemListElement\":[{\"@type\":\"ListItem\",\"position\":1,\"name\":\"Home\",\"item\":\"https:\/\/ojen2024.turnbull.co\/fr\"},{\"@type\":\"ListItem\",\"position\":2,\"name\":\"Pour les \u00e9coles\",\"item\":\"https:\/\/ojen2024.turnbull.co\/fr\/le-roej-dans-les-salles-de-classe\"},{\"@type\":\"ListItem\",\"position\":3,\"name\":\"Visite d&#8217;un palais de justice\",\"item\":\"https:\/\/ojen2024.turnbull.co\/fr\/le-roej-dans-les-salles-de-classe\/courthouses\"},{\"@type\":\"ListItem\",\"position\":4,\"name\":\"Confirmez votre requ\u00eate\"}]},{\"@type\":\"WebSite\",\"@id\":\"https:\/\/ojen2024.turnbull.co\/en\/#website\",\"url\":\"https:\/\/ojen2024.turnbull.co\/en\/\",\"name\":\"OJEN\",\"description\":\"\",\"potentialAction\":[{\"@type\":\"SearchAction\",\"target\":{\"@type\":\"EntryPoint\",\"urlTemplate\":\"https:\/\/ojen2024.turnbull.co\/en\/?s={search_term_string}\"},\"query-input\":{\"@type\":\"PropertyValueSpecification\",\"valueRequired\":true,\"valueName\":\"search_term_string\"}}],\"inLanguage\":\"fr-CA\"}]}<\/script>\n<!-- \/ Yoast SEO plugin. -->","yoast_head_json":{"title":"Confirmez votre requ\u00eate - OJEN","robots":{"index":"noindex","follow":"follow","max-snippet":"max-snippet:-1","max-image-preview":"max-image-preview:large","max-video-preview":"max-video-preview:-1"},"og_locale":"fr_CA","og_type":"article","og_title":"Confirmez votre requ\u00eate - OJEN","og_description":"Merci. Votre requ\u00eate a \u00e9t\u00e9 envoy\u00e9e. Le personnel du tribunal vous contactera dans les 15 jours ouvrables pour r\u00e9gler les d\u00e9tails de votre visite. Pour toute question, pri\u00e8re d&rsquo;\u00e9crire \u00e0 Thomas Gallezot, responsable du programme, \u00e0 l\u2019adresse courriel suivante: tgallezot@ojen.ca.","og_url":"https:\/\/ojen2024.turnbull.co\/fr\/le-roej-dans-les-salles-de-classe\/courthouses\/confirmez-votre-requete","og_site_name":"OJEN","article_publisher":"https:\/\/www.facebook.com\/pages\/OJEN\/252115501467864","article_modified_time":"2023-05-12T15:47:55+00:00","twitter_card":"summary_large_image","twitter_site":"@OJEN_ROEJ","twitter_misc":{"Estimation du temps de lecture":"1 minute"},"schema":{"@context":"https:\/\/schema.org","@graph":[{"@type":"WebPage","@id":"https:\/\/ojen2024.turnbull.co\/fr\/le-roej-dans-les-salles-de-classe\/courthouses\/confirmez-votre-requete","url":"https:\/\/ojen2024.turnbull.co\/fr\/le-roej-dans-les-salles-de-classe\/courthouses\/confirmez-votre-requete","name":"Confirmez votre requ\u00eate - OJEN","isPartOf":{"@id":"https:\/\/ojen2024.turnbull.co\/en\/#website"},"datePublished":"2023-05-12T15:47:54+00:00","dateModified":"2023-05-12T15:47:55+00:00","breadcrumb":{"@id":"https:\/\/ojen2024.turnbull.co\/fr\/le-roej-dans-les-salles-de-classe\/courthouses\/confirmez-votre-requete#breadcrumb"},"inLanguage":"fr-CA","potentialAction":[{"@type":"ReadAction","target":["https:\/\/ojen2024.turnbull.co\/fr\/le-roej-dans-les-salles-de-classe\/courthouses\/confirmez-votre-requete"]}]},{"@type":"BreadcrumbList","@id":"https:\/\/ojen2024.turnbull.co\/fr\/le-roej-dans-les-salles-de-classe\/courthouses\/confirmez-votre-requete#breadcrumb","itemListElement":[{"@type":"ListItem","position":1,"name":"Home","item":"https:\/\/ojen2024.turnbull.co\/fr"},{"@type":"ListItem","position":2,"name":"Pour les \u00e9coles","item":"https:\/\/ojen2024.turnbull.co\/fr\/le-roej-dans-les-salles-de-classe"},{"@type":"ListItem","position":3,"name":"Visite d&#8217;un palais de justice","item":"https:\/\/ojen2024.turnbull.co\/fr\/le-roej-dans-les-salles-de-classe\/courthouses"},{"@type":"ListItem","position":4,"name":"Confirmez votre requ\u00eate"}]},{"@type":"WebSite","@id":"https:\/\/ojen2024.turnbull.co\/en\/#website","url":"https:\/\/ojen2024.turnbull.co\/en\/","name":"OJEN","description":"","potentialAction":[{"@type":"SearchAction","target":{"@type":"EntryPoint","urlTemplate":"https:\/\/ojen2024.turnbull.co\/en\/?s={search_term_string}"},"query-input":{"@type":"PropertyValueSpecification","valueRequired":true,"valueName":"search_term_string"}}],"inLanguage":"fr-CA"}]}},"_links":{"self":[{"href":"https:\/\/ojen2024.turnbull.co\/fr\/wp-json\/wp\/v2\/pages\/27042"}],"collection":[{"href":"https:\/\/ojen2024.turnbull.co\/fr\/wp-json\/wp\/v2\/pages"}],"about":[{"href":"https:\/\/ojen2024.turnbull.co\/fr\/wp-json\/wp\/v2\/types\/page"}],"author":[{"embeddable":true,"href":"https:\/\/ojen2024.turnbull.co\/fr\/wp-json\/wp\/v2\/users\/1232"}],"replies":[{"embeddable":true,"href":"https:\/\/ojen2024.turnbull.co\/fr\/wp-json\/wp\/v2\/comments?post=27042"}],"version-history":[{"count":0,"href":"https:\/\/ojen2024.turnbull.co\/fr\/wp-json\/wp\/v2\/pages\/27042\/revisions"}],"up":[{"embeddable":true,"href":"https:\/\/ojen2024.turnbull.co\/fr\/wp-json\/wp\/v2\/pages\/8296"}],"wp:attachment":[{"href":"https:\/\/ojen2024.turnbull.co\/fr\/wp-json\/wp\/v2\/media?parent=27042"}],"curies":[{"name":"wp","href":"https:\/\/api.w.org\/{rel}","templated":true}]}}