{"id":30090,"date":"2025-07-08T11:00:59","date_gmt":"2025-07-08T15:00:59","guid":{"rendered":"https:\/\/ojen2024.turnbull.co\/?page_id=30090"},"modified":"2025-07-25T10:07:33","modified_gmt":"2025-07-25T14:07:33","slug":"ressources","status":"publish","type":"page","link":"https:\/\/ojen2024.turnbull.co\/fr\/communautaires\/ressources","title":{"rendered":"Ressources pour les professionnels du droit et les intervenants communautaires"},"content":{"rendered":"<p>Si vous travaillez dans le secteur de la justice ou dans le milieu communautaire et que vous souhaitez organiser la tenue d\u2019un atelier ou d\u2019un programme du ROEJ, nous offrons des ressources pour vous aider.<\/p>\n<p>Nos ateliers communautaires d\u2019\u00e9ducation juridique et programmes d\u2019\u00e9ducation juridique sont assortis de trousses qui vous soutiendront du d\u00e9but \u00e0 la fin\u00a0:<\/p>\n<ul>\n<li><strong>Guides de planification\u00a0:<\/strong> Instructions \u00e9tape par \u00e9tape pour organiser votre atelier ou programme, y compris des conseils sur le calendrier et l\u2019horaire, les pr\u00e9paratifs et la promotion de votre \u00e9v\u00e9nement.<\/li>\n<li><strong>Guides d\u2019animation\u00a0:<\/strong> Les meilleures pratiques \u00e0 adopter pour animer des s\u00e9ances int\u00e9ressantes et efficaces. Ces guides comprennent les outils suivants\u00a0:\n<ul>\n<li>Programmes des s\u00e9ances\u00a0: Des plans d\u00e9taill\u00e9s pour chaque s\u00e9ance d\u00e9crivant les sujets \u00e0 aborder, l\u2019horaire et les activit\u00e9s sugg\u00e9r\u00e9es.<\/li>\n<li>Renseignements de fond\u00a0: Concepts et sujets juridiques cl\u00e9s pour vous aider \u00e0 bien ma\u00eetriser la mati\u00e8re \u00e0 communiquer.<\/li>\n<li>Techniques\u00a0: M\u00e9thodes \u00e0 utiliser pour pr\u00e9senter l\u2019information de fa\u00e7on claire.<\/li>\n<li>Strat\u00e9gies\u00a0: Comment encourager la participation et le dialogue.<\/li>\n<li>Conseils\u00a0: Conseils pour g\u00e9rer les diff\u00e9rentes dynamiques de groupe, r\u00e9pondre aux diff\u00e9rents besoins et animer des activit\u00e9s interactives.<\/li>\n<li>Trousses d\u2019activit\u00e9s\u00a0: Exercices interactifs et documents \u00e0 distribuer con\u00e7us pour rendre les concepts juridiques plus int\u00e9ressants et accessibles.<\/li>\n<\/ul>\n<\/li>\n<\/ul>\n<p>Si vous travaillez dans le milieu communautaire et souhaitez offrir un atelier ou un programme, veuillez noter que des professionnel\u00b7les du droit devront y participer. Ils pourront fournir des informations juridiques exactes, fiables et \u00e0 jour, r\u00e9pondre aux questions, et am\u00e9liorer l\u2019exp\u00e9rience d\u2019apprentissage gr\u00e2ce \u00e0 des exemples pratiques et concrets. Si vous avez besoin d\u2019aide pour trouver un\u00b7e professionnel\u00b7le du droit dans votre communaut\u00e9, veuillez communiquer avec le ROEJ \u00e0 <a href=\"mailto:programs@ojen.ca\">programs@ojen.ca<\/a>.<\/p>\n","protected":false},"excerpt":{"rendered":"<p>Si vous travaillez dans le secteur de la justice ou dans le milieu communautaire et que vous souhaitez organiser la tenue d\u2019un atelier ou d\u2019un programme du ROEJ, nous offrons des ressources pour vous aider. Nos ateliers communautaires d\u2019\u00e9ducation juridique et programmes d\u2019\u00e9ducation juridique sont assortis de trousses qui vous soutiendront du d\u00e9but \u00e0 la [&hellip;]<\/p>\n","protected":false},"author":2,"featured_media":0,"parent":1196,"menu_order":0,"comment_status":"closed","ping_status":"closed","template":"","meta":{"_acf_changed":false,"_eb_attr":"","inline_featured_image":false,"ub_ctt_via":"","footnotes":""},"class_list":["post-30090","page","type-page","status-publish","hentry"],"acf":[],"featured_image_src":null,"yoast_head":"<!-- This site is optimized with the Yoast SEO plugin v25.3 - https:\/\/yoast.com\/wordpress\/plugins\/seo\/ -->\n<title>Ressources pour les professionnels du droit et les intervenants communautaires - OJEN<\/title>\n<meta name=\"robots\" content=\"noindex, follow, max-snippet:-1, max-image-preview:large, max-video-preview:-1\" \/>\n<meta property=\"og:locale\" content=\"fr_CA\" \/>\n<meta property=\"og:type\" content=\"article\" \/>\n<meta property=\"og:title\" content=\"Ressources pour les professionnels du droit et les intervenants communautaires - OJEN\" \/>\n<meta property=\"og:description\" content=\"Si vous travaillez dans le secteur de la justice ou dans le milieu communautaire et que vous souhaitez organiser la tenue d\u2019un atelier ou d\u2019un programme du ROEJ, nous offrons des ressources pour vous aider. Nos ateliers communautaires d\u2019\u00e9ducation juridique et programmes d\u2019\u00e9ducation juridique sont assortis de trousses qui vous soutiendront du d\u00e9but \u00e0 la [&hellip;]\" \/>\n<meta property=\"og:url\" content=\"https:\/\/ojen2024.turnbull.co\/fr\/communautaires\/ressources\" \/>\n<meta property=\"og:site_name\" content=\"OJEN\" \/>\n<meta property=\"article:publisher\" content=\"https:\/\/www.facebook.com\/pages\/OJEN\/252115501467864\" \/>\n<meta property=\"article:modified_time\" content=\"2025-07-25T14:07:33+00:00\" \/>\n<meta name=\"twitter:card\" content=\"summary_large_image\" \/>\n<meta name=\"twitter:site\" content=\"@OJEN_ROEJ\" \/>\n<meta name=\"twitter:label1\" content=\"Estimation du temps de lecture\" \/>\n\t<meta name=\"twitter:data1\" content=\"2 minutes\" \/>\n<script type=\"application\/ld+json\" class=\"yoast-schema-graph\">{\"@context\":\"https:\/\/schema.org\",\"@graph\":[{\"@type\":\"WebPage\",\"@id\":\"https:\/\/ojen2024.turnbull.co\/fr\/communautaires\/ressources\",\"url\":\"https:\/\/ojen2024.turnbull.co\/fr\/communautaires\/ressources\",\"name\":\"Ressources pour les professionnels du droit et les intervenants communautaires - OJEN\",\"isPartOf\":{\"@id\":\"https:\/\/ojen2024.turnbull.co\/en\/#website\"},\"datePublished\":\"2025-07-08T15:00:59+00:00\",\"dateModified\":\"2025-07-25T14:07:33+00:00\",\"breadcrumb\":{\"@id\":\"https:\/\/ojen2024.turnbull.co\/fr\/communautaires\/ressources#breadcrumb\"},\"inLanguage\":\"fr-CA\",\"potentialAction\":[{\"@type\":\"ReadAction\",\"target\":[\"https:\/\/ojen2024.turnbull.co\/fr\/communautaires\/ressources\"]}]},{\"@type\":\"BreadcrumbList\",\"@id\":\"https:\/\/ojen2024.turnbull.co\/fr\/communautaires\/ressources#breadcrumb\",\"itemListElement\":[{\"@type\":\"ListItem\",\"position\":1,\"name\":\"Home\",\"item\":\"https:\/\/ojen2024.turnbull.co\/fr\"},{\"@type\":\"ListItem\",\"position\":2,\"name\":\"Pour les communaut\u00e9s\",\"item\":\"https:\/\/ojen2024.turnbull.co\/fr\/communautaires\"},{\"@type\":\"ListItem\",\"position\":3,\"name\":\"Ressources pour les professionnels du droit et les intervenants communautaires\"}]},{\"@type\":\"WebSite\",\"@id\":\"https:\/\/ojen2024.turnbull.co\/en\/#website\",\"url\":\"https:\/\/ojen2024.turnbull.co\/en\/\",\"name\":\"OJEN\",\"description\":\"\",\"potentialAction\":[{\"@type\":\"SearchAction\",\"target\":{\"@type\":\"EntryPoint\",\"urlTemplate\":\"https:\/\/ojen2024.turnbull.co\/en\/?s={search_term_string}\"},\"query-input\":{\"@type\":\"PropertyValueSpecification\",\"valueRequired\":true,\"valueName\":\"search_term_string\"}}],\"inLanguage\":\"fr-CA\"}]}<\/script>\n<!-- \/ Yoast SEO plugin. -->","yoast_head_json":{"title":"Ressources pour les professionnels du droit et les intervenants communautaires - OJEN","robots":{"index":"noindex","follow":"follow","max-snippet":"max-snippet:-1","max-image-preview":"max-image-preview:large","max-video-preview":"max-video-preview:-1"},"og_locale":"fr_CA","og_type":"article","og_title":"Ressources pour les professionnels du droit et les intervenants communautaires - OJEN","og_description":"Si vous travaillez dans le secteur de la justice ou dans le milieu communautaire et que vous souhaitez organiser la tenue d\u2019un atelier ou d\u2019un programme du ROEJ, nous offrons des ressources pour vous aider. Nos ateliers communautaires d\u2019\u00e9ducation juridique et programmes d\u2019\u00e9ducation juridique sont assortis de trousses qui vous soutiendront du d\u00e9but \u00e0 la [&hellip;]","og_url":"https:\/\/ojen2024.turnbull.co\/fr\/communautaires\/ressources","og_site_name":"OJEN","article_publisher":"https:\/\/www.facebook.com\/pages\/OJEN\/252115501467864","article_modified_time":"2025-07-25T14:07:33+00:00","twitter_card":"summary_large_image","twitter_site":"@OJEN_ROEJ","twitter_misc":{"Estimation du temps de lecture":"2 minutes"},"schema":{"@context":"https:\/\/schema.org","@graph":[{"@type":"WebPage","@id":"https:\/\/ojen2024.turnbull.co\/fr\/communautaires\/ressources","url":"https:\/\/ojen2024.turnbull.co\/fr\/communautaires\/ressources","name":"Ressources pour les professionnels du droit et les intervenants communautaires - OJEN","isPartOf":{"@id":"https:\/\/ojen2024.turnbull.co\/en\/#website"},"datePublished":"2025-07-08T15:00:59+00:00","dateModified":"2025-07-25T14:07:33+00:00","breadcrumb":{"@id":"https:\/\/ojen2024.turnbull.co\/fr\/communautaires\/ressources#breadcrumb"},"inLanguage":"fr-CA","potentialAction":[{"@type":"ReadAction","target":["https:\/\/ojen2024.turnbull.co\/fr\/communautaires\/ressources"]}]},{"@type":"BreadcrumbList","@id":"https:\/\/ojen2024.turnbull.co\/fr\/communautaires\/ressources#breadcrumb","itemListElement":[{"@type":"ListItem","position":1,"name":"Home","item":"https:\/\/ojen2024.turnbull.co\/fr"},{"@type":"ListItem","position":2,"name":"Pour les communaut\u00e9s","item":"https:\/\/ojen2024.turnbull.co\/fr\/communautaires"},{"@type":"ListItem","position":3,"name":"Ressources pour les professionnels du droit et les intervenants communautaires"}]},{"@type":"WebSite","@id":"https:\/\/ojen2024.turnbull.co\/en\/#website","url":"https:\/\/ojen2024.turnbull.co\/en\/","name":"OJEN","description":"","potentialAction":[{"@type":"SearchAction","target":{"@type":"EntryPoint","urlTemplate":"https:\/\/ojen2024.turnbull.co\/en\/?s={search_term_string}"},"query-input":{"@type":"PropertyValueSpecification","valueRequired":true,"valueName":"search_term_string"}}],"inLanguage":"fr-CA"}]}},"_links":{"self":[{"href":"https:\/\/ojen2024.turnbull.co\/fr\/wp-json\/wp\/v2\/pages\/30090"}],"collection":[{"href":"https:\/\/ojen2024.turnbull.co\/fr\/wp-json\/wp\/v2\/pages"}],"about":[{"href":"https:\/\/ojen2024.turnbull.co\/fr\/wp-json\/wp\/v2\/types\/page"}],"author":[{"embeddable":true,"href":"https:\/\/ojen2024.turnbull.co\/fr\/wp-json\/wp\/v2\/users\/2"}],"replies":[{"embeddable":true,"href":"https:\/\/ojen2024.turnbull.co\/fr\/wp-json\/wp\/v2\/comments?post=30090"}],"version-history":[{"count":0,"href":"https:\/\/ojen2024.turnbull.co\/fr\/wp-json\/wp\/v2\/pages\/30090\/revisions"}],"up":[{"embeddable":true,"href":"https:\/\/ojen2024.turnbull.co\/fr\/wp-json\/wp\/v2\/pages\/1196"}],"wp:attachment":[{"href":"https:\/\/ojen2024.turnbull.co\/fr\/wp-json\/wp\/v2\/media?parent=30090"}],"curies":[{"name":"wp","href":"https:\/\/api.w.org\/{rel}","templated":true}]}}