{"id":30122,"date":"2025-07-09T09:59:27","date_gmt":"2025-07-09T13:59:27","guid":{"rendered":"https:\/\/ojen2024.turnbull.co\/?page_id=30122"},"modified":"2025-07-29T06:29:33","modified_gmt":"2025-07-29T10:29:33","slug":"pour-les-jeunes","status":"publish","type":"page","link":"https:\/\/ojen2024.turnbull.co\/fr\/pour-les-jeunes","title":{"rendered":"Pour les jeunes"},"content":{"rendered":"\n<section class=\"wp-block-tco2025-blocks-section-block has-grey-bg\"><div class=\"layout__container\">\n<div class=\"wp-block-columns is-layout-flex wp-container-core-columns-is-layout-1 wp-block-columns-is-layout-flex\">\n<div class=\"wp-block-column is-layout-flow wp-block-column-is-layout-flow\"><\/div>\n\n\n\n<div class=\"wp-block-column is-layout-flow wp-block-column-is-layout-flow\" style=\"flex-basis:720px\">\n<h2 class=\"wp-block-heading has-text-align-center\">Pour les jeunes<\/h2>\n\n\n\n<p class=\"has-text-align-center\">Les programmes et ressources du ROEJ d\u00e9di\u00e9s aux jeunes vous aident \u00e0 d\u00e9velopper vos connaissances, comp\u00e9tences, et votre confiance pour naviguer les aspects juridiques de la vie quotidienne.<\/p>\n<\/div>\n\n\n\n<div class=\"wp-block-column is-layout-flow wp-block-column-is-layout-flow\"><\/div>\n<\/div>\n\n\n\n<div class=\"wp-block-tco2025-blocks-slide-box-block slide-box-list\"><div class=\"slide-box\" tabindex=\"0\" onclick=\"this.classList.toggle('is-active')\"><div class=\"slide-box__content\"><h5 class=\"slide-box__heading\"><span class=\"slide-box__icon-wrapper\"><img decoding=\"async\" src=\"https:\/\/ojen2024.turnbull.co\/wp-content\/uploads\/2025\/07\/icon-programs.svg\" alt=\"\" style=\"width:25px;height:24px\"\/><\/span><span>Programmes <\/span><\/h5><div class=\"slide-box__hidden-part\"><p class=\"slide-box__text-above-links\">Les programmes du ROEJ se veulent une source d\u2019information et d\u2019inspiration. Ils offrent aussi des occasions de tisser des liens avec la communaut\u00e9 juridique.<\/p><a class=\"slide-box__button button button--primary\" href=\"\/fr\/pour-les-jeunes\/programmes-pour-les-jeunes\">View all programs<\/a><\/div><\/div><img decoding=\"async\" class=\"slide-box__img\" src=\"https:\/\/ojen2024.turnbull.co\/wp-content\/uploads\/2025\/06\/Youth-Corner-Programs.jpg\" loading=\"lazy\" alt=\"\"\/><\/div><div class=\"slide-box\" tabindex=\"0\" onclick=\"this.classList.toggle('is-active')\"><div class=\"slide-box__content\"><h5 class=\"slide-box__heading\"><span class=\"slide-box__icon-wrapper\"><img decoding=\"async\" src=\"https:\/\/ojen2024.turnbull.co\/wp-content\/uploads\/2025\/07\/icon-education.svg\" alt=\"\" style=\"width:25px;height:24px\"\/><\/span><span>Ressources p\u00e9dagogiques <\/span><\/h5><div class=\"slide-box__hidden-part\"><div class=\"slide-box__links\"><a class=\"icon-link has-no-margin\" href=\"\/fr\/ressources\/videos\/proces-simules-etape-par-etape\"><span>Proc\u00e8s simul\u00e9s, \u00e9tape par \u00e9tape<\/span><span><svg width=\"24\" height=\"8\" viewBox=\"0 0 24 8\" fill=\"none\" xmlns=\"http:\/\/www.w3.org\/2000\/svg\"><path fill-rule=\"evenodd\" clip-rule=\"evenodd\" d=\"M20.7395 0.159095L23.8565 3.61591C24.0478 3.82804 24.0478 4.17196 23.8565 4.38409L20.7395 7.8409C20.5482 8.05303 20.2381 8.05303 20.0468 7.8409C19.8555 7.62878 19.8555 7.28485 20.0468 7.07272L22.3277 4.54319H0V3.45681H22.3277L20.0468 0.927276C19.8555 0.715149 19.8555 0.371223 20.0468 0.159095C20.2381 -0.0530318 20.5482 -0.0530318 20.7395 0.159095Z\" fill=\"#3573B9\"><\/path><\/svg><\/span><\/a><a class=\"icon-link has-no-margin\" href=\"\/fr\/resource\/le-jeu-acces-a-la-justice\/\"><span>Acc\u00e8s \u00e0 la justice: le jeu de r\u00f4le!<\/span><span><svg width=\"24\" height=\"8\" viewBox=\"0 0 24 8\" fill=\"none\" xmlns=\"http:\/\/www.w3.org\/2000\/svg\"><path fill-rule=\"evenodd\" clip-rule=\"evenodd\" d=\"M20.7395 0.159095L23.8565 3.61591C24.0478 3.82804 24.0478 4.17196 23.8565 4.38409L20.7395 7.8409C20.5482 8.05303 20.2381 8.05303 20.0468 7.8409C19.8555 7.62878 19.8555 7.28485 20.0468 7.07272L22.3277 4.54319H0V3.45681H22.3277L20.0468 0.927276C19.8555 0.715149 19.8555 0.371223 20.0468 0.159095C20.2381 -0.0530318 20.5482 -0.0530318 20.7395 0.159095Z\" fill=\"#3573B9\"><\/path><\/svg><\/span><\/a><a class=\"icon-link has-no-margin\" href=\"\/fr\/resource\/en-resume-carrieres-en-justice\/\"><span>En r\u00e9sum\u00e9 : Carri\u00e8res en justice<\/span><span><svg width=\"24\" height=\"8\" viewBox=\"0 0 24 8\" fill=\"none\" xmlns=\"http:\/\/www.w3.org\/2000\/svg\"><path fill-rule=\"evenodd\" clip-rule=\"evenodd\" d=\"M20.7395 0.159095L23.8565 3.61591C24.0478 3.82804 24.0478 4.17196 23.8565 4.38409L20.7395 7.8409C20.5482 8.05303 20.2381 8.05303 20.0468 7.8409C19.8555 7.62878 19.8555 7.28485 20.0468 7.07272L22.3277 4.54319H0V3.45681H22.3277L20.0468 0.927276C19.8555 0.715149 19.8555 0.371223 20.0468 0.159095C20.2381 -0.0530318 20.5482 -0.0530318 20.7395 0.159095Z\" fill=\"#3573B9\"><\/path><\/svg><\/span><\/a><\/div><\/div><\/div><img decoding=\"async\" class=\"slide-box__img\" src=\"https:\/\/ojen2024.turnbull.co\/wp-content\/uploads\/2025\/06\/Youth-Corner-Educational-Resources.jpg\" loading=\"lazy\" alt=\"\"\/><\/div><div class=\"slide-box\" tabindex=\"0\" onclick=\"this.classList.toggle('is-active')\"><div class=\"slide-box__content\"><h5 class=\"slide-box__heading\"><span class=\"slide-box__icon-wrapper\"><img decoding=\"async\" src=\"https:\/\/ojen2024.turnbull.co\/wp-content\/uploads\/2025\/07\/icon-programs.svg\" alt=\"\" style=\"width:25px;height:24px\"\/><\/span><span>Bourses de perfectionnement en \u00e9ducation juridique<\/span><\/h5><div class=\"slide-box__hidden-part\"><p class=\"slide-box__text-above-links\">Apprends-en plus sur ce programme de bourse annuel qui permet aux \u00e9tudiant\u00b7es en droit et aux parajuristes d\u2019obtenir une formation et d\u2019acqu\u00e9rir une exp\u00e9rience pratique dans le domaine de l\u2019\u00e9ducation et de l\u2019information juridiques (EIJ) destin\u00e9es sp\u00e9cifiquement aux jeunes.<\/p><a class=\"slide-box__button button button--primary\" href=\"\/en\/get-involved\/join\/justice-education-fellowships\/\">View all<\/a><\/div><\/div><img decoding=\"async\" class=\"slide-box__img\" src=\"https:\/\/ojen2024.turnbull.co\/wp-content\/uploads\/2025\/06\/Youth-Corner-Fellows_.jpg\" loading=\"lazy\" alt=\"\"\/><\/div><div class=\"slide-box\" tabindex=\"0\" onclick=\"this.classList.toggle('is-active')\"><div class=\"slide-box__content\"><h5 class=\"slide-box__heading\"><span class=\"slide-box__icon-wrapper\"><img decoding=\"async\" src=\"https:\/\/ojen2024.turnbull.co\/wp-content\/uploads\/2025\/07\/icon-youth.svg\" alt=\"\" style=\"width:25px;height:24px\"\/><\/span><span>Jeunes en vedette<\/span><\/h5><div class=\"slide-box__hidden-part\"><p class=\"slide-box__text-above-links\">Les jeunes jouent un r\u00f4le de premier plan dans tout ce que fait le ROEJ. D\u00e9couvre quelques uns des jeunes remarquables qui ont particip\u00e9 \u00e0 nos programmes.<\/p><a class=\"slide-box__button button button--primary\" href=\"\/fr\/pour-les-jeunes\/en-vedette\">View all <\/a><\/div><\/div><img decoding=\"async\" class=\"slide-box__img\" src=\"https:\/\/ojen2024.turnbull.co\/wp-content\/uploads\/2025\/06\/Youth-Corner-Youth-spotlights.jpg\" loading=\"lazy\" alt=\"\"\/><\/div><div class=\"slide-box\" tabindex=\"0\" onclick=\"this.classList.toggle('is-active')\"><div class=\"slide-box__content\"><h5 class=\"slide-box__heading\"><span class=\"slide-box__icon-wrapper\"><img decoding=\"async\" src=\"https:\/\/ojen2024.turnbull.co\/wp-content\/uploads\/2025\/07\/icon-briefcase.svg\" alt=\"\" style=\"width:25px;height:24px\"\/><\/span><span>Faire carri\u00e8re en droit, \u00e9tape par \u00e9tape<\/span><\/h5><div class=\"slide-box__hidden-part\"><p class=\"slide-box__text-above-links\">Tu veux en apprendre plus sur les carri\u00e8res en justice? Consulte notre liste des carri\u00e8res en justice et des diff\u00e9rents cheminements qui peuvent mener \u00e0 ces carri\u00e8res.<\/p><a class=\"slide-box__button button button--primary\" href=\"\/fr\/pour-les-jeunes\/carrieres-en-droit\">View all <\/a><\/div><\/div><img decoding=\"async\" class=\"slide-box__img\" src=\"https:\/\/ojen2024.turnbull.co\/wp-content\/uploads\/2025\/06\/Youth-Corner-Step-by-Step.jpg\" loading=\"lazy\" alt=\"\"\/><\/div><div class=\"slide-box\" tabindex=\"0\" onclick=\"this.classList.toggle('is-active')\"><div class=\"slide-box__content\"><h5 class=\"slide-box__heading\"><span class=\"slide-box__icon-wrapper\"><img decoding=\"async\" src=\"https:\/\/ojen2024.turnbull.co\/wp-content\/uploads\/2025\/07\/icon-support.svg\" alt=\"\" style=\"width:25px;height:24px\"\/><\/span><span>Soutien juridique et suppl\u00e9mentaire<\/span><\/h5><div class=\"slide-box__hidden-part\"><p class=\"slide-box__text-above-links\">Si tu as besoin de conseils juridiques ou d\u2019aide pour r\u00e9soudre un probl\u00e8me juridique, consulte notre liste d\u2019organisations qui offrent des services juridiques.<\/p><a class=\"slide-box__button button button--primary\" href=\"\">View all <\/a><\/div><\/div><img decoding=\"async\" class=\"slide-box__img\" src=\"https:\/\/ojen2024.turnbull.co\/wp-content\/uploads\/2025\/06\/Youth-Corner-Legal-and-Additional-Support.jpg\" loading=\"lazy\" alt=\"\"\/><\/div><\/div>\n<\/div><\/section>\n\n\n\n<section class=\"wp-block-tco2025-blocks-section-block has-grey-bg pb0\"><div class=\"layout__container\">\n<div id=\"info-box-934525\" class=\"wp-block-tco2025-blocks-info-box-block desc-box\"><div class=\"desc-box__wrapper\"><div class=\"desc-box__text\"><p>\u00ab\u2009L\u2019id\u00e9e n\u2019est pas seulement d\u2019aider les jeunes \u00e0 comprendre les droits et les politiques juridiques, mais aussi de d\u00e9velopper leur confiance et leur r\u00e9silience, et de leur donner espoir en un avenir meilleur et rempli de succ\u00e8s.\u2009\u00bb <strong>\u2014 Ashanti Campbell, agente locale de projets jeunesse<\/strong><\/p><\/div><\/div><style>#info-box-934525 .desc-box__button {}#info-box-934525 .desc-box__button:hover {}<\/style><\/div>\n\n\n\n<figure class=\"wp-block-video\"><video autoplay controls loop src=\"https:\/\/ojen2024.turnbull.co\/wp-content\/uploads\/2025\/06\/youth-corner-homepage.mp4\"><\/video><\/figure>\n\n\n<div class=\"wp-block-image\">\n<figure class=\"aligncenter size-full\"><img decoding=\"async\" src=\"https:\/\/ojen2024.turnbull.co\/wp-content\/uploads\/2025\/07\/illustration-ojen.svg\" alt=\"\" class=\"wp-image-31054\"\/><\/figure><\/div><\/div><\/section>\n","protected":false},"excerpt":{"rendered":"","protected":false},"author":2,"featured_media":0,"parent":0,"menu_order":-95,"comment_status":"closed","ping_status":"closed","template":"template-blocks.php","meta":{"_acf_changed":false,"_eb_attr":"","inline_featured_image":false,"ub_ctt_via":"","footnotes":""},"class_list":["post-30122","page","type-page","status-publish","hentry"],"acf":[],"featured_image_src":null,"yoast_head":"<!-- This site is optimized with the Yoast SEO plugin v25.3 - https:\/\/yoast.com\/wordpress\/plugins\/seo\/ -->\n<title>Pour les jeunes - OJEN<\/title>\n<meta name=\"robots\" content=\"noindex, follow, max-snippet:-1, max-image-preview:large, max-video-preview:-1\" \/>\n<meta property=\"og:locale\" content=\"fr_CA\" \/>\n<meta property=\"og:type\" content=\"article\" \/>\n<meta property=\"og:title\" content=\"Pour les jeunes - OJEN\" \/>\n<meta property=\"og:url\" content=\"https:\/\/ojen2024.turnbull.co\/fr\/pour-les-jeunes\" \/>\n<meta property=\"og:site_name\" content=\"OJEN\" \/>\n<meta property=\"article:publisher\" content=\"https:\/\/www.facebook.com\/pages\/OJEN\/252115501467864\" \/>\n<meta property=\"article:modified_time\" content=\"2025-07-29T10:29:33+00:00\" \/>\n<meta property=\"og:image\" content=\"https:\/\/ojen2024.turnbull.co\/wp-content\/uploads\/2025\/07\/icon-programs.svg\" \/>\n<meta name=\"twitter:card\" content=\"summary_large_image\" \/>\n<meta name=\"twitter:site\" content=\"@OJEN_ROEJ\" \/>\n<meta name=\"twitter:label1\" content=\"Estimation du temps de lecture\" \/>\n\t<meta name=\"twitter:data1\" content=\"4 minutes\" \/>\n<script type=\"application\/ld+json\" class=\"yoast-schema-graph\">{\"@context\":\"https:\/\/schema.org\",\"@graph\":[{\"@type\":\"WebPage\",\"@id\":\"https:\/\/ojen2024.turnbull.co\/fr\/pour-les-jeunes\",\"url\":\"https:\/\/ojen2024.turnbull.co\/fr\/pour-les-jeunes\",\"name\":\"Pour les jeunes - OJEN\",\"isPartOf\":{\"@id\":\"https:\/\/ojen2024.turnbull.co\/en\/#website\"},\"primaryImageOfPage\":{\"@id\":\"https:\/\/ojen2024.turnbull.co\/fr\/pour-les-jeunes#primaryimage\"},\"image\":{\"@id\":\"https:\/\/ojen2024.turnbull.co\/fr\/pour-les-jeunes#primaryimage\"},\"thumbnailUrl\":\"https:\/\/ojen2024.turnbull.co\/wp-content\/uploads\/2025\/07\/icon-programs.svg\",\"datePublished\":\"2025-07-09T13:59:27+00:00\",\"dateModified\":\"2025-07-29T10:29:33+00:00\",\"breadcrumb\":{\"@id\":\"https:\/\/ojen2024.turnbull.co\/fr\/pour-les-jeunes#breadcrumb\"},\"inLanguage\":\"fr-CA\",\"potentialAction\":[{\"@type\":\"ReadAction\",\"target\":[\"https:\/\/ojen2024.turnbull.co\/fr\/pour-les-jeunes\"]}]},{\"@type\":\"ImageObject\",\"inLanguage\":\"fr-CA\",\"@id\":\"https:\/\/ojen2024.turnbull.co\/fr\/pour-les-jeunes#primaryimage\",\"url\":\"https:\/\/ojen2024.turnbull.co\/wp-content\/uploads\/2025\/07\/icon-programs.svg\",\"contentUrl\":\"https:\/\/ojen2024.turnbull.co\/wp-content\/uploads\/2025\/07\/icon-programs.svg\"},{\"@type\":\"BreadcrumbList\",\"@id\":\"https:\/\/ojen2024.turnbull.co\/fr\/pour-les-jeunes#breadcrumb\",\"itemListElement\":[{\"@type\":\"ListItem\",\"position\":1,\"name\":\"Home\",\"item\":\"https:\/\/ojen2024.turnbull.co\/fr\"},{\"@type\":\"ListItem\",\"position\":2,\"name\":\"Pour les jeunes\"}]},{\"@type\":\"WebSite\",\"@id\":\"https:\/\/ojen2024.turnbull.co\/en\/#website\",\"url\":\"https:\/\/ojen2024.turnbull.co\/en\/\",\"name\":\"OJEN\",\"description\":\"\",\"potentialAction\":[{\"@type\":\"SearchAction\",\"target\":{\"@type\":\"EntryPoint\",\"urlTemplate\":\"https:\/\/ojen2024.turnbull.co\/en\/?s={search_term_string}\"},\"query-input\":{\"@type\":\"PropertyValueSpecification\",\"valueRequired\":true,\"valueName\":\"search_term_string\"}}],\"inLanguage\":\"fr-CA\"}]}<\/script>\n<!-- \/ Yoast SEO plugin. -->","yoast_head_json":{"title":"Pour les jeunes - OJEN","robots":{"index":"noindex","follow":"follow","max-snippet":"max-snippet:-1","max-image-preview":"max-image-preview:large","max-video-preview":"max-video-preview:-1"},"og_locale":"fr_CA","og_type":"article","og_title":"Pour les jeunes - OJEN","og_url":"https:\/\/ojen2024.turnbull.co\/fr\/pour-les-jeunes","og_site_name":"OJEN","article_publisher":"https:\/\/www.facebook.com\/pages\/OJEN\/252115501467864","article_modified_time":"2025-07-29T10:29:33+00:00","og_image":[{"url":"https:\/\/ojen2024.turnbull.co\/wp-content\/uploads\/2025\/07\/icon-programs.svg","type":"","width":"","height":""}],"twitter_card":"summary_large_image","twitter_site":"@OJEN_ROEJ","twitter_misc":{"Estimation du temps de lecture":"4 minutes"},"schema":{"@context":"https:\/\/schema.org","@graph":[{"@type":"WebPage","@id":"https:\/\/ojen2024.turnbull.co\/fr\/pour-les-jeunes","url":"https:\/\/ojen2024.turnbull.co\/fr\/pour-les-jeunes","name":"Pour les jeunes - OJEN","isPartOf":{"@id":"https:\/\/ojen2024.turnbull.co\/en\/#website"},"primaryImageOfPage":{"@id":"https:\/\/ojen2024.turnbull.co\/fr\/pour-les-jeunes#primaryimage"},"image":{"@id":"https:\/\/ojen2024.turnbull.co\/fr\/pour-les-jeunes#primaryimage"},"thumbnailUrl":"https:\/\/ojen2024.turnbull.co\/wp-content\/uploads\/2025\/07\/icon-programs.svg","datePublished":"2025-07-09T13:59:27+00:00","dateModified":"2025-07-29T10:29:33+00:00","breadcrumb":{"@id":"https:\/\/ojen2024.turnbull.co\/fr\/pour-les-jeunes#breadcrumb"},"inLanguage":"fr-CA","potentialAction":[{"@type":"ReadAction","target":["https:\/\/ojen2024.turnbull.co\/fr\/pour-les-jeunes"]}]},{"@type":"ImageObject","inLanguage":"fr-CA","@id":"https:\/\/ojen2024.turnbull.co\/fr\/pour-les-jeunes#primaryimage","url":"https:\/\/ojen2024.turnbull.co\/wp-content\/uploads\/2025\/07\/icon-programs.svg","contentUrl":"https:\/\/ojen2024.turnbull.co\/wp-content\/uploads\/2025\/07\/icon-programs.svg"},{"@type":"BreadcrumbList","@id":"https:\/\/ojen2024.turnbull.co\/fr\/pour-les-jeunes#breadcrumb","itemListElement":[{"@type":"ListItem","position":1,"name":"Home","item":"https:\/\/ojen2024.turnbull.co\/fr"},{"@type":"ListItem","position":2,"name":"Pour les jeunes"}]},{"@type":"WebSite","@id":"https:\/\/ojen2024.turnbull.co\/en\/#website","url":"https:\/\/ojen2024.turnbull.co\/en\/","name":"OJEN","description":"","potentialAction":[{"@type":"SearchAction","target":{"@type":"EntryPoint","urlTemplate":"https:\/\/ojen2024.turnbull.co\/en\/?s={search_term_string}"},"query-input":{"@type":"PropertyValueSpecification","valueRequired":true,"valueName":"search_term_string"}}],"inLanguage":"fr-CA"}]}},"_links":{"self":[{"href":"https:\/\/ojen2024.turnbull.co\/fr\/wp-json\/wp\/v2\/pages\/30122"}],"collection":[{"href":"https:\/\/ojen2024.turnbull.co\/fr\/wp-json\/wp\/v2\/pages"}],"about":[{"href":"https:\/\/ojen2024.turnbull.co\/fr\/wp-json\/wp\/v2\/types\/page"}],"author":[{"embeddable":true,"href":"https:\/\/ojen2024.turnbull.co\/fr\/wp-json\/wp\/v2\/users\/2"}],"replies":[{"embeddable":true,"href":"https:\/\/ojen2024.turnbull.co\/fr\/wp-json\/wp\/v2\/comments?post=30122"}],"version-history":[{"count":0,"href":"https:\/\/ojen2024.turnbull.co\/fr\/wp-json\/wp\/v2\/pages\/30122\/revisions"}],"wp:attachment":[{"href":"https:\/\/ojen2024.turnbull.co\/fr\/wp-json\/wp\/v2\/media?parent=30122"}],"curies":[{"name":"wp","href":"https:\/\/api.w.org\/{rel}","templated":true}]}}