{"id":30124,"date":"2025-07-09T10:11:55","date_gmt":"2025-07-09T14:11:55","guid":{"rendered":"https:\/\/ojen2024.turnbull.co\/?page_id=30124"},"modified":"2025-07-12T05:10:27","modified_gmt":"2025-07-12T09:10:27","slug":"carrieres-en-droit","status":"publish","type":"page","link":"https:\/\/ojen2024.turnbull.co\/fr\/pour-les-jeunes\/carrieres-en-droit","title":{"rendered":"Carri\u00e8res en justice"},"content":{"rendered":"<p>Toutes les personnes qui travaillent dans le secteur de la justice vous diront la m\u00eame chose\u00a0: il y a plus d\u2019une voie qui m\u00e8ne \u00e0 une carri\u00e8re en justice.<\/p>\n<p>Cela ne vous semblera peut-\u00eatre pas tr\u00e8s utile, mais la v\u00e9rit\u00e9 est que plusieurs chemins peuvent mener \u00e0 une carri\u00e8re en justice. La plupart des facult\u00e9s de droit du Canada exigent un baccalaur\u00e9at pour faire des \u00e9tudes en droit, mais certaines ne demandent que deux ann\u00e9es d\u2019\u00e9tudes universitaires de premier cycle \u00e0 temps plein. Bien que les conditions d\u2019admission varient d\u2019un \u00e9tablissement \u00e0 l\u2019autre, toutes les facult\u00e9s de droit du Canada (hors Qu\u00e9bec) exigent que l\u2019\u00e9tudiant ait obtenu une certaine note au Law Schools Admission Test (LSAT). Le LSAT est con\u00e7u pour \u00e9valuer si la personne est pr\u00eate \u00e0 faire des \u00e9tudes en droit<a href=\"https:\/\/www.canlii.org\/en\/commentary\/doc\/2022CanLIIDocs4268#!fragment\/\/BQCwhgziBcwMYgK4DsDWszIQewE4BUBTADwBdoByCgSgBpltTCIBFRQ3AT0otokLC4EbDtyp8BQkAGU8pAELcASgFEAMioBqAQQByAYRW1SYAEbRS2ONWpA\">, mais cela fait parfois d\u00e9bat<\/a> (<em>en anglais seulement<\/em>), surtout en ce qui a trait au degr\u00e9 de pr\u00e9cision de cette \u00e9valuation et \u00e0 l\u2019inclusivit\u00e9 de cette approche.<\/p>\n<p>Il n\u2019y a pas d\u2019exigences pr\u00e9cises quant aux mati\u00e8res devant \u00eatre \u00e9tudi\u00e9es avant de s\u2019inscrire \u00e0 la facult\u00e9 de droit. La microbiologie, l\u2019informatique, le th\u00e9\u00e2tre et les sciences politiques sont tout aussi valables. La plupart des personnes qui travaillent dans le secteur de la justice vous diront que la pens\u00e9e critique et l\u2019empathie sont deux atouts indispensables. Il est \u00e9galement important de pouvoir traiter de grandes quantit\u00e9s de donn\u00e9es sans perdre le fil.<\/p>\n<p>Outre la profession d\u2019avocat\u00b7e, il existe plusieurs autres carri\u00e8res en justice qui vous permettront de faire avancer le droit au Canada. Qu\u2019il s\u2019agisse de travailler pour un organisme sans but lucratif, comme le <a href=\"https:\/\/policyalternatives.ca\/\">Centre canadien de politiques alternatives<\/a> ou l\u2019<a href=\"https:\/\/ccla.org\/\">Association canadienne des libert\u00e9s civiles<\/a>, ou en tant qu\u2019<a href=\"https:\/\/www.mccarthy.ca\/en\/insights\/blogs\/canadian-appeals-monitor\/supreme-court-canada-clarifies-role-interveners\">intervenant\u00b7e<\/a> dans une affaire judiciaire qui pourrait modifier le paysage juridique du Canada, plusieurs options s\u2019offrent aux personnes qui s\u2019int\u00e9ressent au droit.<\/p>\n<p>Au ROEJ, nous avons des avocats au sein de notre \u00e9quipe interne. Nous embauchons \u00e9galement des personnes qui ont fait des \u00e9tudes ou qui ont de l\u2019exp\u00e9rience en enseignement, en techniques juridiques, en travail communautaire et en justice sociale. Afin d\u2019aider les jeunes \u00e0 comprendre la loi pour qu\u2019ils puissent d\u00e9fendre leurs droits et leurs int\u00e9r\u00eats, et ceux des autres, nous avons besoin de toutes ces comp\u00e9tences.\u00a0<\/p>\n<p>En travaillant ensemble, nous pouvons fa\u00e7onner le droit et assurer un avenir meilleur pour chacun et chacune. Il y a \u00e9galement de nombreuses <a href=\"https:\/\/www.pleac-aceij.ca\/\">excellentes organisations<\/a> d\u2019un bout \u00e0 l\u2019autre du pays qui s\u2019efforce de rendre le droit plus accessible.\u00a0\u00a0<\/p>\n<p>Vous trouverez ci-dessous une liste de quelques-unes des nombreuses carri\u00e8res en justice, ainsi que les \u00e9tudes requises pour chacune d\u2019elles. Pour obtenir des informations plus d\u00e9taill\u00e9es, consultez cette <a href=\"https:\/\/ojen.ca\/fr\/resource\/en-resume-carrieres-en-justice\/\">ressource<\/a>. Si vous souhaitez suivre un programme de cheminement de carri\u00e8re et rencontrer des personnes qui travaillent dans le domaine du droit, nous vous invitons \u00e0 jeter un coup d\u2019\u0153il \u00e0 ces programmes du ROEJ\u00a0: Tout droit vers le droit, Avenirs en justice et Sistahs-in-Law.<\/p>\n<p><strong>1. Commis aux services aux tribunaux et greffier\/greffi\u00e8re <\/strong><\/p>\n<ul>\n<li><strong>R\u00f4le\u00a0:<\/strong> Soutenir le bon fonctionnement des tribunaux, y compris l\u2019\u00e9tablissement des r\u00f4les et la tenue des dossiers.<\/li>\n<li><strong>Exigences\u00a0<\/strong>: Exp\u00e9rience en administration et connaissance des proc\u00e9dures judiciaires.<\/li>\n<\/ul>\n<p><strong>2. Juges<\/strong><\/p>\n<ul>\n<li><strong>R\u00f4le\u00a0:<\/strong> Pr\u00e9sider les instances judiciaires et s\u2019assurer que les proc\u00e9dures judiciaires soient respect\u00e9es.<\/li>\n<li><strong>Exigences\u00a0<\/strong>: Exp\u00e9rience juridique significative et nomination par le gouvernement.<\/li>\n<\/ul>\n<p><strong>3. Avocates\/avocats<\/strong><\/p>\n<ul>\n<li><strong>R\u00f4le\u00a0: <\/strong>Donner des conseils juridiques, repr\u00e9senter des clients et les aider \u00e0 comprendre leurs droits. Se sp\u00e9cialisent habituellement dans un domaine du droit, comme le droit de la famille, le droit des soci\u00e9t\u00e9s, le droit criminel, le droit des biens, les testaments et les successions ou les poursuites civiles.<\/li>\n<li><strong>Exigences\u00a0<\/strong>: Dipl\u00f4me de Juris Doctor (J.D.), r\u00e9ussir l\u2019examen du Barreau et obtenir un permis d\u2019exercice provincial.<\/li>\n<\/ul>\n<p><strong>4. Adjoints\/adjointes juridiques<\/strong><\/p>\n<ul>\n<li><strong>R\u00f4le\u00a0:<\/strong> Fournir un soutien administratif et juridique, comme tenir le calendrier et pr\u00e9parer des documents.<\/li>\n<li><strong>Exigences\u00a0<\/strong>: Formation en administration juridique.<\/li>\n<\/ul>\n<p><strong>5. Universitaires\/professeur\u00b7es de droit<\/strong><\/p>\n<ul>\n<li><strong>R\u00f4le\u00a0:<\/strong> Enseigner le droit \u00e0 l\u2019universit\u00e9 et r\u00e9aliser des recherches juridiques.<\/li>\n<li><strong>Exigences\u00a0<\/strong>: Dipl\u00f4me d\u2019\u00e9tudes sup\u00e9rieures (LL.M., Ph. D.) et une solide liste de publications.<\/li>\n<\/ul>\n<p><strong>6. Technologues juridiques<\/strong><\/p>\n<ul>\n<li><strong>R\u00f4le\u00a0:<\/strong> Utiliser la technologie pour am\u00e9liorer les processus juridiques, g\u00e9rer les donn\u00e9es et simplifier les flux de travail.<\/li>\n<li><strong>Exigences\u00a0<\/strong>: Conna\u00eetre les pratiques et technologies juridiques. Exp\u00e9rience pertinente dans les technologies de l\u2019information.<\/li>\n<\/ul>\n<p><strong>7. M\u00e9diateurs\/m\u00e9diatrices <\/strong><\/p>\n<ul>\n<li><strong>R\u00f4le\u00a0:<\/strong> Aider \u00e0 r\u00e9gler les diff\u00e9rends en dehors des tribunaux.<\/li>\n<li><strong>Exigences\u00a0<\/strong>: Exp\u00e9rience en droit ou en r\u00e9solution de conflits. Il est utile de d\u00e9tenir un certificat de formation dans le domaine.<\/li>\n<\/ul>\n<p><strong>8. Parajuristes<\/strong><\/p>\n<ul>\n<li><strong>R\u00f4le\u00a0:<\/strong> Donner des conseils juridiques dans les limites de leur champ d\u2019exercice.<\/li>\n<li><strong>Exigences\u00a0<\/strong>: Avoir suivi un programme agr\u00e9\u00e9 de formation en techniques juridiques, r\u00e9ussi le processus d\u2019acc\u00e8s \u00e0 la profession du Barreau de l\u2019Ontario.<\/li>\n<\/ul>\n<p><strong>9. Agentes\/agents de police<\/strong><\/p>\n<ul>\n<li><strong>R\u00f4le\u00a0:<\/strong> Assurer le respect de la loi et r\u00e9pondre aux situations d\u2019urgence.<\/li>\n<li><strong>Exigences\u00a0<\/strong>: Dipl\u00f4me d\u2019\u00e9tudes secondaires, Syst\u00e8me de s\u00e9lection des agents de police et dipl\u00f4me du Programme de formation de base des agents de police du Coll\u00e8ge de police de l\u2019Ontario.<\/li>\n<\/ul>\n<p><strong>10. Agents\/agentes charg\u00e9s d\u2019appliquer la r\u00e9glementation et d\u2019assurer la conformit\u00e9<\/strong><\/p>\n<ul>\n<li><strong>R\u00f4le\u00a0:<\/strong> Veiller \u00e0 ce que les organisations respectent les lois, les r\u00e8glements et les politiques internes.<\/li>\n<li><strong>Exigences\u00a0<\/strong>: Formation juridique ou exp\u00e9rience en conformit\u00e9. Certaines attestations d\u2019\u00e9tudes peuvent \u00eatre un atout.<\/li>\n<\/ul>\n<p><strong>Parcours professionnels<\/strong><\/p>\n<ul>\n<li>Bien des carri\u00e8res en justice n\u00e9cessitent des formations suppl\u00e9mentaires ou d\u2019autres attestations ou titres en particulier.<\/li>\n<li>Le r\u00e9seautage, les stages et le mentorat sont essentiels pour faire carri\u00e8re en justice.<\/li>\n<\/ul>\n\n\n<p><\/p>\n","protected":false},"excerpt":{"rendered":"<p>Toutes les personnes qui travaillent dans le secteur de la justice vous diront la m\u00eame chose\u00a0: il y a plus d\u2019une voie qui m\u00e8ne \u00e0 une carri\u00e8re en justice. Cela ne vous semblera peut-\u00eatre pas tr\u00e8s utile, mais la v\u00e9rit\u00e9 est que plusieurs chemins peuvent mener \u00e0 une carri\u00e8re en justice. La plupart des facult\u00e9s [&hellip;]<\/p>\n","protected":false},"author":2,"featured_media":0,"parent":30122,"menu_order":0,"comment_status":"closed","ping_status":"closed","template":"","meta":{"_acf_changed":false,"_eb_attr":"","inline_featured_image":false,"ub_ctt_via":"","footnotes":""},"class_list":["post-30124","page","type-page","status-publish","hentry"],"acf":[],"featured_image_src":null,"yoast_head":"<!-- This site is optimized with the Yoast SEO plugin v25.3 - https:\/\/yoast.com\/wordpress\/plugins\/seo\/ -->\n<title>Carri\u00e8res en justice - OJEN<\/title>\n<meta name=\"robots\" content=\"noindex, follow, max-snippet:-1, max-image-preview:large, max-video-preview:-1\" \/>\n<meta property=\"og:locale\" content=\"fr_CA\" \/>\n<meta property=\"og:type\" content=\"article\" \/>\n<meta property=\"og:title\" content=\"Carri\u00e8res en justice - OJEN\" \/>\n<meta property=\"og:description\" content=\"Toutes les personnes qui travaillent dans le secteur de la justice vous diront la m\u00eame chose\u00a0: il y a plus d\u2019une voie qui m\u00e8ne \u00e0 une carri\u00e8re en justice. Cela ne vous semblera peut-\u00eatre pas tr\u00e8s utile, mais la v\u00e9rit\u00e9 est que plusieurs chemins peuvent mener \u00e0 une carri\u00e8re en justice. La plupart des facult\u00e9s [&hellip;]\" \/>\n<meta property=\"og:url\" content=\"https:\/\/ojen2024.turnbull.co\/fr\/pour-les-jeunes\/carrieres-en-droit\" \/>\n<meta property=\"og:site_name\" content=\"OJEN\" \/>\n<meta property=\"article:publisher\" content=\"https:\/\/www.facebook.com\/pages\/OJEN\/252115501467864\" \/>\n<meta property=\"article:modified_time\" content=\"2025-07-12T09:10:27+00:00\" \/>\n<meta name=\"twitter:card\" content=\"summary_large_image\" \/>\n<meta name=\"twitter:site\" content=\"@OJEN_ROEJ\" \/>\n<meta name=\"twitter:label1\" content=\"Estimation du temps de lecture\" \/>\n\t<meta name=\"twitter:data1\" content=\"4 minutes\" \/>\n<script type=\"application\/ld+json\" class=\"yoast-schema-graph\">{\"@context\":\"https:\/\/schema.org\",\"@graph\":[{\"@type\":\"WebPage\",\"@id\":\"https:\/\/ojen2024.turnbull.co\/fr\/pour-les-jeunes\/carrieres-en-droit\",\"url\":\"https:\/\/ojen2024.turnbull.co\/fr\/pour-les-jeunes\/carrieres-en-droit\",\"name\":\"Carri\u00e8res en justice - OJEN\",\"isPartOf\":{\"@id\":\"https:\/\/ojen2024.turnbull.co\/en\/#website\"},\"datePublished\":\"2025-07-09T14:11:55+00:00\",\"dateModified\":\"2025-07-12T09:10:27+00:00\",\"breadcrumb\":{\"@id\":\"https:\/\/ojen2024.turnbull.co\/fr\/pour-les-jeunes\/carrieres-en-droit#breadcrumb\"},\"inLanguage\":\"fr-CA\",\"potentialAction\":[{\"@type\":\"ReadAction\",\"target\":[\"https:\/\/ojen2024.turnbull.co\/fr\/pour-les-jeunes\/carrieres-en-droit\"]}]},{\"@type\":\"BreadcrumbList\",\"@id\":\"https:\/\/ojen2024.turnbull.co\/fr\/pour-les-jeunes\/carrieres-en-droit#breadcrumb\",\"itemListElement\":[{\"@type\":\"ListItem\",\"position\":1,\"name\":\"Home\",\"item\":\"https:\/\/ojen2024.turnbull.co\/fr\"},{\"@type\":\"ListItem\",\"position\":2,\"name\":\"Pour les jeunes\",\"item\":\"https:\/\/ojen2024.turnbull.co\/fr\/pour-les-jeunes\"},{\"@type\":\"ListItem\",\"position\":3,\"name\":\"Carri\u00e8res en justice\"}]},{\"@type\":\"WebSite\",\"@id\":\"https:\/\/ojen2024.turnbull.co\/en\/#website\",\"url\":\"https:\/\/ojen2024.turnbull.co\/en\/\",\"name\":\"OJEN\",\"description\":\"\",\"potentialAction\":[{\"@type\":\"SearchAction\",\"target\":{\"@type\":\"EntryPoint\",\"urlTemplate\":\"https:\/\/ojen2024.turnbull.co\/en\/?s={search_term_string}\"},\"query-input\":{\"@type\":\"PropertyValueSpecification\",\"valueRequired\":true,\"valueName\":\"search_term_string\"}}],\"inLanguage\":\"fr-CA\"}]}<\/script>\n<!-- \/ Yoast SEO plugin. -->","yoast_head_json":{"title":"Carri\u00e8res en justice - OJEN","robots":{"index":"noindex","follow":"follow","max-snippet":"max-snippet:-1","max-image-preview":"max-image-preview:large","max-video-preview":"max-video-preview:-1"},"og_locale":"fr_CA","og_type":"article","og_title":"Carri\u00e8res en justice - OJEN","og_description":"Toutes les personnes qui travaillent dans le secteur de la justice vous diront la m\u00eame chose\u00a0: il y a plus d\u2019une voie qui m\u00e8ne \u00e0 une carri\u00e8re en justice. Cela ne vous semblera peut-\u00eatre pas tr\u00e8s utile, mais la v\u00e9rit\u00e9 est que plusieurs chemins peuvent mener \u00e0 une carri\u00e8re en justice. La plupart des facult\u00e9s [&hellip;]","og_url":"https:\/\/ojen2024.turnbull.co\/fr\/pour-les-jeunes\/carrieres-en-droit","og_site_name":"OJEN","article_publisher":"https:\/\/www.facebook.com\/pages\/OJEN\/252115501467864","article_modified_time":"2025-07-12T09:10:27+00:00","twitter_card":"summary_large_image","twitter_site":"@OJEN_ROEJ","twitter_misc":{"Estimation du temps de lecture":"4 minutes"},"schema":{"@context":"https:\/\/schema.org","@graph":[{"@type":"WebPage","@id":"https:\/\/ojen2024.turnbull.co\/fr\/pour-les-jeunes\/carrieres-en-droit","url":"https:\/\/ojen2024.turnbull.co\/fr\/pour-les-jeunes\/carrieres-en-droit","name":"Carri\u00e8res en justice - OJEN","isPartOf":{"@id":"https:\/\/ojen2024.turnbull.co\/en\/#website"},"datePublished":"2025-07-09T14:11:55+00:00","dateModified":"2025-07-12T09:10:27+00:00","breadcrumb":{"@id":"https:\/\/ojen2024.turnbull.co\/fr\/pour-les-jeunes\/carrieres-en-droit#breadcrumb"},"inLanguage":"fr-CA","potentialAction":[{"@type":"ReadAction","target":["https:\/\/ojen2024.turnbull.co\/fr\/pour-les-jeunes\/carrieres-en-droit"]}]},{"@type":"BreadcrumbList","@id":"https:\/\/ojen2024.turnbull.co\/fr\/pour-les-jeunes\/carrieres-en-droit#breadcrumb","itemListElement":[{"@type":"ListItem","position":1,"name":"Home","item":"https:\/\/ojen2024.turnbull.co\/fr"},{"@type":"ListItem","position":2,"name":"Pour les jeunes","item":"https:\/\/ojen2024.turnbull.co\/fr\/pour-les-jeunes"},{"@type":"ListItem","position":3,"name":"Carri\u00e8res en justice"}]},{"@type":"WebSite","@id":"https:\/\/ojen2024.turnbull.co\/en\/#website","url":"https:\/\/ojen2024.turnbull.co\/en\/","name":"OJEN","description":"","potentialAction":[{"@type":"SearchAction","target":{"@type":"EntryPoint","urlTemplate":"https:\/\/ojen2024.turnbull.co\/en\/?s={search_term_string}"},"query-input":{"@type":"PropertyValueSpecification","valueRequired":true,"valueName":"search_term_string"}}],"inLanguage":"fr-CA"}]}},"_links":{"self":[{"href":"https:\/\/ojen2024.turnbull.co\/fr\/wp-json\/wp\/v2\/pages\/30124"}],"collection":[{"href":"https:\/\/ojen2024.turnbull.co\/fr\/wp-json\/wp\/v2\/pages"}],"about":[{"href":"https:\/\/ojen2024.turnbull.co\/fr\/wp-json\/wp\/v2\/types\/page"}],"author":[{"embeddable":true,"href":"https:\/\/ojen2024.turnbull.co\/fr\/wp-json\/wp\/v2\/users\/2"}],"replies":[{"embeddable":true,"href":"https:\/\/ojen2024.turnbull.co\/fr\/wp-json\/wp\/v2\/comments?post=30124"}],"version-history":[{"count":0,"href":"https:\/\/ojen2024.turnbull.co\/fr\/wp-json\/wp\/v2\/pages\/30124\/revisions"}],"up":[{"embeddable":true,"href":"https:\/\/ojen2024.turnbull.co\/fr\/wp-json\/wp\/v2\/pages\/30122"}],"wp:attachment":[{"href":"https:\/\/ojen2024.turnbull.co\/fr\/wp-json\/wp\/v2\/media?parent=30124"}],"curies":[{"name":"wp","href":"https:\/\/api.w.org\/{rel}","templated":true}]}}