{"id":30127,"date":"2025-07-09T10:23:15","date_gmt":"2025-07-09T14:23:15","guid":{"rendered":"https:\/\/ojen2024.turnbull.co\/?page_id=30127"},"modified":"2025-07-25T13:28:19","modified_gmt":"2025-07-25T17:28:19","slug":"programmes-pour-les-jeunes","status":"publish","type":"page","link":"https:\/\/ojen2024.turnbull.co\/fr\/pour-les-jeunes\/programmes-pour-les-jeunes","title":{"rendered":"Programmes pour les jeunes"},"content":{"rendered":"\n<section class=\"wp-block-tco2025-blocks-section-block has-white-bg pb0\"><div class=\"layout__container\">\n<div class=\"wp-block-columns is-layout-flex wp-container-core-columns-is-layout-1 wp-block-columns-is-layout-flex\">\n<div class=\"wp-block-column is-layout-flow wp-block-column-is-layout-flow\"><\/div>\n\n\n\n<div class=\"wp-block-column is-layout-flow wp-block-column-is-layout-flow\" style=\"flex-basis:720px\">\n<h2 class=\"wp-block-heading has-text-align-center\">Programmes pour les jeunes<\/h2>\n\n\n\n<p class=\"has-text-align-center\">Que vous souhaitez apprendre davantage sur le droit, explorer des carri\u00e8res dans le secteur judiciaire, ou d\u00e9couvrir comment changer le monde, les programmes du ROEJ offrent de l\u2019information, l\u2019inspiration, et des opportunit\u00e9s pour se connecter \u00e0 la communaut\u00e9 l\u00e9gale.<br><br><\/p>\n<\/div>\n\n\n\n<div class=\"wp-block-column is-layout-flow wp-block-column-is-layout-flow\"><\/div>\n<\/div>\n<\/div><\/section>\n\n\n\n<section class=\"wp-block-tco2025-blocks-section-block has-grey-bg\"><div class=\"layout__container\">\n<div class=\"wp-block-tco2025-blocks-two-column-preview-block about-us\"><div class=\"preview-list has-two-columns\"><article class=\"preview about-us\"><a class=\"preview__inner\" href=\"\"><div><h4 class=\"preview__heading\">Programme de bourses d&rsquo;\u00e9ducation juridique<\/h4><p class=\"preview__text\">Le programme de bourses d&rsquo;\u00e9ducation juridique du ROEJ est un programme d&rsquo;un an pour les \u00e9tudiants en droit et en parajuriste de l&rsquo;Ontario. Les boursiers re\u00e7oivent une formation approfondie en \u00e9ducation juridique publique dispens\u00e9e par le personnel du ROEJ et acqui\u00e8rent une exp\u00e9rience pratique en animant au moins trois programmes d&rsquo;\u00e9ducation juridique dans des \u00e9coles secondaires ou des milieux communautaires locaux.<\/p><div class=\"icon-link\"><span>Lire la suite<\/span><span><svg width=\"24\" height=\"8\" viewBox=\"0 0 24 8\" fill=\"none\" xmlns=\"http:\/\/www.w3.org\/2000\/svg\"><path fill-rule=\"evenodd\" clip-rule=\"evenodd\" d=\"M20.7395 0.159095L23.8565 3.61591C24.0478 3.82804 24.0478 4.17196 23.8565 4.38409L20.7395 7.8409C20.5482 8.05303 20.2381 8.05303 20.0468 7.8409C19.8555 7.62878 19.8555 7.28485 20.0468 7.07272L22.3277 4.54319H0V3.45681H22.3277L20.0468 0.927276C19.8555 0.715149 19.8555 0.371223 20.0468 0.159095C20.2381 -0.0530318 20.5482 -0.0530318 20.7395 0.159095Z\" fill=\"#3573B9\"><\/path><\/svg><\/span><\/div><\/div><\/a><\/article><article class=\"preview about-us\"><a class=\"preview__inner\" href=\"\"><div><h4 class=\"preview__heading\">Justice au futur simple<\/h4><p class=\"preview__text\">Justice au futur simple es un programme de mod\u00e9lisation de carri\u00e8re qui pr\u00e9sente aux jeunes de toutes origines des professionnels du droit ayant des exp\u00e9riences similaires.<\/p><div class=\"icon-link\"><span>Lire la suite<\/span><span><svg width=\"24\" height=\"8\" viewBox=\"0 0 24 8\" fill=\"none\" xmlns=\"http:\/\/www.w3.org\/2000\/svg\"><path fill-rule=\"evenodd\" clip-rule=\"evenodd\" d=\"M20.7395 0.159095L23.8565 3.61591C24.0478 3.82804 24.0478 4.17196 23.8565 4.38409L20.7395 7.8409C20.5482 8.05303 20.2381 8.05303 20.0468 7.8409C19.8555 7.62878 19.8555 7.28485 20.0468 7.07272L22.3277 4.54319H0V3.45681H22.3277L20.0468 0.927276C19.8555 0.715149 19.8555 0.371223 20.0468 0.159095C20.2381 -0.0530318 20.5482 -0.0530318 20.7395 0.159095Z\" fill=\"#3573B9\"><\/path><\/svg><\/span><\/div><\/div><\/a><\/article><\/div><div class=\"preview-list has-two-columns\"><article class=\"preview about-us\"><a class=\"preview__inner\" href=\"\/fr\/program\/bourses\/\"><div><h4 class=\"preview__heading\">Bourses en \u00e9ducation juridique<\/h4><p class=\"preview__text\">Des bourses sont offertes chaque ann\u00e9e aux \u00e9tudiants de 12e ann\u00e9e en Ontario qui poursuivent des \u00e9tudes postsecondaires li\u00e9es aux nombreuses carri\u00e8res du syst\u00e8me judiciaire dans une universit\u00e9 ou un coll\u00e8ge de l&rsquo;Ontario.<\/p><div class=\"icon-link\"><span>Lire la suite<\/span><span><svg width=\"24\" height=\"8\" viewBox=\"0 0 24 8\" fill=\"none\" xmlns=\"http:\/\/www.w3.org\/2000\/svg\"><path fill-rule=\"evenodd\" clip-rule=\"evenodd\" d=\"M20.7395 0.159095L23.8565 3.61591C24.0478 3.82804 24.0478 4.17196 23.8565 4.38409L20.7395 7.8409C20.5482 8.05303 20.2381 8.05303 20.0468 7.8409C19.8555 7.62878 19.8555 7.28485 20.0468 7.07272L22.3277 4.54319H0V3.45681H22.3277L20.0468 0.927276C19.8555 0.715149 19.8555 0.371223 20.0468 0.159095C20.2381 -0.0530318 20.5482 -0.0530318 20.7395 0.159095Z\" fill=\"#3573B9\"><\/path><\/svg><\/span><\/div><\/div><\/a><\/article><article class=\"preview about-us\"><a class=\"preview__inner\" href=\"\/fr\/program\/sistahs-in-law-paving-the-way\/\"><div><h4 class=\"preview__heading\">Soeurs en droit<\/h4><p class=\"preview__text\">Chaque ann\u00e9e, le R\u00e9seau des avocates noires (BFLN) organise une journ\u00e9e de r\u00e9flexion. Le ROEJ s&rsquo;associe au BFLN pour accueillir 30 jeunes femmes noires, autochtones et de communaut\u00e9s racis\u00e9es. Cet \u00e9v\u00e9nement d&rsquo;une journ\u00e9e offre l&rsquo;occasion de d\u00e9couvrir les contours d&rsquo;une carri\u00e8re juridique, de faire du r\u00e9seautage et de s&rsquo;inspirer des parcours d&rsquo;avocates noires qui ont r\u00e9ussi dans leurs carri\u00e8res.<\/p><div class=\"icon-link\"><span>Lire la suite<\/span><span><svg width=\"24\" height=\"8\" viewBox=\"0 0 24 8\" fill=\"none\" xmlns=\"http:\/\/www.w3.org\/2000\/svg\"><path fill-rule=\"evenodd\" clip-rule=\"evenodd\" d=\"M20.7395 0.159095L23.8565 3.61591C24.0478 3.82804 24.0478 4.17196 23.8565 4.38409L20.7395 7.8409C20.5482 8.05303 20.2381 8.05303 20.0468 7.8409C19.8555 7.62878 19.8555 7.28485 20.0468 7.07272L22.3277 4.54319H0V3.45681H22.3277L20.0468 0.927276C19.8555 0.715149 19.8555 0.371223 20.0468 0.159095C20.2381 -0.0530318 20.5482 -0.0530318 20.7395 0.159095Z\" fill=\"#3573B9\"><\/path><\/svg><\/span><\/div><\/div><\/a><\/article><\/div><\/div>\n<\/div><\/section>\n\n\n\n<figure class=\"wp-block-video pb0 mt0\"><video autoplay controls loop src=\"https:\/\/ojen2024.turnbull.co\/wp-content\/uploads\/2025\/06\/youth-corner-programs.mp4\"><\/video><\/figure>\n","protected":false},"excerpt":{"rendered":"","protected":false},"author":2,"featured_media":30766,"parent":30122,"menu_order":0,"comment_status":"closed","ping_status":"closed","template":"template-blocks.php","meta":{"_acf_changed":false,"_eb_attr":"","inline_featured_image":false,"ub_ctt_via":"","footnotes":""},"class_list":["post-30127","page","type-page","status-publish","has-post-thumbnail","hentry"],"acf":[],"featured_image_src":"https:\/\/ojen2024.turnbull.co\/wp-content\/uploads\/2025\/07\/Youth-Programs.jpg","yoast_head":"<!-- This site is optimized with the Yoast SEO plugin v25.3 - https:\/\/yoast.com\/wordpress\/plugins\/seo\/ -->\n<title>Programmes pour les jeunes - OJEN<\/title>\n<meta name=\"robots\" content=\"noindex, follow, max-snippet:-1, max-image-preview:large, max-video-preview:-1\" \/>\n<meta property=\"og:locale\" content=\"fr_CA\" \/>\n<meta property=\"og:type\" content=\"article\" \/>\n<meta property=\"og:title\" content=\"Programmes pour les jeunes - OJEN\" \/>\n<meta property=\"og:url\" content=\"https:\/\/ojen2024.turnbull.co\/fr\/pour-les-jeunes\/programmes-pour-les-jeunes\" \/>\n<meta property=\"og:site_name\" content=\"OJEN\" \/>\n<meta property=\"article:publisher\" content=\"https:\/\/www.facebook.com\/pages\/OJEN\/252115501467864\" \/>\n<meta property=\"article:modified_time\" content=\"2025-07-25T17:28:19+00:00\" \/>\n<meta property=\"og:image\" content=\"https:\/\/ojen2024.turnbull.co\/wp-content\/uploads\/2025\/07\/Youth-Programs.jpg\" \/>\n\t<meta property=\"og:image:width\" content=\"2048\" \/>\n\t<meta property=\"og:image:height\" content=\"569\" \/>\n\t<meta property=\"og:image:type\" content=\"image\/jpeg\" \/>\n<meta name=\"twitter:card\" content=\"summary_large_image\" \/>\n<meta name=\"twitter:site\" content=\"@OJEN_ROEJ\" \/>\n<meta name=\"twitter:label1\" content=\"Estimation du temps de lecture\" \/>\n\t<meta name=\"twitter:data1\" content=\"2 minutes\" \/>\n<script type=\"application\/ld+json\" class=\"yoast-schema-graph\">{\"@context\":\"https:\/\/schema.org\",\"@graph\":[{\"@type\":\"WebPage\",\"@id\":\"https:\/\/ojen2024.turnbull.co\/fr\/pour-les-jeunes\/programmes-pour-les-jeunes\",\"url\":\"https:\/\/ojen2024.turnbull.co\/fr\/pour-les-jeunes\/programmes-pour-les-jeunes\",\"name\":\"Programmes pour les jeunes - OJEN\",\"isPartOf\":{\"@id\":\"https:\/\/ojen2024.turnbull.co\/en\/#website\"},\"primaryImageOfPage\":{\"@id\":\"https:\/\/ojen2024.turnbull.co\/fr\/pour-les-jeunes\/programmes-pour-les-jeunes#primaryimage\"},\"image\":{\"@id\":\"https:\/\/ojen2024.turnbull.co\/fr\/pour-les-jeunes\/programmes-pour-les-jeunes#primaryimage\"},\"thumbnailUrl\":\"https:\/\/ojen2024.turnbull.co\/wp-content\/uploads\/2025\/07\/Youth-Programs.jpg\",\"datePublished\":\"2025-07-09T14:23:15+00:00\",\"dateModified\":\"2025-07-25T17:28:19+00:00\",\"breadcrumb\":{\"@id\":\"https:\/\/ojen2024.turnbull.co\/fr\/pour-les-jeunes\/programmes-pour-les-jeunes#breadcrumb\"},\"inLanguage\":\"fr-CA\",\"potentialAction\":[{\"@type\":\"ReadAction\",\"target\":[\"https:\/\/ojen2024.turnbull.co\/fr\/pour-les-jeunes\/programmes-pour-les-jeunes\"]}]},{\"@type\":\"ImageObject\",\"inLanguage\":\"fr-CA\",\"@id\":\"https:\/\/ojen2024.turnbull.co\/fr\/pour-les-jeunes\/programmes-pour-les-jeunes#primaryimage\",\"url\":\"https:\/\/ojen2024.turnbull.co\/wp-content\/uploads\/2025\/07\/Youth-Programs.jpg\",\"contentUrl\":\"https:\/\/ojen2024.turnbull.co\/wp-content\/uploads\/2025\/07\/Youth-Programs.jpg\",\"width\":2048,\"height\":569},{\"@type\":\"BreadcrumbList\",\"@id\":\"https:\/\/ojen2024.turnbull.co\/fr\/pour-les-jeunes\/programmes-pour-les-jeunes#breadcrumb\",\"itemListElement\":[{\"@type\":\"ListItem\",\"position\":1,\"name\":\"Home\",\"item\":\"https:\/\/ojen2024.turnbull.co\/fr\"},{\"@type\":\"ListItem\",\"position\":2,\"name\":\"Pour les jeunes\",\"item\":\"https:\/\/ojen2024.turnbull.co\/fr\/pour-les-jeunes\"},{\"@type\":\"ListItem\",\"position\":3,\"name\":\"Programmes pour les jeunes\"}]},{\"@type\":\"WebSite\",\"@id\":\"https:\/\/ojen2024.turnbull.co\/en\/#website\",\"url\":\"https:\/\/ojen2024.turnbull.co\/en\/\",\"name\":\"OJEN\",\"description\":\"\",\"potentialAction\":[{\"@type\":\"SearchAction\",\"target\":{\"@type\":\"EntryPoint\",\"urlTemplate\":\"https:\/\/ojen2024.turnbull.co\/en\/?s={search_term_string}\"},\"query-input\":{\"@type\":\"PropertyValueSpecification\",\"valueRequired\":true,\"valueName\":\"search_term_string\"}}],\"inLanguage\":\"fr-CA\"}]}<\/script>\n<!-- \/ Yoast SEO plugin. -->","yoast_head_json":{"title":"Programmes pour les jeunes - OJEN","robots":{"index":"noindex","follow":"follow","max-snippet":"max-snippet:-1","max-image-preview":"max-image-preview:large","max-video-preview":"max-video-preview:-1"},"og_locale":"fr_CA","og_type":"article","og_title":"Programmes pour les jeunes - OJEN","og_url":"https:\/\/ojen2024.turnbull.co\/fr\/pour-les-jeunes\/programmes-pour-les-jeunes","og_site_name":"OJEN","article_publisher":"https:\/\/www.facebook.com\/pages\/OJEN\/252115501467864","article_modified_time":"2025-07-25T17:28:19+00:00","og_image":[{"width":2048,"height":569,"url":"https:\/\/ojen2024.turnbull.co\/wp-content\/uploads\/2025\/07\/Youth-Programs.jpg","type":"image\/jpeg"}],"twitter_card":"summary_large_image","twitter_site":"@OJEN_ROEJ","twitter_misc":{"Estimation du temps de lecture":"2 minutes"},"schema":{"@context":"https:\/\/schema.org","@graph":[{"@type":"WebPage","@id":"https:\/\/ojen2024.turnbull.co\/fr\/pour-les-jeunes\/programmes-pour-les-jeunes","url":"https:\/\/ojen2024.turnbull.co\/fr\/pour-les-jeunes\/programmes-pour-les-jeunes","name":"Programmes pour les jeunes - OJEN","isPartOf":{"@id":"https:\/\/ojen2024.turnbull.co\/en\/#website"},"primaryImageOfPage":{"@id":"https:\/\/ojen2024.turnbull.co\/fr\/pour-les-jeunes\/programmes-pour-les-jeunes#primaryimage"},"image":{"@id":"https:\/\/ojen2024.turnbull.co\/fr\/pour-les-jeunes\/programmes-pour-les-jeunes#primaryimage"},"thumbnailUrl":"https:\/\/ojen2024.turnbull.co\/wp-content\/uploads\/2025\/07\/Youth-Programs.jpg","datePublished":"2025-07-09T14:23:15+00:00","dateModified":"2025-07-25T17:28:19+00:00","breadcrumb":{"@id":"https:\/\/ojen2024.turnbull.co\/fr\/pour-les-jeunes\/programmes-pour-les-jeunes#breadcrumb"},"inLanguage":"fr-CA","potentialAction":[{"@type":"ReadAction","target":["https:\/\/ojen2024.turnbull.co\/fr\/pour-les-jeunes\/programmes-pour-les-jeunes"]}]},{"@type":"ImageObject","inLanguage":"fr-CA","@id":"https:\/\/ojen2024.turnbull.co\/fr\/pour-les-jeunes\/programmes-pour-les-jeunes#primaryimage","url":"https:\/\/ojen2024.turnbull.co\/wp-content\/uploads\/2025\/07\/Youth-Programs.jpg","contentUrl":"https:\/\/ojen2024.turnbull.co\/wp-content\/uploads\/2025\/07\/Youth-Programs.jpg","width":2048,"height":569},{"@type":"BreadcrumbList","@id":"https:\/\/ojen2024.turnbull.co\/fr\/pour-les-jeunes\/programmes-pour-les-jeunes#breadcrumb","itemListElement":[{"@type":"ListItem","position":1,"name":"Home","item":"https:\/\/ojen2024.turnbull.co\/fr"},{"@type":"ListItem","position":2,"name":"Pour les jeunes","item":"https:\/\/ojen2024.turnbull.co\/fr\/pour-les-jeunes"},{"@type":"ListItem","position":3,"name":"Programmes pour les jeunes"}]},{"@type":"WebSite","@id":"https:\/\/ojen2024.turnbull.co\/en\/#website","url":"https:\/\/ojen2024.turnbull.co\/en\/","name":"OJEN","description":"","potentialAction":[{"@type":"SearchAction","target":{"@type":"EntryPoint","urlTemplate":"https:\/\/ojen2024.turnbull.co\/en\/?s={search_term_string}"},"query-input":{"@type":"PropertyValueSpecification","valueRequired":true,"valueName":"search_term_string"}}],"inLanguage":"fr-CA"}]}},"_links":{"self":[{"href":"https:\/\/ojen2024.turnbull.co\/fr\/wp-json\/wp\/v2\/pages\/30127"}],"collection":[{"href":"https:\/\/ojen2024.turnbull.co\/fr\/wp-json\/wp\/v2\/pages"}],"about":[{"href":"https:\/\/ojen2024.turnbull.co\/fr\/wp-json\/wp\/v2\/types\/page"}],"author":[{"embeddable":true,"href":"https:\/\/ojen2024.turnbull.co\/fr\/wp-json\/wp\/v2\/users\/2"}],"replies":[{"embeddable":true,"href":"https:\/\/ojen2024.turnbull.co\/fr\/wp-json\/wp\/v2\/comments?post=30127"}],"version-history":[{"count":0,"href":"https:\/\/ojen2024.turnbull.co\/fr\/wp-json\/wp\/v2\/pages\/30127\/revisions"}],"up":[{"embeddable":true,"href":"https:\/\/ojen2024.turnbull.co\/fr\/wp-json\/wp\/v2\/pages\/30122"}],"wp:featuredmedia":[{"embeddable":true,"href":"https:\/\/ojen2024.turnbull.co\/fr\/wp-json\/wp\/v2\/media\/30766"}],"wp:attachment":[{"href":"https:\/\/ojen2024.turnbull.co\/fr\/wp-json\/wp\/v2\/media?parent=30127"}],"curies":[{"name":"wp","href":"https:\/\/api.w.org\/{rel}","templated":true}]}}