{"id":30130,"date":"2025-07-09T10:28:52","date_gmt":"2025-07-09T14:28:52","guid":{"rendered":"https:\/\/ojen2024.turnbull.co\/?page_id=30130"},"modified":"2025-07-29T06:48:39","modified_gmt":"2025-07-29T10:48:39","slug":"en-vedette","status":"publish","type":"page","link":"https:\/\/ojen2024.turnbull.co\/fr\/pour-les-jeunes\/en-vedette","title":{"rendered":"Jeunes en vedette"},"content":{"rendered":"\n<p>Les jeunes sont au c\u0153ur de tout ce que fait le ROEJ, qu\u2019il s\u2019agisse de participer \u00e0 nos programmes ou d\u2019aider \u00e0 les concevoir et \u00e0 les mettre en \u0153uvre \u2014 et \u00e0 bien d\u2019autres \u00e9gards. Nous appr\u00e9cions l\u2019expertise que les jeunes apportent \u00e0 toutes les facettes de notre organisation. D\u00e9couvrez quelques-uns des jeunes exceptionnels que nous avons eu la chance de rencontrer gr\u00e2ce \u00e0 leur participation \u00e0 nos initiatives d\u2019\u00e9ducation judirique dans la province. <\/p>\n\n\n\n<blockquote class=\"wp-block-quote is-layout-flow wp-block-quote-is-layout-flow\">\n<p>\u00ab\u2009Donner aux jeunes les moyens de b\u00e9n\u00e9ficier d\u2019un soutien en \u00e9ducation juridique revient \u00e0 leur donner la cl\u00e9 pour lib\u00e9rer leur potentiel et se frayer un chemin dans le syst\u00e8me juridique. Il ne s\u2019agit pas seulement de comprendre les droits et les politiques juridiques, mais aussi de cultiver la confiance, la r\u00e9silience et l\u2019espoir d\u2019un avenir meilleur et fructueux.\u2009\u00bb<\/p>\n\n\n\n<p><strong>Ashanti Campbell<\/strong>, agente de projet locale pour la jeunesse<\/p>\n<\/blockquote>\n\n\n\n<blockquote class=\"wp-block-quote is-layout-flow wp-block-quote-is-layout-flow\">\n<p>\u00ab\u2009Il est important que les jeunes puissent s\u2019exprimer et explorer des concepts souvent \u00e9vit\u00e9s \u00e0 l\u2019\u00e9cole. Ce dialogue est n\u00e9cessaire dans notre communaut\u00e9.\u2009\u00bb<\/p>\n\n\n\n<p><strong>Andre Mandela Lopez<\/strong>,membre de l\u2019\u00e9quipe des jeunes leaders<\/p>\n<\/blockquote>\n\n\n\n<blockquote class=\"wp-block-quote is-layout-flow wp-block-quote-is-layout-flow\">\n<p>\u00ab\u2009Le programme m\u2019a donn\u00e9 l\u2019occasion d\u2019en apprendre plus sur mes droits, de r\u00e9fl\u00e9chir \u00e0 ma fa\u00e7on de communiquer et de d\u00e9fendre mes droits et int\u00e9r\u00eats et ceux des autres.\u2009\u00bb<\/p>\n\n\n\n<p><strong>Jeune participant\u00b7e<\/strong>, Dialogues entre les jeunes et la police<\/p>\n<\/blockquote>\n\n\n\n<blockquote class=\"wp-block-quote is-layout-flow wp-block-quote-is-layout-flow\">\n<p>\u00ab\u2009Lorsque j\u2019ai particip\u00e9 \u00e0 ces ateliers, j\u2019en \u00e9tais aux premi\u00e8res \u00e9tapes de ma cause devant le tribunal de la famille. Il m\u2019a \u00e9t\u00e9 utile de savoir comment les choses allaient se d\u00e9rouler, comment acc\u00e9der aux diff\u00e9rents services et m\u00eame de tout simplement comprendre ce que signifiaient certains termes\u2009\u00bb.<\/p>\n\n\n\n<p><strong>Jeune participant\u00b7e<\/strong>,Droit de la famille pour jeunes parents<\/p>\n<\/blockquote>\n","protected":false},"excerpt":{"rendered":"<p>Les jeunes sont au c\u0153ur de tout ce que fait le ROEJ, qu\u2019il s\u2019agisse de participer \u00e0 nos programmes ou d\u2019aider \u00e0 les concevoir et \u00e0 les mettre en \u0153uvre \u2014 et \u00e0 bien d\u2019autres \u00e9gards. Nous appr\u00e9cions l\u2019expertise que les jeunes apportent \u00e0 toutes les facettes de notre organisation. D\u00e9couvrez quelques-uns des jeunes exceptionnels [&hellip;]<\/p>\n","protected":false},"author":2,"featured_media":0,"parent":30122,"menu_order":0,"comment_status":"closed","ping_status":"closed","template":"template-blocks.php","meta":{"_acf_changed":false,"_eb_attr":"","inline_featured_image":false,"ub_ctt_via":"","footnotes":""},"class_list":["post-30130","page","type-page","status-publish","hentry"],"acf":[],"featured_image_src":null,"yoast_head":"<!-- This site is optimized with the Yoast SEO plugin v25.3 - https:\/\/yoast.com\/wordpress\/plugins\/seo\/ -->\n<title>Jeunes en vedette - OJEN<\/title>\n<meta name=\"robots\" content=\"noindex, follow, max-snippet:-1, max-image-preview:large, max-video-preview:-1\" \/>\n<meta property=\"og:locale\" content=\"fr_CA\" \/>\n<meta property=\"og:type\" content=\"article\" \/>\n<meta property=\"og:title\" content=\"Jeunes en vedette - OJEN\" \/>\n<meta property=\"og:description\" content=\"Les jeunes sont au c\u0153ur de tout ce que fait le ROEJ, qu\u2019il s\u2019agisse de participer \u00e0 nos programmes ou d\u2019aider \u00e0 les concevoir et \u00e0 les mettre en \u0153uvre \u2014 et \u00e0 bien d\u2019autres \u00e9gards. Nous appr\u00e9cions l\u2019expertise que les jeunes apportent \u00e0 toutes les facettes de notre organisation. D\u00e9couvrez quelques-uns des jeunes exceptionnels [&hellip;]\" \/>\n<meta property=\"og:url\" content=\"https:\/\/ojen2024.turnbull.co\/fr\/pour-les-jeunes\/en-vedette\" \/>\n<meta property=\"og:site_name\" content=\"OJEN\" \/>\n<meta property=\"article:publisher\" content=\"https:\/\/www.facebook.com\/pages\/OJEN\/252115501467864\" \/>\n<meta property=\"article:modified_time\" content=\"2025-07-29T10:48:39+00:00\" \/>\n<meta name=\"twitter:card\" content=\"summary_large_image\" \/>\n<meta name=\"twitter:site\" content=\"@OJEN_ROEJ\" \/>\n<meta name=\"twitter:label1\" content=\"Estimation du temps de lecture\" \/>\n\t<meta name=\"twitter:data1\" content=\"1 minute\" \/>\n<script type=\"application\/ld+json\" class=\"yoast-schema-graph\">{\"@context\":\"https:\/\/schema.org\",\"@graph\":[{\"@type\":\"WebPage\",\"@id\":\"https:\/\/ojen2024.turnbull.co\/fr\/pour-les-jeunes\/en-vedette\",\"url\":\"https:\/\/ojen2024.turnbull.co\/fr\/pour-les-jeunes\/en-vedette\",\"name\":\"Jeunes en vedette - OJEN\",\"isPartOf\":{\"@id\":\"https:\/\/ojen2024.turnbull.co\/en\/#website\"},\"datePublished\":\"2025-07-09T14:28:52+00:00\",\"dateModified\":\"2025-07-29T10:48:39+00:00\",\"breadcrumb\":{\"@id\":\"https:\/\/ojen2024.turnbull.co\/fr\/pour-les-jeunes\/en-vedette#breadcrumb\"},\"inLanguage\":\"fr-CA\",\"potentialAction\":[{\"@type\":\"ReadAction\",\"target\":[\"https:\/\/ojen2024.turnbull.co\/fr\/pour-les-jeunes\/en-vedette\"]}]},{\"@type\":\"BreadcrumbList\",\"@id\":\"https:\/\/ojen2024.turnbull.co\/fr\/pour-les-jeunes\/en-vedette#breadcrumb\",\"itemListElement\":[{\"@type\":\"ListItem\",\"position\":1,\"name\":\"Home\",\"item\":\"https:\/\/ojen2024.turnbull.co\/fr\"},{\"@type\":\"ListItem\",\"position\":2,\"name\":\"Pour les jeunes\",\"item\":\"https:\/\/ojen2024.turnbull.co\/fr\/pour-les-jeunes\"},{\"@type\":\"ListItem\",\"position\":3,\"name\":\"Jeunes en vedette\"}]},{\"@type\":\"WebSite\",\"@id\":\"https:\/\/ojen2024.turnbull.co\/en\/#website\",\"url\":\"https:\/\/ojen2024.turnbull.co\/en\/\",\"name\":\"OJEN\",\"description\":\"\",\"potentialAction\":[{\"@type\":\"SearchAction\",\"target\":{\"@type\":\"EntryPoint\",\"urlTemplate\":\"https:\/\/ojen2024.turnbull.co\/en\/?s={search_term_string}\"},\"query-input\":{\"@type\":\"PropertyValueSpecification\",\"valueRequired\":true,\"valueName\":\"search_term_string\"}}],\"inLanguage\":\"fr-CA\"}]}<\/script>\n<!-- \/ Yoast SEO plugin. -->","yoast_head_json":{"title":"Jeunes en vedette - OJEN","robots":{"index":"noindex","follow":"follow","max-snippet":"max-snippet:-1","max-image-preview":"max-image-preview:large","max-video-preview":"max-video-preview:-1"},"og_locale":"fr_CA","og_type":"article","og_title":"Jeunes en vedette - OJEN","og_description":"Les jeunes sont au c\u0153ur de tout ce que fait le ROEJ, qu\u2019il s\u2019agisse de participer \u00e0 nos programmes ou d\u2019aider \u00e0 les concevoir et \u00e0 les mettre en \u0153uvre \u2014 et \u00e0 bien d\u2019autres \u00e9gards. Nous appr\u00e9cions l\u2019expertise que les jeunes apportent \u00e0 toutes les facettes de notre organisation. D\u00e9couvrez quelques-uns des jeunes exceptionnels [&hellip;]","og_url":"https:\/\/ojen2024.turnbull.co\/fr\/pour-les-jeunes\/en-vedette","og_site_name":"OJEN","article_publisher":"https:\/\/www.facebook.com\/pages\/OJEN\/252115501467864","article_modified_time":"2025-07-29T10:48:39+00:00","twitter_card":"summary_large_image","twitter_site":"@OJEN_ROEJ","twitter_misc":{"Estimation du temps de lecture":"1 minute"},"schema":{"@context":"https:\/\/schema.org","@graph":[{"@type":"WebPage","@id":"https:\/\/ojen2024.turnbull.co\/fr\/pour-les-jeunes\/en-vedette","url":"https:\/\/ojen2024.turnbull.co\/fr\/pour-les-jeunes\/en-vedette","name":"Jeunes en vedette - OJEN","isPartOf":{"@id":"https:\/\/ojen2024.turnbull.co\/en\/#website"},"datePublished":"2025-07-09T14:28:52+00:00","dateModified":"2025-07-29T10:48:39+00:00","breadcrumb":{"@id":"https:\/\/ojen2024.turnbull.co\/fr\/pour-les-jeunes\/en-vedette#breadcrumb"},"inLanguage":"fr-CA","potentialAction":[{"@type":"ReadAction","target":["https:\/\/ojen2024.turnbull.co\/fr\/pour-les-jeunes\/en-vedette"]}]},{"@type":"BreadcrumbList","@id":"https:\/\/ojen2024.turnbull.co\/fr\/pour-les-jeunes\/en-vedette#breadcrumb","itemListElement":[{"@type":"ListItem","position":1,"name":"Home","item":"https:\/\/ojen2024.turnbull.co\/fr"},{"@type":"ListItem","position":2,"name":"Pour les jeunes","item":"https:\/\/ojen2024.turnbull.co\/fr\/pour-les-jeunes"},{"@type":"ListItem","position":3,"name":"Jeunes en vedette"}]},{"@type":"WebSite","@id":"https:\/\/ojen2024.turnbull.co\/en\/#website","url":"https:\/\/ojen2024.turnbull.co\/en\/","name":"OJEN","description":"","potentialAction":[{"@type":"SearchAction","target":{"@type":"EntryPoint","urlTemplate":"https:\/\/ojen2024.turnbull.co\/en\/?s={search_term_string}"},"query-input":{"@type":"PropertyValueSpecification","valueRequired":true,"valueName":"search_term_string"}}],"inLanguage":"fr-CA"}]}},"_links":{"self":[{"href":"https:\/\/ojen2024.turnbull.co\/fr\/wp-json\/wp\/v2\/pages\/30130"}],"collection":[{"href":"https:\/\/ojen2024.turnbull.co\/fr\/wp-json\/wp\/v2\/pages"}],"about":[{"href":"https:\/\/ojen2024.turnbull.co\/fr\/wp-json\/wp\/v2\/types\/page"}],"author":[{"embeddable":true,"href":"https:\/\/ojen2024.turnbull.co\/fr\/wp-json\/wp\/v2\/users\/2"}],"replies":[{"embeddable":true,"href":"https:\/\/ojen2024.turnbull.co\/fr\/wp-json\/wp\/v2\/comments?post=30130"}],"version-history":[{"count":0,"href":"https:\/\/ojen2024.turnbull.co\/fr\/wp-json\/wp\/v2\/pages\/30130\/revisions"}],"up":[{"embeddable":true,"href":"https:\/\/ojen2024.turnbull.co\/fr\/wp-json\/wp\/v2\/pages\/30122"}],"wp:attachment":[{"href":"https:\/\/ojen2024.turnbull.co\/fr\/wp-json\/wp\/v2\/media?parent=30130"}],"curies":[{"name":"wp","href":"https:\/\/api.w.org\/{rel}","templated":true}]}}