{"id":30145,"date":"2025-07-09T12:14:33","date_gmt":"2025-07-09T16:14:33","guid":{"rendered":"https:\/\/ojen2024.turnbull.co\/?page_id=30145"},"modified":"2025-07-12T05:23:37","modified_gmt":"2025-07-12T09:23:37","slug":"ressources-de-formation-pour-les-enseignant%c2%b7es","status":"publish","type":"page","link":"https:\/\/ojen2024.turnbull.co\/fr\/formation\/pour-les-enseignants\/ressources-de-formation-pour-les-enseignant%c2%b7es","title":{"rendered":"Ressources de formation pour les enseignant\u00b7es"},"content":{"rendered":"<p>Nous mettons \u00e0 la disposition des enseignant\u00b7es qui souhaitent aider les jeunes \u00e0 se familiariser avec notre syst\u00e8me de justice du mat\u00e9riel \u00e9ducatif ainsi que des formations de perfectionnement professionnel gratuites ou peu co\u00fbteuses.<\/p>\n<p>Nous offrons \u00e9galement des ateliers de perfectionnement professionnels pour les enseignant\u00b7es et celles et ceux qui suivent des formations pour le devenir qui permettent d\u2019apprendre \u00e0 bien utiliser nos ressources \u00e9ducatives. Nous travaillons avec les conseils scolaires \u00e0 l\u2019occasion des journ\u00e9es de perfectionnement professionnel partout dans la province.<\/p>\n<ul>\n<li><a href=\"https:\/\/ojen.ca\/fr\/formation\/for-teachers-fr\/ateliers-de-perfectionnement-professionnel\/\">Ateliers de perfectionnement professionnel<\/a><\/li>\n<li><a href=\"https:\/\/ojen.ca\/fr\/contribuer-au-travail-du-roej\/organiser-une-formation-pour-enseignants\/\">Organiser une formation pour enseignantes<\/a><\/li>\n<\/ul>\n<p>Pour en savoir plus sur les ateliers de perfectionnement professionnel du ROEJ ou pour demander la tenue d\u2019un atelier, veuillez <a href=\"https:\/\/ojen.ca\/fr\/a-propos\/contact\/\">communiquer avec nous<\/a> au moyen de notre <a href=\"https:\/\/ojen.ca\/fr\/a-propos\/contact\/\">formulaire \u00e9lectronique<\/a>.<\/p>\n<p>Abonnez-vous au <a href=\"https:\/\/ojen.ca\/fr\/subscribe\/?reset=1&amp;q=civicrm\/profile\/create\">Bulletin de nouvelles<\/a> du ROEJ pour recevoir des mises \u00e0 jour.<\/p>\n<p>Les nouvelles occasions de formation et ressources seront annonc\u00e9es sur <a href=\"https:\/\/twitter.com\/OJEN_ROEJ\">X<\/a>, <a href=\"https:\/\/www.linkedin.com\/company\/ontario-justice-education-network\/posts\/?feedView=all\">Linkedin<\/a>, <a href=\"https:\/\/www.facebook.com\/OJENROEJ\/\">Facebook<\/a>, <a href=\"https:\/\/www.instagram.com\/ojen_roej\/\">Instagram<\/a> et le <a href=\"https:\/\/ojen.ca\/fr\/a-propos\/blogue\/\">blogue du ROEJ<\/a>.<\/p>\n","protected":false},"excerpt":{"rendered":"<p>Nous mettons \u00e0 la disposition des enseignant\u00b7es qui souhaitent aider les jeunes \u00e0 se familiariser avec notre syst\u00e8me de justice du mat\u00e9riel \u00e9ducatif ainsi que des formations de perfectionnement professionnel gratuites ou peu co\u00fbteuses. Nous offrons \u00e9galement des ateliers de perfectionnement professionnels pour les enseignant\u00b7es et celles et ceux qui suivent des formations pour le [&hellip;]<\/p>\n","protected":false},"author":2,"featured_media":0,"parent":8005,"menu_order":0,"comment_status":"closed","ping_status":"closed","template":"","meta":{"_acf_changed":false,"_eb_attr":"","inline_featured_image":false,"ub_ctt_via":"","footnotes":""},"class_list":["post-30145","page","type-page","status-publish","hentry"],"acf":[],"featured_image_src":null,"yoast_head":"<!-- This site is optimized with the Yoast SEO plugin v25.3 - https:\/\/yoast.com\/wordpress\/plugins\/seo\/ -->\n<title>Ressources de formation pour les enseignant\u00b7es - OJEN<\/title>\n<meta name=\"robots\" content=\"noindex, follow, max-snippet:-1, max-image-preview:large, max-video-preview:-1\" \/>\n<meta property=\"og:locale\" content=\"fr_CA\" \/>\n<meta property=\"og:type\" content=\"article\" \/>\n<meta property=\"og:title\" content=\"Ressources de formation pour les enseignant\u00b7es - OJEN\" \/>\n<meta property=\"og:description\" content=\"Nous mettons \u00e0 la disposition des enseignant\u00b7es qui souhaitent aider les jeunes \u00e0 se familiariser avec notre syst\u00e8me de justice du mat\u00e9riel \u00e9ducatif ainsi que des formations de perfectionnement professionnel gratuites ou peu co\u00fbteuses. Nous offrons \u00e9galement des ateliers de perfectionnement professionnels pour les enseignant\u00b7es et celles et ceux qui suivent des formations pour le [&hellip;]\" \/>\n<meta property=\"og:url\" content=\"https:\/\/ojen2024.turnbull.co\/fr\/formation\/pour-les-enseignants\/ressources-de-formation-pour-les-enseignant\u00b7es\" \/>\n<meta property=\"og:site_name\" content=\"OJEN\" \/>\n<meta property=\"article:publisher\" content=\"https:\/\/www.facebook.com\/pages\/OJEN\/252115501467864\" \/>\n<meta property=\"article:modified_time\" content=\"2025-07-12T09:23:37+00:00\" \/>\n<meta name=\"twitter:card\" content=\"summary_large_image\" \/>\n<meta name=\"twitter:site\" content=\"@OJEN_ROEJ\" \/>\n<meta name=\"twitter:label1\" content=\"Estimation du temps de lecture\" \/>\n\t<meta name=\"twitter:data1\" content=\"1 minute\" \/>\n<script type=\"application\/ld+json\" class=\"yoast-schema-graph\">{\"@context\":\"https:\/\/schema.org\",\"@graph\":[{\"@type\":\"WebPage\",\"@id\":\"https:\/\/ojen2024.turnbull.co\/fr\/formation\/pour-les-enseignants\/ressources-de-formation-pour-les-enseignant%c2%b7es\",\"url\":\"https:\/\/ojen2024.turnbull.co\/fr\/formation\/pour-les-enseignants\/ressources-de-formation-pour-les-enseignant%c2%b7es\",\"name\":\"Ressources de formation pour les enseignant\u00b7es - OJEN\",\"isPartOf\":{\"@id\":\"https:\/\/ojen2024.turnbull.co\/en\/#website\"},\"datePublished\":\"2025-07-09T16:14:33+00:00\",\"dateModified\":\"2025-07-12T09:23:37+00:00\",\"breadcrumb\":{\"@id\":\"https:\/\/ojen2024.turnbull.co\/fr\/formation\/pour-les-enseignants\/ressources-de-formation-pour-les-enseignant%c2%b7es#breadcrumb\"},\"inLanguage\":\"fr-CA\",\"potentialAction\":[{\"@type\":\"ReadAction\",\"target\":[\"https:\/\/ojen2024.turnbull.co\/fr\/formation\/pour-les-enseignants\/ressources-de-formation-pour-les-enseignant%c2%b7es\"]}]},{\"@type\":\"BreadcrumbList\",\"@id\":\"https:\/\/ojen2024.turnbull.co\/fr\/formation\/pour-les-enseignants\/ressources-de-formation-pour-les-enseignant%c2%b7es#breadcrumb\",\"itemListElement\":[{\"@type\":\"ListItem\",\"position\":1,\"name\":\"Home\",\"item\":\"https:\/\/ojen2024.turnbull.co\/fr\"},{\"@type\":\"ListItem\",\"position\":2,\"name\":\"Formation\",\"item\":\"https:\/\/ojen2024.turnbull.co\/fr\/formation\"},{\"@type\":\"ListItem\",\"position\":3,\"name\":\"Formation pour enseignant\u00b7es\",\"item\":\"https:\/\/ojen2024.turnbull.co\/fr\/formation\/pour-les-enseignants\"},{\"@type\":\"ListItem\",\"position\":4,\"name\":\"Ressources de formation pour les enseignant\u00b7es\"}]},{\"@type\":\"WebSite\",\"@id\":\"https:\/\/ojen2024.turnbull.co\/en\/#website\",\"url\":\"https:\/\/ojen2024.turnbull.co\/en\/\",\"name\":\"OJEN\",\"description\":\"\",\"potentialAction\":[{\"@type\":\"SearchAction\",\"target\":{\"@type\":\"EntryPoint\",\"urlTemplate\":\"https:\/\/ojen2024.turnbull.co\/en\/?s={search_term_string}\"},\"query-input\":{\"@type\":\"PropertyValueSpecification\",\"valueRequired\":true,\"valueName\":\"search_term_string\"}}],\"inLanguage\":\"fr-CA\"}]}<\/script>\n<!-- \/ Yoast SEO plugin. -->","yoast_head_json":{"title":"Ressources de formation pour les enseignant\u00b7es - OJEN","robots":{"index":"noindex","follow":"follow","max-snippet":"max-snippet:-1","max-image-preview":"max-image-preview:large","max-video-preview":"max-video-preview:-1"},"og_locale":"fr_CA","og_type":"article","og_title":"Ressources de formation pour les enseignant\u00b7es - OJEN","og_description":"Nous mettons \u00e0 la disposition des enseignant\u00b7es qui souhaitent aider les jeunes \u00e0 se familiariser avec notre syst\u00e8me de justice du mat\u00e9riel \u00e9ducatif ainsi que des formations de perfectionnement professionnel gratuites ou peu co\u00fbteuses. Nous offrons \u00e9galement des ateliers de perfectionnement professionnels pour les enseignant\u00b7es et celles et ceux qui suivent des formations pour le [&hellip;]","og_url":"https:\/\/ojen2024.turnbull.co\/fr\/formation\/pour-les-enseignants\/ressources-de-formation-pour-les-enseignant\u00b7es","og_site_name":"OJEN","article_publisher":"https:\/\/www.facebook.com\/pages\/OJEN\/252115501467864","article_modified_time":"2025-07-12T09:23:37+00:00","twitter_card":"summary_large_image","twitter_site":"@OJEN_ROEJ","twitter_misc":{"Estimation du temps de lecture":"1 minute"},"schema":{"@context":"https:\/\/schema.org","@graph":[{"@type":"WebPage","@id":"https:\/\/ojen2024.turnbull.co\/fr\/formation\/pour-les-enseignants\/ressources-de-formation-pour-les-enseignant%c2%b7es","url":"https:\/\/ojen2024.turnbull.co\/fr\/formation\/pour-les-enseignants\/ressources-de-formation-pour-les-enseignant%c2%b7es","name":"Ressources de formation pour les enseignant\u00b7es - OJEN","isPartOf":{"@id":"https:\/\/ojen2024.turnbull.co\/en\/#website"},"datePublished":"2025-07-09T16:14:33+00:00","dateModified":"2025-07-12T09:23:37+00:00","breadcrumb":{"@id":"https:\/\/ojen2024.turnbull.co\/fr\/formation\/pour-les-enseignants\/ressources-de-formation-pour-les-enseignant%c2%b7es#breadcrumb"},"inLanguage":"fr-CA","potentialAction":[{"@type":"ReadAction","target":["https:\/\/ojen2024.turnbull.co\/fr\/formation\/pour-les-enseignants\/ressources-de-formation-pour-les-enseignant%c2%b7es"]}]},{"@type":"BreadcrumbList","@id":"https:\/\/ojen2024.turnbull.co\/fr\/formation\/pour-les-enseignants\/ressources-de-formation-pour-les-enseignant%c2%b7es#breadcrumb","itemListElement":[{"@type":"ListItem","position":1,"name":"Home","item":"https:\/\/ojen2024.turnbull.co\/fr"},{"@type":"ListItem","position":2,"name":"Formation","item":"https:\/\/ojen2024.turnbull.co\/fr\/formation"},{"@type":"ListItem","position":3,"name":"Formation pour enseignant\u00b7es","item":"https:\/\/ojen2024.turnbull.co\/fr\/formation\/pour-les-enseignants"},{"@type":"ListItem","position":4,"name":"Ressources de formation pour les enseignant\u00b7es"}]},{"@type":"WebSite","@id":"https:\/\/ojen2024.turnbull.co\/en\/#website","url":"https:\/\/ojen2024.turnbull.co\/en\/","name":"OJEN","description":"","potentialAction":[{"@type":"SearchAction","target":{"@type":"EntryPoint","urlTemplate":"https:\/\/ojen2024.turnbull.co\/en\/?s={search_term_string}"},"query-input":{"@type":"PropertyValueSpecification","valueRequired":true,"valueName":"search_term_string"}}],"inLanguage":"fr-CA"}]}},"_links":{"self":[{"href":"https:\/\/ojen2024.turnbull.co\/fr\/wp-json\/wp\/v2\/pages\/30145"}],"collection":[{"href":"https:\/\/ojen2024.turnbull.co\/fr\/wp-json\/wp\/v2\/pages"}],"about":[{"href":"https:\/\/ojen2024.turnbull.co\/fr\/wp-json\/wp\/v2\/types\/page"}],"author":[{"embeddable":true,"href":"https:\/\/ojen2024.turnbull.co\/fr\/wp-json\/wp\/v2\/users\/2"}],"replies":[{"embeddable":true,"href":"https:\/\/ojen2024.turnbull.co\/fr\/wp-json\/wp\/v2\/comments?post=30145"}],"version-history":[{"count":0,"href":"https:\/\/ojen2024.turnbull.co\/fr\/wp-json\/wp\/v2\/pages\/30145\/revisions"}],"up":[{"embeddable":true,"href":"https:\/\/ojen2024.turnbull.co\/fr\/wp-json\/wp\/v2\/pages\/8005"}],"wp:attachment":[{"href":"https:\/\/ojen2024.turnbull.co\/fr\/wp-json\/wp\/v2\/media?parent=30145"}],"curies":[{"name":"wp","href":"https:\/\/api.w.org\/{rel}","templated":true}]}}