{"id":30166,"date":"2025-07-10T03:17:36","date_gmt":"2025-07-10T07:17:36","guid":{"rendered":"https:\/\/ojen2024.turnbull.co\/?page_id=30166"},"modified":"2025-07-27T06:54:24","modified_gmt":"2025-07-27T10:54:24","slug":"venir-parler-a-une-classe","status":"publish","type":"page","link":"https:\/\/ojen2024.turnbull.co\/fr\/contribuer-au-travail-du-roej\/devenez-benevole\/venir-parler-a-une-classe","title":{"rendered":"Comment s\u2019impliquer: Venir parler \u00e0 une classe"},"content":{"rendered":"\n<p>Le programme <a href=\"\/fr\/le-roej-dans-les-salles-de-classe\/form\">Juriste en salle de classe<\/a> du ROEJ est un programme populaire aupr\u00e8s du personnel enseignant des \u00e9coles secondaires de l\u2019Ontario. Apr\u00e8s avoir re\u00e7u un formulaire de demande, le ROEJ met les enseignants en contact avec un\u00b7e avocat\u00b7e, un\u00b7e parajuriste ou un\u00b7e autre professionnel\u00b7le du droit qui peut venir parler \u00e0 leur classe de divers sujets, en personne ou en ligne. Les sujets les plus populaires sont\u00a0: la loi dans la vie de tous les jours, la proc\u00e9dure p\u00e9nale, votre parcours professionnel, les causes int\u00e9ressantes sur lesquelles vous avez travaill\u00e9, etc. On pourrait, entre autres, vous demander de pr\u00e9sider un proc\u00e8s simul\u00e9 en classe. Pour participer b\u00e9n\u00e9volement \u00e0 ce programme et ajouter votre nom \u00e0 la liste des juristes du ROEJ, contactez <a href=\"mailto:info@ojen.ca\">info@ojen.ca<\/a>.<\/p>\n\n\n\n<p><\/p>\n","protected":false},"excerpt":{"rendered":"<p>Le programme Juriste en salle de classe du ROEJ est un programme populaire aupr\u00e8s du personnel enseignant des \u00e9coles secondaires de l\u2019Ontario. Apr\u00e8s avoir re\u00e7u un formulaire de demande, le ROEJ met les enseignants en contact avec un\u00b7e avocat\u00b7e, un\u00b7e parajuriste ou un\u00b7e autre professionnel\u00b7le du droit qui peut venir parler \u00e0 leur classe de [&hellip;]<\/p>\n","protected":false},"author":2,"featured_media":0,"parent":8033,"menu_order":0,"comment_status":"closed","ping_status":"closed","template":"","meta":{"_acf_changed":false,"_eb_attr":"","inline_featured_image":false,"ub_ctt_via":"","footnotes":""},"class_list":["post-30166","page","type-page","status-publish","hentry"],"acf":[],"featured_image_src":null,"yoast_head":"<!-- This site is optimized with the Yoast SEO plugin v25.3 - https:\/\/yoast.com\/wordpress\/plugins\/seo\/ -->\n<title>Comment s\u2019impliquer: Venir parler \u00e0 une classe - OJEN<\/title>\n<meta name=\"robots\" content=\"noindex, follow, max-snippet:-1, max-image-preview:large, max-video-preview:-1\" \/>\n<meta property=\"og:locale\" content=\"fr_CA\" \/>\n<meta property=\"og:type\" content=\"article\" \/>\n<meta property=\"og:title\" content=\"Comment s\u2019impliquer: Venir parler \u00e0 une classe - OJEN\" \/>\n<meta property=\"og:description\" content=\"Le programme Juriste en salle de classe du ROEJ est un programme populaire aupr\u00e8s du personnel enseignant des \u00e9coles secondaires de l\u2019Ontario. Apr\u00e8s avoir re\u00e7u un formulaire de demande, le ROEJ met les enseignants en contact avec un\u00b7e avocat\u00b7e, un\u00b7e parajuriste ou un\u00b7e autre professionnel\u00b7le du droit qui peut venir parler \u00e0 leur classe de [&hellip;]\" \/>\n<meta property=\"og:url\" content=\"https:\/\/ojen2024.turnbull.co\/fr\/contribuer-au-travail-du-roej\/devenez-benevole\/venir-parler-a-une-classe\" \/>\n<meta property=\"og:site_name\" content=\"OJEN\" \/>\n<meta property=\"article:publisher\" content=\"https:\/\/www.facebook.com\/pages\/OJEN\/252115501467864\" \/>\n<meta property=\"article:modified_time\" content=\"2025-07-27T10:54:24+00:00\" \/>\n<meta name=\"twitter:card\" content=\"summary_large_image\" \/>\n<meta name=\"twitter:site\" content=\"@OJEN_ROEJ\" \/>\n<meta name=\"twitter:label1\" content=\"Estimation du temps de lecture\" \/>\n\t<meta name=\"twitter:data1\" content=\"1 minute\" \/>\n<script type=\"application\/ld+json\" class=\"yoast-schema-graph\">{\"@context\":\"https:\/\/schema.org\",\"@graph\":[{\"@type\":\"WebPage\",\"@id\":\"https:\/\/ojen2024.turnbull.co\/fr\/contribuer-au-travail-du-roej\/devenez-benevole\/venir-parler-a-une-classe\",\"url\":\"https:\/\/ojen2024.turnbull.co\/fr\/contribuer-au-travail-du-roej\/devenez-benevole\/venir-parler-a-une-classe\",\"name\":\"Comment s\u2019impliquer: Venir parler \u00e0 une classe - OJEN\",\"isPartOf\":{\"@id\":\"https:\/\/ojen2024.turnbull.co\/en\/#website\"},\"datePublished\":\"2025-07-10T07:17:36+00:00\",\"dateModified\":\"2025-07-27T10:54:24+00:00\",\"breadcrumb\":{\"@id\":\"https:\/\/ojen2024.turnbull.co\/fr\/contribuer-au-travail-du-roej\/devenez-benevole\/venir-parler-a-une-classe#breadcrumb\"},\"inLanguage\":\"fr-CA\",\"potentialAction\":[{\"@type\":\"ReadAction\",\"target\":[\"https:\/\/ojen2024.turnbull.co\/fr\/contribuer-au-travail-du-roej\/devenez-benevole\/venir-parler-a-une-classe\"]}]},{\"@type\":\"BreadcrumbList\",\"@id\":\"https:\/\/ojen2024.turnbull.co\/fr\/contribuer-au-travail-du-roej\/devenez-benevole\/venir-parler-a-une-classe#breadcrumb\",\"itemListElement\":[{\"@type\":\"ListItem\",\"position\":1,\"name\":\"Home\",\"item\":\"https:\/\/ojen2024.turnbull.co\/fr\"},{\"@type\":\"ListItem\",\"position\":2,\"name\":\"Comment s\u2019impliquer\",\"item\":\"https:\/\/ojen2024.turnbull.co\/fr\/contribuer-au-travail-du-roej\"},{\"@type\":\"ListItem\",\"position\":3,\"name\":\"Devenez b\u00e9n\u00e9vole\",\"item\":\"https:\/\/ojen2024.turnbull.co\/fr\/contribuer-au-travail-du-roej\/devenez-benevole\"},{\"@type\":\"ListItem\",\"position\":4,\"name\":\"Comment s\u2019impliquer: Venir parler \u00e0 une classe\"}]},{\"@type\":\"WebSite\",\"@id\":\"https:\/\/ojen2024.turnbull.co\/en\/#website\",\"url\":\"https:\/\/ojen2024.turnbull.co\/en\/\",\"name\":\"OJEN\",\"description\":\"\",\"potentialAction\":[{\"@type\":\"SearchAction\",\"target\":{\"@type\":\"EntryPoint\",\"urlTemplate\":\"https:\/\/ojen2024.turnbull.co\/en\/?s={search_term_string}\"},\"query-input\":{\"@type\":\"PropertyValueSpecification\",\"valueRequired\":true,\"valueName\":\"search_term_string\"}}],\"inLanguage\":\"fr-CA\"}]}<\/script>\n<!-- \/ Yoast SEO plugin. -->","yoast_head_json":{"title":"Comment s\u2019impliquer: Venir parler \u00e0 une classe - OJEN","robots":{"index":"noindex","follow":"follow","max-snippet":"max-snippet:-1","max-image-preview":"max-image-preview:large","max-video-preview":"max-video-preview:-1"},"og_locale":"fr_CA","og_type":"article","og_title":"Comment s\u2019impliquer: Venir parler \u00e0 une classe - OJEN","og_description":"Le programme Juriste en salle de classe du ROEJ est un programme populaire aupr\u00e8s du personnel enseignant des \u00e9coles secondaires de l\u2019Ontario. Apr\u00e8s avoir re\u00e7u un formulaire de demande, le ROEJ met les enseignants en contact avec un\u00b7e avocat\u00b7e, un\u00b7e parajuriste ou un\u00b7e autre professionnel\u00b7le du droit qui peut venir parler \u00e0 leur classe de [&hellip;]","og_url":"https:\/\/ojen2024.turnbull.co\/fr\/contribuer-au-travail-du-roej\/devenez-benevole\/venir-parler-a-une-classe","og_site_name":"OJEN","article_publisher":"https:\/\/www.facebook.com\/pages\/OJEN\/252115501467864","article_modified_time":"2025-07-27T10:54:24+00:00","twitter_card":"summary_large_image","twitter_site":"@OJEN_ROEJ","twitter_misc":{"Estimation du temps de lecture":"1 minute"},"schema":{"@context":"https:\/\/schema.org","@graph":[{"@type":"WebPage","@id":"https:\/\/ojen2024.turnbull.co\/fr\/contribuer-au-travail-du-roej\/devenez-benevole\/venir-parler-a-une-classe","url":"https:\/\/ojen2024.turnbull.co\/fr\/contribuer-au-travail-du-roej\/devenez-benevole\/venir-parler-a-une-classe","name":"Comment s\u2019impliquer: Venir parler \u00e0 une classe - OJEN","isPartOf":{"@id":"https:\/\/ojen2024.turnbull.co\/en\/#website"},"datePublished":"2025-07-10T07:17:36+00:00","dateModified":"2025-07-27T10:54:24+00:00","breadcrumb":{"@id":"https:\/\/ojen2024.turnbull.co\/fr\/contribuer-au-travail-du-roej\/devenez-benevole\/venir-parler-a-une-classe#breadcrumb"},"inLanguage":"fr-CA","potentialAction":[{"@type":"ReadAction","target":["https:\/\/ojen2024.turnbull.co\/fr\/contribuer-au-travail-du-roej\/devenez-benevole\/venir-parler-a-une-classe"]}]},{"@type":"BreadcrumbList","@id":"https:\/\/ojen2024.turnbull.co\/fr\/contribuer-au-travail-du-roej\/devenez-benevole\/venir-parler-a-une-classe#breadcrumb","itemListElement":[{"@type":"ListItem","position":1,"name":"Home","item":"https:\/\/ojen2024.turnbull.co\/fr"},{"@type":"ListItem","position":2,"name":"Comment s\u2019impliquer","item":"https:\/\/ojen2024.turnbull.co\/fr\/contribuer-au-travail-du-roej"},{"@type":"ListItem","position":3,"name":"Devenez b\u00e9n\u00e9vole","item":"https:\/\/ojen2024.turnbull.co\/fr\/contribuer-au-travail-du-roej\/devenez-benevole"},{"@type":"ListItem","position":4,"name":"Comment s\u2019impliquer: Venir parler \u00e0 une classe"}]},{"@type":"WebSite","@id":"https:\/\/ojen2024.turnbull.co\/en\/#website","url":"https:\/\/ojen2024.turnbull.co\/en\/","name":"OJEN","description":"","potentialAction":[{"@type":"SearchAction","target":{"@type":"EntryPoint","urlTemplate":"https:\/\/ojen2024.turnbull.co\/en\/?s={search_term_string}"},"query-input":{"@type":"PropertyValueSpecification","valueRequired":true,"valueName":"search_term_string"}}],"inLanguage":"fr-CA"}]}},"_links":{"self":[{"href":"https:\/\/ojen2024.turnbull.co\/fr\/wp-json\/wp\/v2\/pages\/30166"}],"collection":[{"href":"https:\/\/ojen2024.turnbull.co\/fr\/wp-json\/wp\/v2\/pages"}],"about":[{"href":"https:\/\/ojen2024.turnbull.co\/fr\/wp-json\/wp\/v2\/types\/page"}],"author":[{"embeddable":true,"href":"https:\/\/ojen2024.turnbull.co\/fr\/wp-json\/wp\/v2\/users\/2"}],"replies":[{"embeddable":true,"href":"https:\/\/ojen2024.turnbull.co\/fr\/wp-json\/wp\/v2\/comments?post=30166"}],"version-history":[{"count":0,"href":"https:\/\/ojen2024.turnbull.co\/fr\/wp-json\/wp\/v2\/pages\/30166\/revisions"}],"up":[{"embeddable":true,"href":"https:\/\/ojen2024.turnbull.co\/fr\/wp-json\/wp\/v2\/pages\/8033"}],"wp:attachment":[{"href":"https:\/\/ojen2024.turnbull.co\/fr\/wp-json\/wp\/v2\/media?parent=30166"}],"curies":[{"name":"wp","href":"https:\/\/api.w.org\/{rel}","templated":true}]}}