{"id":30178,"date":"2025-07-10T03:38:45","date_gmt":"2025-07-10T07:38:45","guid":{"rendered":"https:\/\/ojen2024.turnbull.co\/?page_id=30178"},"modified":"2025-07-12T04:36:16","modified_gmt":"2025-07-12T08:36:16","slug":"programmes-de-bourses-education-juridique","status":"publish","type":"page","link":"https:\/\/ojen2024.turnbull.co\/fr\/contribuer-au-travail-du-roej\/se-joindre-a-notre-equipe\/programmes-de-bourses-education-juridique","title":{"rendered":"Bourses de perfectionnement en \u00e9ducation juridique"},"content":{"rendered":"\n<p>La <strong>bourse d\u2019\u00e9ducation juridique <\/strong>du ROEJ est un programme d\u2019un an destin\u00e9 aux \u00e9tudiant\u00b7es en droit et en techniques juridiques de l\u2019Ontario. Les boursiers et boursi\u00e8res ont l\u2019occasion de travailler aux c\u00f4t\u00e9s de l\u2019\u00e9quipe du ROEJ et d\u2019obtenir une formation approfondie en \u00e9ducation juridique. Ils ont aussi l\u2019occasion d\u2019acqu\u00e9rir une exp\u00e9rience pratique en menant au moins trois programmes d\u2019\u00e9ducation juridique dans des \u00e9coles secondaires locales ou dans des milieux communautaires.<\/p>\n\n\n\n<p>Avec le soutien du personnel du ROEJ et de b\u00e9n\u00e9voles du secteur de la justice, les titulaires de bourses d\u00e9veloppent leurs comp\u00e9tences en communication et en sensibilisation, et apprennent \u00e0 parler devant un public. Ils ont aussi l\u2019occasion de contribuer \u00e0 l\u2019am\u00e9lioration de l\u2019acc\u00e8s \u00e0 la justice en aidant \u00e0 combler le foss\u00e9 entre les jeunes et le syst\u00e8me de justice. Cette bourse permet au ROEJ d\u2019\u00e9largir son champ d\u2019action aupr\u00e8s des communaut\u00e9s de l\u2019Ontario et offre aux \u00e9tudiant\u00b7es qui s\u2019int\u00e9ressent \u00e0 l\u2019\u00e9ducation juridique une excellente occasion de perfectionnement professionnel.<\/p>\n\n\n\n<p>Les titulaires de bourse participent \u00e0 une formation d\u2019une fin de semaine \u00e0 Toronto, travaillent avec les comit\u00e9s locaux et contribuent \u00e0 la mission du ROEJ, laquelle est de rendre l\u2019information juridique accessible. Des bourses sont offertes dans toutes les facult\u00e9s de droit de l\u2019Ontario et aux personnes inscrites \u00e0 un programme de certificat en techniques juridiques. Nous encourageons vivement les \u00e9tudiant\u00b7es francophones \u00e0 poser leur candidature. Pour en savoir plus sur le programme, n\u2019h\u00e9sitez pas \u00e0 contacter Jean-Paul Bevilacqua, \u00e0 jbevilacqua@ojen.ca, ou Hanna Holmes, \u00e0 <a href=\"mailto:hholmes@ojen.ca\">hholmes@ojen.ca<\/a>.<\/p>\n","protected":false},"excerpt":{"rendered":"<p>La bourse d\u2019\u00e9ducation juridique du ROEJ est un programme d\u2019un an destin\u00e9 aux \u00e9tudiant\u00b7es en droit et en techniques juridiques de l\u2019Ontario. Les boursiers et boursi\u00e8res ont l\u2019occasion de travailler aux c\u00f4t\u00e9s de l\u2019\u00e9quipe du ROEJ et d\u2019obtenir une formation approfondie en \u00e9ducation juridique. Ils ont aussi l\u2019occasion d\u2019acqu\u00e9rir une exp\u00e9rience pratique en menant au [&hellip;]<\/p>\n","protected":false},"author":2,"featured_media":0,"parent":8037,"menu_order":0,"comment_status":"closed","ping_status":"closed","template":"","meta":{"_acf_changed":false,"_eb_attr":"","inline_featured_image":false,"ub_ctt_via":"","footnotes":""},"class_list":["post-30178","page","type-page","status-publish","hentry"],"acf":[],"featured_image_src":null,"yoast_head":"<!-- This site is optimized with the Yoast SEO plugin v25.3 - https:\/\/yoast.com\/wordpress\/plugins\/seo\/ -->\n<title>Bourses de perfectionnement en \u00e9ducation juridique - OJEN<\/title>\n<meta name=\"robots\" content=\"noindex, follow, max-snippet:-1, max-image-preview:large, max-video-preview:-1\" \/>\n<meta property=\"og:locale\" content=\"fr_CA\" \/>\n<meta property=\"og:type\" content=\"article\" \/>\n<meta property=\"og:title\" content=\"Bourses de perfectionnement en \u00e9ducation juridique - OJEN\" \/>\n<meta property=\"og:description\" content=\"La bourse d\u2019\u00e9ducation juridique du ROEJ est un programme d\u2019un an destin\u00e9 aux \u00e9tudiant\u00b7es en droit et en techniques juridiques de l\u2019Ontario. Les boursiers et boursi\u00e8res ont l\u2019occasion de travailler aux c\u00f4t\u00e9s de l\u2019\u00e9quipe du ROEJ et d\u2019obtenir une formation approfondie en \u00e9ducation juridique. Ils ont aussi l\u2019occasion d\u2019acqu\u00e9rir une exp\u00e9rience pratique en menant au [&hellip;]\" \/>\n<meta property=\"og:url\" content=\"https:\/\/ojen2024.turnbull.co\/fr\/contribuer-au-travail-du-roej\/se-joindre-a-notre-equipe\/programmes-de-bourses-education-juridique\" \/>\n<meta property=\"og:site_name\" content=\"OJEN\" \/>\n<meta property=\"article:publisher\" content=\"https:\/\/www.facebook.com\/pages\/OJEN\/252115501467864\" \/>\n<meta property=\"article:modified_time\" content=\"2025-07-12T08:36:16+00:00\" \/>\n<meta name=\"twitter:card\" content=\"summary_large_image\" \/>\n<meta name=\"twitter:site\" content=\"@OJEN_ROEJ\" \/>\n<meta name=\"twitter:label1\" content=\"Estimation du temps de lecture\" \/>\n\t<meta name=\"twitter:data1\" content=\"2 minutes\" \/>\n<script type=\"application\/ld+json\" class=\"yoast-schema-graph\">{\"@context\":\"https:\/\/schema.org\",\"@graph\":[{\"@type\":\"WebPage\",\"@id\":\"https:\/\/ojen2024.turnbull.co\/fr\/contribuer-au-travail-du-roej\/se-joindre-a-notre-equipe\/programmes-de-bourses-education-juridique\",\"url\":\"https:\/\/ojen2024.turnbull.co\/fr\/contribuer-au-travail-du-roej\/se-joindre-a-notre-equipe\/programmes-de-bourses-education-juridique\",\"name\":\"Bourses de perfectionnement en \u00e9ducation juridique - OJEN\",\"isPartOf\":{\"@id\":\"https:\/\/ojen2024.turnbull.co\/en\/#website\"},\"datePublished\":\"2025-07-10T07:38:45+00:00\",\"dateModified\":\"2025-07-12T08:36:16+00:00\",\"breadcrumb\":{\"@id\":\"https:\/\/ojen2024.turnbull.co\/fr\/contribuer-au-travail-du-roej\/se-joindre-a-notre-equipe\/programmes-de-bourses-education-juridique#breadcrumb\"},\"inLanguage\":\"fr-CA\",\"potentialAction\":[{\"@type\":\"ReadAction\",\"target\":[\"https:\/\/ojen2024.turnbull.co\/fr\/contribuer-au-travail-du-roej\/se-joindre-a-notre-equipe\/programmes-de-bourses-education-juridique\"]}]},{\"@type\":\"BreadcrumbList\",\"@id\":\"https:\/\/ojen2024.turnbull.co\/fr\/contribuer-au-travail-du-roej\/se-joindre-a-notre-equipe\/programmes-de-bourses-education-juridique#breadcrumb\",\"itemListElement\":[{\"@type\":\"ListItem\",\"position\":1,\"name\":\"Home\",\"item\":\"https:\/\/ojen2024.turnbull.co\/fr\"},{\"@type\":\"ListItem\",\"position\":2,\"name\":\"Comment s\u2019impliquer\",\"item\":\"https:\/\/ojen2024.turnbull.co\/fr\/contribuer-au-travail-du-roej\"},{\"@type\":\"ListItem\",\"position\":3,\"name\":\"Se joindre \u00e0 notre \u00e9quipe\",\"item\":\"https:\/\/ojen2024.turnbull.co\/fr\/contribuer-au-travail-du-roej\/se-joindre-a-notre-equipe\"},{\"@type\":\"ListItem\",\"position\":4,\"name\":\"Bourses de perfectionnement en \u00e9ducation juridique\"}]},{\"@type\":\"WebSite\",\"@id\":\"https:\/\/ojen2024.turnbull.co\/en\/#website\",\"url\":\"https:\/\/ojen2024.turnbull.co\/en\/\",\"name\":\"OJEN\",\"description\":\"\",\"potentialAction\":[{\"@type\":\"SearchAction\",\"target\":{\"@type\":\"EntryPoint\",\"urlTemplate\":\"https:\/\/ojen2024.turnbull.co\/en\/?s={search_term_string}\"},\"query-input\":{\"@type\":\"PropertyValueSpecification\",\"valueRequired\":true,\"valueName\":\"search_term_string\"}}],\"inLanguage\":\"fr-CA\"}]}<\/script>\n<!-- \/ Yoast SEO plugin. -->","yoast_head_json":{"title":"Bourses de perfectionnement en \u00e9ducation juridique - OJEN","robots":{"index":"noindex","follow":"follow","max-snippet":"max-snippet:-1","max-image-preview":"max-image-preview:large","max-video-preview":"max-video-preview:-1"},"og_locale":"fr_CA","og_type":"article","og_title":"Bourses de perfectionnement en \u00e9ducation juridique - OJEN","og_description":"La bourse d\u2019\u00e9ducation juridique du ROEJ est un programme d\u2019un an destin\u00e9 aux \u00e9tudiant\u00b7es en droit et en techniques juridiques de l\u2019Ontario. Les boursiers et boursi\u00e8res ont l\u2019occasion de travailler aux c\u00f4t\u00e9s de l\u2019\u00e9quipe du ROEJ et d\u2019obtenir une formation approfondie en \u00e9ducation juridique. Ils ont aussi l\u2019occasion d\u2019acqu\u00e9rir une exp\u00e9rience pratique en menant au [&hellip;]","og_url":"https:\/\/ojen2024.turnbull.co\/fr\/contribuer-au-travail-du-roej\/se-joindre-a-notre-equipe\/programmes-de-bourses-education-juridique","og_site_name":"OJEN","article_publisher":"https:\/\/www.facebook.com\/pages\/OJEN\/252115501467864","article_modified_time":"2025-07-12T08:36:16+00:00","twitter_card":"summary_large_image","twitter_site":"@OJEN_ROEJ","twitter_misc":{"Estimation du temps de lecture":"2 minutes"},"schema":{"@context":"https:\/\/schema.org","@graph":[{"@type":"WebPage","@id":"https:\/\/ojen2024.turnbull.co\/fr\/contribuer-au-travail-du-roej\/se-joindre-a-notre-equipe\/programmes-de-bourses-education-juridique","url":"https:\/\/ojen2024.turnbull.co\/fr\/contribuer-au-travail-du-roej\/se-joindre-a-notre-equipe\/programmes-de-bourses-education-juridique","name":"Bourses de perfectionnement en \u00e9ducation juridique - OJEN","isPartOf":{"@id":"https:\/\/ojen2024.turnbull.co\/en\/#website"},"datePublished":"2025-07-10T07:38:45+00:00","dateModified":"2025-07-12T08:36:16+00:00","breadcrumb":{"@id":"https:\/\/ojen2024.turnbull.co\/fr\/contribuer-au-travail-du-roej\/se-joindre-a-notre-equipe\/programmes-de-bourses-education-juridique#breadcrumb"},"inLanguage":"fr-CA","potentialAction":[{"@type":"ReadAction","target":["https:\/\/ojen2024.turnbull.co\/fr\/contribuer-au-travail-du-roej\/se-joindre-a-notre-equipe\/programmes-de-bourses-education-juridique"]}]},{"@type":"BreadcrumbList","@id":"https:\/\/ojen2024.turnbull.co\/fr\/contribuer-au-travail-du-roej\/se-joindre-a-notre-equipe\/programmes-de-bourses-education-juridique#breadcrumb","itemListElement":[{"@type":"ListItem","position":1,"name":"Home","item":"https:\/\/ojen2024.turnbull.co\/fr"},{"@type":"ListItem","position":2,"name":"Comment s\u2019impliquer","item":"https:\/\/ojen2024.turnbull.co\/fr\/contribuer-au-travail-du-roej"},{"@type":"ListItem","position":3,"name":"Se joindre \u00e0 notre \u00e9quipe","item":"https:\/\/ojen2024.turnbull.co\/fr\/contribuer-au-travail-du-roej\/se-joindre-a-notre-equipe"},{"@type":"ListItem","position":4,"name":"Bourses de perfectionnement en \u00e9ducation juridique"}]},{"@type":"WebSite","@id":"https:\/\/ojen2024.turnbull.co\/en\/#website","url":"https:\/\/ojen2024.turnbull.co\/en\/","name":"OJEN","description":"","potentialAction":[{"@type":"SearchAction","target":{"@type":"EntryPoint","urlTemplate":"https:\/\/ojen2024.turnbull.co\/en\/?s={search_term_string}"},"query-input":{"@type":"PropertyValueSpecification","valueRequired":true,"valueName":"search_term_string"}}],"inLanguage":"fr-CA"}]}},"_links":{"self":[{"href":"https:\/\/ojen2024.turnbull.co\/fr\/wp-json\/wp\/v2\/pages\/30178"}],"collection":[{"href":"https:\/\/ojen2024.turnbull.co\/fr\/wp-json\/wp\/v2\/pages"}],"about":[{"href":"https:\/\/ojen2024.turnbull.co\/fr\/wp-json\/wp\/v2\/types\/page"}],"author":[{"embeddable":true,"href":"https:\/\/ojen2024.turnbull.co\/fr\/wp-json\/wp\/v2\/users\/2"}],"replies":[{"embeddable":true,"href":"https:\/\/ojen2024.turnbull.co\/fr\/wp-json\/wp\/v2\/comments?post=30178"}],"version-history":[{"count":0,"href":"https:\/\/ojen2024.turnbull.co\/fr\/wp-json\/wp\/v2\/pages\/30178\/revisions"}],"up":[{"embeddable":true,"href":"https:\/\/ojen2024.turnbull.co\/fr\/wp-json\/wp\/v2\/pages\/8037"}],"wp:attachment":[{"href":"https:\/\/ojen2024.turnbull.co\/fr\/wp-json\/wp\/v2\/media?parent=30178"}],"curies":[{"name":"wp","href":"https:\/\/api.w.org\/{rel}","templated":true}]}}