{"id":30817,"date":"2025-07-23T14:08:22","date_gmt":"2025-07-23T18:08:22","guid":{"rendered":"https:\/\/ojen2024.turnbull.co\/?page_id=30817"},"modified":"2025-07-29T14:12:50","modified_gmt":"2025-07-29T18:12:50","slug":"pscar","status":"publish","type":"page","link":"https:\/\/ojen2024.turnbull.co\/fr\/pscar","title":{"rendered":"Proc\u00e8s simul\u00e9s comp\u00e9titifs ABO\u2011ROEJ pour \u00e9l\u00e8ves du secondaire"},"content":{"rendered":"\n<section class=\"wp-block-tco2025-blocks-section-block has-white-bg\"><div class=\"layout__container\">\n<div class=\"wp-block-columns is-layout-flex wp-container-core-columns-is-layout-1 wp-block-columns-is-layout-flex\">\n<div class=\"wp-block-column is-layout-flow wp-block-column-is-layout-flow\"><\/div>\n\n\n\n<div class=\"wp-block-column is-layout-flow wp-block-column-is-layout-flow\" style=\"flex-basis:720px\">\n<h2 class=\"wp-block-heading has-text-align-center\"><strong>Proc\u00e8s simul\u00e9s comp\u00e9titifs ABO\u2011ROEJ pour \u00e9l\u00e8ves du secondaire<\/strong><\/h2>\n\n\n\n<p class=\"has-text-align-center\">Sur le pr\u00e9sent site, vous trouverez des informations sur le tournoi ayant lieu dans votre r\u00e9gion, les documents officiels de cette ann\u00e9e, les sc\u00e9narios de cas des ann\u00e9es pr\u00e9c\u00e9dentes et des ressources pour vous aider \u00e0 vous pr\u00e9parer \u00e0 un tournoi.<\/p>\n<\/div>\n\n\n\n<div class=\"wp-block-column is-layout-flow wp-block-column-is-layout-flow\"><\/div>\n<\/div>\n\n\n    <div class=\"page-menu-a\">\n      <div class=\"page-menu-a__wrapper\">\n                  <h5 class=\"page-menu-a__heading\">\n            Proc\u00e8s simul\u00e9s comp\u00e9titifs ABO\u2011ROEJ&nbsp;:          <\/h5>\n                <div class=\"page-menu-a__buttons\">\n                                    <div class=\"page-menu-a__menu js-menu-button\">\n                <button\n                  class=\"page-menu-a__button\"\n                  type=\"button\"\n                  aria-haspopup=\"true\"\n                  aria-expanded=\"false\"\n                >\n                  \u00c0 propos des PSCAR                  <svg\n                    class=\"page-menu-a__menu-icon\"\n                    width=\"8\" height=\"10\"\n                    viewBox=\"0 0 8 10\"\n                    fill=\"none\"\n                    xmlns=\"http:\/\/www.w3.org\/2000\/svg\"\n                  >\n                    <path d=\"M0 3.5L0 3L0.571429 3L4 6L7.42857 3L8 3L8 3.5L4 7L0 3.5Z\" fill=\"black\"\/>\n                  <\/svg>\n                <\/button>\n                <ul class=\"page-menu-a__menu-list\" role=\"menu\">\n                                      <li class=\"page-menu-a__menu-item\" role=\"none\">\n                      <a\n                        href=\"https:\/\/ojen2024.turnbull.co\/fr\/pscar\/a-propos-des-pscar\/historique-et-contexte\"\n                        class=\"page-menu-a__menu-link\"\n                        role=\"menuitem\"\n                      >\n                        Historique et contexte                      <\/a>\n                    <\/li>\n                                      <li class=\"page-menu-a__menu-item\" role=\"none\">\n                      <a\n                        href=\"https:\/\/ojen2024.turnbull.co\/fr\/pscar\/a-propos-des-pscar\/comment-ca-fonctionne\"\n                        class=\"page-menu-a__menu-link\"\n                        role=\"menuitem\"\n                      >\n                        Comment \u00e7a fonctionne                      <\/a>\n                    <\/li>\n                                      <li class=\"page-menu-a__menu-item\" role=\"none\">\n                      <a\n                        href=\"https:\/\/ojen2024.turnbull.co\/fr\/pscar\/a-propos-des-pscar\/faq\"\n                        class=\"page-menu-a__menu-link\"\n                        role=\"menuitem\"\n                      >\n                        Foire aux questions                      <\/a>\n                    <\/li>\n                                      <li class=\"page-menu-a__menu-item\" role=\"none\">\n                      <a\n                        href=\"https:\/\/ojen2024.turnbull.co\/fr\/pscar\/a-propos-des-pscar\/nous-joindre\"\n                        class=\"page-menu-a__menu-link\"\n                        role=\"menuitem\"\n                      >\n                        Nous joindre                      <\/a>\n                    <\/li>\n                                  <\/ul>\n              <\/div>\n                                                <a\n                href=\"https:\/\/ojen2024.turnbull.co\/en\/oocmt-local-tournaments-by-region\"\n                class=\"page-menu-a__button\"\n              >\n                Local tournaments by region              <\/a>\n                                                <div class=\"page-menu-a__menu js-menu-button\">\n                <button\n                  class=\"page-menu-a__button\"\n                  type=\"button\"\n                  aria-haspopup=\"true\"\n                  aria-expanded=\"false\"\n                >\n                  Tournament materials                  <svg\n                    class=\"page-menu-a__menu-icon\"\n                    width=\"8\" height=\"10\"\n                    viewBox=\"0 0 8 10\"\n                    fill=\"none\"\n                    xmlns=\"http:\/\/www.w3.org\/2000\/svg\"\n                  >\n                    <path d=\"M0 3.5L0 3L0.571429 3L4 6L7.42857 3L8 3L8 3.5L4 7L0 3.5Z\" fill=\"black\"\/>\n                  <\/svg>\n                <\/button>\n                <ul class=\"page-menu-a__menu-list\" role=\"menu\">\n                                      <li class=\"page-menu-a__menu-item\" role=\"none\">\n                      <a\n                        href=\"https:\/\/ojen2024.turnbull.co\/fr\/pscar\/ressources\/documents-officiels\"\n                        class=\"page-menu-a__menu-link\"\n                        role=\"menuitem\"\n                      >\n                        Documents cl\u00e9s du tournoi                      <\/a>\n                    <\/li>\n                                      <li class=\"page-menu-a__menu-item\" role=\"none\">\n                      <a\n                        href=\"https:\/\/ojen2024.turnbull.co\/fr\/pscar\/ressources\/aide-pour-debuter\"\n                        class=\"page-menu-a__menu-link\"\n                        role=\"menuitem\"\n                      >\n                        Ressources pour vous aider \u00e0 commencer                      <\/a>\n                    <\/li>\n                                      <li class=\"page-menu-a__menu-item\" role=\"none\">\n                      <a\n                        href=\"https:\/\/ojen2024.turnbull.co\/fr\/pscar\/ressources\/archives\"\n                        class=\"page-menu-a__menu-link\"\n                        role=\"menuitem\"\n                      >\n                        Archives                      <\/a>\n                    <\/li>\n                                  <\/ul>\n              <\/div>\n                                                <div class=\"page-menu-a__menu js-menu-button\">\n                <button\n                  class=\"page-menu-a__button\"\n                  type=\"button\"\n                  aria-haspopup=\"true\"\n                  aria-expanded=\"false\"\n                >\n                  Participate                  <svg\n                    class=\"page-menu-a__menu-icon\"\n                    width=\"8\" height=\"10\"\n                    viewBox=\"0 0 8 10\"\n                    fill=\"none\"\n                    xmlns=\"http:\/\/www.w3.org\/2000\/svg\"\n                  >\n                    <path d=\"M0 3.5L0 3L0.571429 3L4 6L7.42857 3L8 3L8 3.5L4 7L0 3.5Z\" fill=\"black\"\/>\n                  <\/svg>\n                <\/button>\n                <ul class=\"page-menu-a__menu-list\" role=\"menu\">\n                                      <li class=\"page-menu-a__menu-item\" role=\"none\">\n                      <a\n                        href=\"https:\/\/ojen2024.turnbull.co\/fr\/pscar\/inscription\"\n                        class=\"page-menu-a__menu-link\"\n                        role=\"menuitem\"\n                      >\n                        Inscrivez-vous \u00e0 votre tournoi local                      <\/a>\n                    <\/li>\n                                      <li class=\"page-menu-a__menu-item\" role=\"none\">\n                      <a\n                        href=\"https:\/\/ojen2024.turnbull.co\/fr\/pscar\/photos\"\n                        class=\"page-menu-a__menu-link\"\n                        role=\"menuitem\"\n                      >\n                        D\u00e9fi photo du PSCAR                      <\/a>\n                    <\/li>\n                                      <li class=\"page-menu-a__menu-item\" role=\"none\">\n                      <a\n                        href=\"https:\/\/ojen2024.turnbull.co\/fr\/pscar\/se-porter-benevole\"\n                        class=\"page-menu-a__menu-link\"\n                        role=\"menuitem\"\n                      >\n                        B\u00e9n\u00e9voles                      <\/a>\n                    <\/li>\n                                  <\/ul>\n              <\/div>\n                              <\/div>\n      <\/div>\n    <\/div>\n    <\/div><\/section>\n\n\n\n<section class=\"wp-block-tco2025-blocks-section-block has-white-bg\"><div class=\"layout__container\">\n<div class=\"wp-block-tco2025-blocks-image-with-text-block column-box\"><div class=\"column-box__part\"><h3 class=\"column-box__heading\">\u00c0 propos des PSCAR<\/h3><p class=\"column-box__text\">Le programme de Proc\u00e8s simul\u00e9s comp\u00e9titifs ABO-ROEJ (PSCAR) est un partenariat entre l\u2019Association du Barreau de l\u2019Ontario (ABO), le R\u00e9seau ontarien d\u2019\u00e9ducation juridique (ROEJ) et la Fondation de l\u2019ABO. La plupart des tournois de proc\u00e8s simul\u00e9s de la province font partie du PSCAR. Cela signifie qu\u2019ils utilisent le sc\u00e9nario de cas et le r\u00e8glement officiel du PSCAR, et que les \u00e9quipes gagnantes de ces tournois peuvent passer aux comp\u00e9titions organis\u00e9es par l\u2019ABO et le ROEJ \u00e0 des \u00e9chelons sup\u00e9rieurs.<\/p><\/div><img decoding=\"async\" class=\"column-box__image\" src=\"https:\/\/ojen2024.turnbull.co\/wp-content\/uploads\/2025\/07\/About-OOCMT.jpg\" srcset=\"\" sizes=\"\" loading=\"lazy\" alt=\"\"\/><\/div>\n<\/div><\/section>\n\n\n\n<section class=\"wp-block-tco2025-blocks-section-block has-grey-bg\"><div class=\"layout__container\">\n<h3 class=\"wp-block-heading has-text-align-center\"><strong>Informations importantes pour l\u2019ann\u00e9e scolaire 2024-2025<\/strong><\/h3>\n<\/div><\/section>\n\n\n\n<section class=\"wp-block-tco2025-blocks-section-block has-grey-bg\"><div class=\"layout__container\">\n<div class=\"wp-block-tco2025-blocks-image-with-text-block column-box\"><img decoding=\"async\" class=\"column-box__image\" src=\"https:\/\/ojen2024.turnbull.co\/wp-content\/uploads\/2025\/07\/Case-and-Materials.jpg\" srcset=\"\" sizes=\"\" loading=\"lazy\" alt=\"\"\/><div class=\"column-box__part\"><h3 class=\"column-box__heading\">Sc\u00e9nario de cas et documents connexes<\/h3><p class=\"column-box__text\">Le sc\u00e9nario de cas pour l\u2019ann\u00e9e 2025 est <a href=\"\/wp-content\/uploads\/2024\/11\/R-c-Silip_final_14-Jan.pdf\" target=\"_blank\" rel=\"noreferrer noopener\">R c Silip<\/a> (mis \u00e0 jour le 14 janvier 2025). Pour obtenir les autres documents li\u00e9s au tournoi, comme la liste des pi\u00e8ces \u00e0 conviction, les conseils juridiques et le r\u00e8glement officiel, rendez-vous sur la page<a href=\"https:\/\/ojen.ca\/fr\/oocmt\/resources\/official-materials\/\"> <\/a><a href=\"\/fr\/pscar\/materiel-ressources-tournois-pscar\">documents cl\u00e9s<\/a>, que vous trouverez dans la liste d\u00e9roulante \u00ab\u2009Documents pour le tournoi\u2009\u00bb.<br><br>Chaque ann\u00e9e, nous \u00e9laborons un nouveau sc\u00e9nario de cas. Ce sc\u00e9nario sera utilis\u00e9 pour tous les tournois dans la province. Une premi\u00e8re version du sc\u00e9nario est distribu\u00e9e \u00e0 tous, puis les participants potentiels ont un certain temps pour poser des questions, afin que les clarifications requises puissent \u00eatre fournies et que toute erreur relev\u00e9e puisse \u00eatre corrig\u00e9e. En g\u00e9n\u00e9ral, la version d\u00e9finitive est publi\u00e9e environ deux semaines apr\u00e8s la premi\u00e8re version. Il est tr\u00e8s rare que des changements majeurs soient apport\u00e9s au sc\u00e9nario de cas avant que la version d\u00e9finitive soit publi\u00e9e.<\/p><\/div><\/div>\n<\/div><\/section>\n\n\n\n<section class=\"wp-block-tco2025-blocks-section-block has-grey-bg\"><div class=\"layout__container\">\n<h3 class=\"wp-block-heading has-text-align-center mb20\"><strong>Consultez les archives des OOCMT pour acc\u00e9der aux causes des ann\u00e9es pr\u00e9c\u00e9dentes<\/strong><\/h3>\n\n\n\n<div class=\"wp-block-group mb20 is-content-justification-center is-layout-flex wp-container-core-group-is-layout-1 wp-block-group-is-layout-flex\">\n<figure class=\"wp-block-image size-large is-resized\"><img decoding=\"async\" src=\"https:\/\/ojen2024.turnbull.co\/wp-content\/uploads\/2020\/05\/OBALogo2-768x151.png\" alt=\"\" style=\"width:auto;height:40px\"\/><\/figure>\n\n\n\n<figure class=\"wp-block-image size-large is-resized\"><img decoding=\"async\" src=\"https:\/\/ojen2024.turnbull.co\/wp-content\/uploads\/2020\/03\/oba-foundation-1.png\" alt=\"\" style=\"width:auto;height:40px\"\/><\/figure>\n\n\n\n<figure class=\"wp-block-image size-large is-resized\"><img decoding=\"async\" src=\"https:\/\/ojen2024.turnbull.co\/wp-content\/uploads\/2020\/05\/OJEN-logo-300x200.png\" alt=\"\" style=\"width:auto;height:64px\"\/><\/figure>\n<\/div>\n\n\n\n<div class=\"wp-block-group is-content-justification-center is-nowrap is-layout-flex wp-container-core-group-is-layout-2 wp-block-group-is-layout-flex\">\n<a class=\"wp-block-tco2025-blocks-button-block button button--primary\" href=\"\/en\/oocmt\/resources\/archives\"><span>En savoir plus<\/span><\/a>\n<\/div>\n<\/div><\/section>\n","protected":false},"excerpt":{"rendered":"","protected":false},"author":2,"featured_media":30683,"parent":0,"menu_order":0,"comment_status":"closed","ping_status":"closed","template":"template-blocks.php","meta":{"_acf_changed":false,"_eb_attr":"","inline_featured_image":false,"ub_ctt_via":"","footnotes":""},"class_list":["post-30817","page","type-page","status-publish","has-post-thumbnail","hentry"],"acf":[],"featured_image_src":"https:\/\/ojen2024.turnbull.co\/wp-content\/uploads\/2025\/07\/Bursaries.jpg","yoast_head":"<!-- This site is optimized with the Yoast SEO plugin v25.3 - https:\/\/yoast.com\/wordpress\/plugins\/seo\/ -->\n<title>Proc\u00e8s simul\u00e9s comp\u00e9titifs ABO\u2011ROEJ pour \u00e9l\u00e8ves du secondaire - OJEN<\/title>\n<meta name=\"robots\" content=\"noindex, follow, max-snippet:-1, max-image-preview:large, max-video-preview:-1\" \/>\n<meta property=\"og:locale\" content=\"fr_CA\" \/>\n<meta property=\"og:type\" content=\"article\" \/>\n<meta property=\"og:title\" content=\"Proc\u00e8s simul\u00e9s comp\u00e9titifs ABO\u2011ROEJ pour \u00e9l\u00e8ves du secondaire - OJEN\" \/>\n<meta property=\"og:url\" content=\"https:\/\/ojen2024.turnbull.co\/fr\/pscar\" \/>\n<meta property=\"og:site_name\" content=\"OJEN\" \/>\n<meta property=\"article:publisher\" content=\"https:\/\/www.facebook.com\/pages\/OJEN\/252115501467864\" \/>\n<meta property=\"article:modified_time\" content=\"2025-07-29T18:12:50+00:00\" \/>\n<meta property=\"og:image\" content=\"https:\/\/ojen2024.turnbull.co\/wp-content\/uploads\/2025\/07\/Bursaries.jpg\" \/>\n\t<meta property=\"og:image:width\" content=\"2048\" \/>\n\t<meta property=\"og:image:height\" content=\"569\" \/>\n\t<meta property=\"og:image:type\" content=\"image\/jpeg\" \/>\n<meta name=\"twitter:card\" content=\"summary_large_image\" \/>\n<meta name=\"twitter:site\" content=\"@OJEN_ROEJ\" \/>\n<meta name=\"twitter:label1\" content=\"Estimation du temps de lecture\" \/>\n\t<meta name=\"twitter:data1\" content=\"3 minutes\" \/>\n<script type=\"application\/ld+json\" class=\"yoast-schema-graph\">{\"@context\":\"https:\/\/schema.org\",\"@graph\":[{\"@type\":\"WebPage\",\"@id\":\"https:\/\/ojen2024.turnbull.co\/fr\/pscar\",\"url\":\"https:\/\/ojen2024.turnbull.co\/fr\/pscar\",\"name\":\"Proc\u00e8s simul\u00e9s comp\u00e9titifs ABO\u2011ROEJ pour \u00e9l\u00e8ves du secondaire - OJEN\",\"isPartOf\":{\"@id\":\"https:\/\/ojen2024.turnbull.co\/en\/#website\"},\"primaryImageOfPage\":{\"@id\":\"https:\/\/ojen2024.turnbull.co\/fr\/pscar#primaryimage\"},\"image\":{\"@id\":\"https:\/\/ojen2024.turnbull.co\/fr\/pscar#primaryimage\"},\"thumbnailUrl\":\"https:\/\/ojen2024.turnbull.co\/wp-content\/uploads\/2025\/07\/Bursaries.jpg\",\"datePublished\":\"2025-07-23T18:08:22+00:00\",\"dateModified\":\"2025-07-29T18:12:50+00:00\",\"breadcrumb\":{\"@id\":\"https:\/\/ojen2024.turnbull.co\/fr\/pscar#breadcrumb\"},\"inLanguage\":\"fr-CA\",\"potentialAction\":[{\"@type\":\"ReadAction\",\"target\":[\"https:\/\/ojen2024.turnbull.co\/fr\/pscar\"]}]},{\"@type\":\"ImageObject\",\"inLanguage\":\"fr-CA\",\"@id\":\"https:\/\/ojen2024.turnbull.co\/fr\/pscar#primaryimage\",\"url\":\"https:\/\/ojen2024.turnbull.co\/wp-content\/uploads\/2025\/07\/Bursaries.jpg\",\"contentUrl\":\"https:\/\/ojen2024.turnbull.co\/wp-content\/uploads\/2025\/07\/Bursaries.jpg\",\"width\":2048,\"height\":569},{\"@type\":\"BreadcrumbList\",\"@id\":\"https:\/\/ojen2024.turnbull.co\/fr\/pscar#breadcrumb\",\"itemListElement\":[{\"@type\":\"ListItem\",\"position\":1,\"name\":\"Home\",\"item\":\"https:\/\/ojen2024.turnbull.co\/fr\"},{\"@type\":\"ListItem\",\"position\":2,\"name\":\"Proc\u00e8s simul\u00e9s comp\u00e9titifs ABO\u2011ROEJ pour \u00e9l\u00e8ves du secondaire\"}]},{\"@type\":\"WebSite\",\"@id\":\"https:\/\/ojen2024.turnbull.co\/en\/#website\",\"url\":\"https:\/\/ojen2024.turnbull.co\/en\/\",\"name\":\"OJEN\",\"description\":\"\",\"potentialAction\":[{\"@type\":\"SearchAction\",\"target\":{\"@type\":\"EntryPoint\",\"urlTemplate\":\"https:\/\/ojen2024.turnbull.co\/en\/?s={search_term_string}\"},\"query-input\":{\"@type\":\"PropertyValueSpecification\",\"valueRequired\":true,\"valueName\":\"search_term_string\"}}],\"inLanguage\":\"fr-CA\"}]}<\/script>\n<!-- \/ Yoast SEO plugin. -->","yoast_head_json":{"title":"Proc\u00e8s simul\u00e9s comp\u00e9titifs ABO\u2011ROEJ pour \u00e9l\u00e8ves du secondaire - OJEN","robots":{"index":"noindex","follow":"follow","max-snippet":"max-snippet:-1","max-image-preview":"max-image-preview:large","max-video-preview":"max-video-preview:-1"},"og_locale":"fr_CA","og_type":"article","og_title":"Proc\u00e8s simul\u00e9s comp\u00e9titifs ABO\u2011ROEJ pour \u00e9l\u00e8ves du secondaire - OJEN","og_url":"https:\/\/ojen2024.turnbull.co\/fr\/pscar","og_site_name":"OJEN","article_publisher":"https:\/\/www.facebook.com\/pages\/OJEN\/252115501467864","article_modified_time":"2025-07-29T18:12:50+00:00","og_image":[{"width":2048,"height":569,"url":"https:\/\/ojen2024.turnbull.co\/wp-content\/uploads\/2025\/07\/Bursaries.jpg","type":"image\/jpeg"}],"twitter_card":"summary_large_image","twitter_site":"@OJEN_ROEJ","twitter_misc":{"Estimation du temps de lecture":"3 minutes"},"schema":{"@context":"https:\/\/schema.org","@graph":[{"@type":"WebPage","@id":"https:\/\/ojen2024.turnbull.co\/fr\/pscar","url":"https:\/\/ojen2024.turnbull.co\/fr\/pscar","name":"Proc\u00e8s simul\u00e9s comp\u00e9titifs ABO\u2011ROEJ pour \u00e9l\u00e8ves du secondaire - OJEN","isPartOf":{"@id":"https:\/\/ojen2024.turnbull.co\/en\/#website"},"primaryImageOfPage":{"@id":"https:\/\/ojen2024.turnbull.co\/fr\/pscar#primaryimage"},"image":{"@id":"https:\/\/ojen2024.turnbull.co\/fr\/pscar#primaryimage"},"thumbnailUrl":"https:\/\/ojen2024.turnbull.co\/wp-content\/uploads\/2025\/07\/Bursaries.jpg","datePublished":"2025-07-23T18:08:22+00:00","dateModified":"2025-07-29T18:12:50+00:00","breadcrumb":{"@id":"https:\/\/ojen2024.turnbull.co\/fr\/pscar#breadcrumb"},"inLanguage":"fr-CA","potentialAction":[{"@type":"ReadAction","target":["https:\/\/ojen2024.turnbull.co\/fr\/pscar"]}]},{"@type":"ImageObject","inLanguage":"fr-CA","@id":"https:\/\/ojen2024.turnbull.co\/fr\/pscar#primaryimage","url":"https:\/\/ojen2024.turnbull.co\/wp-content\/uploads\/2025\/07\/Bursaries.jpg","contentUrl":"https:\/\/ojen2024.turnbull.co\/wp-content\/uploads\/2025\/07\/Bursaries.jpg","width":2048,"height":569},{"@type":"BreadcrumbList","@id":"https:\/\/ojen2024.turnbull.co\/fr\/pscar#breadcrumb","itemListElement":[{"@type":"ListItem","position":1,"name":"Home","item":"https:\/\/ojen2024.turnbull.co\/fr"},{"@type":"ListItem","position":2,"name":"Proc\u00e8s simul\u00e9s comp\u00e9titifs ABO\u2011ROEJ pour \u00e9l\u00e8ves du secondaire"}]},{"@type":"WebSite","@id":"https:\/\/ojen2024.turnbull.co\/en\/#website","url":"https:\/\/ojen2024.turnbull.co\/en\/","name":"OJEN","description":"","potentialAction":[{"@type":"SearchAction","target":{"@type":"EntryPoint","urlTemplate":"https:\/\/ojen2024.turnbull.co\/en\/?s={search_term_string}"},"query-input":{"@type":"PropertyValueSpecification","valueRequired":true,"valueName":"search_term_string"}}],"inLanguage":"fr-CA"}]}},"_links":{"self":[{"href":"https:\/\/ojen2024.turnbull.co\/fr\/wp-json\/wp\/v2\/pages\/30817"}],"collection":[{"href":"https:\/\/ojen2024.turnbull.co\/fr\/wp-json\/wp\/v2\/pages"}],"about":[{"href":"https:\/\/ojen2024.turnbull.co\/fr\/wp-json\/wp\/v2\/types\/page"}],"author":[{"embeddable":true,"href":"https:\/\/ojen2024.turnbull.co\/fr\/wp-json\/wp\/v2\/users\/2"}],"replies":[{"embeddable":true,"href":"https:\/\/ojen2024.turnbull.co\/fr\/wp-json\/wp\/v2\/comments?post=30817"}],"version-history":[{"count":0,"href":"https:\/\/ojen2024.turnbull.co\/fr\/wp-json\/wp\/v2\/pages\/30817\/revisions"}],"wp:featuredmedia":[{"embeddable":true,"href":"https:\/\/ojen2024.turnbull.co\/fr\/wp-json\/wp\/v2\/media\/30683"}],"wp:attachment":[{"href":"https:\/\/ojen2024.turnbull.co\/fr\/wp-json\/wp\/v2\/media?parent=30817"}],"curies":[{"name":"wp","href":"https:\/\/api.w.org\/{rel}","templated":true}]}}