{"id":30819,"date":"2025-07-23T14:16:53","date_gmt":"2025-07-23T18:16:53","guid":{"rendered":"https:\/\/ojen2024.turnbull.co\/?page_id=30819"},"modified":"2025-07-23T14:17:42","modified_gmt":"2025-07-23T18:17:42","slug":"on-a-besoin-de-vous","status":"publish","type":"page","link":"https:\/\/ojen2024.turnbull.co\/fr\/contribuer-au-travail-du-roej\/devenez-benevole\/on-a-besoin-de-vous","title":{"rendered":"Professionnels du droit, on a besoin de vous!"},"content":{"rendered":"\n<p>Vous etes juge, avocat.e, \u00e9tudiant.e en droit, officier de police ou parajuriste.<\/p>\n\n\n\n<p>Vous avez envie de vous investir dans des projets d&rsquo;\u00e9ducation juridique engageants et inclusifs pour aider la jeunesse franco-ontarienne \u00e0 mieux savoir naviguer les \u00e9cueils de notre syst\u00e8me juridique.<\/p>\n\n\n\n<p>On a exactement ce qu&rsquo;il vous faut!<\/p>\n\n\n\n<p>Vous pouvez d\u00e8s maintenant vous porter volontaire pour intervenir en salle de classe ou en centre communautaire pour parler des sujets brulants du droit d&rsquo;aujourd&rsquo;hui et r\u00e9pondre aux questions des jeunes, dans le cadre d&rsquo;un de nos programmes d&rsquo;<a href=\"https:\/\/ojen.ca\/fr\/a-propos\/quest-ce-que-le-roej%E2%80%89\/leducation-juridique\">\u00e9ducation juridique<\/a>. Vous pouvez \u00e9galement devenir \u00ab\u00a0juge\u00a0\u00bb dans le cadre de nos tournois de proc\u00e8s simul\u00e9s ou intervenir en tant qu&rsquo;expert juridique au cot\u00e9 des animateurs de nos projets de d\u00e9veloppement de la <a href=\"https:\/\/ojen.ca\/fr\/a-propos\/quest-ce-que-le-roej%E2%80%89\/la-capacite-juridique\">capabilit\u00e9 juridique<\/a>. Vous pouvez enfin animer un de nos comit\u00e9s locaux et prendre une part active dans nos activit\u00e9s de rayonnement.<\/p>\n","protected":false},"excerpt":{"rendered":"<p>Vous etes juge, avocat.e, \u00e9tudiant.e en droit, officier de police ou parajuriste. Vous avez envie de vous investir dans des projets d&rsquo;\u00e9ducation juridique engageants et inclusifs pour aider la jeunesse franco-ontarienne \u00e0 mieux savoir naviguer les \u00e9cueils de notre syst\u00e8me juridique. On a exactement ce qu&rsquo;il vous faut! Vous pouvez d\u00e8s maintenant vous porter volontaire [&hellip;]<\/p>\n","protected":false},"author":2,"featured_media":0,"parent":8033,"menu_order":0,"comment_status":"closed","ping_status":"closed","template":"","meta":{"_acf_changed":false,"_eb_attr":"","inline_featured_image":false,"ub_ctt_via":"","footnotes":""},"class_list":["post-30819","page","type-page","status-publish","hentry"],"acf":[],"featured_image_src":null,"yoast_head":"<!-- This site is optimized with the Yoast SEO plugin v25.3 - https:\/\/yoast.com\/wordpress\/plugins\/seo\/ -->\n<title>Professionnels du droit, on a besoin de vous! - OJEN<\/title>\n<meta name=\"robots\" content=\"noindex, follow, max-snippet:-1, max-image-preview:large, max-video-preview:-1\" \/>\n<meta property=\"og:locale\" content=\"fr_CA\" \/>\n<meta property=\"og:type\" content=\"article\" \/>\n<meta property=\"og:title\" content=\"Professionnels du droit, on a besoin de vous! - OJEN\" \/>\n<meta property=\"og:description\" content=\"Vous etes juge, avocat.e, \u00e9tudiant.e en droit, officier de police ou parajuriste. Vous avez envie de vous investir dans des projets d&rsquo;\u00e9ducation juridique engageants et inclusifs pour aider la jeunesse franco-ontarienne \u00e0 mieux savoir naviguer les \u00e9cueils de notre syst\u00e8me juridique. On a exactement ce qu&rsquo;il vous faut! Vous pouvez d\u00e8s maintenant vous porter volontaire [&hellip;]\" \/>\n<meta property=\"og:url\" content=\"https:\/\/ojen2024.turnbull.co\/fr\/contribuer-au-travail-du-roej\/devenez-benevole\/on-a-besoin-de-vous\" \/>\n<meta property=\"og:site_name\" content=\"OJEN\" \/>\n<meta property=\"article:publisher\" content=\"https:\/\/www.facebook.com\/pages\/OJEN\/252115501467864\" \/>\n<meta property=\"article:modified_time\" content=\"2025-07-23T18:17:42+00:00\" \/>\n<meta name=\"twitter:card\" content=\"summary_large_image\" \/>\n<meta name=\"twitter:site\" content=\"@OJEN_ROEJ\" \/>\n<meta name=\"twitter:label1\" content=\"Estimation du temps de lecture\" \/>\n\t<meta name=\"twitter:data1\" content=\"1 minute\" \/>\n<script type=\"application\/ld+json\" class=\"yoast-schema-graph\">{\"@context\":\"https:\/\/schema.org\",\"@graph\":[{\"@type\":\"WebPage\",\"@id\":\"https:\/\/ojen2024.turnbull.co\/fr\/contribuer-au-travail-du-roej\/devenez-benevole\/on-a-besoin-de-vous\",\"url\":\"https:\/\/ojen2024.turnbull.co\/fr\/contribuer-au-travail-du-roej\/devenez-benevole\/on-a-besoin-de-vous\",\"name\":\"Professionnels du droit, on a besoin de vous! - OJEN\",\"isPartOf\":{\"@id\":\"https:\/\/ojen2024.turnbull.co\/en\/#website\"},\"datePublished\":\"2025-07-23T18:16:53+00:00\",\"dateModified\":\"2025-07-23T18:17:42+00:00\",\"breadcrumb\":{\"@id\":\"https:\/\/ojen2024.turnbull.co\/fr\/contribuer-au-travail-du-roej\/devenez-benevole\/on-a-besoin-de-vous#breadcrumb\"},\"inLanguage\":\"fr-CA\",\"potentialAction\":[{\"@type\":\"ReadAction\",\"target\":[\"https:\/\/ojen2024.turnbull.co\/fr\/contribuer-au-travail-du-roej\/devenez-benevole\/on-a-besoin-de-vous\"]}]},{\"@type\":\"BreadcrumbList\",\"@id\":\"https:\/\/ojen2024.turnbull.co\/fr\/contribuer-au-travail-du-roej\/devenez-benevole\/on-a-besoin-de-vous#breadcrumb\",\"itemListElement\":[{\"@type\":\"ListItem\",\"position\":1,\"name\":\"Home\",\"item\":\"https:\/\/ojen2024.turnbull.co\/fr\"},{\"@type\":\"ListItem\",\"position\":2,\"name\":\"Comment s\u2019impliquer\",\"item\":\"https:\/\/ojen2024.turnbull.co\/fr\/contribuer-au-travail-du-roej\"},{\"@type\":\"ListItem\",\"position\":3,\"name\":\"Devenez b\u00e9n\u00e9vole\",\"item\":\"https:\/\/ojen2024.turnbull.co\/fr\/contribuer-au-travail-du-roej\/devenez-benevole\"},{\"@type\":\"ListItem\",\"position\":4,\"name\":\"Professionnels du droit, on a besoin de vous!\"}]},{\"@type\":\"WebSite\",\"@id\":\"https:\/\/ojen2024.turnbull.co\/en\/#website\",\"url\":\"https:\/\/ojen2024.turnbull.co\/en\/\",\"name\":\"OJEN\",\"description\":\"\",\"potentialAction\":[{\"@type\":\"SearchAction\",\"target\":{\"@type\":\"EntryPoint\",\"urlTemplate\":\"https:\/\/ojen2024.turnbull.co\/en\/?s={search_term_string}\"},\"query-input\":{\"@type\":\"PropertyValueSpecification\",\"valueRequired\":true,\"valueName\":\"search_term_string\"}}],\"inLanguage\":\"fr-CA\"}]}<\/script>\n<!-- \/ Yoast SEO plugin. -->","yoast_head_json":{"title":"Professionnels du droit, on a besoin de vous! - OJEN","robots":{"index":"noindex","follow":"follow","max-snippet":"max-snippet:-1","max-image-preview":"max-image-preview:large","max-video-preview":"max-video-preview:-1"},"og_locale":"fr_CA","og_type":"article","og_title":"Professionnels du droit, on a besoin de vous! - OJEN","og_description":"Vous etes juge, avocat.e, \u00e9tudiant.e en droit, officier de police ou parajuriste. Vous avez envie de vous investir dans des projets d&rsquo;\u00e9ducation juridique engageants et inclusifs pour aider la jeunesse franco-ontarienne \u00e0 mieux savoir naviguer les \u00e9cueils de notre syst\u00e8me juridique. On a exactement ce qu&rsquo;il vous faut! Vous pouvez d\u00e8s maintenant vous porter volontaire [&hellip;]","og_url":"https:\/\/ojen2024.turnbull.co\/fr\/contribuer-au-travail-du-roej\/devenez-benevole\/on-a-besoin-de-vous","og_site_name":"OJEN","article_publisher":"https:\/\/www.facebook.com\/pages\/OJEN\/252115501467864","article_modified_time":"2025-07-23T18:17:42+00:00","twitter_card":"summary_large_image","twitter_site":"@OJEN_ROEJ","twitter_misc":{"Estimation du temps de lecture":"1 minute"},"schema":{"@context":"https:\/\/schema.org","@graph":[{"@type":"WebPage","@id":"https:\/\/ojen2024.turnbull.co\/fr\/contribuer-au-travail-du-roej\/devenez-benevole\/on-a-besoin-de-vous","url":"https:\/\/ojen2024.turnbull.co\/fr\/contribuer-au-travail-du-roej\/devenez-benevole\/on-a-besoin-de-vous","name":"Professionnels du droit, on a besoin de vous! - OJEN","isPartOf":{"@id":"https:\/\/ojen2024.turnbull.co\/en\/#website"},"datePublished":"2025-07-23T18:16:53+00:00","dateModified":"2025-07-23T18:17:42+00:00","breadcrumb":{"@id":"https:\/\/ojen2024.turnbull.co\/fr\/contribuer-au-travail-du-roej\/devenez-benevole\/on-a-besoin-de-vous#breadcrumb"},"inLanguage":"fr-CA","potentialAction":[{"@type":"ReadAction","target":["https:\/\/ojen2024.turnbull.co\/fr\/contribuer-au-travail-du-roej\/devenez-benevole\/on-a-besoin-de-vous"]}]},{"@type":"BreadcrumbList","@id":"https:\/\/ojen2024.turnbull.co\/fr\/contribuer-au-travail-du-roej\/devenez-benevole\/on-a-besoin-de-vous#breadcrumb","itemListElement":[{"@type":"ListItem","position":1,"name":"Home","item":"https:\/\/ojen2024.turnbull.co\/fr"},{"@type":"ListItem","position":2,"name":"Comment s\u2019impliquer","item":"https:\/\/ojen2024.turnbull.co\/fr\/contribuer-au-travail-du-roej"},{"@type":"ListItem","position":3,"name":"Devenez b\u00e9n\u00e9vole","item":"https:\/\/ojen2024.turnbull.co\/fr\/contribuer-au-travail-du-roej\/devenez-benevole"},{"@type":"ListItem","position":4,"name":"Professionnels du droit, on a besoin de vous!"}]},{"@type":"WebSite","@id":"https:\/\/ojen2024.turnbull.co\/en\/#website","url":"https:\/\/ojen2024.turnbull.co\/en\/","name":"OJEN","description":"","potentialAction":[{"@type":"SearchAction","target":{"@type":"EntryPoint","urlTemplate":"https:\/\/ojen2024.turnbull.co\/en\/?s={search_term_string}"},"query-input":{"@type":"PropertyValueSpecification","valueRequired":true,"valueName":"search_term_string"}}],"inLanguage":"fr-CA"}]}},"_links":{"self":[{"href":"https:\/\/ojen2024.turnbull.co\/fr\/wp-json\/wp\/v2\/pages\/30819"}],"collection":[{"href":"https:\/\/ojen2024.turnbull.co\/fr\/wp-json\/wp\/v2\/pages"}],"about":[{"href":"https:\/\/ojen2024.turnbull.co\/fr\/wp-json\/wp\/v2\/types\/page"}],"author":[{"embeddable":true,"href":"https:\/\/ojen2024.turnbull.co\/fr\/wp-json\/wp\/v2\/users\/2"}],"replies":[{"embeddable":true,"href":"https:\/\/ojen2024.turnbull.co\/fr\/wp-json\/wp\/v2\/comments?post=30819"}],"version-history":[{"count":0,"href":"https:\/\/ojen2024.turnbull.co\/fr\/wp-json\/wp\/v2\/pages\/30819\/revisions"}],"up":[{"embeddable":true,"href":"https:\/\/ojen2024.turnbull.co\/fr\/wp-json\/wp\/v2\/pages\/8033"}],"wp:attachment":[{"href":"https:\/\/ojen2024.turnbull.co\/fr\/wp-json\/wp\/v2\/media?parent=30819"}],"curies":[{"name":"wp","href":"https:\/\/api.w.org\/{rel}","templated":true}]}}