{"id":30862,"date":"2025-07-25T05:12:44","date_gmt":"2025-07-25T09:12:44","guid":{"rendered":"https:\/\/ojen2024.turnbull.co\/?page_id=30862"},"modified":"2025-07-25T05:12:46","modified_gmt":"2025-07-25T09:12:46","slug":"exposes-initiaux","status":"publish","type":"page","link":"https:\/\/ojen2024.turnbull.co\/fr\/ressources\/videos\/proces-simules-etape-par-etape\/exposes-initiaux","title":{"rendered":"Expos\u00e9s initiaux"},"content":{"rendered":"\n<p>La Couronne et la d\u00e9fense pr\u00e9sentent leurs expos\u00e9s initiaux. Cela permet \u00e0 chaque partie d\u2019exposer ses arguments et les \u00e9l\u00e9ments de preuve qu\u2019elle entend pr\u00e9senter, ce qui comprend les documents ou les pi\u00e8ces \u00e0 conviction, ainsi que les t\u00e9moins qu\u2019elle a l\u2019intention d\u2019appeler \u00e0 la barre.<\/p>\n\n\n\n<div class=\"videoWrapper\"><iframe loading=\"lazy\" width=\"560\" height=\"315\" src=\"https:\/\/www.youtube.com\/embed\/ZpwGL2JC8GA?si=p0Wy-R-JUD7xzKam\" title=\"YouTube video player\" frameborder=\"0\" allow=\"accelerometer; autoplay; clipboard-write; encrypted-media; gyroscope; picture-in-picture; web-share\" referrerpolicy=\"strict-origin-when-cross-origin\" allowfullscreen><\/iframe><\/div>\n\n\n\n<p><\/p>\n","protected":false},"excerpt":{"rendered":"<p>La Couronne et la d\u00e9fense pr\u00e9sentent leurs expos\u00e9s initiaux. Cela permet \u00e0 chaque partie d\u2019exposer ses arguments et les \u00e9l\u00e9ments de preuve qu\u2019elle entend pr\u00e9senter, ce qui comprend les documents ou les pi\u00e8ces \u00e0 conviction, ainsi que les t\u00e9moins qu\u2019elle a l\u2019intention d\u2019appeler \u00e0 la barre.<\/p>\n","protected":false},"author":2,"featured_media":17222,"parent":8363,"menu_order":0,"comment_status":"closed","ping_status":"closed","template":"","meta":{"_acf_changed":false,"_eb_attr":"","inline_featured_image":false,"ub_ctt_via":"","footnotes":""},"class_list":["post-30862","page","type-page","status-publish","has-post-thumbnail","hentry"],"acf":[],"featured_image_src":"https:\/\/ojen2024.turnbull.co\/wp-content\/uploads\/2019\/09\/court-railing-hero-image-3.png","yoast_head":"<!-- This site is optimized with the Yoast SEO plugin v25.3 - https:\/\/yoast.com\/wordpress\/plugins\/seo\/ -->\n<title>Expos\u00e9s initiaux - OJEN<\/title>\n<meta name=\"robots\" content=\"noindex, follow, max-snippet:-1, max-image-preview:large, max-video-preview:-1\" \/>\n<meta property=\"og:locale\" content=\"fr_CA\" \/>\n<meta property=\"og:type\" content=\"article\" \/>\n<meta property=\"og:title\" content=\"Expos\u00e9s initiaux - OJEN\" \/>\n<meta property=\"og:description\" content=\"La Couronne et la d\u00e9fense pr\u00e9sentent leurs expos\u00e9s initiaux. Cela permet \u00e0 chaque partie d\u2019exposer ses arguments et les \u00e9l\u00e9ments de preuve qu\u2019elle entend pr\u00e9senter, ce qui comprend les documents ou les pi\u00e8ces \u00e0 conviction, ainsi que les t\u00e9moins qu\u2019elle a l\u2019intention d\u2019appeler \u00e0 la barre.\" \/>\n<meta property=\"og:url\" content=\"https:\/\/ojen2024.turnbull.co\/fr\/ressources\/videos\/proces-simules-etape-par-etape\/exposes-initiaux\" \/>\n<meta property=\"og:site_name\" content=\"OJEN\" \/>\n<meta property=\"article:publisher\" content=\"https:\/\/www.facebook.com\/pages\/OJEN\/252115501467864\" \/>\n<meta property=\"article:modified_time\" content=\"2025-07-25T09:12:46+00:00\" \/>\n<meta property=\"og:image\" content=\"https:\/\/ojen2024.turnbull.co\/wp-content\/uploads\/2019\/09\/court-railing-hero-image-3.png\" \/>\n\t<meta property=\"og:image:width\" content=\"2133\" \/>\n\t<meta property=\"og:image:height\" content=\"775\" \/>\n\t<meta property=\"og:image:type\" content=\"image\/png\" \/>\n<meta name=\"twitter:card\" content=\"summary_large_image\" \/>\n<meta name=\"twitter:site\" content=\"@OJEN_ROEJ\" \/>\n<meta name=\"twitter:label1\" content=\"Estimation du temps de lecture\" \/>\n\t<meta name=\"twitter:data1\" content=\"1 minute\" \/>\n<script type=\"application\/ld+json\" class=\"yoast-schema-graph\">{\"@context\":\"https:\/\/schema.org\",\"@graph\":[{\"@type\":\"WebPage\",\"@id\":\"https:\/\/ojen2024.turnbull.co\/fr\/ressources\/videos\/proces-simules-etape-par-etape\/exposes-initiaux\",\"url\":\"https:\/\/ojen2024.turnbull.co\/fr\/ressources\/videos\/proces-simules-etape-par-etape\/exposes-initiaux\",\"name\":\"Expos\u00e9s initiaux - OJEN\",\"isPartOf\":{\"@id\":\"https:\/\/ojen2024.turnbull.co\/en\/#website\"},\"primaryImageOfPage\":{\"@id\":\"https:\/\/ojen2024.turnbull.co\/fr\/ressources\/videos\/proces-simules-etape-par-etape\/exposes-initiaux#primaryimage\"},\"image\":{\"@id\":\"https:\/\/ojen2024.turnbull.co\/fr\/ressources\/videos\/proces-simules-etape-par-etape\/exposes-initiaux#primaryimage\"},\"thumbnailUrl\":\"https:\/\/ojen2024.turnbull.co\/wp-content\/uploads\/2019\/09\/court-railing-hero-image-3.png\",\"datePublished\":\"2025-07-25T09:12:44+00:00\",\"dateModified\":\"2025-07-25T09:12:46+00:00\",\"breadcrumb\":{\"@id\":\"https:\/\/ojen2024.turnbull.co\/fr\/ressources\/videos\/proces-simules-etape-par-etape\/exposes-initiaux#breadcrumb\"},\"inLanguage\":\"fr-CA\",\"potentialAction\":[{\"@type\":\"ReadAction\",\"target\":[\"https:\/\/ojen2024.turnbull.co\/fr\/ressources\/videos\/proces-simules-etape-par-etape\/exposes-initiaux\"]}]},{\"@type\":\"ImageObject\",\"inLanguage\":\"fr-CA\",\"@id\":\"https:\/\/ojen2024.turnbull.co\/fr\/ressources\/videos\/proces-simules-etape-par-etape\/exposes-initiaux#primaryimage\",\"url\":\"https:\/\/ojen2024.turnbull.co\/wp-content\/uploads\/2019\/09\/court-railing-hero-image-3.png\",\"contentUrl\":\"https:\/\/ojen2024.turnbull.co\/wp-content\/uploads\/2019\/09\/court-railing-hero-image-3.png\",\"width\":2133,\"height\":775},{\"@type\":\"BreadcrumbList\",\"@id\":\"https:\/\/ojen2024.turnbull.co\/fr\/ressources\/videos\/proces-simules-etape-par-etape\/exposes-initiaux#breadcrumb\",\"itemListElement\":[{\"@type\":\"ListItem\",\"position\":1,\"name\":\"Home\",\"item\":\"https:\/\/ojen2024.turnbull.co\/fr\"},{\"@type\":\"ListItem\",\"position\":2,\"name\":\"Ressources\",\"item\":\"https:\/\/ojen2024.turnbull.co\/fr\/ressources\"},{\"@type\":\"ListItem\",\"position\":3,\"name\":\"Ressources vid\u00e9o\",\"item\":\"https:\/\/ojen2024.turnbull.co\/fr\/ressources\/videos\"},{\"@type\":\"ListItem\",\"position\":4,\"name\":\"Proc\u00e8s simul\u00e9s, \u00e9tape par \u00e9tape\",\"item\":\"https:\/\/ojen2024.turnbull.co\/fr\/ressources\/videos\/proces-simules-etape-par-etape\"},{\"@type\":\"ListItem\",\"position\":5,\"name\":\"Expos\u00e9s initiaux\"}]},{\"@type\":\"WebSite\",\"@id\":\"https:\/\/ojen2024.turnbull.co\/en\/#website\",\"url\":\"https:\/\/ojen2024.turnbull.co\/en\/\",\"name\":\"OJEN\",\"description\":\"\",\"potentialAction\":[{\"@type\":\"SearchAction\",\"target\":{\"@type\":\"EntryPoint\",\"urlTemplate\":\"https:\/\/ojen2024.turnbull.co\/en\/?s={search_term_string}\"},\"query-input\":{\"@type\":\"PropertyValueSpecification\",\"valueRequired\":true,\"valueName\":\"search_term_string\"}}],\"inLanguage\":\"fr-CA\"}]}<\/script>\n<!-- \/ Yoast SEO plugin. -->","yoast_head_json":{"title":"Expos\u00e9s initiaux - OJEN","robots":{"index":"noindex","follow":"follow","max-snippet":"max-snippet:-1","max-image-preview":"max-image-preview:large","max-video-preview":"max-video-preview:-1"},"og_locale":"fr_CA","og_type":"article","og_title":"Expos\u00e9s initiaux - OJEN","og_description":"La Couronne et la d\u00e9fense pr\u00e9sentent leurs expos\u00e9s initiaux. Cela permet \u00e0 chaque partie d\u2019exposer ses arguments et les \u00e9l\u00e9ments de preuve qu\u2019elle entend pr\u00e9senter, ce qui comprend les documents ou les pi\u00e8ces \u00e0 conviction, ainsi que les t\u00e9moins qu\u2019elle a l\u2019intention d\u2019appeler \u00e0 la barre.","og_url":"https:\/\/ojen2024.turnbull.co\/fr\/ressources\/videos\/proces-simules-etape-par-etape\/exposes-initiaux","og_site_name":"OJEN","article_publisher":"https:\/\/www.facebook.com\/pages\/OJEN\/252115501467864","article_modified_time":"2025-07-25T09:12:46+00:00","og_image":[{"width":2133,"height":775,"url":"https:\/\/ojen2024.turnbull.co\/wp-content\/uploads\/2019\/09\/court-railing-hero-image-3.png","type":"image\/png"}],"twitter_card":"summary_large_image","twitter_site":"@OJEN_ROEJ","twitter_misc":{"Estimation du temps de lecture":"1 minute"},"schema":{"@context":"https:\/\/schema.org","@graph":[{"@type":"WebPage","@id":"https:\/\/ojen2024.turnbull.co\/fr\/ressources\/videos\/proces-simules-etape-par-etape\/exposes-initiaux","url":"https:\/\/ojen2024.turnbull.co\/fr\/ressources\/videos\/proces-simules-etape-par-etape\/exposes-initiaux","name":"Expos\u00e9s initiaux - OJEN","isPartOf":{"@id":"https:\/\/ojen2024.turnbull.co\/en\/#website"},"primaryImageOfPage":{"@id":"https:\/\/ojen2024.turnbull.co\/fr\/ressources\/videos\/proces-simules-etape-par-etape\/exposes-initiaux#primaryimage"},"image":{"@id":"https:\/\/ojen2024.turnbull.co\/fr\/ressources\/videos\/proces-simules-etape-par-etape\/exposes-initiaux#primaryimage"},"thumbnailUrl":"https:\/\/ojen2024.turnbull.co\/wp-content\/uploads\/2019\/09\/court-railing-hero-image-3.png","datePublished":"2025-07-25T09:12:44+00:00","dateModified":"2025-07-25T09:12:46+00:00","breadcrumb":{"@id":"https:\/\/ojen2024.turnbull.co\/fr\/ressources\/videos\/proces-simules-etape-par-etape\/exposes-initiaux#breadcrumb"},"inLanguage":"fr-CA","potentialAction":[{"@type":"ReadAction","target":["https:\/\/ojen2024.turnbull.co\/fr\/ressources\/videos\/proces-simules-etape-par-etape\/exposes-initiaux"]}]},{"@type":"ImageObject","inLanguage":"fr-CA","@id":"https:\/\/ojen2024.turnbull.co\/fr\/ressources\/videos\/proces-simules-etape-par-etape\/exposes-initiaux#primaryimage","url":"https:\/\/ojen2024.turnbull.co\/wp-content\/uploads\/2019\/09\/court-railing-hero-image-3.png","contentUrl":"https:\/\/ojen2024.turnbull.co\/wp-content\/uploads\/2019\/09\/court-railing-hero-image-3.png","width":2133,"height":775},{"@type":"BreadcrumbList","@id":"https:\/\/ojen2024.turnbull.co\/fr\/ressources\/videos\/proces-simules-etape-par-etape\/exposes-initiaux#breadcrumb","itemListElement":[{"@type":"ListItem","position":1,"name":"Home","item":"https:\/\/ojen2024.turnbull.co\/fr"},{"@type":"ListItem","position":2,"name":"Ressources","item":"https:\/\/ojen2024.turnbull.co\/fr\/ressources"},{"@type":"ListItem","position":3,"name":"Ressources vid\u00e9o","item":"https:\/\/ojen2024.turnbull.co\/fr\/ressources\/videos"},{"@type":"ListItem","position":4,"name":"Proc\u00e8s simul\u00e9s, \u00e9tape par \u00e9tape","item":"https:\/\/ojen2024.turnbull.co\/fr\/ressources\/videos\/proces-simules-etape-par-etape"},{"@type":"ListItem","position":5,"name":"Expos\u00e9s initiaux"}]},{"@type":"WebSite","@id":"https:\/\/ojen2024.turnbull.co\/en\/#website","url":"https:\/\/ojen2024.turnbull.co\/en\/","name":"OJEN","description":"","potentialAction":[{"@type":"SearchAction","target":{"@type":"EntryPoint","urlTemplate":"https:\/\/ojen2024.turnbull.co\/en\/?s={search_term_string}"},"query-input":{"@type":"PropertyValueSpecification","valueRequired":true,"valueName":"search_term_string"}}],"inLanguage":"fr-CA"}]}},"_links":{"self":[{"href":"https:\/\/ojen2024.turnbull.co\/fr\/wp-json\/wp\/v2\/pages\/30862"}],"collection":[{"href":"https:\/\/ojen2024.turnbull.co\/fr\/wp-json\/wp\/v2\/pages"}],"about":[{"href":"https:\/\/ojen2024.turnbull.co\/fr\/wp-json\/wp\/v2\/types\/page"}],"author":[{"embeddable":true,"href":"https:\/\/ojen2024.turnbull.co\/fr\/wp-json\/wp\/v2\/users\/2"}],"replies":[{"embeddable":true,"href":"https:\/\/ojen2024.turnbull.co\/fr\/wp-json\/wp\/v2\/comments?post=30862"}],"version-history":[{"count":0,"href":"https:\/\/ojen2024.turnbull.co\/fr\/wp-json\/wp\/v2\/pages\/30862\/revisions"}],"up":[{"embeddable":true,"href":"https:\/\/ojen2024.turnbull.co\/fr\/wp-json\/wp\/v2\/pages\/8363"}],"wp:featuredmedia":[{"embeddable":true,"href":"https:\/\/ojen2024.turnbull.co\/fr\/wp-json\/wp\/v2\/media\/17222"}],"wp:attachment":[{"href":"https:\/\/ojen2024.turnbull.co\/fr\/wp-json\/wp\/v2\/media?parent=30862"}],"curies":[{"name":"wp","href":"https:\/\/api.w.org\/{rel}","templated":true}]}}