{"id":30880,"date":"2025-07-25T05:23:38","date_gmt":"2025-07-25T09:23:38","guid":{"rendered":"https:\/\/ojen2024.turnbull.co\/?page_id=30880"},"modified":"2025-07-25T05:23:40","modified_gmt":"2025-07-25T09:23:40","slug":"depot-des-elements-de-preuve","status":"publish","type":"page","link":"https:\/\/ojen2024.turnbull.co\/fr\/ressources\/videos\/proces-simules-etape-par-etape\/depot-des-elements-de-preuve","title":{"rendered":"D\u00e9p\u00f4t des \u00e9l\u00e9ments de preuve"},"content":{"rendered":"\n<p>Les \u00e9l\u00e9ments de preuve pr\u00e9sent\u00e9s au tribunal peuvent \u00eatre des \u00e9l\u00e9ments physiques ou des documents. Ces \u00e9l\u00e9ments de preuve doivent \u00eatre authentifi\u00e9s avant d\u2019\u00eatre vers\u00e9s au dossier du tribunal.<\/p>\n\n\n\n<div class=\"videoWrapper\"><iframe loading=\"lazy\" width=\"560\" height=\"315\" src=\"https:\/\/www.youtube.com\/embed\/3QAMn4fkboc?si=p3wAsspV0YzJ5s75\" title=\"YouTube video player\" frameborder=\"0\" allow=\"accelerometer; autoplay; clipboard-write; encrypted-media; gyroscope; picture-in-picture; web-share\" referrerpolicy=\"strict-origin-when-cross-origin\" allowfullscreen><\/iframe><\/div>\n","protected":false},"excerpt":{"rendered":"<p>Les \u00e9l\u00e9ments de preuve pr\u00e9sent\u00e9s au tribunal peuvent \u00eatre des \u00e9l\u00e9ments physiques ou des documents. Ces \u00e9l\u00e9ments de preuve doivent \u00eatre authentifi\u00e9s avant d\u2019\u00eatre vers\u00e9s au dossier du tribunal.<\/p>\n","protected":false},"author":2,"featured_media":17222,"parent":8363,"menu_order":0,"comment_status":"closed","ping_status":"closed","template":"","meta":{"_acf_changed":false,"_eb_attr":"","inline_featured_image":false,"ub_ctt_via":"","footnotes":""},"class_list":["post-30880","page","type-page","status-publish","has-post-thumbnail","hentry"],"acf":[],"featured_image_src":"https:\/\/ojen2024.turnbull.co\/wp-content\/uploads\/2019\/09\/court-railing-hero-image-3.png","yoast_head":"<!-- This site is optimized with the Yoast SEO plugin v25.3 - https:\/\/yoast.com\/wordpress\/plugins\/seo\/ -->\n<title>D\u00e9p\u00f4t des \u00e9l\u00e9ments de preuve - OJEN<\/title>\n<meta name=\"robots\" content=\"noindex, follow, max-snippet:-1, max-image-preview:large, max-video-preview:-1\" \/>\n<meta property=\"og:locale\" content=\"fr_CA\" \/>\n<meta property=\"og:type\" content=\"article\" \/>\n<meta property=\"og:title\" content=\"D\u00e9p\u00f4t des \u00e9l\u00e9ments de preuve - OJEN\" \/>\n<meta property=\"og:description\" content=\"Les \u00e9l\u00e9ments de preuve pr\u00e9sent\u00e9s au tribunal peuvent \u00eatre des \u00e9l\u00e9ments physiques ou des documents. Ces \u00e9l\u00e9ments de preuve doivent \u00eatre authentifi\u00e9s avant d\u2019\u00eatre vers\u00e9s au dossier du tribunal.\" \/>\n<meta property=\"og:url\" content=\"https:\/\/ojen2024.turnbull.co\/fr\/ressources\/videos\/proces-simules-etape-par-etape\/depot-des-elements-de-preuve\" \/>\n<meta property=\"og:site_name\" content=\"OJEN\" \/>\n<meta property=\"article:publisher\" content=\"https:\/\/www.facebook.com\/pages\/OJEN\/252115501467864\" \/>\n<meta property=\"article:modified_time\" content=\"2025-07-25T09:23:40+00:00\" \/>\n<meta property=\"og:image\" content=\"https:\/\/ojen2024.turnbull.co\/wp-content\/uploads\/2019\/09\/court-railing-hero-image-3.png\" \/>\n\t<meta property=\"og:image:width\" content=\"2133\" \/>\n\t<meta property=\"og:image:height\" content=\"775\" \/>\n\t<meta property=\"og:image:type\" content=\"image\/png\" \/>\n<meta name=\"twitter:card\" content=\"summary_large_image\" \/>\n<meta name=\"twitter:site\" content=\"@OJEN_ROEJ\" \/>\n<meta name=\"twitter:label1\" content=\"Estimation du temps de lecture\" \/>\n\t<meta name=\"twitter:data1\" content=\"1 minute\" \/>\n<script type=\"application\/ld+json\" class=\"yoast-schema-graph\">{\"@context\":\"https:\/\/schema.org\",\"@graph\":[{\"@type\":\"WebPage\",\"@id\":\"https:\/\/ojen2024.turnbull.co\/fr\/ressources\/videos\/proces-simules-etape-par-etape\/depot-des-elements-de-preuve\",\"url\":\"https:\/\/ojen2024.turnbull.co\/fr\/ressources\/videos\/proces-simules-etape-par-etape\/depot-des-elements-de-preuve\",\"name\":\"D\u00e9p\u00f4t des \u00e9l\u00e9ments de preuve - OJEN\",\"isPartOf\":{\"@id\":\"https:\/\/ojen2024.turnbull.co\/en\/#website\"},\"primaryImageOfPage\":{\"@id\":\"https:\/\/ojen2024.turnbull.co\/fr\/ressources\/videos\/proces-simules-etape-par-etape\/depot-des-elements-de-preuve#primaryimage\"},\"image\":{\"@id\":\"https:\/\/ojen2024.turnbull.co\/fr\/ressources\/videos\/proces-simules-etape-par-etape\/depot-des-elements-de-preuve#primaryimage\"},\"thumbnailUrl\":\"https:\/\/ojen2024.turnbull.co\/wp-content\/uploads\/2019\/09\/court-railing-hero-image-3.png\",\"datePublished\":\"2025-07-25T09:23:38+00:00\",\"dateModified\":\"2025-07-25T09:23:40+00:00\",\"breadcrumb\":{\"@id\":\"https:\/\/ojen2024.turnbull.co\/fr\/ressources\/videos\/proces-simules-etape-par-etape\/depot-des-elements-de-preuve#breadcrumb\"},\"inLanguage\":\"fr-CA\",\"potentialAction\":[{\"@type\":\"ReadAction\",\"target\":[\"https:\/\/ojen2024.turnbull.co\/fr\/ressources\/videos\/proces-simules-etape-par-etape\/depot-des-elements-de-preuve\"]}]},{\"@type\":\"ImageObject\",\"inLanguage\":\"fr-CA\",\"@id\":\"https:\/\/ojen2024.turnbull.co\/fr\/ressources\/videos\/proces-simules-etape-par-etape\/depot-des-elements-de-preuve#primaryimage\",\"url\":\"https:\/\/ojen2024.turnbull.co\/wp-content\/uploads\/2019\/09\/court-railing-hero-image-3.png\",\"contentUrl\":\"https:\/\/ojen2024.turnbull.co\/wp-content\/uploads\/2019\/09\/court-railing-hero-image-3.png\",\"width\":2133,\"height\":775},{\"@type\":\"BreadcrumbList\",\"@id\":\"https:\/\/ojen2024.turnbull.co\/fr\/ressources\/videos\/proces-simules-etape-par-etape\/depot-des-elements-de-preuve#breadcrumb\",\"itemListElement\":[{\"@type\":\"ListItem\",\"position\":1,\"name\":\"Home\",\"item\":\"https:\/\/ojen2024.turnbull.co\/fr\"},{\"@type\":\"ListItem\",\"position\":2,\"name\":\"Ressources\",\"item\":\"https:\/\/ojen2024.turnbull.co\/fr\/ressources\"},{\"@type\":\"ListItem\",\"position\":3,\"name\":\"Ressources vid\u00e9o\",\"item\":\"https:\/\/ojen2024.turnbull.co\/fr\/ressources\/videos\"},{\"@type\":\"ListItem\",\"position\":4,\"name\":\"Proc\u00e8s simul\u00e9s, \u00e9tape par \u00e9tape\",\"item\":\"https:\/\/ojen2024.turnbull.co\/fr\/ressources\/videos\/proces-simules-etape-par-etape\"},{\"@type\":\"ListItem\",\"position\":5,\"name\":\"D\u00e9p\u00f4t des \u00e9l\u00e9ments de preuve\"}]},{\"@type\":\"WebSite\",\"@id\":\"https:\/\/ojen2024.turnbull.co\/en\/#website\",\"url\":\"https:\/\/ojen2024.turnbull.co\/en\/\",\"name\":\"OJEN\",\"description\":\"\",\"potentialAction\":[{\"@type\":\"SearchAction\",\"target\":{\"@type\":\"EntryPoint\",\"urlTemplate\":\"https:\/\/ojen2024.turnbull.co\/en\/?s={search_term_string}\"},\"query-input\":{\"@type\":\"PropertyValueSpecification\",\"valueRequired\":true,\"valueName\":\"search_term_string\"}}],\"inLanguage\":\"fr-CA\"}]}<\/script>\n<!-- \/ Yoast SEO plugin. -->","yoast_head_json":{"title":"D\u00e9p\u00f4t des \u00e9l\u00e9ments de preuve - OJEN","robots":{"index":"noindex","follow":"follow","max-snippet":"max-snippet:-1","max-image-preview":"max-image-preview:large","max-video-preview":"max-video-preview:-1"},"og_locale":"fr_CA","og_type":"article","og_title":"D\u00e9p\u00f4t des \u00e9l\u00e9ments de preuve - OJEN","og_description":"Les \u00e9l\u00e9ments de preuve pr\u00e9sent\u00e9s au tribunal peuvent \u00eatre des \u00e9l\u00e9ments physiques ou des documents. Ces \u00e9l\u00e9ments de preuve doivent \u00eatre authentifi\u00e9s avant d\u2019\u00eatre vers\u00e9s au dossier du tribunal.","og_url":"https:\/\/ojen2024.turnbull.co\/fr\/ressources\/videos\/proces-simules-etape-par-etape\/depot-des-elements-de-preuve","og_site_name":"OJEN","article_publisher":"https:\/\/www.facebook.com\/pages\/OJEN\/252115501467864","article_modified_time":"2025-07-25T09:23:40+00:00","og_image":[{"width":2133,"height":775,"url":"https:\/\/ojen2024.turnbull.co\/wp-content\/uploads\/2019\/09\/court-railing-hero-image-3.png","type":"image\/png"}],"twitter_card":"summary_large_image","twitter_site":"@OJEN_ROEJ","twitter_misc":{"Estimation du temps de lecture":"1 minute"},"schema":{"@context":"https:\/\/schema.org","@graph":[{"@type":"WebPage","@id":"https:\/\/ojen2024.turnbull.co\/fr\/ressources\/videos\/proces-simules-etape-par-etape\/depot-des-elements-de-preuve","url":"https:\/\/ojen2024.turnbull.co\/fr\/ressources\/videos\/proces-simules-etape-par-etape\/depot-des-elements-de-preuve","name":"D\u00e9p\u00f4t des \u00e9l\u00e9ments de preuve - OJEN","isPartOf":{"@id":"https:\/\/ojen2024.turnbull.co\/en\/#website"},"primaryImageOfPage":{"@id":"https:\/\/ojen2024.turnbull.co\/fr\/ressources\/videos\/proces-simules-etape-par-etape\/depot-des-elements-de-preuve#primaryimage"},"image":{"@id":"https:\/\/ojen2024.turnbull.co\/fr\/ressources\/videos\/proces-simules-etape-par-etape\/depot-des-elements-de-preuve#primaryimage"},"thumbnailUrl":"https:\/\/ojen2024.turnbull.co\/wp-content\/uploads\/2019\/09\/court-railing-hero-image-3.png","datePublished":"2025-07-25T09:23:38+00:00","dateModified":"2025-07-25T09:23:40+00:00","breadcrumb":{"@id":"https:\/\/ojen2024.turnbull.co\/fr\/ressources\/videos\/proces-simules-etape-par-etape\/depot-des-elements-de-preuve#breadcrumb"},"inLanguage":"fr-CA","potentialAction":[{"@type":"ReadAction","target":["https:\/\/ojen2024.turnbull.co\/fr\/ressources\/videos\/proces-simules-etape-par-etape\/depot-des-elements-de-preuve"]}]},{"@type":"ImageObject","inLanguage":"fr-CA","@id":"https:\/\/ojen2024.turnbull.co\/fr\/ressources\/videos\/proces-simules-etape-par-etape\/depot-des-elements-de-preuve#primaryimage","url":"https:\/\/ojen2024.turnbull.co\/wp-content\/uploads\/2019\/09\/court-railing-hero-image-3.png","contentUrl":"https:\/\/ojen2024.turnbull.co\/wp-content\/uploads\/2019\/09\/court-railing-hero-image-3.png","width":2133,"height":775},{"@type":"BreadcrumbList","@id":"https:\/\/ojen2024.turnbull.co\/fr\/ressources\/videos\/proces-simules-etape-par-etape\/depot-des-elements-de-preuve#breadcrumb","itemListElement":[{"@type":"ListItem","position":1,"name":"Home","item":"https:\/\/ojen2024.turnbull.co\/fr"},{"@type":"ListItem","position":2,"name":"Ressources","item":"https:\/\/ojen2024.turnbull.co\/fr\/ressources"},{"@type":"ListItem","position":3,"name":"Ressources vid\u00e9o","item":"https:\/\/ojen2024.turnbull.co\/fr\/ressources\/videos"},{"@type":"ListItem","position":4,"name":"Proc\u00e8s simul\u00e9s, \u00e9tape par \u00e9tape","item":"https:\/\/ojen2024.turnbull.co\/fr\/ressources\/videos\/proces-simules-etape-par-etape"},{"@type":"ListItem","position":5,"name":"D\u00e9p\u00f4t des \u00e9l\u00e9ments de preuve"}]},{"@type":"WebSite","@id":"https:\/\/ojen2024.turnbull.co\/en\/#website","url":"https:\/\/ojen2024.turnbull.co\/en\/","name":"OJEN","description":"","potentialAction":[{"@type":"SearchAction","target":{"@type":"EntryPoint","urlTemplate":"https:\/\/ojen2024.turnbull.co\/en\/?s={search_term_string}"},"query-input":{"@type":"PropertyValueSpecification","valueRequired":true,"valueName":"search_term_string"}}],"inLanguage":"fr-CA"}]}},"_links":{"self":[{"href":"https:\/\/ojen2024.turnbull.co\/fr\/wp-json\/wp\/v2\/pages\/30880"}],"collection":[{"href":"https:\/\/ojen2024.turnbull.co\/fr\/wp-json\/wp\/v2\/pages"}],"about":[{"href":"https:\/\/ojen2024.turnbull.co\/fr\/wp-json\/wp\/v2\/types\/page"}],"author":[{"embeddable":true,"href":"https:\/\/ojen2024.turnbull.co\/fr\/wp-json\/wp\/v2\/users\/2"}],"replies":[{"embeddable":true,"href":"https:\/\/ojen2024.turnbull.co\/fr\/wp-json\/wp\/v2\/comments?post=30880"}],"version-history":[{"count":0,"href":"https:\/\/ojen2024.turnbull.co\/fr\/wp-json\/wp\/v2\/pages\/30880\/revisions"}],"up":[{"embeddable":true,"href":"https:\/\/ojen2024.turnbull.co\/fr\/wp-json\/wp\/v2\/pages\/8363"}],"wp:featuredmedia":[{"embeddable":true,"href":"https:\/\/ojen2024.turnbull.co\/fr\/wp-json\/wp\/v2\/media\/17222"}],"wp:attachment":[{"href":"https:\/\/ojen2024.turnbull.co\/fr\/wp-json\/wp\/v2\/media?parent=30880"}],"curies":[{"name":"wp","href":"https:\/\/api.w.org\/{rel}","templated":true}]}}