{"id":30889,"date":"2025-07-25T05:29:31","date_gmt":"2025-07-25T09:29:31","guid":{"rendered":"https:\/\/ojen2024.turnbull.co\/?page_id=30889"},"modified":"2025-07-25T05:30:07","modified_gmt":"2025-07-25T09:30:07","slug":"presentation-delements-de-preuve-par-la-defense","status":"publish","type":"page","link":"https:\/\/ojen2024.turnbull.co\/fr\/ressources\/videos\/proces-simules-etape-par-etape\/presentation-delements-de-preuve-par-la-defense","title":{"rendered":"Pr\u00e9sentation d\u2019\u00e9l\u00e9ments de preuve par la d\u00e9fense"},"content":{"rendered":"\n<p>La d\u00e9fense peut choisir de pr\u00e9senter ou non des \u00e9l\u00e9ments de preuve. Puisqu\u2019il incombe \u00e0 la Couronne de prouver les faits reproch\u00e9s \u00e0 la personne accus\u00e9e, la d\u00e9fense peut choisir de ne pr\u00e9senter aucun \u00e9l\u00e9ment de preuve si elle estime que la Couronne n\u2019a pas prouv\u00e9 les faits reproch\u00e9s \u00e0 la personne accus\u00e9e au-del\u00e0 de tout doute raisonnable.<\/p>\n\n\n\n<div class=\"videoWrapper\"><iframe loading=\"lazy\" width=\"560\" height=\"315\" src=\"https:\/\/www.youtube.com\/embed\/knebkg9SrvQ?si=4s6lTG5rbukdsy0U\" title=\"YouTube video player\" frameborder=\"0\" allow=\"accelerometer; autoplay; clipboard-write; encrypted-media; gyroscope; picture-in-picture; web-share\" referrerpolicy=\"strict-origin-when-cross-origin\" allowfullscreen><\/iframe><\/div>\n","protected":false},"excerpt":{"rendered":"<p>La d\u00e9fense peut choisir de pr\u00e9senter ou non des \u00e9l\u00e9ments de preuve. Puisqu\u2019il incombe \u00e0 la Couronne de prouver les faits reproch\u00e9s \u00e0 la personne accus\u00e9e, la d\u00e9fense peut choisir de ne pr\u00e9senter aucun \u00e9l\u00e9ment de preuve si elle estime que la Couronne n\u2019a pas prouv\u00e9 les faits reproch\u00e9s \u00e0 la personne accus\u00e9e au-del\u00e0 de [&hellip;]<\/p>\n","protected":false},"author":2,"featured_media":0,"parent":8363,"menu_order":0,"comment_status":"closed","ping_status":"closed","template":"","meta":{"_acf_changed":false,"_eb_attr":"","inline_featured_image":false,"ub_ctt_via":"","footnotes":""},"class_list":["post-30889","page","type-page","status-publish","hentry"],"acf":[],"featured_image_src":null,"yoast_head":"<!-- This site is optimized with the Yoast SEO plugin v25.3 - https:\/\/yoast.com\/wordpress\/plugins\/seo\/ -->\n<title>Pr\u00e9sentation d\u2019\u00e9l\u00e9ments de preuve par la d\u00e9fense - OJEN<\/title>\n<meta name=\"robots\" content=\"noindex, follow, max-snippet:-1, max-image-preview:large, max-video-preview:-1\" \/>\n<meta property=\"og:locale\" content=\"fr_CA\" \/>\n<meta property=\"og:type\" content=\"article\" \/>\n<meta property=\"og:title\" content=\"Pr\u00e9sentation d\u2019\u00e9l\u00e9ments de preuve par la d\u00e9fense - OJEN\" \/>\n<meta property=\"og:description\" content=\"La d\u00e9fense peut choisir de pr\u00e9senter ou non des \u00e9l\u00e9ments de preuve. Puisqu\u2019il incombe \u00e0 la Couronne de prouver les faits reproch\u00e9s \u00e0 la personne accus\u00e9e, la d\u00e9fense peut choisir de ne pr\u00e9senter aucun \u00e9l\u00e9ment de preuve si elle estime que la Couronne n\u2019a pas prouv\u00e9 les faits reproch\u00e9s \u00e0 la personne accus\u00e9e au-del\u00e0 de [&hellip;]\" \/>\n<meta property=\"og:url\" content=\"https:\/\/ojen2024.turnbull.co\/fr\/ressources\/videos\/proces-simules-etape-par-etape\/presentation-delements-de-preuve-par-la-defense\" \/>\n<meta property=\"og:site_name\" content=\"OJEN\" \/>\n<meta property=\"article:publisher\" content=\"https:\/\/www.facebook.com\/pages\/OJEN\/252115501467864\" \/>\n<meta property=\"article:modified_time\" content=\"2025-07-25T09:30:07+00:00\" \/>\n<meta name=\"twitter:card\" content=\"summary_large_image\" \/>\n<meta name=\"twitter:site\" content=\"@OJEN_ROEJ\" \/>\n<meta name=\"twitter:label1\" content=\"Estimation du temps de lecture\" \/>\n\t<meta name=\"twitter:data1\" content=\"1 minute\" \/>\n<script type=\"application\/ld+json\" class=\"yoast-schema-graph\">{\"@context\":\"https:\/\/schema.org\",\"@graph\":[{\"@type\":\"WebPage\",\"@id\":\"https:\/\/ojen2024.turnbull.co\/fr\/ressources\/videos\/proces-simules-etape-par-etape\/presentation-delements-de-preuve-par-la-defense\",\"url\":\"https:\/\/ojen2024.turnbull.co\/fr\/ressources\/videos\/proces-simules-etape-par-etape\/presentation-delements-de-preuve-par-la-defense\",\"name\":\"Pr\u00e9sentation d\u2019\u00e9l\u00e9ments de preuve par la d\u00e9fense - OJEN\",\"isPartOf\":{\"@id\":\"https:\/\/ojen2024.turnbull.co\/en\/#website\"},\"datePublished\":\"2025-07-25T09:29:31+00:00\",\"dateModified\":\"2025-07-25T09:30:07+00:00\",\"breadcrumb\":{\"@id\":\"https:\/\/ojen2024.turnbull.co\/fr\/ressources\/videos\/proces-simules-etape-par-etape\/presentation-delements-de-preuve-par-la-defense#breadcrumb\"},\"inLanguage\":\"fr-CA\",\"potentialAction\":[{\"@type\":\"ReadAction\",\"target\":[\"https:\/\/ojen2024.turnbull.co\/fr\/ressources\/videos\/proces-simules-etape-par-etape\/presentation-delements-de-preuve-par-la-defense\"]}]},{\"@type\":\"BreadcrumbList\",\"@id\":\"https:\/\/ojen2024.turnbull.co\/fr\/ressources\/videos\/proces-simules-etape-par-etape\/presentation-delements-de-preuve-par-la-defense#breadcrumb\",\"itemListElement\":[{\"@type\":\"ListItem\",\"position\":1,\"name\":\"Home\",\"item\":\"https:\/\/ojen2024.turnbull.co\/fr\"},{\"@type\":\"ListItem\",\"position\":2,\"name\":\"Ressources\",\"item\":\"https:\/\/ojen2024.turnbull.co\/fr\/ressources\"},{\"@type\":\"ListItem\",\"position\":3,\"name\":\"Ressources vid\u00e9o\",\"item\":\"https:\/\/ojen2024.turnbull.co\/fr\/ressources\/videos\"},{\"@type\":\"ListItem\",\"position\":4,\"name\":\"Proc\u00e8s simul\u00e9s, \u00e9tape par \u00e9tape\",\"item\":\"https:\/\/ojen2024.turnbull.co\/fr\/ressources\/videos\/proces-simules-etape-par-etape\"},{\"@type\":\"ListItem\",\"position\":5,\"name\":\"Pr\u00e9sentation d\u2019\u00e9l\u00e9ments de preuve par la d\u00e9fense\"}]},{\"@type\":\"WebSite\",\"@id\":\"https:\/\/ojen2024.turnbull.co\/en\/#website\",\"url\":\"https:\/\/ojen2024.turnbull.co\/en\/\",\"name\":\"OJEN\",\"description\":\"\",\"potentialAction\":[{\"@type\":\"SearchAction\",\"target\":{\"@type\":\"EntryPoint\",\"urlTemplate\":\"https:\/\/ojen2024.turnbull.co\/en\/?s={search_term_string}\"},\"query-input\":{\"@type\":\"PropertyValueSpecification\",\"valueRequired\":true,\"valueName\":\"search_term_string\"}}],\"inLanguage\":\"fr-CA\"}]}<\/script>\n<!-- \/ Yoast SEO plugin. -->","yoast_head_json":{"title":"Pr\u00e9sentation d\u2019\u00e9l\u00e9ments de preuve par la d\u00e9fense - OJEN","robots":{"index":"noindex","follow":"follow","max-snippet":"max-snippet:-1","max-image-preview":"max-image-preview:large","max-video-preview":"max-video-preview:-1"},"og_locale":"fr_CA","og_type":"article","og_title":"Pr\u00e9sentation d\u2019\u00e9l\u00e9ments de preuve par la d\u00e9fense - OJEN","og_description":"La d\u00e9fense peut choisir de pr\u00e9senter ou non des \u00e9l\u00e9ments de preuve. Puisqu\u2019il incombe \u00e0 la Couronne de prouver les faits reproch\u00e9s \u00e0 la personne accus\u00e9e, la d\u00e9fense peut choisir de ne pr\u00e9senter aucun \u00e9l\u00e9ment de preuve si elle estime que la Couronne n\u2019a pas prouv\u00e9 les faits reproch\u00e9s \u00e0 la personne accus\u00e9e au-del\u00e0 de [&hellip;]","og_url":"https:\/\/ojen2024.turnbull.co\/fr\/ressources\/videos\/proces-simules-etape-par-etape\/presentation-delements-de-preuve-par-la-defense","og_site_name":"OJEN","article_publisher":"https:\/\/www.facebook.com\/pages\/OJEN\/252115501467864","article_modified_time":"2025-07-25T09:30:07+00:00","twitter_card":"summary_large_image","twitter_site":"@OJEN_ROEJ","twitter_misc":{"Estimation du temps de lecture":"1 minute"},"schema":{"@context":"https:\/\/schema.org","@graph":[{"@type":"WebPage","@id":"https:\/\/ojen2024.turnbull.co\/fr\/ressources\/videos\/proces-simules-etape-par-etape\/presentation-delements-de-preuve-par-la-defense","url":"https:\/\/ojen2024.turnbull.co\/fr\/ressources\/videos\/proces-simules-etape-par-etape\/presentation-delements-de-preuve-par-la-defense","name":"Pr\u00e9sentation d\u2019\u00e9l\u00e9ments de preuve par la d\u00e9fense - OJEN","isPartOf":{"@id":"https:\/\/ojen2024.turnbull.co\/en\/#website"},"datePublished":"2025-07-25T09:29:31+00:00","dateModified":"2025-07-25T09:30:07+00:00","breadcrumb":{"@id":"https:\/\/ojen2024.turnbull.co\/fr\/ressources\/videos\/proces-simules-etape-par-etape\/presentation-delements-de-preuve-par-la-defense#breadcrumb"},"inLanguage":"fr-CA","potentialAction":[{"@type":"ReadAction","target":["https:\/\/ojen2024.turnbull.co\/fr\/ressources\/videos\/proces-simules-etape-par-etape\/presentation-delements-de-preuve-par-la-defense"]}]},{"@type":"BreadcrumbList","@id":"https:\/\/ojen2024.turnbull.co\/fr\/ressources\/videos\/proces-simules-etape-par-etape\/presentation-delements-de-preuve-par-la-defense#breadcrumb","itemListElement":[{"@type":"ListItem","position":1,"name":"Home","item":"https:\/\/ojen2024.turnbull.co\/fr"},{"@type":"ListItem","position":2,"name":"Ressources","item":"https:\/\/ojen2024.turnbull.co\/fr\/ressources"},{"@type":"ListItem","position":3,"name":"Ressources vid\u00e9o","item":"https:\/\/ojen2024.turnbull.co\/fr\/ressources\/videos"},{"@type":"ListItem","position":4,"name":"Proc\u00e8s simul\u00e9s, \u00e9tape par \u00e9tape","item":"https:\/\/ojen2024.turnbull.co\/fr\/ressources\/videos\/proces-simules-etape-par-etape"},{"@type":"ListItem","position":5,"name":"Pr\u00e9sentation d\u2019\u00e9l\u00e9ments de preuve par la d\u00e9fense"}]},{"@type":"WebSite","@id":"https:\/\/ojen2024.turnbull.co\/en\/#website","url":"https:\/\/ojen2024.turnbull.co\/en\/","name":"OJEN","description":"","potentialAction":[{"@type":"SearchAction","target":{"@type":"EntryPoint","urlTemplate":"https:\/\/ojen2024.turnbull.co\/en\/?s={search_term_string}"},"query-input":{"@type":"PropertyValueSpecification","valueRequired":true,"valueName":"search_term_string"}}],"inLanguage":"fr-CA"}]}},"_links":{"self":[{"href":"https:\/\/ojen2024.turnbull.co\/fr\/wp-json\/wp\/v2\/pages\/30889"}],"collection":[{"href":"https:\/\/ojen2024.turnbull.co\/fr\/wp-json\/wp\/v2\/pages"}],"about":[{"href":"https:\/\/ojen2024.turnbull.co\/fr\/wp-json\/wp\/v2\/types\/page"}],"author":[{"embeddable":true,"href":"https:\/\/ojen2024.turnbull.co\/fr\/wp-json\/wp\/v2\/users\/2"}],"replies":[{"embeddable":true,"href":"https:\/\/ojen2024.turnbull.co\/fr\/wp-json\/wp\/v2\/comments?post=30889"}],"version-history":[{"count":0,"href":"https:\/\/ojen2024.turnbull.co\/fr\/wp-json\/wp\/v2\/pages\/30889\/revisions"}],"up":[{"embeddable":true,"href":"https:\/\/ojen2024.turnbull.co\/fr\/wp-json\/wp\/v2\/pages\/8363"}],"wp:attachment":[{"href":"https:\/\/ojen2024.turnbull.co\/fr\/wp-json\/wp\/v2\/media?parent=30889"}],"curies":[{"name":"wp","href":"https:\/\/api.w.org\/{rel}","templated":true}]}}