{"id":31253,"date":"2017-09-26T13:09:05","date_gmt":"2017-09-26T17:09:05","guid":{"rendered":"https:\/\/ojen2024.turnbull.co\/pscar\/eastern-ontario"},"modified":"2025-07-29T20:01:50","modified_gmt":"2025-07-30T00:01:50","slug":"ontario-est","status":"publish","type":"page","link":"https:\/\/ojen2024.turnbull.co\/fr\/pscar\/tournois-locaux-par-region\/ontario-est","title":{"rendered":"Est de l\u2019Ontario"},"content":{"rendered":"\n<p><a href=\"https:\/\/ojen2024.turnbull.co\/fr\/pscar\/tournois-locaux-par-region\/ontario-est\/kingston-frontenac-lennox-addington\">Tournoi de proc\u00e8s simul\u00e9s de Kingston, Frontenac, Lennox et Addington<\/a><\/p>\n\n\n\n<p><a href=\"https:\/\/ojen2024.turnbull.co\/fr\/pscar\/tournois-locaux-par-region\/ontario-est\/tournoi-proces-simules-hastings\">Tournoi de proc\u00e8s simu<\/a><a href=\"\/fr\/pscar\/tournois-locaux-par-region\/ontario-est\/tournoi-proces-simules-hastings\">l<\/a><a href=\"https:\/\/ojen2024.turnbull.co\/fr\/pscar\/tournois-locaux-par-region\/ontario-est\/tournoi-proces-simules-hastings\">\u00e9s de Hastings<\/a><\/p>\n\n\n\n<p><a href=\"https:\/\/ojen2024.turnbull.co\/fr\/pscar\/tournois-locaux-par-region\/ontario-est\/ottawa\">Tournoi de proc\u00e8s simul\u00e9s d\u2019Ottawa<\/a><\/p>\n","protected":false},"excerpt":{"rendered":"<p>Tournoi de proc\u00e8s simul\u00e9s de Kingston, Frontenac, Lennox et Addington Tournoi de proc\u00e8s simul\u00e9s de Hastings Tournoi de proc\u00e8s simul\u00e9s d\u2019Ottawa<\/p>\n","protected":false},"author":8,"featured_media":17239,"parent":31030,"menu_order":0,"comment_status":"closed","ping_status":"closed","template":"template-oocmt-default.php","meta":{"_acf_changed":false,"_eb_attr":"","inline_featured_image":false,"ub_ctt_via":"","footnotes":""},"class_list":["post-31253","page","type-page","status-publish","has-post-thumbnail","hentry"],"acf":[],"featured_image_src":"https:\/\/ojen2024.turnbull.co\/wp-content\/uploads\/2019\/05\/Court-benches-stock-picture.png","yoast_head":"<!-- This site is optimized with the Yoast SEO plugin v25.3 - https:\/\/yoast.com\/wordpress\/plugins\/seo\/ -->\n<title>Est de l\u2019Ontario - OJEN<\/title>\n<meta name=\"robots\" content=\"noindex, follow, max-snippet:-1, max-image-preview:large, max-video-preview:-1\" \/>\n<meta property=\"og:locale\" content=\"fr_CA\" \/>\n<meta property=\"og:type\" content=\"article\" \/>\n<meta property=\"og:title\" content=\"Est de l\u2019Ontario - OJEN\" \/>\n<meta property=\"og:description\" content=\"Tournoi de proc\u00e8s simul\u00e9s de Kingston, Frontenac, Lennox et Addington Tournoi de proc\u00e8s simul\u00e9s de Hastings Tournoi de proc\u00e8s simul\u00e9s d\u2019Ottawa\" \/>\n<meta property=\"og:url\" content=\"https:\/\/ojen2024.turnbull.co\/fr\/pscar\/tournois-locaux-par-region\/ontario-est\" \/>\n<meta property=\"og:site_name\" content=\"OJEN\" \/>\n<meta property=\"article:publisher\" content=\"https:\/\/www.facebook.com\/pages\/OJEN\/252115501467864\" \/>\n<meta property=\"article:modified_time\" content=\"2025-07-30T00:01:50+00:00\" \/>\n<meta property=\"og:image\" content=\"https:\/\/ojen2024.turnbull.co\/wp-content\/uploads\/2019\/05\/Court-benches-stock-picture.png\" \/>\n\t<meta property=\"og:image:width\" content=\"1600\" \/>\n\t<meta property=\"og:image:height\" content=\"580\" \/>\n\t<meta property=\"og:image:type\" content=\"image\/png\" \/>\n<meta name=\"twitter:card\" content=\"summary_large_image\" \/>\n<meta name=\"twitter:site\" content=\"@OJEN_ROEJ\" \/>\n<meta name=\"twitter:label1\" content=\"Estimation du temps de lecture\" \/>\n\t<meta name=\"twitter:data1\" content=\"1 minute\" \/>\n<script type=\"application\/ld+json\" class=\"yoast-schema-graph\">{\"@context\":\"https:\/\/schema.org\",\"@graph\":[{\"@type\":\"WebPage\",\"@id\":\"https:\/\/ojen2024.turnbull.co\/fr\/pscar\/tournois-locaux-par-region\/ontario-est\",\"url\":\"https:\/\/ojen2024.turnbull.co\/fr\/pscar\/tournois-locaux-par-region\/ontario-est\",\"name\":\"Est de l\u2019Ontario - OJEN\",\"isPartOf\":{\"@id\":\"https:\/\/ojen2024.turnbull.co\/en\/#website\"},\"primaryImageOfPage\":{\"@id\":\"https:\/\/ojen2024.turnbull.co\/fr\/pscar\/tournois-locaux-par-region\/ontario-est#primaryimage\"},\"image\":{\"@id\":\"https:\/\/ojen2024.turnbull.co\/fr\/pscar\/tournois-locaux-par-region\/ontario-est#primaryimage\"},\"thumbnailUrl\":\"https:\/\/ojen2024.turnbull.co\/wp-content\/uploads\/2019\/05\/Court-benches-stock-picture.png\",\"datePublished\":\"2017-09-26T17:09:05+00:00\",\"dateModified\":\"2025-07-30T00:01:50+00:00\",\"breadcrumb\":{\"@id\":\"https:\/\/ojen2024.turnbull.co\/fr\/pscar\/tournois-locaux-par-region\/ontario-est#breadcrumb\"},\"inLanguage\":\"fr-CA\",\"potentialAction\":[{\"@type\":\"ReadAction\",\"target\":[\"https:\/\/ojen2024.turnbull.co\/fr\/pscar\/tournois-locaux-par-region\/ontario-est\"]}]},{\"@type\":\"ImageObject\",\"inLanguage\":\"fr-CA\",\"@id\":\"https:\/\/ojen2024.turnbull.co\/fr\/pscar\/tournois-locaux-par-region\/ontario-est#primaryimage\",\"url\":\"https:\/\/ojen2024.turnbull.co\/wp-content\/uploads\/2019\/05\/Court-benches-stock-picture.png\",\"contentUrl\":\"https:\/\/ojen2024.turnbull.co\/wp-content\/uploads\/2019\/05\/Court-benches-stock-picture.png\",\"width\":1600,\"height\":580},{\"@type\":\"BreadcrumbList\",\"@id\":\"https:\/\/ojen2024.turnbull.co\/fr\/pscar\/tournois-locaux-par-region\/ontario-est#breadcrumb\",\"itemListElement\":[{\"@type\":\"ListItem\",\"position\":1,\"name\":\"Home\",\"item\":\"https:\/\/ojen2024.turnbull.co\/fr\"},{\"@type\":\"ListItem\",\"position\":2,\"name\":\"Proc\u00e8s simul\u00e9s comp\u00e9titifs ABO\u2011ROEJ pour \u00e9l\u00e8ves du secondaire\",\"item\":\"https:\/\/ojen2024.turnbull.co\/fr\/pscar\"},{\"@type\":\"ListItem\",\"position\":3,\"name\":\"Tournois locaux dans chaque r\u00e9gion\",\"item\":\"https:\/\/ojen2024.turnbull.co\/fr\/pscar\/tournois-locaux-par-region\"},{\"@type\":\"ListItem\",\"position\":4,\"name\":\"Est de l\u2019Ontario\"}]},{\"@type\":\"WebSite\",\"@id\":\"https:\/\/ojen2024.turnbull.co\/en\/#website\",\"url\":\"https:\/\/ojen2024.turnbull.co\/en\/\",\"name\":\"OJEN\",\"description\":\"\",\"potentialAction\":[{\"@type\":\"SearchAction\",\"target\":{\"@type\":\"EntryPoint\",\"urlTemplate\":\"https:\/\/ojen2024.turnbull.co\/en\/?s={search_term_string}\"},\"query-input\":{\"@type\":\"PropertyValueSpecification\",\"valueRequired\":true,\"valueName\":\"search_term_string\"}}],\"inLanguage\":\"fr-CA\"}]}<\/script>\n<!-- \/ Yoast SEO plugin. -->","yoast_head_json":{"title":"Est de l\u2019Ontario - OJEN","robots":{"index":"noindex","follow":"follow","max-snippet":"max-snippet:-1","max-image-preview":"max-image-preview:large","max-video-preview":"max-video-preview:-1"},"og_locale":"fr_CA","og_type":"article","og_title":"Est de l\u2019Ontario - OJEN","og_description":"Tournoi de proc\u00e8s simul\u00e9s de Kingston, Frontenac, Lennox et Addington Tournoi de proc\u00e8s simul\u00e9s de Hastings Tournoi de proc\u00e8s simul\u00e9s d\u2019Ottawa","og_url":"https:\/\/ojen2024.turnbull.co\/fr\/pscar\/tournois-locaux-par-region\/ontario-est","og_site_name":"OJEN","article_publisher":"https:\/\/www.facebook.com\/pages\/OJEN\/252115501467864","article_modified_time":"2025-07-30T00:01:50+00:00","og_image":[{"width":1600,"height":580,"url":"https:\/\/ojen2024.turnbull.co\/wp-content\/uploads\/2019\/05\/Court-benches-stock-picture.png","type":"image\/png"}],"twitter_card":"summary_large_image","twitter_site":"@OJEN_ROEJ","twitter_misc":{"Estimation du temps de lecture":"1 minute"},"schema":{"@context":"https:\/\/schema.org","@graph":[{"@type":"WebPage","@id":"https:\/\/ojen2024.turnbull.co\/fr\/pscar\/tournois-locaux-par-region\/ontario-est","url":"https:\/\/ojen2024.turnbull.co\/fr\/pscar\/tournois-locaux-par-region\/ontario-est","name":"Est de l\u2019Ontario - OJEN","isPartOf":{"@id":"https:\/\/ojen2024.turnbull.co\/en\/#website"},"primaryImageOfPage":{"@id":"https:\/\/ojen2024.turnbull.co\/fr\/pscar\/tournois-locaux-par-region\/ontario-est#primaryimage"},"image":{"@id":"https:\/\/ojen2024.turnbull.co\/fr\/pscar\/tournois-locaux-par-region\/ontario-est#primaryimage"},"thumbnailUrl":"https:\/\/ojen2024.turnbull.co\/wp-content\/uploads\/2019\/05\/Court-benches-stock-picture.png","datePublished":"2017-09-26T17:09:05+00:00","dateModified":"2025-07-30T00:01:50+00:00","breadcrumb":{"@id":"https:\/\/ojen2024.turnbull.co\/fr\/pscar\/tournois-locaux-par-region\/ontario-est#breadcrumb"},"inLanguage":"fr-CA","potentialAction":[{"@type":"ReadAction","target":["https:\/\/ojen2024.turnbull.co\/fr\/pscar\/tournois-locaux-par-region\/ontario-est"]}]},{"@type":"ImageObject","inLanguage":"fr-CA","@id":"https:\/\/ojen2024.turnbull.co\/fr\/pscar\/tournois-locaux-par-region\/ontario-est#primaryimage","url":"https:\/\/ojen2024.turnbull.co\/wp-content\/uploads\/2019\/05\/Court-benches-stock-picture.png","contentUrl":"https:\/\/ojen2024.turnbull.co\/wp-content\/uploads\/2019\/05\/Court-benches-stock-picture.png","width":1600,"height":580},{"@type":"BreadcrumbList","@id":"https:\/\/ojen2024.turnbull.co\/fr\/pscar\/tournois-locaux-par-region\/ontario-est#breadcrumb","itemListElement":[{"@type":"ListItem","position":1,"name":"Home","item":"https:\/\/ojen2024.turnbull.co\/fr"},{"@type":"ListItem","position":2,"name":"Proc\u00e8s simul\u00e9s comp\u00e9titifs ABO\u2011ROEJ pour \u00e9l\u00e8ves du secondaire","item":"https:\/\/ojen2024.turnbull.co\/fr\/pscar"},{"@type":"ListItem","position":3,"name":"Tournois locaux dans chaque r\u00e9gion","item":"https:\/\/ojen2024.turnbull.co\/fr\/pscar\/tournois-locaux-par-region"},{"@type":"ListItem","position":4,"name":"Est de l\u2019Ontario"}]},{"@type":"WebSite","@id":"https:\/\/ojen2024.turnbull.co\/en\/#website","url":"https:\/\/ojen2024.turnbull.co\/en\/","name":"OJEN","description":"","potentialAction":[{"@type":"SearchAction","target":{"@type":"EntryPoint","urlTemplate":"https:\/\/ojen2024.turnbull.co\/en\/?s={search_term_string}"},"query-input":{"@type":"PropertyValueSpecification","valueRequired":true,"valueName":"search_term_string"}}],"inLanguage":"fr-CA"}]}},"_links":{"self":[{"href":"https:\/\/ojen2024.turnbull.co\/fr\/wp-json\/wp\/v2\/pages\/31253"}],"collection":[{"href":"https:\/\/ojen2024.turnbull.co\/fr\/wp-json\/wp\/v2\/pages"}],"about":[{"href":"https:\/\/ojen2024.turnbull.co\/fr\/wp-json\/wp\/v2\/types\/page"}],"author":[{"embeddable":true,"href":"https:\/\/ojen2024.turnbull.co\/fr\/wp-json\/wp\/v2\/users\/8"}],"replies":[{"embeddable":true,"href":"https:\/\/ojen2024.turnbull.co\/fr\/wp-json\/wp\/v2\/comments?post=31253"}],"version-history":[{"count":0,"href":"https:\/\/ojen2024.turnbull.co\/fr\/wp-json\/wp\/v2\/pages\/31253\/revisions"}],"up":[{"embeddable":true,"href":"https:\/\/ojen2024.turnbull.co\/fr\/wp-json\/wp\/v2\/pages\/31030"}],"wp:featuredmedia":[{"embeddable":true,"href":"https:\/\/ojen2024.turnbull.co\/fr\/wp-json\/wp\/v2\/media\/17239"}],"wp:attachment":[{"href":"https:\/\/ojen2024.turnbull.co\/fr\/wp-json\/wp\/v2\/media?parent=31253"}],"curies":[{"name":"wp","href":"https:\/\/api.w.org\/{rel}","templated":true}]}}