{"id":31402,"date":"2017-09-26T16:07:50","date_gmt":"2017-09-26T20:07:50","guid":{"rendered":"https:\/\/ojen2024.turnbull.co\/pscar\/tournois-locaux-par-region\/southwestern-ontario"},"modified":"2025-07-29T17:40:33","modified_gmt":"2025-07-29T21:40:33","slug":"sud-ouest-ontario","status":"publish","type":"page","link":"https:\/\/ojen2024.turnbull.co\/fr\/pscar\/tournois-locaux-par-region\/sud-ouest-ontario","title":{"rendered":"Sud-Ouest de l\u2019Ontario"},"content":{"rendered":"<h5><a href=\"\/fr\/pscar\/tournois-locaux-par-region\/sud-ouest-ontario\/brant\">Tournoi de proc\u00e8s simul\u00e9s de Haldimand, Brant et Norfolk<\/a><\/h5>\n<h5><a href=\"\/fr\/pscar\/tournois-locaux-par-region\/sud-ouest-ontario\/tournoi-proces-simules-grey-bruce\">Tournoi de proc\u00e8s simul\u00e9s Grey-Bruce<\/a><\/h5>\n<h5><a href=\"\/fr\/pscar\/tournois-locaux-par-region\/sud-ouest-ontario\/tournoi-proces-simules-centre-sudouest-ontario\">London, Middlesex, Oxford, Elgin : Tournoi de proc\u00e8s simul\u00e9s du Centre et du Sud-Ouest de l\u2019Ontario<\/a><\/h5>\n<h5><a href=\"\/fr\/pscar\/tournois-locaux-par-region\/sud-ouest-ontario\/dufferin-wellington\">Wellington et Dufferin \u2014 Coupe Douglas<\/a><\/h5>\n<h5><a href=\"\/fr\/pscar\/tournois-locaux-par-region\/sud-ouest-ontario\/tournoi-local-region-waterloo\">R\u00e9gion de Waterloo \u2014 Coupe comm\u00e9morative Margaret Janzen<\/a><\/h5>\n<h5><a href=\"\/fr\/pscar\/tournois-locaux-par-region\/sud-ouest-ontario\/journee-du-droit-waterloo\">Journ\u00e9e du droit de Waterloo<\/a><\/h5>\n<h5><a href=\"\/fr\/pscar\/tournois-locaux-par-region\/sud-ouest-ontario\/tournoi-proces-simules-locaux-windsor-essex\">Tournoi de proc\u00e8s simul\u00e9s de Windsor Essex<\/a><\/h5>\n<h5><a href=\"\/fr\/pscar\/tournois-locaux-par-region\/sud-ouest-ontario\/concours-plaidoirie-cjo\">Concours de plaidoirie de la Cour de justice de l\u2019Ontario \u2014 comt\u00e9 de Lambton<\/a><\/h5>\n","protected":false},"excerpt":{"rendered":"<p>Tournoi de proc\u00e8s simul\u00e9s de Haldimand, Brant et Norfolk Tournoi de proc\u00e8s simul\u00e9s Grey-Bruce London, Middlesex, Oxford, Elgin : Tournoi de proc\u00e8s simul\u00e9s du Centre et du Sud-Ouest de l\u2019Ontario Wellington et Dufferin \u2014 Coupe Douglas R\u00e9gion de Waterloo \u2014 Coupe comm\u00e9morative Margaret Janzen Journ\u00e9e du droit de Waterloo Tournoi de proc\u00e8s simul\u00e9s de Windsor [&hellip;]<\/p>\n","protected":false},"author":8,"featured_media":17239,"parent":31030,"menu_order":0,"comment_status":"closed","ping_status":"closed","template":"template-oocmt-default.php","meta":{"_acf_changed":false,"_eb_attr":"","inline_featured_image":false,"ub_ctt_via":"","footnotes":""},"class_list":["post-31402","page","type-page","status-publish","has-post-thumbnail","hentry"],"acf":[],"featured_image_src":"https:\/\/ojen2024.turnbull.co\/wp-content\/uploads\/2019\/05\/Court-benches-stock-picture.png","yoast_head":"<!-- This site is optimized with the Yoast SEO plugin v25.3 - https:\/\/yoast.com\/wordpress\/plugins\/seo\/ -->\n<title>Sud-Ouest de l\u2019Ontario - OJEN<\/title>\n<meta name=\"robots\" content=\"noindex, follow, max-snippet:-1, max-image-preview:large, max-video-preview:-1\" \/>\n<meta property=\"og:locale\" content=\"fr_CA\" \/>\n<meta property=\"og:type\" content=\"article\" \/>\n<meta property=\"og:title\" content=\"Sud-Ouest de l\u2019Ontario - OJEN\" \/>\n<meta property=\"og:description\" content=\"Tournoi de proc\u00e8s simul\u00e9s de Haldimand, Brant et Norfolk Tournoi de proc\u00e8s simul\u00e9s Grey-Bruce London, Middlesex, Oxford, Elgin : Tournoi de proc\u00e8s simul\u00e9s du Centre et du Sud-Ouest de l\u2019Ontario Wellington et Dufferin \u2014 Coupe Douglas R\u00e9gion de Waterloo \u2014 Coupe comm\u00e9morative Margaret Janzen Journ\u00e9e du droit de Waterloo Tournoi de proc\u00e8s simul\u00e9s de Windsor [&hellip;]\" \/>\n<meta property=\"og:url\" content=\"https:\/\/ojen2024.turnbull.co\/fr\/pscar\/tournois-locaux-par-region\/sud-ouest-ontario\" \/>\n<meta property=\"og:site_name\" content=\"OJEN\" \/>\n<meta property=\"article:publisher\" content=\"https:\/\/www.facebook.com\/pages\/OJEN\/252115501467864\" \/>\n<meta property=\"article:modified_time\" content=\"2025-07-29T21:40:33+00:00\" \/>\n<meta property=\"og:image\" content=\"https:\/\/ojen2024.turnbull.co\/wp-content\/uploads\/2019\/05\/Court-benches-stock-picture.png\" \/>\n\t<meta property=\"og:image:width\" content=\"1600\" \/>\n\t<meta property=\"og:image:height\" content=\"580\" \/>\n\t<meta property=\"og:image:type\" content=\"image\/png\" \/>\n<meta name=\"twitter:card\" content=\"summary_large_image\" \/>\n<meta name=\"twitter:site\" content=\"@OJEN_ROEJ\" \/>\n<meta name=\"twitter:label1\" content=\"Estimation du temps de lecture\" \/>\n\t<meta name=\"twitter:data1\" content=\"1 minute\" \/>\n<script type=\"application\/ld+json\" class=\"yoast-schema-graph\">{\"@context\":\"https:\/\/schema.org\",\"@graph\":[{\"@type\":\"WebPage\",\"@id\":\"https:\/\/ojen2024.turnbull.co\/fr\/pscar\/tournois-locaux-par-region\/sud-ouest-ontario\",\"url\":\"https:\/\/ojen2024.turnbull.co\/fr\/pscar\/tournois-locaux-par-region\/sud-ouest-ontario\",\"name\":\"Sud-Ouest de l\u2019Ontario - OJEN\",\"isPartOf\":{\"@id\":\"https:\/\/ojen2024.turnbull.co\/en\/#website\"},\"primaryImageOfPage\":{\"@id\":\"https:\/\/ojen2024.turnbull.co\/fr\/pscar\/tournois-locaux-par-region\/sud-ouest-ontario#primaryimage\"},\"image\":{\"@id\":\"https:\/\/ojen2024.turnbull.co\/fr\/pscar\/tournois-locaux-par-region\/sud-ouest-ontario#primaryimage\"},\"thumbnailUrl\":\"https:\/\/ojen2024.turnbull.co\/wp-content\/uploads\/2019\/05\/Court-benches-stock-picture.png\",\"datePublished\":\"2017-09-26T20:07:50+00:00\",\"dateModified\":\"2025-07-29T21:40:33+00:00\",\"breadcrumb\":{\"@id\":\"https:\/\/ojen2024.turnbull.co\/fr\/pscar\/tournois-locaux-par-region\/sud-ouest-ontario#breadcrumb\"},\"inLanguage\":\"fr-CA\",\"potentialAction\":[{\"@type\":\"ReadAction\",\"target\":[\"https:\/\/ojen2024.turnbull.co\/fr\/pscar\/tournois-locaux-par-region\/sud-ouest-ontario\"]}]},{\"@type\":\"ImageObject\",\"inLanguage\":\"fr-CA\",\"@id\":\"https:\/\/ojen2024.turnbull.co\/fr\/pscar\/tournois-locaux-par-region\/sud-ouest-ontario#primaryimage\",\"url\":\"https:\/\/ojen2024.turnbull.co\/wp-content\/uploads\/2019\/05\/Court-benches-stock-picture.png\",\"contentUrl\":\"https:\/\/ojen2024.turnbull.co\/wp-content\/uploads\/2019\/05\/Court-benches-stock-picture.png\",\"width\":1600,\"height\":580},{\"@type\":\"BreadcrumbList\",\"@id\":\"https:\/\/ojen2024.turnbull.co\/fr\/pscar\/tournois-locaux-par-region\/sud-ouest-ontario#breadcrumb\",\"itemListElement\":[{\"@type\":\"ListItem\",\"position\":1,\"name\":\"Home\",\"item\":\"https:\/\/ojen2024.turnbull.co\/fr\"},{\"@type\":\"ListItem\",\"position\":2,\"name\":\"Proc\u00e8s simul\u00e9s comp\u00e9titifs ABO\u2011ROEJ pour \u00e9l\u00e8ves du secondaire\",\"item\":\"https:\/\/ojen2024.turnbull.co\/fr\/pscar\"},{\"@type\":\"ListItem\",\"position\":3,\"name\":\"Tournois locaux dans chaque r\u00e9gion\",\"item\":\"https:\/\/ojen2024.turnbull.co\/fr\/pscar\/tournois-locaux-par-region\"},{\"@type\":\"ListItem\",\"position\":4,\"name\":\"Sud-Ouest de l\u2019Ontario\"}]},{\"@type\":\"WebSite\",\"@id\":\"https:\/\/ojen2024.turnbull.co\/en\/#website\",\"url\":\"https:\/\/ojen2024.turnbull.co\/en\/\",\"name\":\"OJEN\",\"description\":\"\",\"potentialAction\":[{\"@type\":\"SearchAction\",\"target\":{\"@type\":\"EntryPoint\",\"urlTemplate\":\"https:\/\/ojen2024.turnbull.co\/en\/?s={search_term_string}\"},\"query-input\":{\"@type\":\"PropertyValueSpecification\",\"valueRequired\":true,\"valueName\":\"search_term_string\"}}],\"inLanguage\":\"fr-CA\"}]}<\/script>\n<!-- \/ Yoast SEO plugin. -->","yoast_head_json":{"title":"Sud-Ouest de l\u2019Ontario - OJEN","robots":{"index":"noindex","follow":"follow","max-snippet":"max-snippet:-1","max-image-preview":"max-image-preview:large","max-video-preview":"max-video-preview:-1"},"og_locale":"fr_CA","og_type":"article","og_title":"Sud-Ouest de l\u2019Ontario - OJEN","og_description":"Tournoi de proc\u00e8s simul\u00e9s de Haldimand, Brant et Norfolk Tournoi de proc\u00e8s simul\u00e9s Grey-Bruce London, Middlesex, Oxford, Elgin : Tournoi de proc\u00e8s simul\u00e9s du Centre et du Sud-Ouest de l\u2019Ontario Wellington et Dufferin \u2014 Coupe Douglas R\u00e9gion de Waterloo \u2014 Coupe comm\u00e9morative Margaret Janzen Journ\u00e9e du droit de Waterloo Tournoi de proc\u00e8s simul\u00e9s de Windsor [&hellip;]","og_url":"https:\/\/ojen2024.turnbull.co\/fr\/pscar\/tournois-locaux-par-region\/sud-ouest-ontario","og_site_name":"OJEN","article_publisher":"https:\/\/www.facebook.com\/pages\/OJEN\/252115501467864","article_modified_time":"2025-07-29T21:40:33+00:00","og_image":[{"width":1600,"height":580,"url":"https:\/\/ojen2024.turnbull.co\/wp-content\/uploads\/2019\/05\/Court-benches-stock-picture.png","type":"image\/png"}],"twitter_card":"summary_large_image","twitter_site":"@OJEN_ROEJ","twitter_misc":{"Estimation du temps de lecture":"1 minute"},"schema":{"@context":"https:\/\/schema.org","@graph":[{"@type":"WebPage","@id":"https:\/\/ojen2024.turnbull.co\/fr\/pscar\/tournois-locaux-par-region\/sud-ouest-ontario","url":"https:\/\/ojen2024.turnbull.co\/fr\/pscar\/tournois-locaux-par-region\/sud-ouest-ontario","name":"Sud-Ouest de l\u2019Ontario - OJEN","isPartOf":{"@id":"https:\/\/ojen2024.turnbull.co\/en\/#website"},"primaryImageOfPage":{"@id":"https:\/\/ojen2024.turnbull.co\/fr\/pscar\/tournois-locaux-par-region\/sud-ouest-ontario#primaryimage"},"image":{"@id":"https:\/\/ojen2024.turnbull.co\/fr\/pscar\/tournois-locaux-par-region\/sud-ouest-ontario#primaryimage"},"thumbnailUrl":"https:\/\/ojen2024.turnbull.co\/wp-content\/uploads\/2019\/05\/Court-benches-stock-picture.png","datePublished":"2017-09-26T20:07:50+00:00","dateModified":"2025-07-29T21:40:33+00:00","breadcrumb":{"@id":"https:\/\/ojen2024.turnbull.co\/fr\/pscar\/tournois-locaux-par-region\/sud-ouest-ontario#breadcrumb"},"inLanguage":"fr-CA","potentialAction":[{"@type":"ReadAction","target":["https:\/\/ojen2024.turnbull.co\/fr\/pscar\/tournois-locaux-par-region\/sud-ouest-ontario"]}]},{"@type":"ImageObject","inLanguage":"fr-CA","@id":"https:\/\/ojen2024.turnbull.co\/fr\/pscar\/tournois-locaux-par-region\/sud-ouest-ontario#primaryimage","url":"https:\/\/ojen2024.turnbull.co\/wp-content\/uploads\/2019\/05\/Court-benches-stock-picture.png","contentUrl":"https:\/\/ojen2024.turnbull.co\/wp-content\/uploads\/2019\/05\/Court-benches-stock-picture.png","width":1600,"height":580},{"@type":"BreadcrumbList","@id":"https:\/\/ojen2024.turnbull.co\/fr\/pscar\/tournois-locaux-par-region\/sud-ouest-ontario#breadcrumb","itemListElement":[{"@type":"ListItem","position":1,"name":"Home","item":"https:\/\/ojen2024.turnbull.co\/fr"},{"@type":"ListItem","position":2,"name":"Proc\u00e8s simul\u00e9s comp\u00e9titifs ABO\u2011ROEJ pour \u00e9l\u00e8ves du secondaire","item":"https:\/\/ojen2024.turnbull.co\/fr\/pscar"},{"@type":"ListItem","position":3,"name":"Tournois locaux dans chaque r\u00e9gion","item":"https:\/\/ojen2024.turnbull.co\/fr\/pscar\/tournois-locaux-par-region"},{"@type":"ListItem","position":4,"name":"Sud-Ouest de l\u2019Ontario"}]},{"@type":"WebSite","@id":"https:\/\/ojen2024.turnbull.co\/en\/#website","url":"https:\/\/ojen2024.turnbull.co\/en\/","name":"OJEN","description":"","potentialAction":[{"@type":"SearchAction","target":{"@type":"EntryPoint","urlTemplate":"https:\/\/ojen2024.turnbull.co\/en\/?s={search_term_string}"},"query-input":{"@type":"PropertyValueSpecification","valueRequired":true,"valueName":"search_term_string"}}],"inLanguage":"fr-CA"}]}},"_links":{"self":[{"href":"https:\/\/ojen2024.turnbull.co\/fr\/wp-json\/wp\/v2\/pages\/31402"}],"collection":[{"href":"https:\/\/ojen2024.turnbull.co\/fr\/wp-json\/wp\/v2\/pages"}],"about":[{"href":"https:\/\/ojen2024.turnbull.co\/fr\/wp-json\/wp\/v2\/types\/page"}],"author":[{"embeddable":true,"href":"https:\/\/ojen2024.turnbull.co\/fr\/wp-json\/wp\/v2\/users\/8"}],"replies":[{"embeddable":true,"href":"https:\/\/ojen2024.turnbull.co\/fr\/wp-json\/wp\/v2\/comments?post=31402"}],"version-history":[{"count":0,"href":"https:\/\/ojen2024.turnbull.co\/fr\/wp-json\/wp\/v2\/pages\/31402\/revisions"}],"up":[{"embeddable":true,"href":"https:\/\/ojen2024.turnbull.co\/fr\/wp-json\/wp\/v2\/pages\/31030"}],"wp:featuredmedia":[{"embeddable":true,"href":"https:\/\/ojen2024.turnbull.co\/fr\/wp-json\/wp\/v2\/media\/17239"}],"wp:attachment":[{"href":"https:\/\/ojen2024.turnbull.co\/fr\/wp-json\/wp\/v2\/media?parent=31402"}],"curies":[{"name":"wp","href":"https:\/\/api.w.org\/{rel}","templated":true}]}}