{"id":31415,"date":"2017-02-02T14:35:54","date_gmt":"2017-02-02T19:35:54","guid":{"rendered":"https:\/\/ojen2024.turnbull.co\/pscar\/tournois-locaux-par-region\/sud-ouest-ontario\/central-southwestern-ontario-mock-trial-tournament"},"modified":"2025-07-29T17:02:33","modified_gmt":"2025-07-29T21:02:33","slug":"tournoi-proces-simules-centre-sudouest-ontario","status":"publish","type":"page","link":"https:\/\/ojen2024.turnbull.co\/fr\/pscar\/tournois-locaux-par-region\/sud-ouest-ontario\/tournoi-proces-simules-centre-sudouest-ontario","title":{"rendered":"Tournoi de proc\u00e8s simul\u00e9s du Centre et du Sud-Ouest de l\u2019Ontario"},"content":{"rendered":"<p>L\u2019ABO et le ROEJ ont lanc\u00e9 ce tournoi de proc\u00e8s simul\u00e9s pour la r\u00e9gion de London en 2017. Le tournoi s\u2019adresse principalement aux \u00e9coles des comt\u00e9s de London, de Middlesex, d\u2019Oxford et d\u2019Elgin. Les \u00e9coles situ\u00e9es dans les comt\u00e9s de Perth, de Huron, de Lambton, de Grey et de Bruce peuvent \u00e9galement participer \u00e0 ce tournoi jusqu\u2019\u00e0 ce que le nombre de participants justifie l\u2019organisation de tournois locaux dans ces r\u00e9gions.<\/p>\n","protected":false},"excerpt":{"rendered":"<p>L\u2019ABO et le ROEJ ont lanc\u00e9 ce tournoi de proc\u00e8s simul\u00e9s pour la r\u00e9gion de London en 2017. Le tournoi s\u2019adresse principalement aux \u00e9coles des comt\u00e9s de London, de Middlesex, d\u2019Oxford et d\u2019Elgin. Les \u00e9coles situ\u00e9es dans les comt\u00e9s de Perth, de Huron, de Lambton, de Grey et de Bruce peuvent \u00e9galement participer \u00e0 ce [&hellip;]<\/p>\n","protected":false},"author":8,"featured_media":17239,"parent":31402,"menu_order":0,"comment_status":"closed","ping_status":"closed","template":"template-oocmt-default.php","meta":{"_acf_changed":false,"_eb_attr":"","inline_featured_image":false,"ub_ctt_via":"","footnotes":""},"class_list":["post-31415","page","type-page","status-publish","has-post-thumbnail","hentry"],"acf":[],"featured_image_src":"https:\/\/ojen2024.turnbull.co\/wp-content\/uploads\/2019\/05\/Court-benches-stock-picture.png","yoast_head":"<!-- This site is optimized with the Yoast SEO plugin v25.3 - https:\/\/yoast.com\/wordpress\/plugins\/seo\/ -->\n<title>Tournoi de proc\u00e8s simul\u00e9s du Centre et du Sud-Ouest de l\u2019Ontario - OJEN<\/title>\n<meta name=\"description\" content=\"The OBA and OJEN launched this mock trial competition serving the area around London in 2017.\" \/>\n<meta name=\"robots\" content=\"noindex, follow, max-snippet:-1, max-image-preview:large, max-video-preview:-1\" \/>\n<meta property=\"og:locale\" content=\"fr_CA\" \/>\n<meta property=\"og:type\" content=\"article\" \/>\n<meta property=\"og:title\" content=\"Tournoi de proc\u00e8s simul\u00e9s du Centre et du Sud-Ouest de l\u2019Ontario - OJEN\" \/>\n<meta property=\"og:description\" content=\"The OBA and OJEN launched this mock trial competition serving the area around London in 2017.\" \/>\n<meta property=\"og:url\" content=\"https:\/\/ojen2024.turnbull.co\/fr\/pscar\/tournois-locaux-par-region\/sud-ouest-ontario\/tournoi-proces-simules-centre-sudouest-ontario\" \/>\n<meta property=\"og:site_name\" content=\"OJEN\" \/>\n<meta property=\"article:publisher\" content=\"https:\/\/www.facebook.com\/pages\/OJEN\/252115501467864\" \/>\n<meta property=\"article:modified_time\" content=\"2025-07-29T21:02:33+00:00\" \/>\n<meta property=\"og:image\" content=\"https:\/\/ojen2024.turnbull.co\/wp-content\/uploads\/2019\/05\/Court-benches-stock-picture.png\" \/>\n\t<meta property=\"og:image:width\" content=\"1600\" \/>\n\t<meta property=\"og:image:height\" content=\"580\" \/>\n\t<meta property=\"og:image:type\" content=\"image\/png\" \/>\n<meta name=\"twitter:card\" content=\"summary_large_image\" \/>\n<meta name=\"twitter:site\" content=\"@OJEN_ROEJ\" \/>\n<meta name=\"twitter:label1\" content=\"Estimation du temps de lecture\" \/>\n\t<meta name=\"twitter:data1\" content=\"1 minute\" \/>\n<script type=\"application\/ld+json\" class=\"yoast-schema-graph\">{\"@context\":\"https:\/\/schema.org\",\"@graph\":[{\"@type\":\"WebPage\",\"@id\":\"https:\/\/ojen2024.turnbull.co\/fr\/pscar\/tournois-locaux-par-region\/sud-ouest-ontario\/tournoi-proces-simules-centre-sudouest-ontario\",\"url\":\"https:\/\/ojen2024.turnbull.co\/fr\/pscar\/tournois-locaux-par-region\/sud-ouest-ontario\/tournoi-proces-simules-centre-sudouest-ontario\",\"name\":\"Tournoi de proc\u00e8s simul\u00e9s du Centre et du Sud-Ouest de l\u2019Ontario - OJEN\",\"isPartOf\":{\"@id\":\"https:\/\/ojen2024.turnbull.co\/en\/#website\"},\"primaryImageOfPage\":{\"@id\":\"https:\/\/ojen2024.turnbull.co\/fr\/pscar\/tournois-locaux-par-region\/sud-ouest-ontario\/tournoi-proces-simules-centre-sudouest-ontario#primaryimage\"},\"image\":{\"@id\":\"https:\/\/ojen2024.turnbull.co\/fr\/pscar\/tournois-locaux-par-region\/sud-ouest-ontario\/tournoi-proces-simules-centre-sudouest-ontario#primaryimage\"},\"thumbnailUrl\":\"https:\/\/ojen2024.turnbull.co\/wp-content\/uploads\/2019\/05\/Court-benches-stock-picture.png\",\"datePublished\":\"2017-02-02T19:35:54+00:00\",\"dateModified\":\"2025-07-29T21:02:33+00:00\",\"description\":\"The OBA and OJEN launched this mock trial competition serving the area around London in 2017.\",\"breadcrumb\":{\"@id\":\"https:\/\/ojen2024.turnbull.co\/fr\/pscar\/tournois-locaux-par-region\/sud-ouest-ontario\/tournoi-proces-simules-centre-sudouest-ontario#breadcrumb\"},\"inLanguage\":\"fr-CA\",\"potentialAction\":[{\"@type\":\"ReadAction\",\"target\":[\"https:\/\/ojen2024.turnbull.co\/fr\/pscar\/tournois-locaux-par-region\/sud-ouest-ontario\/tournoi-proces-simules-centre-sudouest-ontario\"]}]},{\"@type\":\"ImageObject\",\"inLanguage\":\"fr-CA\",\"@id\":\"https:\/\/ojen2024.turnbull.co\/fr\/pscar\/tournois-locaux-par-region\/sud-ouest-ontario\/tournoi-proces-simules-centre-sudouest-ontario#primaryimage\",\"url\":\"https:\/\/ojen2024.turnbull.co\/wp-content\/uploads\/2019\/05\/Court-benches-stock-picture.png\",\"contentUrl\":\"https:\/\/ojen2024.turnbull.co\/wp-content\/uploads\/2019\/05\/Court-benches-stock-picture.png\",\"width\":1600,\"height\":580},{\"@type\":\"BreadcrumbList\",\"@id\":\"https:\/\/ojen2024.turnbull.co\/fr\/pscar\/tournois-locaux-par-region\/sud-ouest-ontario\/tournoi-proces-simules-centre-sudouest-ontario#breadcrumb\",\"itemListElement\":[{\"@type\":\"ListItem\",\"position\":1,\"name\":\"Home\",\"item\":\"https:\/\/ojen2024.turnbull.co\/fr\"},{\"@type\":\"ListItem\",\"position\":2,\"name\":\"Proc\u00e8s simul\u00e9s comp\u00e9titifs ABO\u2011ROEJ pour \u00e9l\u00e8ves du secondaire\",\"item\":\"https:\/\/ojen2024.turnbull.co\/fr\/pscar\"},{\"@type\":\"ListItem\",\"position\":3,\"name\":\"Tournois locaux dans chaque r\u00e9gion\",\"item\":\"https:\/\/ojen2024.turnbull.co\/fr\/pscar\/tournois-locaux-par-region\"},{\"@type\":\"ListItem\",\"position\":4,\"name\":\"Sud-Ouest de l\u2019Ontario\",\"item\":\"https:\/\/ojen2024.turnbull.co\/fr\/pscar\/tournois-locaux-par-region\/sud-ouest-ontario\"},{\"@type\":\"ListItem\",\"position\":5,\"name\":\"Tournoi de proc\u00e8s simul\u00e9s du Centre et du Sud-Ouest de l\u2019Ontario\"}]},{\"@type\":\"WebSite\",\"@id\":\"https:\/\/ojen2024.turnbull.co\/en\/#website\",\"url\":\"https:\/\/ojen2024.turnbull.co\/en\/\",\"name\":\"OJEN\",\"description\":\"\",\"potentialAction\":[{\"@type\":\"SearchAction\",\"target\":{\"@type\":\"EntryPoint\",\"urlTemplate\":\"https:\/\/ojen2024.turnbull.co\/en\/?s={search_term_string}\"},\"query-input\":{\"@type\":\"PropertyValueSpecification\",\"valueRequired\":true,\"valueName\":\"search_term_string\"}}],\"inLanguage\":\"fr-CA\"}]}<\/script>\n<!-- \/ Yoast SEO plugin. -->","yoast_head_json":{"title":"Tournoi de proc\u00e8s simul\u00e9s du Centre et du Sud-Ouest de l\u2019Ontario - OJEN","description":"The OBA and OJEN launched this mock trial competition serving the area around London in 2017.","robots":{"index":"noindex","follow":"follow","max-snippet":"max-snippet:-1","max-image-preview":"max-image-preview:large","max-video-preview":"max-video-preview:-1"},"og_locale":"fr_CA","og_type":"article","og_title":"Tournoi de proc\u00e8s simul\u00e9s du Centre et du Sud-Ouest de l\u2019Ontario - OJEN","og_description":"The OBA and OJEN launched this mock trial competition serving the area around London in 2017.","og_url":"https:\/\/ojen2024.turnbull.co\/fr\/pscar\/tournois-locaux-par-region\/sud-ouest-ontario\/tournoi-proces-simules-centre-sudouest-ontario","og_site_name":"OJEN","article_publisher":"https:\/\/www.facebook.com\/pages\/OJEN\/252115501467864","article_modified_time":"2025-07-29T21:02:33+00:00","og_image":[{"width":1600,"height":580,"url":"https:\/\/ojen2024.turnbull.co\/wp-content\/uploads\/2019\/05\/Court-benches-stock-picture.png","type":"image\/png"}],"twitter_card":"summary_large_image","twitter_site":"@OJEN_ROEJ","twitter_misc":{"Estimation du temps de lecture":"1 minute"},"schema":{"@context":"https:\/\/schema.org","@graph":[{"@type":"WebPage","@id":"https:\/\/ojen2024.turnbull.co\/fr\/pscar\/tournois-locaux-par-region\/sud-ouest-ontario\/tournoi-proces-simules-centre-sudouest-ontario","url":"https:\/\/ojen2024.turnbull.co\/fr\/pscar\/tournois-locaux-par-region\/sud-ouest-ontario\/tournoi-proces-simules-centre-sudouest-ontario","name":"Tournoi de proc\u00e8s simul\u00e9s du Centre et du Sud-Ouest de l\u2019Ontario - OJEN","isPartOf":{"@id":"https:\/\/ojen2024.turnbull.co\/en\/#website"},"primaryImageOfPage":{"@id":"https:\/\/ojen2024.turnbull.co\/fr\/pscar\/tournois-locaux-par-region\/sud-ouest-ontario\/tournoi-proces-simules-centre-sudouest-ontario#primaryimage"},"image":{"@id":"https:\/\/ojen2024.turnbull.co\/fr\/pscar\/tournois-locaux-par-region\/sud-ouest-ontario\/tournoi-proces-simules-centre-sudouest-ontario#primaryimage"},"thumbnailUrl":"https:\/\/ojen2024.turnbull.co\/wp-content\/uploads\/2019\/05\/Court-benches-stock-picture.png","datePublished":"2017-02-02T19:35:54+00:00","dateModified":"2025-07-29T21:02:33+00:00","description":"The OBA and OJEN launched this mock trial competition serving the area around London in 2017.","breadcrumb":{"@id":"https:\/\/ojen2024.turnbull.co\/fr\/pscar\/tournois-locaux-par-region\/sud-ouest-ontario\/tournoi-proces-simules-centre-sudouest-ontario#breadcrumb"},"inLanguage":"fr-CA","potentialAction":[{"@type":"ReadAction","target":["https:\/\/ojen2024.turnbull.co\/fr\/pscar\/tournois-locaux-par-region\/sud-ouest-ontario\/tournoi-proces-simules-centre-sudouest-ontario"]}]},{"@type":"ImageObject","inLanguage":"fr-CA","@id":"https:\/\/ojen2024.turnbull.co\/fr\/pscar\/tournois-locaux-par-region\/sud-ouest-ontario\/tournoi-proces-simules-centre-sudouest-ontario#primaryimage","url":"https:\/\/ojen2024.turnbull.co\/wp-content\/uploads\/2019\/05\/Court-benches-stock-picture.png","contentUrl":"https:\/\/ojen2024.turnbull.co\/wp-content\/uploads\/2019\/05\/Court-benches-stock-picture.png","width":1600,"height":580},{"@type":"BreadcrumbList","@id":"https:\/\/ojen2024.turnbull.co\/fr\/pscar\/tournois-locaux-par-region\/sud-ouest-ontario\/tournoi-proces-simules-centre-sudouest-ontario#breadcrumb","itemListElement":[{"@type":"ListItem","position":1,"name":"Home","item":"https:\/\/ojen2024.turnbull.co\/fr"},{"@type":"ListItem","position":2,"name":"Proc\u00e8s simul\u00e9s comp\u00e9titifs ABO\u2011ROEJ pour \u00e9l\u00e8ves du secondaire","item":"https:\/\/ojen2024.turnbull.co\/fr\/pscar"},{"@type":"ListItem","position":3,"name":"Tournois locaux dans chaque r\u00e9gion","item":"https:\/\/ojen2024.turnbull.co\/fr\/pscar\/tournois-locaux-par-region"},{"@type":"ListItem","position":4,"name":"Sud-Ouest de l\u2019Ontario","item":"https:\/\/ojen2024.turnbull.co\/fr\/pscar\/tournois-locaux-par-region\/sud-ouest-ontario"},{"@type":"ListItem","position":5,"name":"Tournoi de proc\u00e8s simul\u00e9s du Centre et du Sud-Ouest de l\u2019Ontario"}]},{"@type":"WebSite","@id":"https:\/\/ojen2024.turnbull.co\/en\/#website","url":"https:\/\/ojen2024.turnbull.co\/en\/","name":"OJEN","description":"","potentialAction":[{"@type":"SearchAction","target":{"@type":"EntryPoint","urlTemplate":"https:\/\/ojen2024.turnbull.co\/en\/?s={search_term_string}"},"query-input":{"@type":"PropertyValueSpecification","valueRequired":true,"valueName":"search_term_string"}}],"inLanguage":"fr-CA"}]}},"_links":{"self":[{"href":"https:\/\/ojen2024.turnbull.co\/fr\/wp-json\/wp\/v2\/pages\/31415"}],"collection":[{"href":"https:\/\/ojen2024.turnbull.co\/fr\/wp-json\/wp\/v2\/pages"}],"about":[{"href":"https:\/\/ojen2024.turnbull.co\/fr\/wp-json\/wp\/v2\/types\/page"}],"author":[{"embeddable":true,"href":"https:\/\/ojen2024.turnbull.co\/fr\/wp-json\/wp\/v2\/users\/8"}],"replies":[{"embeddable":true,"href":"https:\/\/ojen2024.turnbull.co\/fr\/wp-json\/wp\/v2\/comments?post=31415"}],"version-history":[{"count":0,"href":"https:\/\/ojen2024.turnbull.co\/fr\/wp-json\/wp\/v2\/pages\/31415\/revisions"}],"up":[{"embeddable":true,"href":"https:\/\/ojen2024.turnbull.co\/fr\/wp-json\/wp\/v2\/pages\/31402"}],"wp:featuredmedia":[{"embeddable":true,"href":"https:\/\/ojen2024.turnbull.co\/fr\/wp-json\/wp\/v2\/media\/17239"}],"wp:attachment":[{"href":"https:\/\/ojen2024.turnbull.co\/fr\/wp-json\/wp\/v2\/media?parent=31415"}],"curies":[{"name":"wp","href":"https:\/\/api.w.org\/{rel}","templated":true}]}}