{"id":31438,"date":"2025-07-29T17:37:32","date_gmt":"2025-07-29T21:37:32","guid":{"rendered":"https:\/\/ojen2024.turnbull.co\/pscar\/tournois-locaux-par-region\/sud-ouest-ontario\/ocj-advocacy-competition"},"modified":"2025-07-29T17:38:56","modified_gmt":"2025-07-29T21:38:56","slug":"concours-plaidoirie-cjo","status":"publish","type":"page","link":"https:\/\/ojen2024.turnbull.co\/fr\/pscar\/tournois-locaux-par-region\/sud-ouest-ontario\/concours-plaidoirie-cjo","title":{"rendered":"Concours de plaidoirie de la Cour de justice de l\u2019Ontario \u2014 comt\u00e9 de Lambton"},"content":{"rendered":"\n<p>Veuillez contacter oocmt@ojen.ca si vous souhaitez obtenir plus d\u2019informations.<\/p>\n\n\n\n<p><\/p>\n","protected":false},"excerpt":{"rendered":"<p>Veuillez contacter oocmt@ojen.ca si vous souhaitez obtenir plus d\u2019informations.<\/p>\n","protected":false},"author":1232,"featured_media":0,"parent":31402,"menu_order":0,"comment_status":"closed","ping_status":"closed","template":"template-oocmt-default.php","meta":{"_acf_changed":false,"_eb_attr":"","inline_featured_image":false,"ub_ctt_via":"","footnotes":""},"class_list":["post-31438","page","type-page","status-publish","hentry"],"acf":[],"featured_image_src":null,"yoast_head":"<!-- This site is optimized with the Yoast SEO plugin v25.3 - https:\/\/yoast.com\/wordpress\/plugins\/seo\/ -->\n<title>Concours de plaidoirie de la Cour de justice de l\u2019Ontario \u2014 comt\u00e9 de Lambton - OJEN<\/title>\n<meta name=\"robots\" content=\"noindex, follow, max-snippet:-1, max-image-preview:large, max-video-preview:-1\" \/>\n<meta property=\"og:locale\" content=\"fr_CA\" \/>\n<meta property=\"og:type\" content=\"article\" \/>\n<meta property=\"og:title\" content=\"Concours de plaidoirie de la Cour de justice de l\u2019Ontario \u2014 comt\u00e9 de Lambton - OJEN\" \/>\n<meta property=\"og:description\" content=\"Veuillez contacter oocmt@ojen.ca si vous souhaitez obtenir plus d\u2019informations.\" \/>\n<meta property=\"og:url\" content=\"https:\/\/ojen2024.turnbull.co\/fr\/pscar\/tournois-locaux-par-region\/sud-ouest-ontario\/concours-plaidoirie-cjo\" \/>\n<meta property=\"og:site_name\" content=\"OJEN\" \/>\n<meta property=\"article:publisher\" content=\"https:\/\/www.facebook.com\/pages\/OJEN\/252115501467864\" \/>\n<meta property=\"article:modified_time\" content=\"2025-07-29T21:38:56+00:00\" \/>\n<meta name=\"twitter:card\" content=\"summary_large_image\" \/>\n<meta name=\"twitter:site\" content=\"@OJEN_ROEJ\" \/>\n<meta name=\"twitter:label1\" content=\"Estimation du temps de lecture\" \/>\n\t<meta name=\"twitter:data1\" content=\"1 minute\" \/>\n<script type=\"application\/ld+json\" class=\"yoast-schema-graph\">{\"@context\":\"https:\/\/schema.org\",\"@graph\":[{\"@type\":\"WebPage\",\"@id\":\"https:\/\/ojen2024.turnbull.co\/fr\/pscar\/tournois-locaux-par-region\/sud-ouest-ontario\/concours-plaidoirie-cjo\",\"url\":\"https:\/\/ojen2024.turnbull.co\/fr\/pscar\/tournois-locaux-par-region\/sud-ouest-ontario\/concours-plaidoirie-cjo\",\"name\":\"Concours de plaidoirie de la Cour de justice de l\u2019Ontario \u2014 comt\u00e9 de Lambton - OJEN\",\"isPartOf\":{\"@id\":\"https:\/\/ojen2024.turnbull.co\/en\/#website\"},\"datePublished\":\"2025-07-29T21:37:32+00:00\",\"dateModified\":\"2025-07-29T21:38:56+00:00\",\"breadcrumb\":{\"@id\":\"https:\/\/ojen2024.turnbull.co\/fr\/pscar\/tournois-locaux-par-region\/sud-ouest-ontario\/concours-plaidoirie-cjo#breadcrumb\"},\"inLanguage\":\"fr-CA\",\"potentialAction\":[{\"@type\":\"ReadAction\",\"target\":[\"https:\/\/ojen2024.turnbull.co\/fr\/pscar\/tournois-locaux-par-region\/sud-ouest-ontario\/concours-plaidoirie-cjo\"]}]},{\"@type\":\"BreadcrumbList\",\"@id\":\"https:\/\/ojen2024.turnbull.co\/fr\/pscar\/tournois-locaux-par-region\/sud-ouest-ontario\/concours-plaidoirie-cjo#breadcrumb\",\"itemListElement\":[{\"@type\":\"ListItem\",\"position\":1,\"name\":\"Home\",\"item\":\"https:\/\/ojen2024.turnbull.co\/fr\"},{\"@type\":\"ListItem\",\"position\":2,\"name\":\"Proc\u00e8s simul\u00e9s comp\u00e9titifs ABO\u2011ROEJ pour \u00e9l\u00e8ves du secondaire\",\"item\":\"https:\/\/ojen2024.turnbull.co\/fr\/pscar\"},{\"@type\":\"ListItem\",\"position\":3,\"name\":\"Tournois locaux dans chaque r\u00e9gion\",\"item\":\"https:\/\/ojen2024.turnbull.co\/fr\/pscar\/tournois-locaux-par-region\"},{\"@type\":\"ListItem\",\"position\":4,\"name\":\"Sud-Ouest de l\u2019Ontario\",\"item\":\"https:\/\/ojen2024.turnbull.co\/fr\/pscar\/tournois-locaux-par-region\/sud-ouest-ontario\"},{\"@type\":\"ListItem\",\"position\":5,\"name\":\"Concours de plaidoirie de la Cour de justice de l\u2019Ontario \u2014 comt\u00e9 de Lambton\"}]},{\"@type\":\"WebSite\",\"@id\":\"https:\/\/ojen2024.turnbull.co\/en\/#website\",\"url\":\"https:\/\/ojen2024.turnbull.co\/en\/\",\"name\":\"OJEN\",\"description\":\"\",\"potentialAction\":[{\"@type\":\"SearchAction\",\"target\":{\"@type\":\"EntryPoint\",\"urlTemplate\":\"https:\/\/ojen2024.turnbull.co\/en\/?s={search_term_string}\"},\"query-input\":{\"@type\":\"PropertyValueSpecification\",\"valueRequired\":true,\"valueName\":\"search_term_string\"}}],\"inLanguage\":\"fr-CA\"}]}<\/script>\n<!-- \/ Yoast SEO plugin. -->","yoast_head_json":{"title":"Concours de plaidoirie de la Cour de justice de l\u2019Ontario \u2014 comt\u00e9 de Lambton - OJEN","robots":{"index":"noindex","follow":"follow","max-snippet":"max-snippet:-1","max-image-preview":"max-image-preview:large","max-video-preview":"max-video-preview:-1"},"og_locale":"fr_CA","og_type":"article","og_title":"Concours de plaidoirie de la Cour de justice de l\u2019Ontario \u2014 comt\u00e9 de Lambton - OJEN","og_description":"Veuillez contacter oocmt@ojen.ca si vous souhaitez obtenir plus d\u2019informations.","og_url":"https:\/\/ojen2024.turnbull.co\/fr\/pscar\/tournois-locaux-par-region\/sud-ouest-ontario\/concours-plaidoirie-cjo","og_site_name":"OJEN","article_publisher":"https:\/\/www.facebook.com\/pages\/OJEN\/252115501467864","article_modified_time":"2025-07-29T21:38:56+00:00","twitter_card":"summary_large_image","twitter_site":"@OJEN_ROEJ","twitter_misc":{"Estimation du temps de lecture":"1 minute"},"schema":{"@context":"https:\/\/schema.org","@graph":[{"@type":"WebPage","@id":"https:\/\/ojen2024.turnbull.co\/fr\/pscar\/tournois-locaux-par-region\/sud-ouest-ontario\/concours-plaidoirie-cjo","url":"https:\/\/ojen2024.turnbull.co\/fr\/pscar\/tournois-locaux-par-region\/sud-ouest-ontario\/concours-plaidoirie-cjo","name":"Concours de plaidoirie de la Cour de justice de l\u2019Ontario \u2014 comt\u00e9 de Lambton - OJEN","isPartOf":{"@id":"https:\/\/ojen2024.turnbull.co\/en\/#website"},"datePublished":"2025-07-29T21:37:32+00:00","dateModified":"2025-07-29T21:38:56+00:00","breadcrumb":{"@id":"https:\/\/ojen2024.turnbull.co\/fr\/pscar\/tournois-locaux-par-region\/sud-ouest-ontario\/concours-plaidoirie-cjo#breadcrumb"},"inLanguage":"fr-CA","potentialAction":[{"@type":"ReadAction","target":["https:\/\/ojen2024.turnbull.co\/fr\/pscar\/tournois-locaux-par-region\/sud-ouest-ontario\/concours-plaidoirie-cjo"]}]},{"@type":"BreadcrumbList","@id":"https:\/\/ojen2024.turnbull.co\/fr\/pscar\/tournois-locaux-par-region\/sud-ouest-ontario\/concours-plaidoirie-cjo#breadcrumb","itemListElement":[{"@type":"ListItem","position":1,"name":"Home","item":"https:\/\/ojen2024.turnbull.co\/fr"},{"@type":"ListItem","position":2,"name":"Proc\u00e8s simul\u00e9s comp\u00e9titifs ABO\u2011ROEJ pour \u00e9l\u00e8ves du secondaire","item":"https:\/\/ojen2024.turnbull.co\/fr\/pscar"},{"@type":"ListItem","position":3,"name":"Tournois locaux dans chaque r\u00e9gion","item":"https:\/\/ojen2024.turnbull.co\/fr\/pscar\/tournois-locaux-par-region"},{"@type":"ListItem","position":4,"name":"Sud-Ouest de l\u2019Ontario","item":"https:\/\/ojen2024.turnbull.co\/fr\/pscar\/tournois-locaux-par-region\/sud-ouest-ontario"},{"@type":"ListItem","position":5,"name":"Concours de plaidoirie de la Cour de justice de l\u2019Ontario \u2014 comt\u00e9 de Lambton"}]},{"@type":"WebSite","@id":"https:\/\/ojen2024.turnbull.co\/en\/#website","url":"https:\/\/ojen2024.turnbull.co\/en\/","name":"OJEN","description":"","potentialAction":[{"@type":"SearchAction","target":{"@type":"EntryPoint","urlTemplate":"https:\/\/ojen2024.turnbull.co\/en\/?s={search_term_string}"},"query-input":{"@type":"PropertyValueSpecification","valueRequired":true,"valueName":"search_term_string"}}],"inLanguage":"fr-CA"}]}},"_links":{"self":[{"href":"https:\/\/ojen2024.turnbull.co\/fr\/wp-json\/wp\/v2\/pages\/31438"}],"collection":[{"href":"https:\/\/ojen2024.turnbull.co\/fr\/wp-json\/wp\/v2\/pages"}],"about":[{"href":"https:\/\/ojen2024.turnbull.co\/fr\/wp-json\/wp\/v2\/types\/page"}],"author":[{"embeddable":true,"href":"https:\/\/ojen2024.turnbull.co\/fr\/wp-json\/wp\/v2\/users\/1232"}],"replies":[{"embeddable":true,"href":"https:\/\/ojen2024.turnbull.co\/fr\/wp-json\/wp\/v2\/comments?post=31438"}],"version-history":[{"count":0,"href":"https:\/\/ojen2024.turnbull.co\/fr\/wp-json\/wp\/v2\/pages\/31438\/revisions"}],"up":[{"embeddable":true,"href":"https:\/\/ojen2024.turnbull.co\/fr\/wp-json\/wp\/v2\/pages\/31402"}],"wp:attachment":[{"href":"https:\/\/ojen2024.turnbull.co\/fr\/wp-json\/wp\/v2\/media?parent=31438"}],"curies":[{"name":"wp","href":"https:\/\/api.w.org\/{rel}","templated":true}]}}