{"id":31462,"date":"2018-03-16T20:00:11","date_gmt":"2018-03-17T00:00:11","guid":{"rendered":"https:\/\/ojen2024.turnbull.co\/pscar\/resources\/marking-scheme"},"modified":"2025-07-29T18:52:43","modified_gmt":"2025-07-29T22:52:43","slug":"guide-notation","status":"publish","type":"page","link":"https:\/\/ojen2024.turnbull.co\/fr\/pscar\/ressources\/guide-notation","title":{"rendered":"Autres documents"},"content":{"rendered":"<p><a href=\"https:\/\/ojen.ca\/wp-content\/uploads\/2019\/04\/OOCMT-Time-Cards-2019.pdf\"><strong>Cartes de temps<\/strong><\/a><strong> que votre chronom\u00e9treur peut tenir durant les proc\u00e8s simul\u00e9s (<\/strong><a href=\"https:\/\/ojen.ca\/wp-content\/uploads\/2019\/04\/OOCMT-Time-Cards-2019.pdf\"><strong>en anglais ici<\/strong><\/a><strong>).<\/strong><\/p>\n<p><a href=\"https:\/\/ojen.ca\/wp-content\/uploads\/2023\/11\/PSCAR-Feuille-de-chronometre.pdf\"><strong>Feuille de chronom\u00e9trage<\/strong><\/a><strong> qui permet \u00e0 votre chronom\u00e9treur d\u2019indiquer le temps utilis\u00e9 et le temps qui reste durant une ronde. Les \u00e9quipes sont responsables d\u2019imprimer et d\u2019apporter leurs propres copies au tournoi (<\/strong><a href=\"https:\/\/ojen.ca\/wp-content\/uploads\/2019\/04\/OOCMT-Timekeeping-Sheet-2019.pdf\"><strong>en anglais ici<\/strong><\/a><strong>).<\/strong><\/p>\n<p><a href=\"https:\/\/ojen.ca\/wp-content\/uploads\/2023\/12\/Guide-a-lintention-des-greffiers.pdf\"><strong>Guide \u00e0 l\u2019intention des greffiers<\/strong><\/a><strong>\u00a0: Ressource pour les b\u00e9n\u00e9voles qui agissent comme greffiers. On y passe en revue les choses \u00e0 faire avant le proc\u00e8s, le d\u00e9roulement du proc\u00e8s, et l\u2019horaire \u00e0 suivre (<\/strong><a href=\"https:\/\/ojen.ca\/en\/download\/2023-oocmt-court-clerk-guide\"><strong>en anglais ici<\/strong><\/a><strong>).<\/strong><\/p>\n<p><a href=\"https:\/\/ojen.ca\/en\/download\/guide-de-notation-pour-le-tournoi-de-proces\/\"><strong>Guide de notation \u00e0 l\u2019intention des juges<\/strong><\/a>\u00a0<strong>: Document que les juges devront utiliser pour accorder des notes aux \u00e9quipes (<\/strong><a href=\"https:\/\/ojen.ca\/en\/download\/oocmt-scoring-sheet\"><strong>en anglais ici<\/strong><\/a><strong>).<\/strong><\/p>\n<\/ol>\n","protected":false},"excerpt":{"rendered":"<p>Cartes de temps que votre chronom\u00e9treur peut tenir durant les proc\u00e8s simul\u00e9s (en anglais ici). Feuille de chronom\u00e9trage qui permet \u00e0 votre chronom\u00e9treur d\u2019indiquer le temps utilis\u00e9 et le temps qui reste durant une ronde. Les \u00e9quipes sont responsables d\u2019imprimer et d\u2019apporter leurs propres copies au tournoi (en anglais ici). Guide \u00e0 l\u2019intention des greffiers\u00a0: [&hellip;]<\/p>\n","protected":false},"author":8,"featured_media":17273,"parent":8426,"menu_order":0,"comment_status":"closed","ping_status":"closed","template":"template-oocmt-default.php","meta":{"_acf_changed":false,"_eb_attr":"","inline_featured_image":false,"ub_ctt_via":"","footnotes":""},"class_list":["post-31462","page","type-page","status-publish","has-post-thumbnail","hentry"],"acf":[],"featured_image_src":"https:\/\/ojen2024.turnbull.co\/wp-content\/uploads\/2018\/06\/Court-benches-stock-picture-2.jpg","yoast_head":"<!-- This site is optimized with the Yoast SEO plugin v25.3 - https:\/\/yoast.com\/wordpress\/plugins\/seo\/ -->\n<title>Autres documents - OJEN<\/title>\n<meta name=\"robots\" content=\"noindex, follow, max-snippet:-1, max-image-preview:large, max-video-preview:-1\" \/>\n<meta property=\"og:locale\" content=\"fr_CA\" \/>\n<meta property=\"og:type\" content=\"article\" \/>\n<meta property=\"og:title\" content=\"Autres documents - OJEN\" \/>\n<meta property=\"og:description\" content=\"Cartes de temps que votre chronom\u00e9treur peut tenir durant les proc\u00e8s simul\u00e9s (en anglais ici). Feuille de chronom\u00e9trage qui permet \u00e0 votre chronom\u00e9treur d\u2019indiquer le temps utilis\u00e9 et le temps qui reste durant une ronde. Les \u00e9quipes sont responsables d\u2019imprimer et d\u2019apporter leurs propres copies au tournoi (en anglais ici). Guide \u00e0 l\u2019intention des greffiers\u00a0: [&hellip;]\" \/>\n<meta property=\"og:url\" content=\"https:\/\/ojen2024.turnbull.co\/fr\/pscar\/ressources\/guide-notation\" \/>\n<meta property=\"og:site_name\" content=\"OJEN\" \/>\n<meta property=\"article:publisher\" content=\"https:\/\/www.facebook.com\/pages\/OJEN\/252115501467864\" \/>\n<meta property=\"article:modified_time\" content=\"2025-07-29T22:52:43+00:00\" \/>\n<meta property=\"og:image\" content=\"https:\/\/ojen2024.turnbull.co\/wp-content\/uploads\/2018\/06\/Court-benches-stock-picture-2.jpg\" \/>\n\t<meta property=\"og:image:width\" content=\"1600\" \/>\n\t<meta property=\"og:image:height\" content=\"580\" \/>\n\t<meta property=\"og:image:type\" content=\"image\/jpeg\" \/>\n<meta name=\"twitter:card\" content=\"summary_large_image\" \/>\n<meta name=\"twitter:site\" content=\"@OJEN_ROEJ\" \/>\n<meta name=\"twitter:label1\" content=\"Estimation du temps de lecture\" \/>\n\t<meta name=\"twitter:data1\" content=\"1 minute\" \/>\n<script type=\"application\/ld+json\" class=\"yoast-schema-graph\">{\"@context\":\"https:\/\/schema.org\",\"@graph\":[{\"@type\":\"WebPage\",\"@id\":\"https:\/\/ojen2024.turnbull.co\/fr\/pscar\/ressources\/guide-notation\",\"url\":\"https:\/\/ojen2024.turnbull.co\/fr\/pscar\/ressources\/guide-notation\",\"name\":\"Autres documents - OJEN\",\"isPartOf\":{\"@id\":\"https:\/\/ojen2024.turnbull.co\/en\/#website\"},\"primaryImageOfPage\":{\"@id\":\"https:\/\/ojen2024.turnbull.co\/fr\/pscar\/ressources\/guide-notation#primaryimage\"},\"image\":{\"@id\":\"https:\/\/ojen2024.turnbull.co\/fr\/pscar\/ressources\/guide-notation#primaryimage\"},\"thumbnailUrl\":\"https:\/\/ojen2024.turnbull.co\/wp-content\/uploads\/2018\/06\/Court-benches-stock-picture-2.jpg\",\"datePublished\":\"2018-03-17T00:00:11+00:00\",\"dateModified\":\"2025-07-29T22:52:43+00:00\",\"breadcrumb\":{\"@id\":\"https:\/\/ojen2024.turnbull.co\/fr\/pscar\/ressources\/guide-notation#breadcrumb\"},\"inLanguage\":\"fr-CA\",\"potentialAction\":[{\"@type\":\"ReadAction\",\"target\":[\"https:\/\/ojen2024.turnbull.co\/fr\/pscar\/ressources\/guide-notation\"]}]},{\"@type\":\"ImageObject\",\"inLanguage\":\"fr-CA\",\"@id\":\"https:\/\/ojen2024.turnbull.co\/fr\/pscar\/ressources\/guide-notation#primaryimage\",\"url\":\"https:\/\/ojen2024.turnbull.co\/wp-content\/uploads\/2018\/06\/Court-benches-stock-picture-2.jpg\",\"contentUrl\":\"https:\/\/ojen2024.turnbull.co\/wp-content\/uploads\/2018\/06\/Court-benches-stock-picture-2.jpg\",\"width\":1600,\"height\":580},{\"@type\":\"BreadcrumbList\",\"@id\":\"https:\/\/ojen2024.turnbull.co\/fr\/pscar\/ressources\/guide-notation#breadcrumb\",\"itemListElement\":[{\"@type\":\"ListItem\",\"position\":1,\"name\":\"Home\",\"item\":\"https:\/\/ojen2024.turnbull.co\/fr\"},{\"@type\":\"ListItem\",\"position\":2,\"name\":\"Proc\u00e8s simul\u00e9s comp\u00e9titifs ABO\u2011ROEJ pour \u00e9l\u00e8ves du secondaire\",\"item\":\"https:\/\/ojen2024.turnbull.co\/fr\/pscar\"},{\"@type\":\"ListItem\",\"position\":3,\"name\":\"Documents et ressources pour le tournoi\",\"item\":\"https:\/\/ojen2024.turnbull.co\/fr\/pscar\/ressources\"},{\"@type\":\"ListItem\",\"position\":4,\"name\":\"Autres documents\"}]},{\"@type\":\"WebSite\",\"@id\":\"https:\/\/ojen2024.turnbull.co\/en\/#website\",\"url\":\"https:\/\/ojen2024.turnbull.co\/en\/\",\"name\":\"OJEN\",\"description\":\"\",\"potentialAction\":[{\"@type\":\"SearchAction\",\"target\":{\"@type\":\"EntryPoint\",\"urlTemplate\":\"https:\/\/ojen2024.turnbull.co\/en\/?s={search_term_string}\"},\"query-input\":{\"@type\":\"PropertyValueSpecification\",\"valueRequired\":true,\"valueName\":\"search_term_string\"}}],\"inLanguage\":\"fr-CA\"}]}<\/script>\n<!-- \/ Yoast SEO plugin. -->","yoast_head_json":{"title":"Autres documents - OJEN","robots":{"index":"noindex","follow":"follow","max-snippet":"max-snippet:-1","max-image-preview":"max-image-preview:large","max-video-preview":"max-video-preview:-1"},"og_locale":"fr_CA","og_type":"article","og_title":"Autres documents - OJEN","og_description":"Cartes de temps que votre chronom\u00e9treur peut tenir durant les proc\u00e8s simul\u00e9s (en anglais ici). Feuille de chronom\u00e9trage qui permet \u00e0 votre chronom\u00e9treur d\u2019indiquer le temps utilis\u00e9 et le temps qui reste durant une ronde. Les \u00e9quipes sont responsables d\u2019imprimer et d\u2019apporter leurs propres copies au tournoi (en anglais ici). Guide \u00e0 l\u2019intention des greffiers\u00a0: [&hellip;]","og_url":"https:\/\/ojen2024.turnbull.co\/fr\/pscar\/ressources\/guide-notation","og_site_name":"OJEN","article_publisher":"https:\/\/www.facebook.com\/pages\/OJEN\/252115501467864","article_modified_time":"2025-07-29T22:52:43+00:00","og_image":[{"width":1600,"height":580,"url":"https:\/\/ojen2024.turnbull.co\/wp-content\/uploads\/2018\/06\/Court-benches-stock-picture-2.jpg","type":"image\/jpeg"}],"twitter_card":"summary_large_image","twitter_site":"@OJEN_ROEJ","twitter_misc":{"Estimation du temps de lecture":"1 minute"},"schema":{"@context":"https:\/\/schema.org","@graph":[{"@type":"WebPage","@id":"https:\/\/ojen2024.turnbull.co\/fr\/pscar\/ressources\/guide-notation","url":"https:\/\/ojen2024.turnbull.co\/fr\/pscar\/ressources\/guide-notation","name":"Autres documents - OJEN","isPartOf":{"@id":"https:\/\/ojen2024.turnbull.co\/en\/#website"},"primaryImageOfPage":{"@id":"https:\/\/ojen2024.turnbull.co\/fr\/pscar\/ressources\/guide-notation#primaryimage"},"image":{"@id":"https:\/\/ojen2024.turnbull.co\/fr\/pscar\/ressources\/guide-notation#primaryimage"},"thumbnailUrl":"https:\/\/ojen2024.turnbull.co\/wp-content\/uploads\/2018\/06\/Court-benches-stock-picture-2.jpg","datePublished":"2018-03-17T00:00:11+00:00","dateModified":"2025-07-29T22:52:43+00:00","breadcrumb":{"@id":"https:\/\/ojen2024.turnbull.co\/fr\/pscar\/ressources\/guide-notation#breadcrumb"},"inLanguage":"fr-CA","potentialAction":[{"@type":"ReadAction","target":["https:\/\/ojen2024.turnbull.co\/fr\/pscar\/ressources\/guide-notation"]}]},{"@type":"ImageObject","inLanguage":"fr-CA","@id":"https:\/\/ojen2024.turnbull.co\/fr\/pscar\/ressources\/guide-notation#primaryimage","url":"https:\/\/ojen2024.turnbull.co\/wp-content\/uploads\/2018\/06\/Court-benches-stock-picture-2.jpg","contentUrl":"https:\/\/ojen2024.turnbull.co\/wp-content\/uploads\/2018\/06\/Court-benches-stock-picture-2.jpg","width":1600,"height":580},{"@type":"BreadcrumbList","@id":"https:\/\/ojen2024.turnbull.co\/fr\/pscar\/ressources\/guide-notation#breadcrumb","itemListElement":[{"@type":"ListItem","position":1,"name":"Home","item":"https:\/\/ojen2024.turnbull.co\/fr"},{"@type":"ListItem","position":2,"name":"Proc\u00e8s simul\u00e9s comp\u00e9titifs ABO\u2011ROEJ pour \u00e9l\u00e8ves du secondaire","item":"https:\/\/ojen2024.turnbull.co\/fr\/pscar"},{"@type":"ListItem","position":3,"name":"Documents et ressources pour le tournoi","item":"https:\/\/ojen2024.turnbull.co\/fr\/pscar\/ressources"},{"@type":"ListItem","position":4,"name":"Autres documents"}]},{"@type":"WebSite","@id":"https:\/\/ojen2024.turnbull.co\/en\/#website","url":"https:\/\/ojen2024.turnbull.co\/en\/","name":"OJEN","description":"","potentialAction":[{"@type":"SearchAction","target":{"@type":"EntryPoint","urlTemplate":"https:\/\/ojen2024.turnbull.co\/en\/?s={search_term_string}"},"query-input":{"@type":"PropertyValueSpecification","valueRequired":true,"valueName":"search_term_string"}}],"inLanguage":"fr-CA"}]}},"_links":{"self":[{"href":"https:\/\/ojen2024.turnbull.co\/fr\/wp-json\/wp\/v2\/pages\/31462"}],"collection":[{"href":"https:\/\/ojen2024.turnbull.co\/fr\/wp-json\/wp\/v2\/pages"}],"about":[{"href":"https:\/\/ojen2024.turnbull.co\/fr\/wp-json\/wp\/v2\/types\/page"}],"author":[{"embeddable":true,"href":"https:\/\/ojen2024.turnbull.co\/fr\/wp-json\/wp\/v2\/users\/8"}],"replies":[{"embeddable":true,"href":"https:\/\/ojen2024.turnbull.co\/fr\/wp-json\/wp\/v2\/comments?post=31462"}],"version-history":[{"count":0,"href":"https:\/\/ojen2024.turnbull.co\/fr\/wp-json\/wp\/v2\/pages\/31462\/revisions"}],"up":[{"embeddable":true,"href":"https:\/\/ojen2024.turnbull.co\/fr\/wp-json\/wp\/v2\/pages\/8426"}],"wp:featuredmedia":[{"embeddable":true,"href":"https:\/\/ojen2024.turnbull.co\/fr\/wp-json\/wp\/v2\/media\/17273"}],"wp:attachment":[{"href":"https:\/\/ojen2024.turnbull.co\/fr\/wp-json\/wp\/v2\/media?parent=31462"}],"curies":[{"name":"wp","href":"https:\/\/api.w.org\/{rel}","templated":true}]}}