{"id":31468,"date":"2018-03-16T20:37:36","date_gmt":"2018-03-17T00:37:36","guid":{"rendered":"https:\/\/ojen2024.turnbull.co\/pscar\/ressources\/materials-volunteer-judges-coaches"},"modified":"2025-07-29T18:58:47","modified_gmt":"2025-07-29T22:58:47","slug":"materiel-benevoles-juges-mentors","status":"publish","type":"page","link":"https:\/\/ojen2024.turnbull.co\/fr\/pscar\/ressources\/materiel-benevoles-juges-mentors","title":{"rendered":"Documents pour les juges et les avocats mentors b\u00e9n\u00e9voles"},"content":{"rendered":"<p>Vous trouverez ci-dessous les documents pour l\u2019ann\u00e9e 2024-2025.<\/p>\n<h3>\n<p><strong>Documents pour tous les b\u00e9n\u00e9voles\u00a0<\/strong><\/p>\n<\/h3>\n<ol>\n<li>\n<p><a href=\"https:\/\/ojen.ca\/fr\/download\/r-c-silip\/\"><strong>Sc\u00e9nario de cas R c Silip pour le tournoi\u00a02025 <\/strong><\/a> [r\u00e9vis\u00e9 le 14\u00a0janvier] <a href=\"https:\/\/ojen.ca\/en\/download\/r-v-silip\/\"><strong>(t\u00e9l\u00e9charger en anglais ici)<\/strong><\/a><\/p>\n<\/li>\n<li><a href=\"https:\/\/ojen.ca\/fr\/download\/liste-des-pieces-a-conviction-2025\/\"><strong>Pi\u00e8ces \u00e0 conviction 2025<\/strong><\/a> [r\u00e9vis\u00e9 le 21\u00a0novembre] <a href=\"https:\/\/ojen.ca\/en\/download\/oocmt-list-of-exhibits-2024-25\/\"><strong>(t\u00e9l\u00e9charger en anglais ici)<\/strong><\/a><\/li>\n<li><a href=\"https:\/\/ojen.ca\/fr\/download\/reglement-officiel-2024\"><strong>R\u00e8glement officiel du PSCAR<\/strong><\/a> <a href=\"https:\/\/ojen.ca\/en\/download\/oocmt-rules-2024\"><strong>(en anglais ici)<\/strong><\/a><\/li>\n<\/ol>\n<h3><strong>Documents destin\u00e9s aux juges de proc\u00e8s simul\u00e9s\u00a0<\/strong><\/h3>\n<ol>\n<li><a href=\"https:\/\/ojen.ca\/fr\/download\/pscar-guide-du-juge-2025\/\"><strong>Guide \u00e0 l\u2019intention des juges du PSCAR<\/strong><\/a> <a href=\"https:\/\/ojen.ca\/en\/download\/oocmt-judges-handbook\/\"><strong>(t\u00e9l\u00e9charger en anglais ici)<\/strong><\/a><\/li>\n<li><a href=\"https:\/\/ojen.ca\/en\/download\/guide-de-notation-pour-le-tournoi-de-proces\"><strong>Guide de notation pour le PSCAR<\/strong><\/a> <a href=\"https:\/\/ojen.ca\/en\/download\/oocmt-scoring-sheet\"><strong>(en anglais ici)<\/strong><\/a><\/li>\n<\/ol>\n<h3><strong>Documents destin\u00e9s aux avocats-mentors\u00a0<\/strong><\/h3>\n<ol>\n<li><a href=\"https:\/\/ojen.ca\/fr\/download\/conseils-pour-dencadrement-2025\/\"><strong>Conseils pour l\u2019encadrement des \u00e9quipes<\/strong><\/a><a href=\"https:\/\/ojen.ca\/en\/download\/oocmt-lawyer-coach-tips\/\"><strong> (t\u00e9l\u00e9charger en anglais ici)<\/strong><\/a><\/li>\n<\/ol>\n","protected":false},"excerpt":{"rendered":"<p>Vous trouverez ci-dessous les documents pour l\u2019ann\u00e9e 2024-2025. Documents pour tous les b\u00e9n\u00e9voles\u00a0 Sc\u00e9nario de cas R c Silip pour le tournoi\u00a02025 [r\u00e9vis\u00e9 le 14\u00a0janvier] (t\u00e9l\u00e9charger en anglais ici) Pi\u00e8ces \u00e0 conviction 2025 [r\u00e9vis\u00e9 le 21\u00a0novembre] (t\u00e9l\u00e9charger en anglais ici) R\u00e8glement officiel du PSCAR (en anglais ici) Documents destin\u00e9s aux juges de proc\u00e8s simul\u00e9s\u00a0 Guide [&hellip;]<\/p>\n","protected":false},"author":8,"featured_media":17273,"parent":8426,"menu_order":0,"comment_status":"closed","ping_status":"closed","template":"template-oocmt-default.php","meta":{"_acf_changed":false,"_eb_attr":"","inline_featured_image":false,"ub_ctt_via":"","footnotes":""},"class_list":["post-31468","page","type-page","status-publish","has-post-thumbnail","hentry"],"acf":[],"featured_image_src":"https:\/\/ojen2024.turnbull.co\/wp-content\/uploads\/2018\/06\/Court-benches-stock-picture-2.jpg","yoast_head":"<!-- This site is optimized with the Yoast SEO plugin v25.3 - https:\/\/yoast.com\/wordpress\/plugins\/seo\/ -->\n<title>Documents pour les juges et les avocats mentors b\u00e9n\u00e9voles - OJEN<\/title>\n<meta name=\"robots\" content=\"noindex, follow, max-snippet:-1, max-image-preview:large, max-video-preview:-1\" \/>\n<meta property=\"og:locale\" content=\"fr_CA\" \/>\n<meta property=\"og:type\" content=\"article\" \/>\n<meta property=\"og:title\" content=\"Documents pour les juges et les avocats mentors b\u00e9n\u00e9voles - OJEN\" \/>\n<meta property=\"og:description\" content=\"Vous trouverez ci-dessous les documents pour l\u2019ann\u00e9e 2024-2025. Documents pour tous les b\u00e9n\u00e9voles\u00a0 Sc\u00e9nario de cas R c Silip pour le tournoi\u00a02025 [r\u00e9vis\u00e9 le 14\u00a0janvier] (t\u00e9l\u00e9charger en anglais ici) Pi\u00e8ces \u00e0 conviction 2025 [r\u00e9vis\u00e9 le 21\u00a0novembre] (t\u00e9l\u00e9charger en anglais ici) R\u00e8glement officiel du PSCAR (en anglais ici) Documents destin\u00e9s aux juges de proc\u00e8s simul\u00e9s\u00a0 Guide [&hellip;]\" \/>\n<meta property=\"og:url\" content=\"https:\/\/ojen2024.turnbull.co\/fr\/pscar\/ressources\/materiel-benevoles-juges-mentors\" \/>\n<meta property=\"og:site_name\" content=\"OJEN\" \/>\n<meta property=\"article:publisher\" content=\"https:\/\/www.facebook.com\/pages\/OJEN\/252115501467864\" \/>\n<meta property=\"article:modified_time\" content=\"2025-07-29T22:58:47+00:00\" \/>\n<meta property=\"og:image\" content=\"https:\/\/ojen2024.turnbull.co\/wp-content\/uploads\/2018\/06\/Court-benches-stock-picture-2.jpg\" \/>\n\t<meta property=\"og:image:width\" content=\"1600\" \/>\n\t<meta property=\"og:image:height\" content=\"580\" \/>\n\t<meta property=\"og:image:type\" content=\"image\/jpeg\" \/>\n<meta name=\"twitter:card\" content=\"summary_large_image\" \/>\n<meta name=\"twitter:site\" content=\"@OJEN_ROEJ\" \/>\n<meta name=\"twitter:label1\" content=\"Estimation du temps de lecture\" \/>\n\t<meta name=\"twitter:data1\" content=\"1 minute\" \/>\n<script type=\"application\/ld+json\" class=\"yoast-schema-graph\">{\"@context\":\"https:\/\/schema.org\",\"@graph\":[{\"@type\":\"WebPage\",\"@id\":\"https:\/\/ojen2024.turnbull.co\/fr\/pscar\/ressources\/materiel-benevoles-juges-mentors\",\"url\":\"https:\/\/ojen2024.turnbull.co\/fr\/pscar\/ressources\/materiel-benevoles-juges-mentors\",\"name\":\"Documents pour les juges et les avocats mentors b\u00e9n\u00e9voles - OJEN\",\"isPartOf\":{\"@id\":\"https:\/\/ojen2024.turnbull.co\/en\/#website\"},\"primaryImageOfPage\":{\"@id\":\"https:\/\/ojen2024.turnbull.co\/fr\/pscar\/ressources\/materiel-benevoles-juges-mentors#primaryimage\"},\"image\":{\"@id\":\"https:\/\/ojen2024.turnbull.co\/fr\/pscar\/ressources\/materiel-benevoles-juges-mentors#primaryimage\"},\"thumbnailUrl\":\"https:\/\/ojen2024.turnbull.co\/wp-content\/uploads\/2018\/06\/Court-benches-stock-picture-2.jpg\",\"datePublished\":\"2018-03-17T00:37:36+00:00\",\"dateModified\":\"2025-07-29T22:58:47+00:00\",\"breadcrumb\":{\"@id\":\"https:\/\/ojen2024.turnbull.co\/fr\/pscar\/ressources\/materiel-benevoles-juges-mentors#breadcrumb\"},\"inLanguage\":\"fr-CA\",\"potentialAction\":[{\"@type\":\"ReadAction\",\"target\":[\"https:\/\/ojen2024.turnbull.co\/fr\/pscar\/ressources\/materiel-benevoles-juges-mentors\"]}]},{\"@type\":\"ImageObject\",\"inLanguage\":\"fr-CA\",\"@id\":\"https:\/\/ojen2024.turnbull.co\/fr\/pscar\/ressources\/materiel-benevoles-juges-mentors#primaryimage\",\"url\":\"https:\/\/ojen2024.turnbull.co\/wp-content\/uploads\/2018\/06\/Court-benches-stock-picture-2.jpg\",\"contentUrl\":\"https:\/\/ojen2024.turnbull.co\/wp-content\/uploads\/2018\/06\/Court-benches-stock-picture-2.jpg\",\"width\":1600,\"height\":580},{\"@type\":\"BreadcrumbList\",\"@id\":\"https:\/\/ojen2024.turnbull.co\/fr\/pscar\/ressources\/materiel-benevoles-juges-mentors#breadcrumb\",\"itemListElement\":[{\"@type\":\"ListItem\",\"position\":1,\"name\":\"Home\",\"item\":\"https:\/\/ojen2024.turnbull.co\/fr\"},{\"@type\":\"ListItem\",\"position\":2,\"name\":\"Proc\u00e8s simul\u00e9s comp\u00e9titifs ABO\u2011ROEJ pour \u00e9l\u00e8ves du secondaire\",\"item\":\"https:\/\/ojen2024.turnbull.co\/fr\/pscar\"},{\"@type\":\"ListItem\",\"position\":3,\"name\":\"Documents et ressources pour le tournoi\",\"item\":\"https:\/\/ojen2024.turnbull.co\/fr\/pscar\/ressources\"},{\"@type\":\"ListItem\",\"position\":4,\"name\":\"Documents pour les juges et les avocats mentors b\u00e9n\u00e9voles\"}]},{\"@type\":\"WebSite\",\"@id\":\"https:\/\/ojen2024.turnbull.co\/en\/#website\",\"url\":\"https:\/\/ojen2024.turnbull.co\/en\/\",\"name\":\"OJEN\",\"description\":\"\",\"potentialAction\":[{\"@type\":\"SearchAction\",\"target\":{\"@type\":\"EntryPoint\",\"urlTemplate\":\"https:\/\/ojen2024.turnbull.co\/en\/?s={search_term_string}\"},\"query-input\":{\"@type\":\"PropertyValueSpecification\",\"valueRequired\":true,\"valueName\":\"search_term_string\"}}],\"inLanguage\":\"fr-CA\"}]}<\/script>\n<!-- \/ Yoast SEO plugin. -->","yoast_head_json":{"title":"Documents pour les juges et les avocats mentors b\u00e9n\u00e9voles - OJEN","robots":{"index":"noindex","follow":"follow","max-snippet":"max-snippet:-1","max-image-preview":"max-image-preview:large","max-video-preview":"max-video-preview:-1"},"og_locale":"fr_CA","og_type":"article","og_title":"Documents pour les juges et les avocats mentors b\u00e9n\u00e9voles - OJEN","og_description":"Vous trouverez ci-dessous les documents pour l\u2019ann\u00e9e 2024-2025. Documents pour tous les b\u00e9n\u00e9voles\u00a0 Sc\u00e9nario de cas R c Silip pour le tournoi\u00a02025 [r\u00e9vis\u00e9 le 14\u00a0janvier] (t\u00e9l\u00e9charger en anglais ici) Pi\u00e8ces \u00e0 conviction 2025 [r\u00e9vis\u00e9 le 21\u00a0novembre] (t\u00e9l\u00e9charger en anglais ici) R\u00e8glement officiel du PSCAR (en anglais ici) Documents destin\u00e9s aux juges de proc\u00e8s simul\u00e9s\u00a0 Guide [&hellip;]","og_url":"https:\/\/ojen2024.turnbull.co\/fr\/pscar\/ressources\/materiel-benevoles-juges-mentors","og_site_name":"OJEN","article_publisher":"https:\/\/www.facebook.com\/pages\/OJEN\/252115501467864","article_modified_time":"2025-07-29T22:58:47+00:00","og_image":[{"width":1600,"height":580,"url":"https:\/\/ojen2024.turnbull.co\/wp-content\/uploads\/2018\/06\/Court-benches-stock-picture-2.jpg","type":"image\/jpeg"}],"twitter_card":"summary_large_image","twitter_site":"@OJEN_ROEJ","twitter_misc":{"Estimation du temps de lecture":"1 minute"},"schema":{"@context":"https:\/\/schema.org","@graph":[{"@type":"WebPage","@id":"https:\/\/ojen2024.turnbull.co\/fr\/pscar\/ressources\/materiel-benevoles-juges-mentors","url":"https:\/\/ojen2024.turnbull.co\/fr\/pscar\/ressources\/materiel-benevoles-juges-mentors","name":"Documents pour les juges et les avocats mentors b\u00e9n\u00e9voles - OJEN","isPartOf":{"@id":"https:\/\/ojen2024.turnbull.co\/en\/#website"},"primaryImageOfPage":{"@id":"https:\/\/ojen2024.turnbull.co\/fr\/pscar\/ressources\/materiel-benevoles-juges-mentors#primaryimage"},"image":{"@id":"https:\/\/ojen2024.turnbull.co\/fr\/pscar\/ressources\/materiel-benevoles-juges-mentors#primaryimage"},"thumbnailUrl":"https:\/\/ojen2024.turnbull.co\/wp-content\/uploads\/2018\/06\/Court-benches-stock-picture-2.jpg","datePublished":"2018-03-17T00:37:36+00:00","dateModified":"2025-07-29T22:58:47+00:00","breadcrumb":{"@id":"https:\/\/ojen2024.turnbull.co\/fr\/pscar\/ressources\/materiel-benevoles-juges-mentors#breadcrumb"},"inLanguage":"fr-CA","potentialAction":[{"@type":"ReadAction","target":["https:\/\/ojen2024.turnbull.co\/fr\/pscar\/ressources\/materiel-benevoles-juges-mentors"]}]},{"@type":"ImageObject","inLanguage":"fr-CA","@id":"https:\/\/ojen2024.turnbull.co\/fr\/pscar\/ressources\/materiel-benevoles-juges-mentors#primaryimage","url":"https:\/\/ojen2024.turnbull.co\/wp-content\/uploads\/2018\/06\/Court-benches-stock-picture-2.jpg","contentUrl":"https:\/\/ojen2024.turnbull.co\/wp-content\/uploads\/2018\/06\/Court-benches-stock-picture-2.jpg","width":1600,"height":580},{"@type":"BreadcrumbList","@id":"https:\/\/ojen2024.turnbull.co\/fr\/pscar\/ressources\/materiel-benevoles-juges-mentors#breadcrumb","itemListElement":[{"@type":"ListItem","position":1,"name":"Home","item":"https:\/\/ojen2024.turnbull.co\/fr"},{"@type":"ListItem","position":2,"name":"Proc\u00e8s simul\u00e9s comp\u00e9titifs ABO\u2011ROEJ pour \u00e9l\u00e8ves du secondaire","item":"https:\/\/ojen2024.turnbull.co\/fr\/pscar"},{"@type":"ListItem","position":3,"name":"Documents et ressources pour le tournoi","item":"https:\/\/ojen2024.turnbull.co\/fr\/pscar\/ressources"},{"@type":"ListItem","position":4,"name":"Documents pour les juges et les avocats mentors b\u00e9n\u00e9voles"}]},{"@type":"WebSite","@id":"https:\/\/ojen2024.turnbull.co\/en\/#website","url":"https:\/\/ojen2024.turnbull.co\/en\/","name":"OJEN","description":"","potentialAction":[{"@type":"SearchAction","target":{"@type":"EntryPoint","urlTemplate":"https:\/\/ojen2024.turnbull.co\/en\/?s={search_term_string}"},"query-input":{"@type":"PropertyValueSpecification","valueRequired":true,"valueName":"search_term_string"}}],"inLanguage":"fr-CA"}]}},"_links":{"self":[{"href":"https:\/\/ojen2024.turnbull.co\/fr\/wp-json\/wp\/v2\/pages\/31468"}],"collection":[{"href":"https:\/\/ojen2024.turnbull.co\/fr\/wp-json\/wp\/v2\/pages"}],"about":[{"href":"https:\/\/ojen2024.turnbull.co\/fr\/wp-json\/wp\/v2\/types\/page"}],"author":[{"embeddable":true,"href":"https:\/\/ojen2024.turnbull.co\/fr\/wp-json\/wp\/v2\/users\/8"}],"replies":[{"embeddable":true,"href":"https:\/\/ojen2024.turnbull.co\/fr\/wp-json\/wp\/v2\/comments?post=31468"}],"version-history":[{"count":0,"href":"https:\/\/ojen2024.turnbull.co\/fr\/wp-json\/wp\/v2\/pages\/31468\/revisions"}],"up":[{"embeddable":true,"href":"https:\/\/ojen2024.turnbull.co\/fr\/wp-json\/wp\/v2\/pages\/8426"}],"wp:featuredmedia":[{"embeddable":true,"href":"https:\/\/ojen2024.turnbull.co\/fr\/wp-json\/wp\/v2\/media\/17273"}],"wp:attachment":[{"href":"https:\/\/ojen2024.turnbull.co\/fr\/wp-json\/wp\/v2\/media?parent=31468"}],"curies":[{"name":"wp","href":"https:\/\/api.w.org\/{rel}","templated":true}]}}