{"id":31475,"date":"2017-03-26T17:16:15","date_gmt":"2017-03-26T22:16:15","guid":{"rendered":"https:\/\/ojen2024.turnbull.co\/pscar\/ressources\/pre-tournament-tasks"},"modified":"2025-07-29T19:04:30","modified_gmt":"2025-07-29T23:04:30","slug":"taches-avant-tournoi","status":"publish","type":"page","link":"https:\/\/ojen2024.turnbull.co\/fr\/pscar\/ressources\/taches-avant-tournoi","title":{"rendered":"Documents \u00e0 soumettre avant le tournoi"},"content":{"rendered":"<p>Avant la date de votre tournoi local, les enseignants doivent soumettre certains documents. Lisez attentivement cette liste et prenez note des documents correspondants\u00a0:<\/p>\n<p><a href=\"https:\/\/ojen.ca\/en\/download\/liste-des-membres-de-lequipe\"><strong>Liste des membres de l\u2019\u00e9quipe<\/strong><\/a>\u00a0:<strong> Votre liste doit \u00eatre tap\u00e9e \u00e0 l\u2019ordinateur et doit indiquer le nom complet de chaque \u00e9l\u00e8ve (pr\u00e9nom et nom de famille)<\/strong> (<a href=\"https:\/\/ojen.ca\/wp-content\/uploads\/2019\/04\/OOCMT-List-of-Team-Members.docx\">en anglais ici<\/a>)<\/p>\n<p><a href=\"https:\/\/ojen.ca\/en\/download\/fr_blank-roster\"><strong>Liste de qui jouera chaque r\u00f4le<\/strong><\/a>\u00a0:<strong> Votre liste doit \u00eatre tap\u00e9e \u00e0 l\u2019ordinateur et doit indiquer le <u>nom complet<\/u> de chaque \u00e9l\u00e8ve (<u>pr\u00e9nom et nom de famille<\/u>).<\/strong> Vous devez imprimer la liste et en apporter une copie pour chaque juge du tournoi. Consultez les instructions pour votre tournoi local afin de savoir combien de copies apporter. En cas de doute, apportez huit copies. (<a href=\"https:\/\/ojen.ca\/en\/download\/roster-form\">en anglais ici<\/a>)<\/p>\n<p><a href=\"https:\/\/ojen.ca\/en\/download\/formulaire-dautorisation-medias-roej-oocmt\"><strong>Un formulaire d\u2019autorisation pour l\u2019utilisation des images pour chaque personne participante<\/strong><strong>.<\/strong><\/a> (<a href=\"https:\/\/ojen.ca\/wp-content\/uploads\/2019\/02\/OOCMT-Media-Release-Form-2019.pdf\">en anglais ici<\/a>)<\/p>\n<p><strong>Une photo d\u2019\u00e9quipe (facultatif) pour le<\/strong> <a href=\"https:\/\/ojen.ca\/en\/oocmt\/photos\"><strong>D\u00e9fi photo du PSCAR<\/strong><\/a>.<\/p>\n<p>Soumettez les \u00e9l\u00e9ments\u00a01 et 2 (liste des membres de l\u2019\u00e9quipe et des r\u00f4les) \u00e0 <strong>oocmt@ojen.ca <\/strong>d\u2019ici la date limite indiqu\u00e9e pour votre tournoi local. Ces documents doivent seulement \u00eatre envoy\u00e9s par courriel. Les \u00e9l\u00e9ments\u00a03 et 4 (formulaires d\u2019autorisation et photo d\u2019\u00e9quipe, si vous d\u00e9cidez d\u2019en prendre une) peuvent \u00eatre remis le jour du tournoi ou envoy\u00e9s \u00e0 l\u2019avance.<\/p>\n","protected":false},"excerpt":{"rendered":"<p>Avant la date de votre tournoi local, les enseignants doivent soumettre certains documents. Lisez attentivement cette liste et prenez note des documents correspondants\u00a0: Liste des membres de l\u2019\u00e9quipe\u00a0: Votre liste doit \u00eatre tap\u00e9e \u00e0 l\u2019ordinateur et doit indiquer le nom complet de chaque \u00e9l\u00e8ve (pr\u00e9nom et nom de famille) (en anglais ici) Liste de qui [&hellip;]<\/p>\n","protected":false},"author":8,"featured_media":17273,"parent":8426,"menu_order":0,"comment_status":"closed","ping_status":"closed","template":"template-oocmt-default.php","meta":{"_acf_changed":false,"_eb_attr":"","inline_featured_image":false,"ub_ctt_via":"","footnotes":""},"class_list":["post-31475","page","type-page","status-publish","has-post-thumbnail","hentry"],"acf":[],"featured_image_src":"https:\/\/ojen2024.turnbull.co\/wp-content\/uploads\/2018\/06\/Court-benches-stock-picture-2.jpg","yoast_head":"<!-- This site is optimized with the Yoast SEO plugin v25.3 - https:\/\/yoast.com\/wordpress\/plugins\/seo\/ -->\n<title>Documents \u00e0 soumettre avant le tournoi - OJEN<\/title>\n<meta name=\"robots\" content=\"noindex, follow, max-snippet:-1, max-image-preview:large, max-video-preview:-1\" \/>\n<meta property=\"og:locale\" content=\"fr_CA\" \/>\n<meta property=\"og:type\" content=\"article\" \/>\n<meta property=\"og:title\" content=\"Documents \u00e0 soumettre avant le tournoi - OJEN\" \/>\n<meta property=\"og:description\" content=\"Avant la date de votre tournoi local, les enseignants doivent soumettre certains documents. Lisez attentivement cette liste et prenez note des documents correspondants\u00a0: Liste des membres de l\u2019\u00e9quipe\u00a0: Votre liste doit \u00eatre tap\u00e9e \u00e0 l\u2019ordinateur et doit indiquer le nom complet de chaque \u00e9l\u00e8ve (pr\u00e9nom et nom de famille) (en anglais ici) Liste de qui [&hellip;]\" \/>\n<meta property=\"og:url\" content=\"https:\/\/ojen2024.turnbull.co\/fr\/pscar\/ressources\/taches-avant-tournoi\" \/>\n<meta property=\"og:site_name\" content=\"OJEN\" \/>\n<meta property=\"article:publisher\" content=\"https:\/\/www.facebook.com\/pages\/OJEN\/252115501467864\" \/>\n<meta property=\"article:modified_time\" content=\"2025-07-29T23:04:30+00:00\" \/>\n<meta property=\"og:image\" content=\"https:\/\/ojen2024.turnbull.co\/wp-content\/uploads\/2018\/06\/Court-benches-stock-picture-2.jpg\" \/>\n\t<meta property=\"og:image:width\" content=\"1600\" \/>\n\t<meta property=\"og:image:height\" content=\"580\" \/>\n\t<meta property=\"og:image:type\" content=\"image\/jpeg\" \/>\n<meta name=\"twitter:card\" content=\"summary_large_image\" \/>\n<meta name=\"twitter:site\" content=\"@OJEN_ROEJ\" \/>\n<meta name=\"twitter:label1\" content=\"Estimation du temps de lecture\" \/>\n\t<meta name=\"twitter:data1\" content=\"2 minutes\" \/>\n<script type=\"application\/ld+json\" class=\"yoast-schema-graph\">{\"@context\":\"https:\/\/schema.org\",\"@graph\":[{\"@type\":\"WebPage\",\"@id\":\"https:\/\/ojen2024.turnbull.co\/fr\/pscar\/ressources\/taches-avant-tournoi\",\"url\":\"https:\/\/ojen2024.turnbull.co\/fr\/pscar\/ressources\/taches-avant-tournoi\",\"name\":\"Documents \u00e0 soumettre avant le tournoi - OJEN\",\"isPartOf\":{\"@id\":\"https:\/\/ojen2024.turnbull.co\/en\/#website\"},\"primaryImageOfPage\":{\"@id\":\"https:\/\/ojen2024.turnbull.co\/fr\/pscar\/ressources\/taches-avant-tournoi#primaryimage\"},\"image\":{\"@id\":\"https:\/\/ojen2024.turnbull.co\/fr\/pscar\/ressources\/taches-avant-tournoi#primaryimage\"},\"thumbnailUrl\":\"https:\/\/ojen2024.turnbull.co\/wp-content\/uploads\/2018\/06\/Court-benches-stock-picture-2.jpg\",\"datePublished\":\"2017-03-26T22:16:15+00:00\",\"dateModified\":\"2025-07-29T23:04:30+00:00\",\"breadcrumb\":{\"@id\":\"https:\/\/ojen2024.turnbull.co\/fr\/pscar\/ressources\/taches-avant-tournoi#breadcrumb\"},\"inLanguage\":\"fr-CA\",\"potentialAction\":[{\"@type\":\"ReadAction\",\"target\":[\"https:\/\/ojen2024.turnbull.co\/fr\/pscar\/ressources\/taches-avant-tournoi\"]}]},{\"@type\":\"ImageObject\",\"inLanguage\":\"fr-CA\",\"@id\":\"https:\/\/ojen2024.turnbull.co\/fr\/pscar\/ressources\/taches-avant-tournoi#primaryimage\",\"url\":\"https:\/\/ojen2024.turnbull.co\/wp-content\/uploads\/2018\/06\/Court-benches-stock-picture-2.jpg\",\"contentUrl\":\"https:\/\/ojen2024.turnbull.co\/wp-content\/uploads\/2018\/06\/Court-benches-stock-picture-2.jpg\",\"width\":1600,\"height\":580},{\"@type\":\"BreadcrumbList\",\"@id\":\"https:\/\/ojen2024.turnbull.co\/fr\/pscar\/ressources\/taches-avant-tournoi#breadcrumb\",\"itemListElement\":[{\"@type\":\"ListItem\",\"position\":1,\"name\":\"Home\",\"item\":\"https:\/\/ojen2024.turnbull.co\/fr\"},{\"@type\":\"ListItem\",\"position\":2,\"name\":\"Proc\u00e8s simul\u00e9s comp\u00e9titifs ABO\u2011ROEJ pour \u00e9l\u00e8ves du secondaire\",\"item\":\"https:\/\/ojen2024.turnbull.co\/fr\/pscar\"},{\"@type\":\"ListItem\",\"position\":3,\"name\":\"Documents et ressources pour le tournoi\",\"item\":\"https:\/\/ojen2024.turnbull.co\/fr\/pscar\/ressources\"},{\"@type\":\"ListItem\",\"position\":4,\"name\":\"Documents \u00e0 soumettre avant le tournoi\"}]},{\"@type\":\"WebSite\",\"@id\":\"https:\/\/ojen2024.turnbull.co\/en\/#website\",\"url\":\"https:\/\/ojen2024.turnbull.co\/en\/\",\"name\":\"OJEN\",\"description\":\"\",\"potentialAction\":[{\"@type\":\"SearchAction\",\"target\":{\"@type\":\"EntryPoint\",\"urlTemplate\":\"https:\/\/ojen2024.turnbull.co\/en\/?s={search_term_string}\"},\"query-input\":{\"@type\":\"PropertyValueSpecification\",\"valueRequired\":true,\"valueName\":\"search_term_string\"}}],\"inLanguage\":\"fr-CA\"}]}<\/script>\n<!-- \/ Yoast SEO plugin. -->","yoast_head_json":{"title":"Documents \u00e0 soumettre avant le tournoi - OJEN","robots":{"index":"noindex","follow":"follow","max-snippet":"max-snippet:-1","max-image-preview":"max-image-preview:large","max-video-preview":"max-video-preview:-1"},"og_locale":"fr_CA","og_type":"article","og_title":"Documents \u00e0 soumettre avant le tournoi - OJEN","og_description":"Avant la date de votre tournoi local, les enseignants doivent soumettre certains documents. Lisez attentivement cette liste et prenez note des documents correspondants\u00a0: Liste des membres de l\u2019\u00e9quipe\u00a0: Votre liste doit \u00eatre tap\u00e9e \u00e0 l\u2019ordinateur et doit indiquer le nom complet de chaque \u00e9l\u00e8ve (pr\u00e9nom et nom de famille) (en anglais ici) Liste de qui [&hellip;]","og_url":"https:\/\/ojen2024.turnbull.co\/fr\/pscar\/ressources\/taches-avant-tournoi","og_site_name":"OJEN","article_publisher":"https:\/\/www.facebook.com\/pages\/OJEN\/252115501467864","article_modified_time":"2025-07-29T23:04:30+00:00","og_image":[{"width":1600,"height":580,"url":"https:\/\/ojen2024.turnbull.co\/wp-content\/uploads\/2018\/06\/Court-benches-stock-picture-2.jpg","type":"image\/jpeg"}],"twitter_card":"summary_large_image","twitter_site":"@OJEN_ROEJ","twitter_misc":{"Estimation du temps de lecture":"2 minutes"},"schema":{"@context":"https:\/\/schema.org","@graph":[{"@type":"WebPage","@id":"https:\/\/ojen2024.turnbull.co\/fr\/pscar\/ressources\/taches-avant-tournoi","url":"https:\/\/ojen2024.turnbull.co\/fr\/pscar\/ressources\/taches-avant-tournoi","name":"Documents \u00e0 soumettre avant le tournoi - OJEN","isPartOf":{"@id":"https:\/\/ojen2024.turnbull.co\/en\/#website"},"primaryImageOfPage":{"@id":"https:\/\/ojen2024.turnbull.co\/fr\/pscar\/ressources\/taches-avant-tournoi#primaryimage"},"image":{"@id":"https:\/\/ojen2024.turnbull.co\/fr\/pscar\/ressources\/taches-avant-tournoi#primaryimage"},"thumbnailUrl":"https:\/\/ojen2024.turnbull.co\/wp-content\/uploads\/2018\/06\/Court-benches-stock-picture-2.jpg","datePublished":"2017-03-26T22:16:15+00:00","dateModified":"2025-07-29T23:04:30+00:00","breadcrumb":{"@id":"https:\/\/ojen2024.turnbull.co\/fr\/pscar\/ressources\/taches-avant-tournoi#breadcrumb"},"inLanguage":"fr-CA","potentialAction":[{"@type":"ReadAction","target":["https:\/\/ojen2024.turnbull.co\/fr\/pscar\/ressources\/taches-avant-tournoi"]}]},{"@type":"ImageObject","inLanguage":"fr-CA","@id":"https:\/\/ojen2024.turnbull.co\/fr\/pscar\/ressources\/taches-avant-tournoi#primaryimage","url":"https:\/\/ojen2024.turnbull.co\/wp-content\/uploads\/2018\/06\/Court-benches-stock-picture-2.jpg","contentUrl":"https:\/\/ojen2024.turnbull.co\/wp-content\/uploads\/2018\/06\/Court-benches-stock-picture-2.jpg","width":1600,"height":580},{"@type":"BreadcrumbList","@id":"https:\/\/ojen2024.turnbull.co\/fr\/pscar\/ressources\/taches-avant-tournoi#breadcrumb","itemListElement":[{"@type":"ListItem","position":1,"name":"Home","item":"https:\/\/ojen2024.turnbull.co\/fr"},{"@type":"ListItem","position":2,"name":"Proc\u00e8s simul\u00e9s comp\u00e9titifs ABO\u2011ROEJ pour \u00e9l\u00e8ves du secondaire","item":"https:\/\/ojen2024.turnbull.co\/fr\/pscar"},{"@type":"ListItem","position":3,"name":"Documents et ressources pour le tournoi","item":"https:\/\/ojen2024.turnbull.co\/fr\/pscar\/ressources"},{"@type":"ListItem","position":4,"name":"Documents \u00e0 soumettre avant le tournoi"}]},{"@type":"WebSite","@id":"https:\/\/ojen2024.turnbull.co\/en\/#website","url":"https:\/\/ojen2024.turnbull.co\/en\/","name":"OJEN","description":"","potentialAction":[{"@type":"SearchAction","target":{"@type":"EntryPoint","urlTemplate":"https:\/\/ojen2024.turnbull.co\/en\/?s={search_term_string}"},"query-input":{"@type":"PropertyValueSpecification","valueRequired":true,"valueName":"search_term_string"}}],"inLanguage":"fr-CA"}]}},"_links":{"self":[{"href":"https:\/\/ojen2024.turnbull.co\/fr\/wp-json\/wp\/v2\/pages\/31475"}],"collection":[{"href":"https:\/\/ojen2024.turnbull.co\/fr\/wp-json\/wp\/v2\/pages"}],"about":[{"href":"https:\/\/ojen2024.turnbull.co\/fr\/wp-json\/wp\/v2\/types\/page"}],"author":[{"embeddable":true,"href":"https:\/\/ojen2024.turnbull.co\/fr\/wp-json\/wp\/v2\/users\/8"}],"replies":[{"embeddable":true,"href":"https:\/\/ojen2024.turnbull.co\/fr\/wp-json\/wp\/v2\/comments?post=31475"}],"version-history":[{"count":0,"href":"https:\/\/ojen2024.turnbull.co\/fr\/wp-json\/wp\/v2\/pages\/31475\/revisions"}],"up":[{"embeddable":true,"href":"https:\/\/ojen2024.turnbull.co\/fr\/wp-json\/wp\/v2\/pages\/8426"}],"wp:featuredmedia":[{"embeddable":true,"href":"https:\/\/ojen2024.turnbull.co\/fr\/wp-json\/wp\/v2\/media\/17273"}],"wp:attachment":[{"href":"https:\/\/ojen2024.turnbull.co\/fr\/wp-json\/wp\/v2\/media?parent=31475"}],"curies":[{"name":"wp","href":"https:\/\/api.w.org\/{rel}","templated":true}]}}