{"id":774,"date":"2016-07-13T13:26:39","date_gmt":"2016-07-13T13:26:39","guid":{"rendered":"http:\/\/ojen.turnbull.co\/fr\/?page_id=774"},"modified":"2025-07-25T14:20:36","modified_gmt":"2025-07-25T18:20:36","slug":"contactez-nous","status":"publish","type":"page","link":"https:\/\/ojen2024.turnbull.co\/fr\/a-propos\/contactez-nous","title":{"rendered":"Contactez-nous"},"content":{"rendered":"<div class=\"contact__text\">\n<p>Le ROEJ n\u2019est pas une clinique juridique. <strong>Nous ne pouvons pas vous donner de conseils juridiques ni d\u2019informations portant sp\u00e9cifiquement sur votre situation<\/strong>.<\/p>\n<p>Si vous avez besoin de conseils juridiques, le <a href=\"https:\/\/lso.ca\/services-au-public\/trouver-un-avocat-ou-un-parajuriste\/service-de-reference-du-barreau\" target=\"_blank\" rel=\"noopener\">Service de r\u00e9f\u00e9rence du barreau<\/a> peut vous aider \u00e0 trouver un\u00b7e avocat\u00b7e. Ce Service vous dirigera vers un\u00b7e avocat\u00b7e ou un\u00b7e parajuriste titulaire de permis avec qui vous pourrez parler gratuitement pendant 30\u00a0minutes. Si vous n\u2019avez pas les moyens de retenir les services d\u2019un\u00b7e avocat\u00b7e, il se peut que vous soyez admissible \u00e0 une aide juridique de la part d\u2019<a href=\"https:\/\/www.legalaid.on.ca\/fr\/\" target=\"_blank\" rel=\"noopener\">Aide juridique Ontario<\/a>.<\/p>\n<p>Vous pouvez \u00e9galement v\u00e9rifier si vous avez droit \u00e0 de l\u2019aide gratuite en t\u00e9l\u00e9phonant \u00e0 <a href=\"https:\/\/jfcy.org\/fr\/\" target=\"_blank\" rel=\"noopener\">Aide juridique Ontario<\/a> au 1\u00a0800\u00a0668-8258. De plus, vous trouverez de l\u2019information juridique dans plusieurs langues \u00e0 <a href=\"http:\/\/yourlegalrights.on.ca\" target=\"_blank\" rel=\"noopener\">http:\/\/yourlegalrights.on.ca<\/a>.<\/p>\n<\/div>\n","protected":false},"excerpt":{"rendered":"<p>Le ROEJ n\u2019est pas une clinique juridique. Nous ne pouvons pas vous donner de conseils juridiques ni d\u2019informations portant sp\u00e9cifiquement sur votre situation. Si vous avez besoin de conseils juridiques, le Service de r\u00e9f\u00e9rence du barreau peut vous aider \u00e0 trouver un\u00b7e avocat\u00b7e. Ce Service vous dirigera vers un\u00b7e avocat\u00b7e ou un\u00b7e parajuriste titulaire de [&hellip;]<\/p>\n","protected":false},"author":4,"featured_media":0,"parent":7922,"menu_order":8,"comment_status":"closed","ping_status":"closed","template":"template-contact.php","meta":{"_acf_changed":false,"_eb_attr":"","inline_featured_image":false,"ub_ctt_via":"","footnotes":""},"class_list":["post-774","page","type-page","status-publish","hentry"],"acf":[],"featured_image_src":null,"yoast_head":"<!-- This site is optimized with the Yoast SEO plugin v25.3 - https:\/\/yoast.com\/wordpress\/plugins\/seo\/ -->\n<title>Contactez-nous - OJEN<\/title>\n<meta name=\"robots\" content=\"noindex, follow, max-snippet:-1, max-image-preview:large, max-video-preview:-1\" \/>\n<meta property=\"og:locale\" content=\"fr_CA\" \/>\n<meta property=\"og:type\" content=\"article\" \/>\n<meta property=\"og:title\" content=\"Contactez-nous - OJEN\" \/>\n<meta property=\"og:description\" content=\"Le ROEJ n\u2019est pas une clinique juridique. Nous ne pouvons pas vous donner de conseils juridiques ni d\u2019informations portant sp\u00e9cifiquement sur votre situation. Si vous avez besoin de conseils juridiques, le Service de r\u00e9f\u00e9rence du barreau peut vous aider \u00e0 trouver un\u00b7e avocat\u00b7e. Ce Service vous dirigera vers un\u00b7e avocat\u00b7e ou un\u00b7e parajuriste titulaire de [&hellip;]\" \/>\n<meta property=\"og:url\" content=\"https:\/\/ojen2024.turnbull.co\/fr\/a-propos\/contactez-nous\" \/>\n<meta property=\"og:site_name\" content=\"OJEN\" \/>\n<meta property=\"article:publisher\" content=\"https:\/\/www.facebook.com\/pages\/OJEN\/252115501467864\" \/>\n<meta property=\"article:modified_time\" content=\"2025-07-25T18:20:36+00:00\" \/>\n<meta name=\"twitter:card\" content=\"summary_large_image\" \/>\n<meta name=\"twitter:site\" content=\"@OJEN_ROEJ\" \/>\n<meta name=\"twitter:label1\" content=\"Estimation du temps de lecture\" \/>\n\t<meta name=\"twitter:data1\" content=\"1 minute\" \/>\n<script type=\"application\/ld+json\" class=\"yoast-schema-graph\">{\"@context\":\"https:\/\/schema.org\",\"@graph\":[{\"@type\":\"WebPage\",\"@id\":\"https:\/\/ojen2024.turnbull.co\/fr\/a-propos\/contactez-nous\",\"url\":\"https:\/\/ojen2024.turnbull.co\/fr\/a-propos\/contactez-nous\",\"name\":\"Contactez-nous - OJEN\",\"isPartOf\":{\"@id\":\"https:\/\/ojen2024.turnbull.co\/en\/#website\"},\"datePublished\":\"2016-07-13T13:26:39+00:00\",\"dateModified\":\"2025-07-25T18:20:36+00:00\",\"breadcrumb\":{\"@id\":\"https:\/\/ojen2024.turnbull.co\/fr\/a-propos\/contactez-nous#breadcrumb\"},\"inLanguage\":\"fr-CA\",\"potentialAction\":[{\"@type\":\"ReadAction\",\"target\":[\"https:\/\/ojen2024.turnbull.co\/fr\/a-propos\/contactez-nous\"]}]},{\"@type\":\"BreadcrumbList\",\"@id\":\"https:\/\/ojen2024.turnbull.co\/fr\/a-propos\/contactez-nous#breadcrumb\",\"itemListElement\":[{\"@type\":\"ListItem\",\"position\":1,\"name\":\"Home\",\"item\":\"https:\/\/ojen2024.turnbull.co\/fr\"},{\"@type\":\"ListItem\",\"position\":2,\"name\":\"Qui sommes nous?\",\"item\":\"https:\/\/ojen2024.turnbull.co\/fr\/a-propos\"},{\"@type\":\"ListItem\",\"position\":3,\"name\":\"Contactez-nous\"}]},{\"@type\":\"WebSite\",\"@id\":\"https:\/\/ojen2024.turnbull.co\/en\/#website\",\"url\":\"https:\/\/ojen2024.turnbull.co\/en\/\",\"name\":\"OJEN\",\"description\":\"\",\"potentialAction\":[{\"@type\":\"SearchAction\",\"target\":{\"@type\":\"EntryPoint\",\"urlTemplate\":\"https:\/\/ojen2024.turnbull.co\/en\/?s={search_term_string}\"},\"query-input\":{\"@type\":\"PropertyValueSpecification\",\"valueRequired\":true,\"valueName\":\"search_term_string\"}}],\"inLanguage\":\"fr-CA\"}]}<\/script>\n<!-- \/ Yoast SEO plugin. -->","yoast_head_json":{"title":"Contactez-nous - OJEN","robots":{"index":"noindex","follow":"follow","max-snippet":"max-snippet:-1","max-image-preview":"max-image-preview:large","max-video-preview":"max-video-preview:-1"},"og_locale":"fr_CA","og_type":"article","og_title":"Contactez-nous - OJEN","og_description":"Le ROEJ n\u2019est pas une clinique juridique. Nous ne pouvons pas vous donner de conseils juridiques ni d\u2019informations portant sp\u00e9cifiquement sur votre situation. Si vous avez besoin de conseils juridiques, le Service de r\u00e9f\u00e9rence du barreau peut vous aider \u00e0 trouver un\u00b7e avocat\u00b7e. Ce Service vous dirigera vers un\u00b7e avocat\u00b7e ou un\u00b7e parajuriste titulaire de [&hellip;]","og_url":"https:\/\/ojen2024.turnbull.co\/fr\/a-propos\/contactez-nous","og_site_name":"OJEN","article_publisher":"https:\/\/www.facebook.com\/pages\/OJEN\/252115501467864","article_modified_time":"2025-07-25T18:20:36+00:00","twitter_card":"summary_large_image","twitter_site":"@OJEN_ROEJ","twitter_misc":{"Estimation du temps de lecture":"1 minute"},"schema":{"@context":"https:\/\/schema.org","@graph":[{"@type":"WebPage","@id":"https:\/\/ojen2024.turnbull.co\/fr\/a-propos\/contactez-nous","url":"https:\/\/ojen2024.turnbull.co\/fr\/a-propos\/contactez-nous","name":"Contactez-nous - OJEN","isPartOf":{"@id":"https:\/\/ojen2024.turnbull.co\/en\/#website"},"datePublished":"2016-07-13T13:26:39+00:00","dateModified":"2025-07-25T18:20:36+00:00","breadcrumb":{"@id":"https:\/\/ojen2024.turnbull.co\/fr\/a-propos\/contactez-nous#breadcrumb"},"inLanguage":"fr-CA","potentialAction":[{"@type":"ReadAction","target":["https:\/\/ojen2024.turnbull.co\/fr\/a-propos\/contactez-nous"]}]},{"@type":"BreadcrumbList","@id":"https:\/\/ojen2024.turnbull.co\/fr\/a-propos\/contactez-nous#breadcrumb","itemListElement":[{"@type":"ListItem","position":1,"name":"Home","item":"https:\/\/ojen2024.turnbull.co\/fr"},{"@type":"ListItem","position":2,"name":"Qui sommes nous?","item":"https:\/\/ojen2024.turnbull.co\/fr\/a-propos"},{"@type":"ListItem","position":3,"name":"Contactez-nous"}]},{"@type":"WebSite","@id":"https:\/\/ojen2024.turnbull.co\/en\/#website","url":"https:\/\/ojen2024.turnbull.co\/en\/","name":"OJEN","description":"","potentialAction":[{"@type":"SearchAction","target":{"@type":"EntryPoint","urlTemplate":"https:\/\/ojen2024.turnbull.co\/en\/?s={search_term_string}"},"query-input":{"@type":"PropertyValueSpecification","valueRequired":true,"valueName":"search_term_string"}}],"inLanguage":"fr-CA"}]}},"_links":{"self":[{"href":"https:\/\/ojen2024.turnbull.co\/fr\/wp-json\/wp\/v2\/pages\/774"}],"collection":[{"href":"https:\/\/ojen2024.turnbull.co\/fr\/wp-json\/wp\/v2\/pages"}],"about":[{"href":"https:\/\/ojen2024.turnbull.co\/fr\/wp-json\/wp\/v2\/types\/page"}],"author":[{"embeddable":true,"href":"https:\/\/ojen2024.turnbull.co\/fr\/wp-json\/wp\/v2\/users\/4"}],"replies":[{"embeddable":true,"href":"https:\/\/ojen2024.turnbull.co\/fr\/wp-json\/wp\/v2\/comments?post=774"}],"version-history":[{"count":0,"href":"https:\/\/ojen2024.turnbull.co\/fr\/wp-json\/wp\/v2\/pages\/774\/revisions"}],"up":[{"embeddable":true,"href":"https:\/\/ojen2024.turnbull.co\/fr\/wp-json\/wp\/v2\/pages\/7922"}],"wp:attachment":[{"href":"https:\/\/ojen2024.turnbull.co\/fr\/wp-json\/wp\/v2\/media?parent=774"}],"curies":[{"name":"wp","href":"https:\/\/api.w.org\/{rel}","templated":true}]}}