{"id":7949,"date":"2016-11-29T05:33:48","date_gmt":"2016-11-29T10:33:48","guid":{"rendered":"http:\/\/ojen.ca\/fr\/?page_id=7949"},"modified":"2025-07-08T10:56:14","modified_gmt":"2025-07-08T14:56:14","slug":"programmes","status":"publish","type":"page","link":"https:\/\/ojen2024.turnbull.co\/fr\/communautaires\/programmes","title":{"rendered":"Programmes communautaires"},"content":{"rendered":"<p>Les initiatives communautaires d\u2019\u00e9ducation juridique du ROEJ sont sp\u00e9cifiquement con\u00e7ues pour r\u00e9pondre aux besoins juridiques des jeunes de 12 \u00e0 29\u00a0ans. En s\u2019associant avec des groupes communautaires d\u2019un bout \u00e0 l\u2019autre de l\u2019Ontario, le ROEJ offre des programmes et des ateliers stimulants qui renforcent les connaissances et les comp\u00e9tences juridiques des jeunes, les pr\u00e9parent \u00e0 composer avec les d\u00e9fis juridiques qui se pr\u00e9senteront in\u00e9vitablement dans leur propre vie, et les outillent afin qu\u2019ils puissent apporter des changements positifs dans leurs communaut\u00e9s.<\/p>\n<p>Les ateliers et les programmes portent sur divers sujets juridiques et mettent l\u2019accent sur quatre grands axes\u00a0:<\/p>\n<ul>\n<li><strong>Fournir de l\u2019information <\/strong>sur la loi et sur les ressources qui peuvent fournir de l\u2019aide et du soutien aux jeunes.<\/li>\n<li><strong>Acqu\u00e9rir des comp\u00e9tences et les mettre en pratique <\/strong>(comme la communication, la capacit\u00e9 de reconna\u00eetre les probl\u00e8mes juridiques, la d\u00e9fense des droits et des int\u00e9r\u00eats, la pens\u00e9e critique, la capacit\u00e9 d\u2019organiser les informations et de d\u00e9partager les informations les plus importantes des moins importantes) afin de composer avec les d\u00e9fis juridiques qui se pr\u00e9sentent dans leur vie ou de susciter des changements au sein de leurs communaut\u00e9s.<\/li>\n<li><strong>Tisser des liens et nouer des relations <\/strong>entre les jeunes et les personnes qui travaillent dans le secteur de la justice.<\/li>\n<li><strong>Amplifier la voix des jeunes\u00a0<\/strong>pour s\u2019assurer que les points de vue des jeunes sont entendus et valoris\u00e9s.<\/li>\n<\/ul>\n<h2>Notre approche<\/h2>\n<ul>\n<li><strong>En dehors du cadre \u00e9ducatif formel\u00a0:<\/strong> Les programmes communautaires sont g\u00e9n\u00e9ralement offerts en dehors du cadre \u00e9ducatif formel. Cependant, nous proposons \u00e9galement des programmes adapt\u00e9s \u00e0 des milieux scolaires particuliers, comme les cours d\u2019anglais langue seconde ou les cours pour personnes apprenant l\u2019anglais, ou les classes int\u00e9gr\u00e9es.<\/li>\n<li><strong>Partenariats locaux\u00a0:<\/strong> Nous travaillons en partenariat avec des groupes communautaires pour nous assurer que nos programmes sont pertinents et accessibles.<\/li>\n<li><strong>Contenu adapt\u00e9\u00a0:<\/strong> Chaque programme est adapt\u00e9 pour r\u00e9pondre aux besoins particuliers des jeunes participants.<\/li>\n<li><strong>S\u00e9ances stimulantes\u00a0:<\/strong> Anim\u00e9es par le personnel du ROEJ, les s\u00e9ances sont interactives et con\u00e7ues pour d\u00e9velopper \u00e0 la fois les connaissances et les comp\u00e9tences pratiques.<\/li>\n<li><strong>Tisser des liens\u00a0:<\/strong> Nous misons sur des conversations franches et transparentes pour instaurer un environnement d\u2019apprentissage stimulant et bienveillant.<\/li>\n<li><strong>Interactions avec des professionnel\u00b7les du secteur de la justice\u00a0:<\/strong> Les jeunes ont l\u2019occasion d\u2019interagir avec des professionnel\u00b7les du secteur de la justice afin de\u00a0:\n<ul>\n<li><strong>D\u00e9boulonner les id\u00e9es fausses\u00a0:<\/strong> Aborder les id\u00e9es fausses les plus r\u00e9pandues au sujet du droit et du syst\u00e8me de justice.<\/li>\n<li><strong>Mieux comprendre\u00a0:<\/strong> Permettre aux professionnel\u00b7les du droit de mieux comprendre les exp\u00e9riences des jeunes afin de favoriser une compr\u00e9hension mutuelle et des interactions positives.<\/li>\n<\/ul>\n<\/li>\n<\/ul>\n<p>La plupart des programmes du ROEJ peuvent \u00eatre offerts en personne, en ligne ou selon un format hybride. Pour en savoir plus, consultez notre menu d\u2019options de programmes pour les organisations communautaires.<\/p>\n<p>Si vous aimeriez qu\u2019un programme soit offert \u00e0 un groupe de jeunes dans votre communaut\u00e9, communiquez avec la Direction des programmes de liaison du ROEJ \u00e0 <a href=\"mailto:programs@ojen.ca\">programs@ojen.ca<\/a> ou remplissez le formulaire de demande de programme.<\/p>\n","protected":false},"excerpt":{"rendered":"<p>Les initiatives communautaires d\u2019\u00e9ducation juridique du ROEJ sont sp\u00e9cifiquement con\u00e7ues pour r\u00e9pondre aux besoins juridiques des jeunes de 12 \u00e0 29\u00a0ans. En s\u2019associant avec des groupes communautaires d\u2019un bout \u00e0 l\u2019autre de l\u2019Ontario, le ROEJ offre des programmes et des ateliers stimulants qui renforcent les connaissances et les comp\u00e9tences juridiques des jeunes, les pr\u00e9parent \u00e0 [&hellip;]<\/p>\n","protected":false},"author":4,"featured_media":0,"parent":1196,"menu_order":0,"comment_status":"closed","ping_status":"closed","template":"template-programs.php","meta":{"_acf_changed":false,"_eb_attr":"","inline_featured_image":false,"ub_ctt_via":"","footnotes":""},"class_list":["post-7949","page","type-page","status-publish","hentry"],"acf":[],"featured_image_src":null,"yoast_head":"<!-- This site is optimized with the Yoast SEO plugin v25.3 - https:\/\/yoast.com\/wordpress\/plugins\/seo\/ -->\n<title>Programmes communautaires - OJEN<\/title>\n<meta name=\"robots\" content=\"noindex, follow, max-snippet:-1, max-image-preview:large, max-video-preview:-1\" \/>\n<meta property=\"og:locale\" content=\"fr_CA\" \/>\n<meta property=\"og:type\" content=\"article\" \/>\n<meta property=\"og:title\" content=\"Programmes communautaires - OJEN\" \/>\n<meta property=\"og:description\" content=\"Les initiatives communautaires d\u2019\u00e9ducation juridique du ROEJ sont sp\u00e9cifiquement con\u00e7ues pour r\u00e9pondre aux besoins juridiques des jeunes de 12 \u00e0 29\u00a0ans. En s\u2019associant avec des groupes communautaires d\u2019un bout \u00e0 l\u2019autre de l\u2019Ontario, le ROEJ offre des programmes et des ateliers stimulants qui renforcent les connaissances et les comp\u00e9tences juridiques des jeunes, les pr\u00e9parent \u00e0 [&hellip;]\" \/>\n<meta property=\"og:url\" content=\"https:\/\/ojen2024.turnbull.co\/fr\/communautaires\/programmes\" \/>\n<meta property=\"og:site_name\" content=\"OJEN\" \/>\n<meta property=\"article:publisher\" content=\"https:\/\/www.facebook.com\/pages\/OJEN\/252115501467864\" \/>\n<meta property=\"article:modified_time\" content=\"2025-07-08T14:56:14+00:00\" \/>\n<meta name=\"twitter:card\" content=\"summary_large_image\" \/>\n<meta name=\"twitter:site\" content=\"@OJEN_ROEJ\" \/>\n<meta name=\"twitter:label1\" content=\"Estimation du temps de lecture\" \/>\n\t<meta name=\"twitter:data1\" content=\"3 minutes\" \/>\n<script type=\"application\/ld+json\" class=\"yoast-schema-graph\">{\"@context\":\"https:\/\/schema.org\",\"@graph\":[{\"@type\":\"WebPage\",\"@id\":\"https:\/\/ojen2024.turnbull.co\/fr\/communautaires\/programmes\",\"url\":\"https:\/\/ojen2024.turnbull.co\/fr\/communautaires\/programmes\",\"name\":\"Programmes communautaires - OJEN\",\"isPartOf\":{\"@id\":\"https:\/\/ojen2024.turnbull.co\/en\/#website\"},\"datePublished\":\"2016-11-29T10:33:48+00:00\",\"dateModified\":\"2025-07-08T14:56:14+00:00\",\"breadcrumb\":{\"@id\":\"https:\/\/ojen2024.turnbull.co\/fr\/communautaires\/programmes#breadcrumb\"},\"inLanguage\":\"fr-CA\",\"potentialAction\":[{\"@type\":\"ReadAction\",\"target\":[\"https:\/\/ojen2024.turnbull.co\/fr\/communautaires\/programmes\"]}]},{\"@type\":\"BreadcrumbList\",\"@id\":\"https:\/\/ojen2024.turnbull.co\/fr\/communautaires\/programmes#breadcrumb\",\"itemListElement\":[{\"@type\":\"ListItem\",\"position\":1,\"name\":\"Home\",\"item\":\"https:\/\/ojen2024.turnbull.co\/fr\"},{\"@type\":\"ListItem\",\"position\":2,\"name\":\"Pour les communaut\u00e9s\",\"item\":\"https:\/\/ojen2024.turnbull.co\/fr\/communautaires\"},{\"@type\":\"ListItem\",\"position\":3,\"name\":\"Programmes communautaires\"}]},{\"@type\":\"WebSite\",\"@id\":\"https:\/\/ojen2024.turnbull.co\/en\/#website\",\"url\":\"https:\/\/ojen2024.turnbull.co\/en\/\",\"name\":\"OJEN\",\"description\":\"\",\"potentialAction\":[{\"@type\":\"SearchAction\",\"target\":{\"@type\":\"EntryPoint\",\"urlTemplate\":\"https:\/\/ojen2024.turnbull.co\/en\/?s={search_term_string}\"},\"query-input\":{\"@type\":\"PropertyValueSpecification\",\"valueRequired\":true,\"valueName\":\"search_term_string\"}}],\"inLanguage\":\"fr-CA\"}]}<\/script>\n<!-- \/ Yoast SEO plugin. -->","yoast_head_json":{"title":"Programmes communautaires - OJEN","robots":{"index":"noindex","follow":"follow","max-snippet":"max-snippet:-1","max-image-preview":"max-image-preview:large","max-video-preview":"max-video-preview:-1"},"og_locale":"fr_CA","og_type":"article","og_title":"Programmes communautaires - OJEN","og_description":"Les initiatives communautaires d\u2019\u00e9ducation juridique du ROEJ sont sp\u00e9cifiquement con\u00e7ues pour r\u00e9pondre aux besoins juridiques des jeunes de 12 \u00e0 29\u00a0ans. En s\u2019associant avec des groupes communautaires d\u2019un bout \u00e0 l\u2019autre de l\u2019Ontario, le ROEJ offre des programmes et des ateliers stimulants qui renforcent les connaissances et les comp\u00e9tences juridiques des jeunes, les pr\u00e9parent \u00e0 [&hellip;]","og_url":"https:\/\/ojen2024.turnbull.co\/fr\/communautaires\/programmes","og_site_name":"OJEN","article_publisher":"https:\/\/www.facebook.com\/pages\/OJEN\/252115501467864","article_modified_time":"2025-07-08T14:56:14+00:00","twitter_card":"summary_large_image","twitter_site":"@OJEN_ROEJ","twitter_misc":{"Estimation du temps de lecture":"3 minutes"},"schema":{"@context":"https:\/\/schema.org","@graph":[{"@type":"WebPage","@id":"https:\/\/ojen2024.turnbull.co\/fr\/communautaires\/programmes","url":"https:\/\/ojen2024.turnbull.co\/fr\/communautaires\/programmes","name":"Programmes communautaires - OJEN","isPartOf":{"@id":"https:\/\/ojen2024.turnbull.co\/en\/#website"},"datePublished":"2016-11-29T10:33:48+00:00","dateModified":"2025-07-08T14:56:14+00:00","breadcrumb":{"@id":"https:\/\/ojen2024.turnbull.co\/fr\/communautaires\/programmes#breadcrumb"},"inLanguage":"fr-CA","potentialAction":[{"@type":"ReadAction","target":["https:\/\/ojen2024.turnbull.co\/fr\/communautaires\/programmes"]}]},{"@type":"BreadcrumbList","@id":"https:\/\/ojen2024.turnbull.co\/fr\/communautaires\/programmes#breadcrumb","itemListElement":[{"@type":"ListItem","position":1,"name":"Home","item":"https:\/\/ojen2024.turnbull.co\/fr"},{"@type":"ListItem","position":2,"name":"Pour les communaut\u00e9s","item":"https:\/\/ojen2024.turnbull.co\/fr\/communautaires"},{"@type":"ListItem","position":3,"name":"Programmes communautaires"}]},{"@type":"WebSite","@id":"https:\/\/ojen2024.turnbull.co\/en\/#website","url":"https:\/\/ojen2024.turnbull.co\/en\/","name":"OJEN","description":"","potentialAction":[{"@type":"SearchAction","target":{"@type":"EntryPoint","urlTemplate":"https:\/\/ojen2024.turnbull.co\/en\/?s={search_term_string}"},"query-input":{"@type":"PropertyValueSpecification","valueRequired":true,"valueName":"search_term_string"}}],"inLanguage":"fr-CA"}]}},"_links":{"self":[{"href":"https:\/\/ojen2024.turnbull.co\/fr\/wp-json\/wp\/v2\/pages\/7949"}],"collection":[{"href":"https:\/\/ojen2024.turnbull.co\/fr\/wp-json\/wp\/v2\/pages"}],"about":[{"href":"https:\/\/ojen2024.turnbull.co\/fr\/wp-json\/wp\/v2\/types\/page"}],"author":[{"embeddable":true,"href":"https:\/\/ojen2024.turnbull.co\/fr\/wp-json\/wp\/v2\/users\/4"}],"replies":[{"embeddable":true,"href":"https:\/\/ojen2024.turnbull.co\/fr\/wp-json\/wp\/v2\/comments?post=7949"}],"version-history":[{"count":0,"href":"https:\/\/ojen2024.turnbull.co\/fr\/wp-json\/wp\/v2\/pages\/7949\/revisions"}],"up":[{"embeddable":true,"href":"https:\/\/ojen2024.turnbull.co\/fr\/wp-json\/wp\/v2\/pages\/1196"}],"wp:attachment":[{"href":"https:\/\/ojen2024.turnbull.co\/fr\/wp-json\/wp\/v2\/media?parent=7949"}],"curies":[{"name":"wp","href":"https:\/\/api.w.org\/{rel}","templated":true}]}}