{"id":7977,"date":"2016-11-29T06:24:41","date_gmt":"2016-11-29T11:24:41","guid":{"rendered":"http:\/\/ojen.ca\/fr\/?page_id=7977"},"modified":"2025-07-12T03:47:17","modified_gmt":"2025-07-12T07:47:17","slug":"conseil-dadministration-et-reseau-du-roej","status":"publish","type":"page","link":"https:\/\/ojen2024.turnbull.co\/fr\/a-propos\/conseil-dadministration-et-reseau-du-roej","title":{"rendered":"R\u00e9seau du ROEJ"},"content":{"rendered":"<p>Le R\u00e9seau fait office d&rsquo;organe de liaison entre les participants du syst\u00e8me judiciaire, les \u00e9ducateurs, les repr\u00e9sentants communautaires et les autres intervenants qui s\u2019int\u00e9ressent aux activit\u00e9s d\u2019\u00e9ducation juridique. Les membres du R\u00e9seau fournissent des renseignements sur les programmes d&rsquo;\u00e9ducation juridique au conseil d\u2019administration et \u00e0 la directrice g\u00e9n\u00e9rale du ROEJ, et jouent \u00e9galement un r\u00f4le consultatif. Le R\u00e9seau se compose des membres suivants&nbsp;:<\/p>\n<ul>\n<li>Le ou la juge en chef de l&rsquo;Ontario (pr\u00e9sidence)<\/li>\n<li>Le ou la juge en chef de la Cour sup\u00e9rieure de justice<\/li>\n<li>Le ou la juge en chef de la Cour de justice de l&rsquo;Ontario<\/li>\n<li>Le ou la ministre de la Justice et procureur(e) g\u00e9n\u00e9ral(e) du Canada<\/li>\n<li>Le ou la sous-procureur(e) g\u00e9n\u00e9ral(e) de l&rsquo;Ontario<\/li>\n<li>Le ou la ministre de l&rsquo;\u00c9ducation<\/li>\n<li>Le ou la pr\u00e9sident(e) de la Fondation du droit de l&rsquo;Ontario<\/li>\n<li>Le ou la tr\u00e9sorier(\u00e8re) du Barreau du Haut-Canada<\/li>\n<li>Le ou la pr\u00e9sident(e) de The Advocates&rsquo; Society<\/li>\n<li>Le ou la pr\u00e9sident(e) de la F\u00e9d\u00e9ration des associations du barreau de l&rsquo;Ontario<\/li>\n<li>Le ou la pr\u00e9sident(e) de l&rsquo;Association du Bareau de l&rsquo;Ontario<\/li>\n<li>L&rsquo;ombudsman de l&rsquo;Ontario<\/li>\n<li>Le ou la pr\u00e9sident(e) d&rsquo;Aide juridique Ontario<\/li>\n<li>Le ou la pr\u00e9sident(e) de l&rsquo;Ontario History &amp; Social Science Teachers\u2019 Association<\/li>\n<li>Le directeur g\u00e9n\u00e9ral ou la directrice g\u00e9n\u00e9rale d&rsquo;\u00c9ducation juridique communautaire Ontario<\/li>\n<li>Le directeur ou la directrice de l&rsquo;\u00e9ducation de la Fondation canadienne pour l\u2019\u00e9ducation en mati\u00e8re de libert\u00e9s civiles<\/li>\n<li>Le directeur g\u00e9n\u00e9ral ou la directrice g\u00e9n\u00e9rale de l&rsquo;Association des cliniques juridiques communautaires de l&rsquo;Ontario<\/li>\n<li>L&rsquo;Institute for Catholic Education<\/li>\n<li>Le ou la pr\u00e9sident(e) du Ontario Principals\u2019 Council<\/li>\n<li>Le directeur g\u00e9n\u00e9ral ou la directrice g\u00e9n\u00e9rale de la Ontario Federation of Indian Friendship Centres<\/li>\n<li>Le ESL\/ELD Resource Group of Ontario<\/li>\n<li>Le Ontario Council of Law Deans<\/li>\n<li>Le directeur g\u00e9n\u00e9ral ou la directrice g\u00e9n\u00e9rale du Ontario Council of Agencies Serving Immigrants<\/li>\n<li>Le ou la pr\u00e9sident(e) de l&rsquo;Association des juristes d&rsquo;expression fran\u00e7aise de l&rsquo;Ontario<\/li>\n<\/ul>\n","protected":false},"excerpt":{"rendered":"<p>Le R\u00e9seau fait office d&rsquo;organe de liaison entre les participants du syst\u00e8me judiciaire, les \u00e9ducateurs, les repr\u00e9sentants communautaires et les autres intervenants qui s\u2019int\u00e9ressent aux activit\u00e9s d\u2019\u00e9ducation juridique. Les membres du R\u00e9seau fournissent des renseignements sur les programmes d&rsquo;\u00e9ducation juridique au conseil d\u2019administration et \u00e0 la directrice g\u00e9n\u00e9rale du ROEJ, et jouent \u00e9galement un r\u00f4le [&hellip;]<\/p>\n","protected":false},"author":4,"featured_media":0,"parent":7922,"menu_order":3,"comment_status":"closed","ping_status":"closed","template":"","meta":{"_acf_changed":false,"_eb_attr":"","inline_featured_image":false,"ub_ctt_via":"","footnotes":""},"class_list":["post-7977","page","type-page","status-publish","hentry"],"acf":[],"featured_image_src":null,"yoast_head":"<!-- This site is optimized with the Yoast SEO plugin v25.3 - https:\/\/yoast.com\/wordpress\/plugins\/seo\/ -->\n<title>R\u00e9seau du ROEJ - OJEN<\/title>\n<meta name=\"robots\" content=\"noindex, follow, max-snippet:-1, max-image-preview:large, max-video-preview:-1\" \/>\n<meta property=\"og:locale\" content=\"fr_CA\" \/>\n<meta property=\"og:type\" content=\"article\" \/>\n<meta property=\"og:title\" content=\"R\u00e9seau du ROEJ - OJEN\" \/>\n<meta property=\"og:description\" content=\"Le R\u00e9seau fait office d&rsquo;organe de liaison entre les participants du syst\u00e8me judiciaire, les \u00e9ducateurs, les repr\u00e9sentants communautaires et les autres intervenants qui s\u2019int\u00e9ressent aux activit\u00e9s d\u2019\u00e9ducation juridique. Les membres du R\u00e9seau fournissent des renseignements sur les programmes d&rsquo;\u00e9ducation juridique au conseil d\u2019administration et \u00e0 la directrice g\u00e9n\u00e9rale du ROEJ, et jouent \u00e9galement un r\u00f4le [&hellip;]\" \/>\n<meta property=\"og:url\" content=\"https:\/\/ojen2024.turnbull.co\/fr\/a-propos\/conseil-dadministration-et-reseau-du-roej\" \/>\n<meta property=\"og:site_name\" content=\"OJEN\" \/>\n<meta property=\"article:publisher\" content=\"https:\/\/www.facebook.com\/pages\/OJEN\/252115501467864\" \/>\n<meta property=\"article:modified_time\" content=\"2025-07-12T07:47:17+00:00\" \/>\n<meta name=\"twitter:card\" content=\"summary_large_image\" \/>\n<meta name=\"twitter:site\" content=\"@OJEN_ROEJ\" \/>\n<meta name=\"twitter:label1\" content=\"Estimation du temps de lecture\" \/>\n\t<meta name=\"twitter:data1\" content=\"2 minutes\" \/>\n<script type=\"application\/ld+json\" class=\"yoast-schema-graph\">{\"@context\":\"https:\/\/schema.org\",\"@graph\":[{\"@type\":\"WebPage\",\"@id\":\"https:\/\/ojen2024.turnbull.co\/fr\/a-propos\/conseil-dadministration-et-reseau-du-roej\",\"url\":\"https:\/\/ojen2024.turnbull.co\/fr\/a-propos\/conseil-dadministration-et-reseau-du-roej\",\"name\":\"R\u00e9seau du ROEJ - OJEN\",\"isPartOf\":{\"@id\":\"https:\/\/ojen2024.turnbull.co\/en\/#website\"},\"datePublished\":\"2016-11-29T11:24:41+00:00\",\"dateModified\":\"2025-07-12T07:47:17+00:00\",\"breadcrumb\":{\"@id\":\"https:\/\/ojen2024.turnbull.co\/fr\/a-propos\/conseil-dadministration-et-reseau-du-roej#breadcrumb\"},\"inLanguage\":\"fr-CA\",\"potentialAction\":[{\"@type\":\"ReadAction\",\"target\":[\"https:\/\/ojen2024.turnbull.co\/fr\/a-propos\/conseil-dadministration-et-reseau-du-roej\"]}]},{\"@type\":\"BreadcrumbList\",\"@id\":\"https:\/\/ojen2024.turnbull.co\/fr\/a-propos\/conseil-dadministration-et-reseau-du-roej#breadcrumb\",\"itemListElement\":[{\"@type\":\"ListItem\",\"position\":1,\"name\":\"Home\",\"item\":\"https:\/\/ojen2024.turnbull.co\/fr\"},{\"@type\":\"ListItem\",\"position\":2,\"name\":\"Qui sommes nous?\",\"item\":\"https:\/\/ojen2024.turnbull.co\/fr\/a-propos\"},{\"@type\":\"ListItem\",\"position\":3,\"name\":\"R\u00e9seau du ROEJ\"}]},{\"@type\":\"WebSite\",\"@id\":\"https:\/\/ojen2024.turnbull.co\/en\/#website\",\"url\":\"https:\/\/ojen2024.turnbull.co\/en\/\",\"name\":\"OJEN\",\"description\":\"\",\"potentialAction\":[{\"@type\":\"SearchAction\",\"target\":{\"@type\":\"EntryPoint\",\"urlTemplate\":\"https:\/\/ojen2024.turnbull.co\/en\/?s={search_term_string}\"},\"query-input\":{\"@type\":\"PropertyValueSpecification\",\"valueRequired\":true,\"valueName\":\"search_term_string\"}}],\"inLanguage\":\"fr-CA\"}]}<\/script>\n<!-- \/ Yoast SEO plugin. -->","yoast_head_json":{"title":"R\u00e9seau du ROEJ - OJEN","robots":{"index":"noindex","follow":"follow","max-snippet":"max-snippet:-1","max-image-preview":"max-image-preview:large","max-video-preview":"max-video-preview:-1"},"og_locale":"fr_CA","og_type":"article","og_title":"R\u00e9seau du ROEJ - OJEN","og_description":"Le R\u00e9seau fait office d&rsquo;organe de liaison entre les participants du syst\u00e8me judiciaire, les \u00e9ducateurs, les repr\u00e9sentants communautaires et les autres intervenants qui s\u2019int\u00e9ressent aux activit\u00e9s d\u2019\u00e9ducation juridique. Les membres du R\u00e9seau fournissent des renseignements sur les programmes d&rsquo;\u00e9ducation juridique au conseil d\u2019administration et \u00e0 la directrice g\u00e9n\u00e9rale du ROEJ, et jouent \u00e9galement un r\u00f4le [&hellip;]","og_url":"https:\/\/ojen2024.turnbull.co\/fr\/a-propos\/conseil-dadministration-et-reseau-du-roej","og_site_name":"OJEN","article_publisher":"https:\/\/www.facebook.com\/pages\/OJEN\/252115501467864","article_modified_time":"2025-07-12T07:47:17+00:00","twitter_card":"summary_large_image","twitter_site":"@OJEN_ROEJ","twitter_misc":{"Estimation du temps de lecture":"2 minutes"},"schema":{"@context":"https:\/\/schema.org","@graph":[{"@type":"WebPage","@id":"https:\/\/ojen2024.turnbull.co\/fr\/a-propos\/conseil-dadministration-et-reseau-du-roej","url":"https:\/\/ojen2024.turnbull.co\/fr\/a-propos\/conseil-dadministration-et-reseau-du-roej","name":"R\u00e9seau du ROEJ - OJEN","isPartOf":{"@id":"https:\/\/ojen2024.turnbull.co\/en\/#website"},"datePublished":"2016-11-29T11:24:41+00:00","dateModified":"2025-07-12T07:47:17+00:00","breadcrumb":{"@id":"https:\/\/ojen2024.turnbull.co\/fr\/a-propos\/conseil-dadministration-et-reseau-du-roej#breadcrumb"},"inLanguage":"fr-CA","potentialAction":[{"@type":"ReadAction","target":["https:\/\/ojen2024.turnbull.co\/fr\/a-propos\/conseil-dadministration-et-reseau-du-roej"]}]},{"@type":"BreadcrumbList","@id":"https:\/\/ojen2024.turnbull.co\/fr\/a-propos\/conseil-dadministration-et-reseau-du-roej#breadcrumb","itemListElement":[{"@type":"ListItem","position":1,"name":"Home","item":"https:\/\/ojen2024.turnbull.co\/fr"},{"@type":"ListItem","position":2,"name":"Qui sommes nous?","item":"https:\/\/ojen2024.turnbull.co\/fr\/a-propos"},{"@type":"ListItem","position":3,"name":"R\u00e9seau du ROEJ"}]},{"@type":"WebSite","@id":"https:\/\/ojen2024.turnbull.co\/en\/#website","url":"https:\/\/ojen2024.turnbull.co\/en\/","name":"OJEN","description":"","potentialAction":[{"@type":"SearchAction","target":{"@type":"EntryPoint","urlTemplate":"https:\/\/ojen2024.turnbull.co\/en\/?s={search_term_string}"},"query-input":{"@type":"PropertyValueSpecification","valueRequired":true,"valueName":"search_term_string"}}],"inLanguage":"fr-CA"}]}},"_links":{"self":[{"href":"https:\/\/ojen2024.turnbull.co\/fr\/wp-json\/wp\/v2\/pages\/7977"}],"collection":[{"href":"https:\/\/ojen2024.turnbull.co\/fr\/wp-json\/wp\/v2\/pages"}],"about":[{"href":"https:\/\/ojen2024.turnbull.co\/fr\/wp-json\/wp\/v2\/types\/page"}],"author":[{"embeddable":true,"href":"https:\/\/ojen2024.turnbull.co\/fr\/wp-json\/wp\/v2\/users\/4"}],"replies":[{"embeddable":true,"href":"https:\/\/ojen2024.turnbull.co\/fr\/wp-json\/wp\/v2\/comments?post=7977"}],"version-history":[{"count":0,"href":"https:\/\/ojen2024.turnbull.co\/fr\/wp-json\/wp\/v2\/pages\/7977\/revisions"}],"up":[{"embeddable":true,"href":"https:\/\/ojen2024.turnbull.co\/fr\/wp-json\/wp\/v2\/pages\/7922"}],"wp:attachment":[{"href":"https:\/\/ojen2024.turnbull.co\/fr\/wp-json\/wp\/v2\/media?parent=7977"}],"curies":[{"name":"wp","href":"https:\/\/api.w.org\/{rel}","templated":true}]}}