{"id":7979,"date":"2016-11-29T06:28:04","date_gmt":"2016-11-29T11:28:04","guid":{"rendered":"http:\/\/ojen.ca\/fr\/?page_id=7979"},"modified":"2025-07-12T03:48:25","modified_gmt":"2025-07-12T07:48:25","slug":"comites-du-roej","status":"publish","type":"page","link":"https:\/\/ojen2024.turnbull.co\/fr\/a-propos\/comites-du-roej","title":{"rendered":"Comit\u00e9s du ROEJ"},"content":{"rendered":"<p>En plus du bureau provincial du ROEJ et de notre bureau satellite \u00e0 Ottawa, le ROEJ dispose de comit\u00e9s locaux compos\u00e9s de b\u00e9n\u00e9voles provenant des secteurs de la justice et de l&rsquo;\u00e9ducation d&rsquo;un bout \u00e0 l&rsquo;autre de l&rsquo;Ontario. Bien que le <a href=\"http:\/\/\">Bureau provincial<\/a> du ROEJ travaille avec les enseignants et les b\u00e9n\u00e9voles de la province pour offrir des programmes et des ressources d&rsquo;\u00e9ducation juridique, les comit\u00e9s locaux nous permettent de nous assurer que nos programmes sont offerts de fa\u00e7on r\u00e9guli\u00e8re et qu\u2019ils sont adapt\u00e9s aux objectifs, aux besoins et aux ressources de chaque collectivit\u00e9.<\/p>\n<p>Les comit\u00e9s du ROEJ veillent \u00e0 l&rsquo;ex\u00e9cution locale des programmes d&rsquo;\u00e9ducation juridique et forgent des liens durables entre les \u00e9ducateurs et les professionnels du secteur de la justice dans leurs collectivit\u00e9s. Ils se r\u00e9unissent environ cinq \u00e0 six fois par ann\u00e9e pour planifier un grand \u00e9ventail de services pour les jeunes et les enseignants, comme les services suivants&nbsp;:<\/p>\n<ul>\n<li>&nbsp;&nbsp;&nbsp;&nbsp;&nbsp;Visites de palais de justice<\/li>\n<li>&nbsp;&nbsp;&nbsp;&nbsp;&nbsp;Visites de professionnels du secteur de la justice pour parler \u00e0 une classe ou \u00e0 un groupe<\/li>\n<li>&nbsp;&nbsp;&nbsp;&nbsp;&nbsp;Tournois de proc\u00e8s simul\u00e9<\/li>\n<li>&nbsp;&nbsp;&nbsp;&nbsp;&nbsp;Symposiums de droit<\/li>\n<li>&nbsp;&nbsp;&nbsp;&nbsp;&nbsp;\u00c9v\u00e9nements dans le cadre de la Journ\u00e9e du droit<\/li>\n<li>&nbsp;&nbsp;&nbsp;&nbsp;&nbsp;Art dans les cours<\/li>\n<li>&nbsp;&nbsp;&nbsp;&nbsp;&nbsp;Ressources p\u00e9dagogiques qui sont exactes sur le plan juridique<\/li>\n<li>&nbsp;&nbsp;&nbsp;&nbsp;&nbsp;Perfectionnement professionnel pour enseignants<\/li>\n<\/ul>\n<p>Bon nombre des comit\u00e9s existants du ROEJ ont \u00e9t\u00e9 mis sur pied par un juge de la Cour de justice de l&rsquo;Ontario ou de la Cour sup\u00e9rieure de justice, mais ils se composent tous d\u2019une vari\u00e9t\u00e9 de professionnels &nbsp;:<\/p>\n<ul>\n<li>&nbsp;&nbsp;&nbsp;&nbsp;&nbsp;&nbsp;&nbsp;Avocats<\/li>\n<li>&nbsp;&nbsp;&nbsp;&nbsp;&nbsp;&nbsp;&nbsp;Juges de paix<\/li>\n<li>&nbsp;&nbsp;&nbsp;&nbsp;&nbsp;&nbsp;&nbsp;Enseignants des cours de droit et d&rsquo;\u00e9ducation \u00e0 la citoyennet\u00e9<\/li>\n<li>&nbsp;&nbsp;&nbsp;&nbsp;&nbsp;&nbsp;&nbsp;Repr\u00e9sentants des conseils scolaires<\/li>\n<li>&nbsp;&nbsp;&nbsp;&nbsp;&nbsp;&nbsp;&nbsp;Membres du personnel des cliniques d&rsquo;aide juridique<\/li>\n<li>&nbsp;&nbsp;&nbsp;&nbsp;&nbsp;&nbsp;&nbsp;Biblioth\u00e9caires de droit<\/li>\n<li>&nbsp;&nbsp;&nbsp;&nbsp;&nbsp;&nbsp;&nbsp;Coordonnateurs de proc\u00e8s et autres membres du personnel des tribunaux<\/li>\n<\/ul>\n<p>C\u2019est ce qui assure leur r\u00e9ussite!<\/p>\n<p>Visitez notre page <a href=\"http:\/\/\">Activit\u00e9s locales du ROEJ<\/a> pour d\u00e9terminer s&rsquo;il y a un comit\u00e9 du ROEJ dans votre r\u00e9gion. Si vous souhaitez mettre sur pied un comit\u00e9 du ROEJ dans votre r\u00e9gion, n&rsquo;h\u00e9sitez pas \u00e0 communiquer avec nous.<\/p>\n<p><span style=\"color: #ff6600;\"><em>Pour information, pri\u00e8re de contacter Thomas&nbsp;Gallezot,&nbsp;responsable des programmes francophones au&nbsp;<\/em><\/span><em><span style=\"color: #ff6600;\">(416) 761-9963 poste 230 ou<\/span>&nbsp;<a href=\"mailto:tgallezot@ojen.ca\">tgallezot@ojen.ca<\/a><\/em><\/p>\n","protected":false},"excerpt":{"rendered":"<p>En plus du bureau provincial du ROEJ et de notre bureau satellite \u00e0 Ottawa, le ROEJ dispose de comit\u00e9s locaux compos\u00e9s de b\u00e9n\u00e9voles provenant des secteurs de la justice et de l&rsquo;\u00e9ducation d&rsquo;un bout \u00e0 l&rsquo;autre de l&rsquo;Ontario. Bien que le Bureau provincial du ROEJ travaille avec les enseignants et les b\u00e9n\u00e9voles de la province [&hellip;]<\/p>\n","protected":false},"author":4,"featured_media":0,"parent":7922,"menu_order":4,"comment_status":"closed","ping_status":"closed","template":"","meta":{"_acf_changed":false,"_eb_attr":"","inline_featured_image":false,"ub_ctt_via":"","footnotes":""},"class_list":["post-7979","page","type-page","status-publish","hentry"],"acf":[],"featured_image_src":null,"yoast_head":"<!-- This site is optimized with the Yoast SEO plugin v25.3 - https:\/\/yoast.com\/wordpress\/plugins\/seo\/ -->\n<title>Comit\u00e9s du ROEJ - OJEN<\/title>\n<meta name=\"robots\" content=\"noindex, follow, max-snippet:-1, max-image-preview:large, max-video-preview:-1\" \/>\n<meta property=\"og:locale\" content=\"fr_CA\" \/>\n<meta property=\"og:type\" content=\"article\" \/>\n<meta property=\"og:title\" content=\"Comit\u00e9s du ROEJ - OJEN\" \/>\n<meta property=\"og:description\" content=\"En plus du bureau provincial du ROEJ et de notre bureau satellite \u00e0 Ottawa, le ROEJ dispose de comit\u00e9s locaux compos\u00e9s de b\u00e9n\u00e9voles provenant des secteurs de la justice et de l&rsquo;\u00e9ducation d&rsquo;un bout \u00e0 l&rsquo;autre de l&rsquo;Ontario. Bien que le Bureau provincial du ROEJ travaille avec les enseignants et les b\u00e9n\u00e9voles de la province [&hellip;]\" \/>\n<meta property=\"og:url\" content=\"https:\/\/ojen2024.turnbull.co\/fr\/a-propos\/comites-du-roej\" \/>\n<meta property=\"og:site_name\" content=\"OJEN\" \/>\n<meta property=\"article:publisher\" content=\"https:\/\/www.facebook.com\/pages\/OJEN\/252115501467864\" \/>\n<meta property=\"article:modified_time\" content=\"2025-07-12T07:48:25+00:00\" \/>\n<meta name=\"twitter:card\" content=\"summary_large_image\" \/>\n<meta name=\"twitter:site\" content=\"@OJEN_ROEJ\" \/>\n<meta name=\"twitter:label1\" content=\"Estimation du temps de lecture\" \/>\n\t<meta name=\"twitter:data1\" content=\"2 minutes\" \/>\n<script type=\"application\/ld+json\" class=\"yoast-schema-graph\">{\"@context\":\"https:\/\/schema.org\",\"@graph\":[{\"@type\":\"WebPage\",\"@id\":\"https:\/\/ojen2024.turnbull.co\/fr\/a-propos\/comites-du-roej\",\"url\":\"https:\/\/ojen2024.turnbull.co\/fr\/a-propos\/comites-du-roej\",\"name\":\"Comit\u00e9s du ROEJ - OJEN\",\"isPartOf\":{\"@id\":\"https:\/\/ojen2024.turnbull.co\/en\/#website\"},\"datePublished\":\"2016-11-29T11:28:04+00:00\",\"dateModified\":\"2025-07-12T07:48:25+00:00\",\"breadcrumb\":{\"@id\":\"https:\/\/ojen2024.turnbull.co\/fr\/a-propos\/comites-du-roej#breadcrumb\"},\"inLanguage\":\"fr-CA\",\"potentialAction\":[{\"@type\":\"ReadAction\",\"target\":[\"https:\/\/ojen2024.turnbull.co\/fr\/a-propos\/comites-du-roej\"]}]},{\"@type\":\"BreadcrumbList\",\"@id\":\"https:\/\/ojen2024.turnbull.co\/fr\/a-propos\/comites-du-roej#breadcrumb\",\"itemListElement\":[{\"@type\":\"ListItem\",\"position\":1,\"name\":\"Home\",\"item\":\"https:\/\/ojen2024.turnbull.co\/fr\"},{\"@type\":\"ListItem\",\"position\":2,\"name\":\"Qui sommes nous?\",\"item\":\"https:\/\/ojen2024.turnbull.co\/fr\/a-propos\"},{\"@type\":\"ListItem\",\"position\":3,\"name\":\"Comit\u00e9s du ROEJ\"}]},{\"@type\":\"WebSite\",\"@id\":\"https:\/\/ojen2024.turnbull.co\/en\/#website\",\"url\":\"https:\/\/ojen2024.turnbull.co\/en\/\",\"name\":\"OJEN\",\"description\":\"\",\"potentialAction\":[{\"@type\":\"SearchAction\",\"target\":{\"@type\":\"EntryPoint\",\"urlTemplate\":\"https:\/\/ojen2024.turnbull.co\/en\/?s={search_term_string}\"},\"query-input\":{\"@type\":\"PropertyValueSpecification\",\"valueRequired\":true,\"valueName\":\"search_term_string\"}}],\"inLanguage\":\"fr-CA\"}]}<\/script>\n<!-- \/ Yoast SEO plugin. -->","yoast_head_json":{"title":"Comit\u00e9s du ROEJ - OJEN","robots":{"index":"noindex","follow":"follow","max-snippet":"max-snippet:-1","max-image-preview":"max-image-preview:large","max-video-preview":"max-video-preview:-1"},"og_locale":"fr_CA","og_type":"article","og_title":"Comit\u00e9s du ROEJ - OJEN","og_description":"En plus du bureau provincial du ROEJ et de notre bureau satellite \u00e0 Ottawa, le ROEJ dispose de comit\u00e9s locaux compos\u00e9s de b\u00e9n\u00e9voles provenant des secteurs de la justice et de l&rsquo;\u00e9ducation d&rsquo;un bout \u00e0 l&rsquo;autre de l&rsquo;Ontario. Bien que le Bureau provincial du ROEJ travaille avec les enseignants et les b\u00e9n\u00e9voles de la province [&hellip;]","og_url":"https:\/\/ojen2024.turnbull.co\/fr\/a-propos\/comites-du-roej","og_site_name":"OJEN","article_publisher":"https:\/\/www.facebook.com\/pages\/OJEN\/252115501467864","article_modified_time":"2025-07-12T07:48:25+00:00","twitter_card":"summary_large_image","twitter_site":"@OJEN_ROEJ","twitter_misc":{"Estimation du temps de lecture":"2 minutes"},"schema":{"@context":"https:\/\/schema.org","@graph":[{"@type":"WebPage","@id":"https:\/\/ojen2024.turnbull.co\/fr\/a-propos\/comites-du-roej","url":"https:\/\/ojen2024.turnbull.co\/fr\/a-propos\/comites-du-roej","name":"Comit\u00e9s du ROEJ - OJEN","isPartOf":{"@id":"https:\/\/ojen2024.turnbull.co\/en\/#website"},"datePublished":"2016-11-29T11:28:04+00:00","dateModified":"2025-07-12T07:48:25+00:00","breadcrumb":{"@id":"https:\/\/ojen2024.turnbull.co\/fr\/a-propos\/comites-du-roej#breadcrumb"},"inLanguage":"fr-CA","potentialAction":[{"@type":"ReadAction","target":["https:\/\/ojen2024.turnbull.co\/fr\/a-propos\/comites-du-roej"]}]},{"@type":"BreadcrumbList","@id":"https:\/\/ojen2024.turnbull.co\/fr\/a-propos\/comites-du-roej#breadcrumb","itemListElement":[{"@type":"ListItem","position":1,"name":"Home","item":"https:\/\/ojen2024.turnbull.co\/fr"},{"@type":"ListItem","position":2,"name":"Qui sommes nous?","item":"https:\/\/ojen2024.turnbull.co\/fr\/a-propos"},{"@type":"ListItem","position":3,"name":"Comit\u00e9s du ROEJ"}]},{"@type":"WebSite","@id":"https:\/\/ojen2024.turnbull.co\/en\/#website","url":"https:\/\/ojen2024.turnbull.co\/en\/","name":"OJEN","description":"","potentialAction":[{"@type":"SearchAction","target":{"@type":"EntryPoint","urlTemplate":"https:\/\/ojen2024.turnbull.co\/en\/?s={search_term_string}"},"query-input":{"@type":"PropertyValueSpecification","valueRequired":true,"valueName":"search_term_string"}}],"inLanguage":"fr-CA"}]}},"_links":{"self":[{"href":"https:\/\/ojen2024.turnbull.co\/fr\/wp-json\/wp\/v2\/pages\/7979"}],"collection":[{"href":"https:\/\/ojen2024.turnbull.co\/fr\/wp-json\/wp\/v2\/pages"}],"about":[{"href":"https:\/\/ojen2024.turnbull.co\/fr\/wp-json\/wp\/v2\/types\/page"}],"author":[{"embeddable":true,"href":"https:\/\/ojen2024.turnbull.co\/fr\/wp-json\/wp\/v2\/users\/4"}],"replies":[{"embeddable":true,"href":"https:\/\/ojen2024.turnbull.co\/fr\/wp-json\/wp\/v2\/comments?post=7979"}],"version-history":[{"count":0,"href":"https:\/\/ojen2024.turnbull.co\/fr\/wp-json\/wp\/v2\/pages\/7979\/revisions"}],"up":[{"embeddable":true,"href":"https:\/\/ojen2024.turnbull.co\/fr\/wp-json\/wp\/v2\/pages\/7922"}],"wp:attachment":[{"href":"https:\/\/ojen2024.turnbull.co\/fr\/wp-json\/wp\/v2\/media?parent=7979"}],"curies":[{"name":"wp","href":"https:\/\/api.w.org\/{rel}","templated":true}]}}