{"id":7987,"date":"2016-11-29T06:50:27","date_gmt":"2016-11-29T11:50:27","guid":{"rendered":"http:\/\/ojen.ca\/fr\/?page_id=7987"},"modified":"2019-10-11T13:10:11","modified_gmt":"2019-10-11T17:10:11","slug":"prix-des-juges-en-chef-du-roej","status":"publish","type":"page","link":"https:\/\/ojen2024.turnbull.co\/fr\/a-propos\/prix-du-roej\/prix-des-juges-en-chef-du-roej","title":{"rendered":"Prix des juges en chef du ROEJ"},"content":{"rendered":"<p>Le <em>Prix des juges en chef<\/em> a \u00e9t\u00e9 cr\u00e9\u00e9 par les trois juges en chef de la Cour d&rsquo;appel de l&rsquo;Ontario, de la Cour sup\u00e9rieure de justice et de la Cour de justice de l&rsquo;Ontario. Ce prix est d\u00e9cern\u00e9 \u00e0 une personne qui a contribu\u00e9 de fa\u00e7on exceptionnelle \u00e0 la compr\u00e9hension du syst\u00e8me judiciaire parmi la population ainsi qu\u2019\u00e0 l\u2019\u00e9ducation et au dialogue afin de favoriser un syst\u00e8me judiciaire adapt\u00e9 et ouvert. Les anciens laur\u00e9ats se sont d\u00e9marqu\u00e9s en&nbsp;:<\/p>\n<ul>\n<li>travaillant avec des communaut\u00e9s moins bien servies;<\/li>\n<li>contribuant de fa\u00e7on importante \u00e0 l&rsquo;ex\u00e9cution ou \u00e0 l\u2019\u00e9valuation des programmes du ROEJ ou \u00e0 la recherche sur les programmes;<\/li>\n<li>\u00e9tablissant des partenariats ou des collaborations efficaces;<\/li>\n<li>apportant des innovations importantes dans le domaine de l&rsquo;\u00e9ducation juridique.<\/li>\n<\/ul>\n<p>Une plaque permanente reconnaissant la contribution de tous nos laur\u00e9ats a \u00e9t\u00e9 appos\u00e9e \u00e0 la Cour d&rsquo;appel de l&rsquo;Ontario.<\/p>\n<p>Si vous souhaitez proposer une candidature pour ce prix, envoyez le nom de la personne et une courte description de ses activit\u00e9s \u00e0&nbsp;Thomas Gallezot, responsable des programmes francophones au (416) 761-9963 poste 230 ou <a href=\"mailto:tgallezot@ojen.ca\">tgallezot@ojen.ca<\/a><\/p>\n","protected":false},"excerpt":{"rendered":"<p>Le Prix des juges en chef a \u00e9t\u00e9 cr\u00e9\u00e9 par les trois juges en chef de la Cour d&rsquo;appel de l&rsquo;Ontario, de la Cour sup\u00e9rieure de justice et de la Cour de justice de l&rsquo;Ontario. Ce prix est d\u00e9cern\u00e9 \u00e0 une personne qui a contribu\u00e9 de fa\u00e7on exceptionnelle \u00e0 la compr\u00e9hension du syst\u00e8me judiciaire parmi [&hellip;]<\/p>\n","protected":false},"author":4,"featured_media":0,"parent":7984,"menu_order":0,"comment_status":"closed","ping_status":"closed","template":"template-intro-textblocks.php","meta":{"_acf_changed":false,"_eb_attr":"","inline_featured_image":false,"ub_ctt_via":"","footnotes":""},"class_list":["post-7987","page","type-page","status-publish","hentry"],"acf":[],"featured_image_src":null,"yoast_head":"<!-- This site is optimized with the Yoast SEO plugin v25.3 - https:\/\/yoast.com\/wordpress\/plugins\/seo\/ -->\n<title>Prix des juges en chef du ROEJ - OJEN<\/title>\n<meta name=\"robots\" content=\"noindex, follow, max-snippet:-1, max-image-preview:large, max-video-preview:-1\" \/>\n<meta property=\"og:locale\" content=\"fr_CA\" \/>\n<meta property=\"og:type\" content=\"article\" \/>\n<meta property=\"og:title\" content=\"Prix des juges en chef du ROEJ - OJEN\" \/>\n<meta property=\"og:description\" content=\"Le Prix des juges en chef a \u00e9t\u00e9 cr\u00e9\u00e9 par les trois juges en chef de la Cour d&rsquo;appel de l&rsquo;Ontario, de la Cour sup\u00e9rieure de justice et de la Cour de justice de l&rsquo;Ontario. Ce prix est d\u00e9cern\u00e9 \u00e0 une personne qui a contribu\u00e9 de fa\u00e7on exceptionnelle \u00e0 la compr\u00e9hension du syst\u00e8me judiciaire parmi [&hellip;]\" \/>\n<meta property=\"og:url\" content=\"https:\/\/ojen2024.turnbull.co\/fr\/a-propos\/prix-du-roej\/prix-des-juges-en-chef-du-roej\" \/>\n<meta property=\"og:site_name\" content=\"OJEN\" \/>\n<meta property=\"article:publisher\" content=\"https:\/\/www.facebook.com\/pages\/OJEN\/252115501467864\" \/>\n<meta property=\"article:modified_time\" content=\"2019-10-11T17:10:11+00:00\" \/>\n<meta name=\"twitter:card\" content=\"summary_large_image\" \/>\n<meta name=\"twitter:site\" content=\"@OJEN_ROEJ\" \/>\n<meta name=\"twitter:label1\" content=\"Estimation du temps de lecture\" \/>\n\t<meta name=\"twitter:data1\" content=\"1 minute\" \/>\n<script type=\"application\/ld+json\" class=\"yoast-schema-graph\">{\"@context\":\"https:\/\/schema.org\",\"@graph\":[{\"@type\":\"WebPage\",\"@id\":\"https:\/\/ojen2024.turnbull.co\/fr\/a-propos\/prix-du-roej\/prix-des-juges-en-chef-du-roej\",\"url\":\"https:\/\/ojen2024.turnbull.co\/fr\/a-propos\/prix-du-roej\/prix-des-juges-en-chef-du-roej\",\"name\":\"Prix des juges en chef du ROEJ - OJEN\",\"isPartOf\":{\"@id\":\"https:\/\/ojen2024.turnbull.co\/en\/#website\"},\"datePublished\":\"2016-11-29T11:50:27+00:00\",\"dateModified\":\"2019-10-11T17:10:11+00:00\",\"breadcrumb\":{\"@id\":\"https:\/\/ojen2024.turnbull.co\/fr\/a-propos\/prix-du-roej\/prix-des-juges-en-chef-du-roej#breadcrumb\"},\"inLanguage\":\"fr-CA\",\"potentialAction\":[{\"@type\":\"ReadAction\",\"target\":[\"https:\/\/ojen2024.turnbull.co\/fr\/a-propos\/prix-du-roej\/prix-des-juges-en-chef-du-roej\"]}]},{\"@type\":\"BreadcrumbList\",\"@id\":\"https:\/\/ojen2024.turnbull.co\/fr\/a-propos\/prix-du-roej\/prix-des-juges-en-chef-du-roej#breadcrumb\",\"itemListElement\":[{\"@type\":\"ListItem\",\"position\":1,\"name\":\"Home\",\"item\":\"https:\/\/ojen2024.turnbull.co\/fr\"},{\"@type\":\"ListItem\",\"position\":2,\"name\":\"Qui sommes nous?\",\"item\":\"https:\/\/ojen2024.turnbull.co\/fr\/a-propos\"},{\"@type\":\"ListItem\",\"position\":3,\"name\":\"Prix du ROEJ\",\"item\":\"https:\/\/ojen2024.turnbull.co\/fr\/a-propos\/prix-du-roej\"},{\"@type\":\"ListItem\",\"position\":4,\"name\":\"Prix des juges en chef du ROEJ\"}]},{\"@type\":\"WebSite\",\"@id\":\"https:\/\/ojen2024.turnbull.co\/en\/#website\",\"url\":\"https:\/\/ojen2024.turnbull.co\/en\/\",\"name\":\"OJEN\",\"description\":\"\",\"potentialAction\":[{\"@type\":\"SearchAction\",\"target\":{\"@type\":\"EntryPoint\",\"urlTemplate\":\"https:\/\/ojen2024.turnbull.co\/en\/?s={search_term_string}\"},\"query-input\":{\"@type\":\"PropertyValueSpecification\",\"valueRequired\":true,\"valueName\":\"search_term_string\"}}],\"inLanguage\":\"fr-CA\"}]}<\/script>\n<!-- \/ Yoast SEO plugin. -->","yoast_head_json":{"title":"Prix des juges en chef du ROEJ - OJEN","robots":{"index":"noindex","follow":"follow","max-snippet":"max-snippet:-1","max-image-preview":"max-image-preview:large","max-video-preview":"max-video-preview:-1"},"og_locale":"fr_CA","og_type":"article","og_title":"Prix des juges en chef du ROEJ - OJEN","og_description":"Le Prix des juges en chef a \u00e9t\u00e9 cr\u00e9\u00e9 par les trois juges en chef de la Cour d&rsquo;appel de l&rsquo;Ontario, de la Cour sup\u00e9rieure de justice et de la Cour de justice de l&rsquo;Ontario. Ce prix est d\u00e9cern\u00e9 \u00e0 une personne qui a contribu\u00e9 de fa\u00e7on exceptionnelle \u00e0 la compr\u00e9hension du syst\u00e8me judiciaire parmi [&hellip;]","og_url":"https:\/\/ojen2024.turnbull.co\/fr\/a-propos\/prix-du-roej\/prix-des-juges-en-chef-du-roej","og_site_name":"OJEN","article_publisher":"https:\/\/www.facebook.com\/pages\/OJEN\/252115501467864","article_modified_time":"2019-10-11T17:10:11+00:00","twitter_card":"summary_large_image","twitter_site":"@OJEN_ROEJ","twitter_misc":{"Estimation du temps de lecture":"1 minute"},"schema":{"@context":"https:\/\/schema.org","@graph":[{"@type":"WebPage","@id":"https:\/\/ojen2024.turnbull.co\/fr\/a-propos\/prix-du-roej\/prix-des-juges-en-chef-du-roej","url":"https:\/\/ojen2024.turnbull.co\/fr\/a-propos\/prix-du-roej\/prix-des-juges-en-chef-du-roej","name":"Prix des juges en chef du ROEJ - OJEN","isPartOf":{"@id":"https:\/\/ojen2024.turnbull.co\/en\/#website"},"datePublished":"2016-11-29T11:50:27+00:00","dateModified":"2019-10-11T17:10:11+00:00","breadcrumb":{"@id":"https:\/\/ojen2024.turnbull.co\/fr\/a-propos\/prix-du-roej\/prix-des-juges-en-chef-du-roej#breadcrumb"},"inLanguage":"fr-CA","potentialAction":[{"@type":"ReadAction","target":["https:\/\/ojen2024.turnbull.co\/fr\/a-propos\/prix-du-roej\/prix-des-juges-en-chef-du-roej"]}]},{"@type":"BreadcrumbList","@id":"https:\/\/ojen2024.turnbull.co\/fr\/a-propos\/prix-du-roej\/prix-des-juges-en-chef-du-roej#breadcrumb","itemListElement":[{"@type":"ListItem","position":1,"name":"Home","item":"https:\/\/ojen2024.turnbull.co\/fr"},{"@type":"ListItem","position":2,"name":"Qui sommes nous?","item":"https:\/\/ojen2024.turnbull.co\/fr\/a-propos"},{"@type":"ListItem","position":3,"name":"Prix du ROEJ","item":"https:\/\/ojen2024.turnbull.co\/fr\/a-propos\/prix-du-roej"},{"@type":"ListItem","position":4,"name":"Prix des juges en chef du ROEJ"}]},{"@type":"WebSite","@id":"https:\/\/ojen2024.turnbull.co\/en\/#website","url":"https:\/\/ojen2024.turnbull.co\/en\/","name":"OJEN","description":"","potentialAction":[{"@type":"SearchAction","target":{"@type":"EntryPoint","urlTemplate":"https:\/\/ojen2024.turnbull.co\/en\/?s={search_term_string}"},"query-input":{"@type":"PropertyValueSpecification","valueRequired":true,"valueName":"search_term_string"}}],"inLanguage":"fr-CA"}]}},"_links":{"self":[{"href":"https:\/\/ojen2024.turnbull.co\/fr\/wp-json\/wp\/v2\/pages\/7987"}],"collection":[{"href":"https:\/\/ojen2024.turnbull.co\/fr\/wp-json\/wp\/v2\/pages"}],"about":[{"href":"https:\/\/ojen2024.turnbull.co\/fr\/wp-json\/wp\/v2\/types\/page"}],"author":[{"embeddable":true,"href":"https:\/\/ojen2024.turnbull.co\/fr\/wp-json\/wp\/v2\/users\/4"}],"replies":[{"embeddable":true,"href":"https:\/\/ojen2024.turnbull.co\/fr\/wp-json\/wp\/v2\/comments?post=7987"}],"version-history":[{"count":0,"href":"https:\/\/ojen2024.turnbull.co\/fr\/wp-json\/wp\/v2\/pages\/7987\/revisions"}],"up":[{"embeddable":true,"href":"https:\/\/ojen2024.turnbull.co\/fr\/wp-json\/wp\/v2\/pages\/7984"}],"wp:attachment":[{"href":"https:\/\/ojen2024.turnbull.co\/fr\/wp-json\/wp\/v2\/media?parent=7987"}],"curies":[{"name":"wp","href":"https:\/\/api.w.org\/{rel}","templated":true}]}}