{"id":7990,"date":"2016-11-29T06:52:00","date_gmt":"2016-11-29T11:52:00","guid":{"rendered":"http:\/\/ojen.ca\/fr\/?page_id=7990"},"modified":"2019-10-11T12:43:13","modified_gmt":"2019-10-11T16:43:13","slug":"prix-lennox-du-roej","status":"publish","type":"page","link":"https:\/\/ojen2024.turnbull.co\/fr\/a-propos\/prix-du-roej\/prix-lennox-du-roej","title":{"rendered":"Prix Lennox du ROEJ"},"content":{"rendered":"<p>Le <em>Prix Lennox<\/em> a \u00e9t\u00e9 cr\u00e9\u00e9 par la Cour de justice de l&rsquo;Ontario en l&rsquo;honneur du r\u00f4le jou\u00e9 par l&rsquo;ancien juge en chef Brian Lennox dans la cr\u00e9ation du R\u00e9seau ontarien d&rsquo;\u00e9ducation juridique en tant qu&rsquo;administrateur fondateur. Ce prix comm\u00e9more son d\u00e9vouement personnel \u00e0 la cause de l&rsquo;\u00e9ducation juridique en Ontario.<\/p>\n<p>Ce prix annuel reconnait l&rsquo;innovation en \u00e9ducation juridique dans la r\u00e9gion de l&rsquo;est de l&rsquo;Ontario (ce qui comprend Ottawa, Cornwall et Kingston). Vous pouvez proposer la candidature de personnes ou de groupes qui ont entrepris un projet innovateur ou fait montre d&rsquo;un engagement de longue date envers la cause de l&rsquo;\u00e9ducation juridique.<\/p>\n<p>Les noms des anciens laur\u00e9ats sont indiqu\u00e9s sur une plaque permanente appos\u00e9e au palais de justice d&rsquo;Ottawa.<\/p>\n<p><span style=\"color: #000000;\">Si vous souhaitez proposer la candidature d&rsquo;une personne ou d&rsquo;un groupe pour ce prix, envoyez leur nom et une courte description de leurs activit\u00e9s \u00e0&nbsp;Thomas&nbsp;Gallezot,&nbsp;responsable des programmes francophones au&nbsp;(416) 761-9963 poste 230 ou<\/span><em>&nbsp;<a href=\"mailto:tgallezot@ojen.ca\">tgallezot@ojen.ca<\/a><\/em><\/p>\n","protected":false},"excerpt":{"rendered":"<p>Le Prix Lennox a \u00e9t\u00e9 cr\u00e9\u00e9 par la Cour de justice de l&rsquo;Ontario en l&rsquo;honneur du r\u00f4le jou\u00e9 par l&rsquo;ancien juge en chef Brian Lennox dans la cr\u00e9ation du R\u00e9seau ontarien d&rsquo;\u00e9ducation juridique en tant qu&rsquo;administrateur fondateur. Ce prix comm\u00e9more son d\u00e9vouement personnel \u00e0 la cause de l&rsquo;\u00e9ducation juridique en Ontario. Ce prix annuel reconnait [&hellip;]<\/p>\n","protected":false},"author":4,"featured_media":0,"parent":7984,"menu_order":0,"comment_status":"closed","ping_status":"closed","template":"template-intro-textblocks.php","meta":{"_acf_changed":false,"_eb_attr":"","inline_featured_image":false,"ub_ctt_via":"","footnotes":""},"class_list":["post-7990","page","type-page","status-publish","hentry"],"acf":[],"featured_image_src":null,"yoast_head":"<!-- This site is optimized with the Yoast SEO plugin v25.3 - https:\/\/yoast.com\/wordpress\/plugins\/seo\/ -->\n<title>Prix Lennox du ROEJ - OJEN<\/title>\n<meta name=\"robots\" content=\"noindex, follow, max-snippet:-1, max-image-preview:large, max-video-preview:-1\" \/>\n<meta property=\"og:locale\" content=\"fr_CA\" \/>\n<meta property=\"og:type\" content=\"article\" \/>\n<meta property=\"og:title\" content=\"Prix Lennox du ROEJ - OJEN\" \/>\n<meta property=\"og:description\" content=\"Le Prix Lennox a \u00e9t\u00e9 cr\u00e9\u00e9 par la Cour de justice de l&rsquo;Ontario en l&rsquo;honneur du r\u00f4le jou\u00e9 par l&rsquo;ancien juge en chef Brian Lennox dans la cr\u00e9ation du R\u00e9seau ontarien d&rsquo;\u00e9ducation juridique en tant qu&rsquo;administrateur fondateur. Ce prix comm\u00e9more son d\u00e9vouement personnel \u00e0 la cause de l&rsquo;\u00e9ducation juridique en Ontario. Ce prix annuel reconnait [&hellip;]\" \/>\n<meta property=\"og:url\" content=\"https:\/\/ojen2024.turnbull.co\/fr\/a-propos\/prix-du-roej\/prix-lennox-du-roej\" \/>\n<meta property=\"og:site_name\" content=\"OJEN\" \/>\n<meta property=\"article:publisher\" content=\"https:\/\/www.facebook.com\/pages\/OJEN\/252115501467864\" \/>\n<meta property=\"article:modified_time\" content=\"2019-10-11T16:43:13+00:00\" \/>\n<meta name=\"twitter:card\" content=\"summary_large_image\" \/>\n<meta name=\"twitter:site\" content=\"@OJEN_ROEJ\" \/>\n<meta name=\"twitter:label1\" content=\"Estimation du temps de lecture\" \/>\n\t<meta name=\"twitter:data1\" content=\"1 minute\" \/>\n<script type=\"application\/ld+json\" class=\"yoast-schema-graph\">{\"@context\":\"https:\/\/schema.org\",\"@graph\":[{\"@type\":\"WebPage\",\"@id\":\"https:\/\/ojen2024.turnbull.co\/fr\/a-propos\/prix-du-roej\/prix-lennox-du-roej\",\"url\":\"https:\/\/ojen2024.turnbull.co\/fr\/a-propos\/prix-du-roej\/prix-lennox-du-roej\",\"name\":\"Prix Lennox du ROEJ - OJEN\",\"isPartOf\":{\"@id\":\"https:\/\/ojen2024.turnbull.co\/en\/#website\"},\"datePublished\":\"2016-11-29T11:52:00+00:00\",\"dateModified\":\"2019-10-11T16:43:13+00:00\",\"breadcrumb\":{\"@id\":\"https:\/\/ojen2024.turnbull.co\/fr\/a-propos\/prix-du-roej\/prix-lennox-du-roej#breadcrumb\"},\"inLanguage\":\"fr-CA\",\"potentialAction\":[{\"@type\":\"ReadAction\",\"target\":[\"https:\/\/ojen2024.turnbull.co\/fr\/a-propos\/prix-du-roej\/prix-lennox-du-roej\"]}]},{\"@type\":\"BreadcrumbList\",\"@id\":\"https:\/\/ojen2024.turnbull.co\/fr\/a-propos\/prix-du-roej\/prix-lennox-du-roej#breadcrumb\",\"itemListElement\":[{\"@type\":\"ListItem\",\"position\":1,\"name\":\"Home\",\"item\":\"https:\/\/ojen2024.turnbull.co\/fr\"},{\"@type\":\"ListItem\",\"position\":2,\"name\":\"Qui sommes nous?\",\"item\":\"https:\/\/ojen2024.turnbull.co\/fr\/a-propos\"},{\"@type\":\"ListItem\",\"position\":3,\"name\":\"Prix du ROEJ\",\"item\":\"https:\/\/ojen2024.turnbull.co\/fr\/a-propos\/prix-du-roej\"},{\"@type\":\"ListItem\",\"position\":4,\"name\":\"Prix Lennox du ROEJ\"}]},{\"@type\":\"WebSite\",\"@id\":\"https:\/\/ojen2024.turnbull.co\/en\/#website\",\"url\":\"https:\/\/ojen2024.turnbull.co\/en\/\",\"name\":\"OJEN\",\"description\":\"\",\"potentialAction\":[{\"@type\":\"SearchAction\",\"target\":{\"@type\":\"EntryPoint\",\"urlTemplate\":\"https:\/\/ojen2024.turnbull.co\/en\/?s={search_term_string}\"},\"query-input\":{\"@type\":\"PropertyValueSpecification\",\"valueRequired\":true,\"valueName\":\"search_term_string\"}}],\"inLanguage\":\"fr-CA\"}]}<\/script>\n<!-- \/ Yoast SEO plugin. -->","yoast_head_json":{"title":"Prix Lennox du ROEJ - OJEN","robots":{"index":"noindex","follow":"follow","max-snippet":"max-snippet:-1","max-image-preview":"max-image-preview:large","max-video-preview":"max-video-preview:-1"},"og_locale":"fr_CA","og_type":"article","og_title":"Prix Lennox du ROEJ - OJEN","og_description":"Le Prix Lennox a \u00e9t\u00e9 cr\u00e9\u00e9 par la Cour de justice de l&rsquo;Ontario en l&rsquo;honneur du r\u00f4le jou\u00e9 par l&rsquo;ancien juge en chef Brian Lennox dans la cr\u00e9ation du R\u00e9seau ontarien d&rsquo;\u00e9ducation juridique en tant qu&rsquo;administrateur fondateur. Ce prix comm\u00e9more son d\u00e9vouement personnel \u00e0 la cause de l&rsquo;\u00e9ducation juridique en Ontario. Ce prix annuel reconnait [&hellip;]","og_url":"https:\/\/ojen2024.turnbull.co\/fr\/a-propos\/prix-du-roej\/prix-lennox-du-roej","og_site_name":"OJEN","article_publisher":"https:\/\/www.facebook.com\/pages\/OJEN\/252115501467864","article_modified_time":"2019-10-11T16:43:13+00:00","twitter_card":"summary_large_image","twitter_site":"@OJEN_ROEJ","twitter_misc":{"Estimation du temps de lecture":"1 minute"},"schema":{"@context":"https:\/\/schema.org","@graph":[{"@type":"WebPage","@id":"https:\/\/ojen2024.turnbull.co\/fr\/a-propos\/prix-du-roej\/prix-lennox-du-roej","url":"https:\/\/ojen2024.turnbull.co\/fr\/a-propos\/prix-du-roej\/prix-lennox-du-roej","name":"Prix Lennox du ROEJ - OJEN","isPartOf":{"@id":"https:\/\/ojen2024.turnbull.co\/en\/#website"},"datePublished":"2016-11-29T11:52:00+00:00","dateModified":"2019-10-11T16:43:13+00:00","breadcrumb":{"@id":"https:\/\/ojen2024.turnbull.co\/fr\/a-propos\/prix-du-roej\/prix-lennox-du-roej#breadcrumb"},"inLanguage":"fr-CA","potentialAction":[{"@type":"ReadAction","target":["https:\/\/ojen2024.turnbull.co\/fr\/a-propos\/prix-du-roej\/prix-lennox-du-roej"]}]},{"@type":"BreadcrumbList","@id":"https:\/\/ojen2024.turnbull.co\/fr\/a-propos\/prix-du-roej\/prix-lennox-du-roej#breadcrumb","itemListElement":[{"@type":"ListItem","position":1,"name":"Home","item":"https:\/\/ojen2024.turnbull.co\/fr"},{"@type":"ListItem","position":2,"name":"Qui sommes nous?","item":"https:\/\/ojen2024.turnbull.co\/fr\/a-propos"},{"@type":"ListItem","position":3,"name":"Prix du ROEJ","item":"https:\/\/ojen2024.turnbull.co\/fr\/a-propos\/prix-du-roej"},{"@type":"ListItem","position":4,"name":"Prix Lennox du ROEJ"}]},{"@type":"WebSite","@id":"https:\/\/ojen2024.turnbull.co\/en\/#website","url":"https:\/\/ojen2024.turnbull.co\/en\/","name":"OJEN","description":"","potentialAction":[{"@type":"SearchAction","target":{"@type":"EntryPoint","urlTemplate":"https:\/\/ojen2024.turnbull.co\/en\/?s={search_term_string}"},"query-input":{"@type":"PropertyValueSpecification","valueRequired":true,"valueName":"search_term_string"}}],"inLanguage":"fr-CA"}]}},"_links":{"self":[{"href":"https:\/\/ojen2024.turnbull.co\/fr\/wp-json\/wp\/v2\/pages\/7990"}],"collection":[{"href":"https:\/\/ojen2024.turnbull.co\/fr\/wp-json\/wp\/v2\/pages"}],"about":[{"href":"https:\/\/ojen2024.turnbull.co\/fr\/wp-json\/wp\/v2\/types\/page"}],"author":[{"embeddable":true,"href":"https:\/\/ojen2024.turnbull.co\/fr\/wp-json\/wp\/v2\/users\/4"}],"replies":[{"embeddable":true,"href":"https:\/\/ojen2024.turnbull.co\/fr\/wp-json\/wp\/v2\/comments?post=7990"}],"version-history":[{"count":0,"href":"https:\/\/ojen2024.turnbull.co\/fr\/wp-json\/wp\/v2\/pages\/7990\/revisions"}],"up":[{"embeddable":true,"href":"https:\/\/ojen2024.turnbull.co\/fr\/wp-json\/wp\/v2\/pages\/7984"}],"wp:attachment":[{"href":"https:\/\/ojen2024.turnbull.co\/fr\/wp-json\/wp\/v2\/media?parent=7990"}],"curies":[{"name":"wp","href":"https:\/\/api.w.org\/{rel}","templated":true}]}}