{"id":7992,"date":"2016-11-29T06:53:40","date_gmt":"2016-11-29T11:53:40","guid":{"rendered":"http:\/\/ojen.ca\/fr\/?page_id=7992"},"modified":"2019-10-11T12:34:55","modified_gmt":"2019-10-11T16:34:55","slug":"prix-des-educateurs-juridiques-exemplaires-hux-kiteley","status":"publish","type":"page","link":"https:\/\/ojen2024.turnbull.co\/fr\/a-propos\/prix-du-roej\/prix-des-educateurs-juridiques-exemplaires-hux-kiteley","title":{"rendered":"Prix des \u00e9ducateurs juridiques exemplaires Hux-Kiteley"},"content":{"rendered":"<p>Ce prix porte le nom de deux membres du premier conseil d&rsquo;administration du ROEJ, soit Allan&nbsp;Hux, lequel repr\u00e9sentait l\u2019Ontario History and Social Science Teachers\u2019 Association, et la juge Fran Kiteley, laquelle repr\u00e9sentait la Cour sup\u00e9rieure de justice et fut la premi\u00e8re pr\u00e9sidente du conseil d&rsquo;administration du ROEJ. Le conseil d&rsquo;administration a cr\u00e9\u00e9 ce prix en&nbsp;2011 pour honorer le r\u00f4le fondateur jou\u00e9 par ces deux \u00e9ducateurs exceptionnels dans la cr\u00e9ation du ROEJ.<\/p>\n<p>Le <em>Prix Hux-Kiteley<\/em> est d\u00e9cern\u00e9 \u00e0 une \u00e9ducatrice ou \u00e0 un \u00e9ducateur de la province de l&rsquo;Ontario qui a fait montre d&rsquo;un leadership exceptionnel dans le domaine de l&rsquo;\u00e9ducation juridique. Les crit\u00e8res peuvent comprendre ceux qui suivent&nbsp;:<\/p>\n<ul>\n<li>L&rsquo;innovation dans le domaine de l\u2019\u00e9ducation juridique<\/li>\n<li>L\u2019enseignement de notions juridiques en recourant \u00e0 des approches fond\u00e9es sur la collaboration<\/li>\n<li>La promotion de la participation d\u00e9mocratique<\/li>\n<li>Le leadership parmi leurs pairs en ce qui concerne la promotion de l&rsquo;\u00e9ducation juridique<\/li>\n<\/ul>\n<p>Le <em>prix Hux-Kiteley<\/em> est remis au laur\u00e9at ou \u00e0 la laur\u00e9ate pendant la r\u00e9ception qui a lieu en ao\u00fbt tous les ans au cours de l&rsquo;Institut estival de droit du ROEJ.<\/p>\n<p><span style=\"color: #000000;\">Si vous souhaitez proposer une candidature pour ce prix, envoyez le nom de la personne et une courte description de ses activit\u00e9s \u00e0&nbsp;Thomas&nbsp;Gallezot,&nbsp;responsable des programmes francophones au&nbsp;(416) 761-9963 poste 230 ou<\/span><em>&nbsp;<a href=\"mailto:tgallezot@ojen.ca\">tgallezot@ojen.ca<\/a><\/em><\/p>\n","protected":false},"excerpt":{"rendered":"<p>Ce prix porte le nom de deux membres du premier conseil d&rsquo;administration du ROEJ, soit Allan&nbsp;Hux, lequel repr\u00e9sentait l\u2019Ontario History and Social Science Teachers\u2019 Association, et la juge Fran Kiteley, laquelle repr\u00e9sentait la Cour sup\u00e9rieure de justice et fut la premi\u00e8re pr\u00e9sidente du conseil d&rsquo;administration du ROEJ. Le conseil d&rsquo;administration a cr\u00e9\u00e9 ce prix en&nbsp;2011 [&hellip;]<\/p>\n","protected":false},"author":4,"featured_media":0,"parent":7984,"menu_order":0,"comment_status":"closed","ping_status":"closed","template":"template-intro-textblocks.php","meta":{"_acf_changed":false,"_eb_attr":"","inline_featured_image":false,"ub_ctt_via":"","footnotes":""},"class_list":["post-7992","page","type-page","status-publish","hentry"],"acf":[],"featured_image_src":null,"yoast_head":"<!-- This site is optimized with the Yoast SEO plugin v25.3 - https:\/\/yoast.com\/wordpress\/plugins\/seo\/ -->\n<title>Prix des \u00e9ducateurs juridiques exemplaires Hux-Kiteley - OJEN<\/title>\n<meta name=\"robots\" content=\"noindex, follow, max-snippet:-1, max-image-preview:large, max-video-preview:-1\" \/>\n<meta property=\"og:locale\" content=\"fr_CA\" \/>\n<meta property=\"og:type\" content=\"article\" \/>\n<meta property=\"og:title\" content=\"Prix des \u00e9ducateurs juridiques exemplaires Hux-Kiteley - OJEN\" \/>\n<meta property=\"og:description\" content=\"Ce prix porte le nom de deux membres du premier conseil d&rsquo;administration du ROEJ, soit Allan&nbsp;Hux, lequel repr\u00e9sentait l\u2019Ontario History and Social Science Teachers\u2019 Association, et la juge Fran Kiteley, laquelle repr\u00e9sentait la Cour sup\u00e9rieure de justice et fut la premi\u00e8re pr\u00e9sidente du conseil d&rsquo;administration du ROEJ. Le conseil d&rsquo;administration a cr\u00e9\u00e9 ce prix en&nbsp;2011 [&hellip;]\" \/>\n<meta property=\"og:url\" content=\"https:\/\/ojen2024.turnbull.co\/fr\/a-propos\/prix-du-roej\/prix-des-educateurs-juridiques-exemplaires-hux-kiteley\" \/>\n<meta property=\"og:site_name\" content=\"OJEN\" \/>\n<meta property=\"article:publisher\" content=\"https:\/\/www.facebook.com\/pages\/OJEN\/252115501467864\" \/>\n<meta property=\"article:modified_time\" content=\"2019-10-11T16:34:55+00:00\" \/>\n<meta name=\"twitter:card\" content=\"summary_large_image\" \/>\n<meta name=\"twitter:site\" content=\"@OJEN_ROEJ\" \/>\n<meta name=\"twitter:label1\" content=\"Estimation du temps de lecture\" \/>\n\t<meta name=\"twitter:data1\" content=\"1 minute\" \/>\n<script type=\"application\/ld+json\" class=\"yoast-schema-graph\">{\"@context\":\"https:\/\/schema.org\",\"@graph\":[{\"@type\":\"WebPage\",\"@id\":\"https:\/\/ojen2024.turnbull.co\/fr\/a-propos\/prix-du-roej\/prix-des-educateurs-juridiques-exemplaires-hux-kiteley\",\"url\":\"https:\/\/ojen2024.turnbull.co\/fr\/a-propos\/prix-du-roej\/prix-des-educateurs-juridiques-exemplaires-hux-kiteley\",\"name\":\"Prix des \u00e9ducateurs juridiques exemplaires Hux-Kiteley - OJEN\",\"isPartOf\":{\"@id\":\"https:\/\/ojen2024.turnbull.co\/en\/#website\"},\"datePublished\":\"2016-11-29T11:53:40+00:00\",\"dateModified\":\"2019-10-11T16:34:55+00:00\",\"breadcrumb\":{\"@id\":\"https:\/\/ojen2024.turnbull.co\/fr\/a-propos\/prix-du-roej\/prix-des-educateurs-juridiques-exemplaires-hux-kiteley#breadcrumb\"},\"inLanguage\":\"fr-CA\",\"potentialAction\":[{\"@type\":\"ReadAction\",\"target\":[\"https:\/\/ojen2024.turnbull.co\/fr\/a-propos\/prix-du-roej\/prix-des-educateurs-juridiques-exemplaires-hux-kiteley\"]}]},{\"@type\":\"BreadcrumbList\",\"@id\":\"https:\/\/ojen2024.turnbull.co\/fr\/a-propos\/prix-du-roej\/prix-des-educateurs-juridiques-exemplaires-hux-kiteley#breadcrumb\",\"itemListElement\":[{\"@type\":\"ListItem\",\"position\":1,\"name\":\"Home\",\"item\":\"https:\/\/ojen2024.turnbull.co\/fr\"},{\"@type\":\"ListItem\",\"position\":2,\"name\":\"Qui sommes nous?\",\"item\":\"https:\/\/ojen2024.turnbull.co\/fr\/a-propos\"},{\"@type\":\"ListItem\",\"position\":3,\"name\":\"Prix du ROEJ\",\"item\":\"https:\/\/ojen2024.turnbull.co\/fr\/a-propos\/prix-du-roej\"},{\"@type\":\"ListItem\",\"position\":4,\"name\":\"Prix des \u00e9ducateurs juridiques exemplaires Hux-Kiteley\"}]},{\"@type\":\"WebSite\",\"@id\":\"https:\/\/ojen2024.turnbull.co\/en\/#website\",\"url\":\"https:\/\/ojen2024.turnbull.co\/en\/\",\"name\":\"OJEN\",\"description\":\"\",\"potentialAction\":[{\"@type\":\"SearchAction\",\"target\":{\"@type\":\"EntryPoint\",\"urlTemplate\":\"https:\/\/ojen2024.turnbull.co\/en\/?s={search_term_string}\"},\"query-input\":{\"@type\":\"PropertyValueSpecification\",\"valueRequired\":true,\"valueName\":\"search_term_string\"}}],\"inLanguage\":\"fr-CA\"}]}<\/script>\n<!-- \/ Yoast SEO plugin. -->","yoast_head_json":{"title":"Prix des \u00e9ducateurs juridiques exemplaires Hux-Kiteley - OJEN","robots":{"index":"noindex","follow":"follow","max-snippet":"max-snippet:-1","max-image-preview":"max-image-preview:large","max-video-preview":"max-video-preview:-1"},"og_locale":"fr_CA","og_type":"article","og_title":"Prix des \u00e9ducateurs juridiques exemplaires Hux-Kiteley - OJEN","og_description":"Ce prix porte le nom de deux membres du premier conseil d&rsquo;administration du ROEJ, soit Allan&nbsp;Hux, lequel repr\u00e9sentait l\u2019Ontario History and Social Science Teachers\u2019 Association, et la juge Fran Kiteley, laquelle repr\u00e9sentait la Cour sup\u00e9rieure de justice et fut la premi\u00e8re pr\u00e9sidente du conseil d&rsquo;administration du ROEJ. Le conseil d&rsquo;administration a cr\u00e9\u00e9 ce prix en&nbsp;2011 [&hellip;]","og_url":"https:\/\/ojen2024.turnbull.co\/fr\/a-propos\/prix-du-roej\/prix-des-educateurs-juridiques-exemplaires-hux-kiteley","og_site_name":"OJEN","article_publisher":"https:\/\/www.facebook.com\/pages\/OJEN\/252115501467864","article_modified_time":"2019-10-11T16:34:55+00:00","twitter_card":"summary_large_image","twitter_site":"@OJEN_ROEJ","twitter_misc":{"Estimation du temps de lecture":"1 minute"},"schema":{"@context":"https:\/\/schema.org","@graph":[{"@type":"WebPage","@id":"https:\/\/ojen2024.turnbull.co\/fr\/a-propos\/prix-du-roej\/prix-des-educateurs-juridiques-exemplaires-hux-kiteley","url":"https:\/\/ojen2024.turnbull.co\/fr\/a-propos\/prix-du-roej\/prix-des-educateurs-juridiques-exemplaires-hux-kiteley","name":"Prix des \u00e9ducateurs juridiques exemplaires Hux-Kiteley - OJEN","isPartOf":{"@id":"https:\/\/ojen2024.turnbull.co\/en\/#website"},"datePublished":"2016-11-29T11:53:40+00:00","dateModified":"2019-10-11T16:34:55+00:00","breadcrumb":{"@id":"https:\/\/ojen2024.turnbull.co\/fr\/a-propos\/prix-du-roej\/prix-des-educateurs-juridiques-exemplaires-hux-kiteley#breadcrumb"},"inLanguage":"fr-CA","potentialAction":[{"@type":"ReadAction","target":["https:\/\/ojen2024.turnbull.co\/fr\/a-propos\/prix-du-roej\/prix-des-educateurs-juridiques-exemplaires-hux-kiteley"]}]},{"@type":"BreadcrumbList","@id":"https:\/\/ojen2024.turnbull.co\/fr\/a-propos\/prix-du-roej\/prix-des-educateurs-juridiques-exemplaires-hux-kiteley#breadcrumb","itemListElement":[{"@type":"ListItem","position":1,"name":"Home","item":"https:\/\/ojen2024.turnbull.co\/fr"},{"@type":"ListItem","position":2,"name":"Qui sommes nous?","item":"https:\/\/ojen2024.turnbull.co\/fr\/a-propos"},{"@type":"ListItem","position":3,"name":"Prix du ROEJ","item":"https:\/\/ojen2024.turnbull.co\/fr\/a-propos\/prix-du-roej"},{"@type":"ListItem","position":4,"name":"Prix des \u00e9ducateurs juridiques exemplaires Hux-Kiteley"}]},{"@type":"WebSite","@id":"https:\/\/ojen2024.turnbull.co\/en\/#website","url":"https:\/\/ojen2024.turnbull.co\/en\/","name":"OJEN","description":"","potentialAction":[{"@type":"SearchAction","target":{"@type":"EntryPoint","urlTemplate":"https:\/\/ojen2024.turnbull.co\/en\/?s={search_term_string}"},"query-input":{"@type":"PropertyValueSpecification","valueRequired":true,"valueName":"search_term_string"}}],"inLanguage":"fr-CA"}]}},"_links":{"self":[{"href":"https:\/\/ojen2024.turnbull.co\/fr\/wp-json\/wp\/v2\/pages\/7992"}],"collection":[{"href":"https:\/\/ojen2024.turnbull.co\/fr\/wp-json\/wp\/v2\/pages"}],"about":[{"href":"https:\/\/ojen2024.turnbull.co\/fr\/wp-json\/wp\/v2\/types\/page"}],"author":[{"embeddable":true,"href":"https:\/\/ojen2024.turnbull.co\/fr\/wp-json\/wp\/v2\/users\/4"}],"replies":[{"embeddable":true,"href":"https:\/\/ojen2024.turnbull.co\/fr\/wp-json\/wp\/v2\/comments?post=7992"}],"version-history":[{"count":0,"href":"https:\/\/ojen2024.turnbull.co\/fr\/wp-json\/wp\/v2\/pages\/7992\/revisions"}],"up":[{"embeddable":true,"href":"https:\/\/ojen2024.turnbull.co\/fr\/wp-json\/wp\/v2\/pages\/7984"}],"wp:attachment":[{"href":"https:\/\/ojen2024.turnbull.co\/fr\/wp-json\/wp\/v2\/media?parent=7992"}],"curies":[{"name":"wp","href":"https:\/\/api.w.org\/{rel}","templated":true}]}}