{"id":7995,"date":"2016-11-29T06:55:07","date_gmt":"2016-11-29T11:55:07","guid":{"rendered":"http:\/\/ojen.ca\/fr\/?page_id=7995"},"modified":"2019-10-11T13:19:40","modified_gmt":"2019-10-11T17:19:40","slug":"le-prix-commemoratif-postsecondaire-tate-herbert","status":"publish","type":"page","link":"https:\/\/ojen2024.turnbull.co\/fr\/a-propos\/prix-du-roej\/le-prix-commemoratif-postsecondaire-tate-herbert","title":{"rendered":"Le Prix comm\u00e9moratif postsecondaire Tate Herbert"},"content":{"rendered":"<p>Ce prix annuel porte le nom d&rsquo;un jeune homme exceptionnel qui est d\u00e9c\u00e9d\u00e9 d&rsquo;un cancer \u00e0 l&rsquo;\u00e2ge de 20&nbsp;ans en 2013. Tate faisait des \u00e9tudes dans le cadre du programme <em>Law and Society<\/em> de l&rsquo;Universit\u00e9 Wilfrid-Laurier. Sa passion pour la justice l&rsquo;a men\u00e9 \u00e0 faire un stage au bureau d&rsquo;Aide juridique Ontario situ\u00e9 \u00e0 Barrie. Tate se passionnait pour le droit et l&rsquo;\u00e9ducation, et le ROEJ est honor\u00e9 d&rsquo;administrer un prix qui comm\u00e9more sa vie.<\/p>\n<p>Chaque ann\u00e9e, le ROEJ travaille avec des centaines d&rsquo;\u00e9tudiants postsecondaires pour offrir des projets d&rsquo;\u00e9ducation juridique \u00e0 travers la province. Ce prix annuel souligne la contribution remarquable d&rsquo;un(e) \u00e9tudiant(e) b\u00e9n\u00e9vole de niveau postsecondaire qui est all\u00e9(e) au-del\u00e0 des attentes et a contribu\u00e9 de fa\u00e7on importante aux initiatives d&rsquo;\u00e9ducation juridique du ROEJ.&nbsp;<\/p>\n<p>Les noms de tous les laur\u00e9ats sont indiqu\u00e9s sur une plaque permanente appos\u00e9e au palais de justice de Barrie.<\/p>\n<p>Si vous avez travaill\u00e9 avec un \u00e9tudiant ou une \u00e9tudiante b\u00e9n\u00e9vole et souhaitez proposer sa candidature pour ce prix, envoyez le nom et une courte description des activit\u00e9s de cette personne \u00e0 <a href=\"mailto:awardsprix@ojen.ca\">awardsprix@ojen.ca<\/a>. Un membre du personnel du ROEJ fera un suivi. Bien que nous acceptons les candidatures en tout temps, les candidatures doivent \u00eatre re\u00e7ues avant la fin avril afin d&rsquo;\u00eatre prises en consid\u00e9ration pour cette ann\u00e9e-l\u00e0.<\/p>\n","protected":false},"excerpt":{"rendered":"<p>Ce prix annuel porte le nom d&rsquo;un jeune homme exceptionnel qui est d\u00e9c\u00e9d\u00e9 d&rsquo;un cancer \u00e0 l&rsquo;\u00e2ge de 20&nbsp;ans en 2013. Tate faisait des \u00e9tudes dans le cadre du programme Law and Society de l&rsquo;Universit\u00e9 Wilfrid-Laurier. Sa passion pour la justice l&rsquo;a men\u00e9 \u00e0 faire un stage au bureau d&rsquo;Aide juridique Ontario situ\u00e9 \u00e0 Barrie. [&hellip;]<\/p>\n","protected":false},"author":4,"featured_media":0,"parent":7984,"menu_order":0,"comment_status":"closed","ping_status":"closed","template":"template-intro-textblocks.php","meta":{"_acf_changed":false,"_eb_attr":"","inline_featured_image":false,"ub_ctt_via":"","footnotes":""},"class_list":["post-7995","page","type-page","status-publish","hentry"],"acf":[],"featured_image_src":null,"yoast_head":"<!-- This site is optimized with the Yoast SEO plugin v25.3 - https:\/\/yoast.com\/wordpress\/plugins\/seo\/ -->\n<title>Le Prix comm\u00e9moratif postsecondaire Tate Herbert - OJEN<\/title>\n<meta name=\"robots\" content=\"noindex, follow, max-snippet:-1, max-image-preview:large, max-video-preview:-1\" \/>\n<meta property=\"og:locale\" content=\"fr_CA\" \/>\n<meta property=\"og:type\" content=\"article\" \/>\n<meta property=\"og:title\" content=\"Le Prix comm\u00e9moratif postsecondaire Tate Herbert - OJEN\" \/>\n<meta property=\"og:description\" content=\"Ce prix annuel porte le nom d&rsquo;un jeune homme exceptionnel qui est d\u00e9c\u00e9d\u00e9 d&rsquo;un cancer \u00e0 l&rsquo;\u00e2ge de 20&nbsp;ans en 2013. Tate faisait des \u00e9tudes dans le cadre du programme Law and Society de l&rsquo;Universit\u00e9 Wilfrid-Laurier. Sa passion pour la justice l&rsquo;a men\u00e9 \u00e0 faire un stage au bureau d&rsquo;Aide juridique Ontario situ\u00e9 \u00e0 Barrie. [&hellip;]\" \/>\n<meta property=\"og:url\" content=\"https:\/\/ojen2024.turnbull.co\/fr\/a-propos\/prix-du-roej\/le-prix-commemoratif-postsecondaire-tate-herbert\" \/>\n<meta property=\"og:site_name\" content=\"OJEN\" \/>\n<meta property=\"article:publisher\" content=\"https:\/\/www.facebook.com\/pages\/OJEN\/252115501467864\" \/>\n<meta property=\"article:modified_time\" content=\"2019-10-11T17:19:40+00:00\" \/>\n<meta name=\"twitter:card\" content=\"summary_large_image\" \/>\n<meta name=\"twitter:site\" content=\"@OJEN_ROEJ\" \/>\n<meta name=\"twitter:label1\" content=\"Estimation du temps de lecture\" \/>\n\t<meta name=\"twitter:data1\" content=\"1 minute\" \/>\n<script type=\"application\/ld+json\" class=\"yoast-schema-graph\">{\"@context\":\"https:\/\/schema.org\",\"@graph\":[{\"@type\":\"WebPage\",\"@id\":\"https:\/\/ojen2024.turnbull.co\/fr\/a-propos\/prix-du-roej\/le-prix-commemoratif-postsecondaire-tate-herbert\",\"url\":\"https:\/\/ojen2024.turnbull.co\/fr\/a-propos\/prix-du-roej\/le-prix-commemoratif-postsecondaire-tate-herbert\",\"name\":\"Le Prix comm\u00e9moratif postsecondaire Tate Herbert - OJEN\",\"isPartOf\":{\"@id\":\"https:\/\/ojen2024.turnbull.co\/en\/#website\"},\"datePublished\":\"2016-11-29T11:55:07+00:00\",\"dateModified\":\"2019-10-11T17:19:40+00:00\",\"breadcrumb\":{\"@id\":\"https:\/\/ojen2024.turnbull.co\/fr\/a-propos\/prix-du-roej\/le-prix-commemoratif-postsecondaire-tate-herbert#breadcrumb\"},\"inLanguage\":\"fr-CA\",\"potentialAction\":[{\"@type\":\"ReadAction\",\"target\":[\"https:\/\/ojen2024.turnbull.co\/fr\/a-propos\/prix-du-roej\/le-prix-commemoratif-postsecondaire-tate-herbert\"]}]},{\"@type\":\"BreadcrumbList\",\"@id\":\"https:\/\/ojen2024.turnbull.co\/fr\/a-propos\/prix-du-roej\/le-prix-commemoratif-postsecondaire-tate-herbert#breadcrumb\",\"itemListElement\":[{\"@type\":\"ListItem\",\"position\":1,\"name\":\"Home\",\"item\":\"https:\/\/ojen2024.turnbull.co\/fr\"},{\"@type\":\"ListItem\",\"position\":2,\"name\":\"Qui sommes nous?\",\"item\":\"https:\/\/ojen2024.turnbull.co\/fr\/a-propos\"},{\"@type\":\"ListItem\",\"position\":3,\"name\":\"Prix du ROEJ\",\"item\":\"https:\/\/ojen2024.turnbull.co\/fr\/a-propos\/prix-du-roej\"},{\"@type\":\"ListItem\",\"position\":4,\"name\":\"Le Prix comm\u00e9moratif postsecondaire Tate Herbert\"}]},{\"@type\":\"WebSite\",\"@id\":\"https:\/\/ojen2024.turnbull.co\/en\/#website\",\"url\":\"https:\/\/ojen2024.turnbull.co\/en\/\",\"name\":\"OJEN\",\"description\":\"\",\"potentialAction\":[{\"@type\":\"SearchAction\",\"target\":{\"@type\":\"EntryPoint\",\"urlTemplate\":\"https:\/\/ojen2024.turnbull.co\/en\/?s={search_term_string}\"},\"query-input\":{\"@type\":\"PropertyValueSpecification\",\"valueRequired\":true,\"valueName\":\"search_term_string\"}}],\"inLanguage\":\"fr-CA\"}]}<\/script>\n<!-- \/ Yoast SEO plugin. -->","yoast_head_json":{"title":"Le Prix comm\u00e9moratif postsecondaire Tate Herbert - OJEN","robots":{"index":"noindex","follow":"follow","max-snippet":"max-snippet:-1","max-image-preview":"max-image-preview:large","max-video-preview":"max-video-preview:-1"},"og_locale":"fr_CA","og_type":"article","og_title":"Le Prix comm\u00e9moratif postsecondaire Tate Herbert - OJEN","og_description":"Ce prix annuel porte le nom d&rsquo;un jeune homme exceptionnel qui est d\u00e9c\u00e9d\u00e9 d&rsquo;un cancer \u00e0 l&rsquo;\u00e2ge de 20&nbsp;ans en 2013. Tate faisait des \u00e9tudes dans le cadre du programme Law and Society de l&rsquo;Universit\u00e9 Wilfrid-Laurier. Sa passion pour la justice l&rsquo;a men\u00e9 \u00e0 faire un stage au bureau d&rsquo;Aide juridique Ontario situ\u00e9 \u00e0 Barrie. [&hellip;]","og_url":"https:\/\/ojen2024.turnbull.co\/fr\/a-propos\/prix-du-roej\/le-prix-commemoratif-postsecondaire-tate-herbert","og_site_name":"OJEN","article_publisher":"https:\/\/www.facebook.com\/pages\/OJEN\/252115501467864","article_modified_time":"2019-10-11T17:19:40+00:00","twitter_card":"summary_large_image","twitter_site":"@OJEN_ROEJ","twitter_misc":{"Estimation du temps de lecture":"1 minute"},"schema":{"@context":"https:\/\/schema.org","@graph":[{"@type":"WebPage","@id":"https:\/\/ojen2024.turnbull.co\/fr\/a-propos\/prix-du-roej\/le-prix-commemoratif-postsecondaire-tate-herbert","url":"https:\/\/ojen2024.turnbull.co\/fr\/a-propos\/prix-du-roej\/le-prix-commemoratif-postsecondaire-tate-herbert","name":"Le Prix comm\u00e9moratif postsecondaire Tate Herbert - OJEN","isPartOf":{"@id":"https:\/\/ojen2024.turnbull.co\/en\/#website"},"datePublished":"2016-11-29T11:55:07+00:00","dateModified":"2019-10-11T17:19:40+00:00","breadcrumb":{"@id":"https:\/\/ojen2024.turnbull.co\/fr\/a-propos\/prix-du-roej\/le-prix-commemoratif-postsecondaire-tate-herbert#breadcrumb"},"inLanguage":"fr-CA","potentialAction":[{"@type":"ReadAction","target":["https:\/\/ojen2024.turnbull.co\/fr\/a-propos\/prix-du-roej\/le-prix-commemoratif-postsecondaire-tate-herbert"]}]},{"@type":"BreadcrumbList","@id":"https:\/\/ojen2024.turnbull.co\/fr\/a-propos\/prix-du-roej\/le-prix-commemoratif-postsecondaire-tate-herbert#breadcrumb","itemListElement":[{"@type":"ListItem","position":1,"name":"Home","item":"https:\/\/ojen2024.turnbull.co\/fr"},{"@type":"ListItem","position":2,"name":"Qui sommes nous?","item":"https:\/\/ojen2024.turnbull.co\/fr\/a-propos"},{"@type":"ListItem","position":3,"name":"Prix du ROEJ","item":"https:\/\/ojen2024.turnbull.co\/fr\/a-propos\/prix-du-roej"},{"@type":"ListItem","position":4,"name":"Le Prix comm\u00e9moratif postsecondaire Tate Herbert"}]},{"@type":"WebSite","@id":"https:\/\/ojen2024.turnbull.co\/en\/#website","url":"https:\/\/ojen2024.turnbull.co\/en\/","name":"OJEN","description":"","potentialAction":[{"@type":"SearchAction","target":{"@type":"EntryPoint","urlTemplate":"https:\/\/ojen2024.turnbull.co\/en\/?s={search_term_string}"},"query-input":{"@type":"PropertyValueSpecification","valueRequired":true,"valueName":"search_term_string"}}],"inLanguage":"fr-CA"}]}},"_links":{"self":[{"href":"https:\/\/ojen2024.turnbull.co\/fr\/wp-json\/wp\/v2\/pages\/7995"}],"collection":[{"href":"https:\/\/ojen2024.turnbull.co\/fr\/wp-json\/wp\/v2\/pages"}],"about":[{"href":"https:\/\/ojen2024.turnbull.co\/fr\/wp-json\/wp\/v2\/types\/page"}],"author":[{"embeddable":true,"href":"https:\/\/ojen2024.turnbull.co\/fr\/wp-json\/wp\/v2\/users\/4"}],"replies":[{"embeddable":true,"href":"https:\/\/ojen2024.turnbull.co\/fr\/wp-json\/wp\/v2\/comments?post=7995"}],"version-history":[{"count":0,"href":"https:\/\/ojen2024.turnbull.co\/fr\/wp-json\/wp\/v2\/pages\/7995\/revisions"}],"up":[{"embeddable":true,"href":"https:\/\/ojen2024.turnbull.co\/fr\/wp-json\/wp\/v2\/pages\/7984"}],"wp:attachment":[{"href":"https:\/\/ojen2024.turnbull.co\/fr\/wp-json\/wp\/v2\/media?parent=7995"}],"curies":[{"name":"wp","href":"https:\/\/api.w.org\/{rel}","templated":true}]}}