{"id":8001,"date":"2016-11-29T07:10:33","date_gmt":"2016-11-29T12:10:33","guid":{"rendered":"http:\/\/ojen.ca\/fr\/?page_id=8001"},"modified":"2019-05-23T14:31:10","modified_gmt":"2019-05-23T18:31:10","slug":"besoin-de-conseils-juridiques","status":"publish","type":"page","link":"https:\/\/ojen2024.turnbull.co\/fr\/ressources\/ressources-externes\/besoin-de-conseils-juridiques","title":{"rendered":"Besoin de conseils juridiques?"},"content":{"rendered":"<div class='content-column one_half'><p>Le ROEJ est un organisme \u00e0 but non lucratif ax\u00e9 sur l&rsquo;\u00e9ducation. M\u00eame si plusieurs membres de notre personnel sont des avocats, nous ne pouvons pas fournir des conseils juridiques ou vous aider avec un probl\u00e8me juridique.<\/p>\n<p>Pour vous aider dans vos d\u00e9marches, vous pouvez utiliser les <a href=\"https:\/\/ojen2024.turnbull.co\/fr\/ressources\">ressources<\/a> que vous trouverez dans notre site.<\/p>\n<p>Par ailleurs,&nbsp;<strong>vous pouvez utiliser l&rsquo;excellent site Justice Pas-\u00e0-Pas<\/strong> d\u00e9velopp\u00e9 par notre partenaire CLEO. Pour acc\u00e9der au site, veuillez utiliser la fen\u00eatre que vous voyez \u00e0 la droite de votre \u00e9cran.<\/p>\n<p>Attention, les ressources mentionn\u00e9es ci dessus ne vous donnent acc\u00e8s qu&rsquo;\u00e0 des renseignements juridiques g\u00e9n\u00e9raux qui ne sauraient en aucun cas former conseils juridiques.<\/p>\n<p>Si vous avez besoin de conseils juridiques, vous pouvez trouver une avocate ou un avocat au moyen du <a href=\"https:\/\/lsrs.lsuc.on.ca\/\" target=\"_blank\" rel=\"noopener\">Service de r\u00e9f\u00e9rence du barreau<\/a>.&nbsp; Vous avez droit \u00e0 30 minutes de consultation gratuite afin de mieux comprendre quel service vous sera rendu et combien il pourra vous en co\u00fbter. Si vous n&rsquo;avez pas les moyens de retenir les services d&rsquo;un avocate ou d&rsquo;un avocat, vous pourriez \u00eatre admissible \u00e0 une aide juridique d&rsquo;<a href=\"http:\/\/www.legalaid.on.ca\/\" target=\"_blank\" rel=\"noopener\">Aide juridique Ontario<\/a>.<\/p>\n<p>Pour plus d&rsquo;information, pri\u00e8re de contacter Thomas Gallezot, responsable des programmes francophones au (416) 761-9963 poste 230 ou <i>tgallezot@ojen.ca<\/i><\/p><\/div>\n<div class='content-column one_half last_column'><div id=\"s2j-container\">&nbsp;<\/div>\n<p><script type=\"text\/javascript\">\n(function(w,d,s,u,o){w[\"S2jObject\"]=o;w[o]=w[o]||function(){(w[o].q=w[o].q||[]).push(arguments)},w[o].l=1*new Date();var js,fjs=d.getElementsByTagName(s)[0];js=d.createElement(s);js.src=u;fjs.parentNode.insertBefore(js,fjs);})(window,document,\"script\",\"https:\/\/stepstojustice.ca\/sites\/all\/themes\/s2j_bootstrap\/widget\/widget.js\",\"s2j\");s2j(\"\",\"\",\"\",\"\",\"s2j-container\",\"\",\"ZnI=\");<\/script><br \/><\/div><div class='clear_column'><\/div>\n","protected":false},"excerpt":{"rendered":"","protected":false},"author":4,"featured_media":0,"parent":7999,"menu_order":0,"comment_status":"closed","ping_status":"closed","template":"","meta":{"_acf_changed":false,"_eb_attr":"","inline_featured_image":false,"ub_ctt_via":"","footnotes":""},"class_list":["post-8001","page","type-page","status-publish","hentry"],"acf":[],"featured_image_src":null,"yoast_head":"<!-- This site is optimized with the Yoast SEO plugin v25.3 - https:\/\/yoast.com\/wordpress\/plugins\/seo\/ -->\n<title>Besoin de conseils juridiques? - OJEN<\/title>\n<meta name=\"robots\" content=\"noindex, follow, max-snippet:-1, max-image-preview:large, max-video-preview:-1\" \/>\n<meta property=\"og:locale\" content=\"fr_CA\" \/>\n<meta property=\"og:type\" content=\"article\" \/>\n<meta property=\"og:title\" content=\"Besoin de conseils juridiques? - OJEN\" \/>\n<meta property=\"og:url\" content=\"https:\/\/ojen2024.turnbull.co\/fr\/ressources\/ressources-externes\/besoin-de-conseils-juridiques\" \/>\n<meta property=\"og:site_name\" content=\"OJEN\" \/>\n<meta property=\"article:publisher\" content=\"https:\/\/www.facebook.com\/pages\/OJEN\/252115501467864\" \/>\n<meta property=\"article:modified_time\" content=\"2019-05-23T18:31:10+00:00\" \/>\n<meta name=\"twitter:card\" content=\"summary_large_image\" \/>\n<meta name=\"twitter:site\" content=\"@OJEN_ROEJ\" \/>\n<meta name=\"twitter:label1\" content=\"Estimation du temps de lecture\" \/>\n\t<meta name=\"twitter:data1\" content=\"1 minute\" \/>\n<script type=\"application\/ld+json\" class=\"yoast-schema-graph\">{\"@context\":\"https:\/\/schema.org\",\"@graph\":[{\"@type\":\"WebPage\",\"@id\":\"https:\/\/ojen2024.turnbull.co\/fr\/ressources\/ressources-externes\/besoin-de-conseils-juridiques\",\"url\":\"https:\/\/ojen2024.turnbull.co\/fr\/ressources\/ressources-externes\/besoin-de-conseils-juridiques\",\"name\":\"Besoin de conseils juridiques? - OJEN\",\"isPartOf\":{\"@id\":\"https:\/\/ojen2024.turnbull.co\/en\/#website\"},\"datePublished\":\"2016-11-29T12:10:33+00:00\",\"dateModified\":\"2019-05-23T18:31:10+00:00\",\"breadcrumb\":{\"@id\":\"https:\/\/ojen2024.turnbull.co\/fr\/ressources\/ressources-externes\/besoin-de-conseils-juridiques#breadcrumb\"},\"inLanguage\":\"fr-CA\",\"potentialAction\":[{\"@type\":\"ReadAction\",\"target\":[\"https:\/\/ojen2024.turnbull.co\/fr\/ressources\/ressources-externes\/besoin-de-conseils-juridiques\"]}]},{\"@type\":\"BreadcrumbList\",\"@id\":\"https:\/\/ojen2024.turnbull.co\/fr\/ressources\/ressources-externes\/besoin-de-conseils-juridiques#breadcrumb\",\"itemListElement\":[{\"@type\":\"ListItem\",\"position\":1,\"name\":\"Home\",\"item\":\"https:\/\/ojen2024.turnbull.co\/fr\"},{\"@type\":\"ListItem\",\"position\":2,\"name\":\"Ressources\",\"item\":\"https:\/\/ojen2024.turnbull.co\/fr\/ressources\"},{\"@type\":\"ListItem\",\"position\":3,\"name\":\"Ressources externes\",\"item\":\"https:\/\/ojen2024.turnbull.co\/fr\/ressources\/ressources-externes\"},{\"@type\":\"ListItem\",\"position\":4,\"name\":\"Besoin de conseils juridiques?\"}]},{\"@type\":\"WebSite\",\"@id\":\"https:\/\/ojen2024.turnbull.co\/en\/#website\",\"url\":\"https:\/\/ojen2024.turnbull.co\/en\/\",\"name\":\"OJEN\",\"description\":\"\",\"potentialAction\":[{\"@type\":\"SearchAction\",\"target\":{\"@type\":\"EntryPoint\",\"urlTemplate\":\"https:\/\/ojen2024.turnbull.co\/en\/?s={search_term_string}\"},\"query-input\":{\"@type\":\"PropertyValueSpecification\",\"valueRequired\":true,\"valueName\":\"search_term_string\"}}],\"inLanguage\":\"fr-CA\"}]}<\/script>\n<!-- \/ Yoast SEO plugin. -->","yoast_head_json":{"title":"Besoin de conseils juridiques? - OJEN","robots":{"index":"noindex","follow":"follow","max-snippet":"max-snippet:-1","max-image-preview":"max-image-preview:large","max-video-preview":"max-video-preview:-1"},"og_locale":"fr_CA","og_type":"article","og_title":"Besoin de conseils juridiques? - OJEN","og_url":"https:\/\/ojen2024.turnbull.co\/fr\/ressources\/ressources-externes\/besoin-de-conseils-juridiques","og_site_name":"OJEN","article_publisher":"https:\/\/www.facebook.com\/pages\/OJEN\/252115501467864","article_modified_time":"2019-05-23T18:31:10+00:00","twitter_card":"summary_large_image","twitter_site":"@OJEN_ROEJ","twitter_misc":{"Estimation du temps de lecture":"1 minute"},"schema":{"@context":"https:\/\/schema.org","@graph":[{"@type":"WebPage","@id":"https:\/\/ojen2024.turnbull.co\/fr\/ressources\/ressources-externes\/besoin-de-conseils-juridiques","url":"https:\/\/ojen2024.turnbull.co\/fr\/ressources\/ressources-externes\/besoin-de-conseils-juridiques","name":"Besoin de conseils juridiques? - OJEN","isPartOf":{"@id":"https:\/\/ojen2024.turnbull.co\/en\/#website"},"datePublished":"2016-11-29T12:10:33+00:00","dateModified":"2019-05-23T18:31:10+00:00","breadcrumb":{"@id":"https:\/\/ojen2024.turnbull.co\/fr\/ressources\/ressources-externes\/besoin-de-conseils-juridiques#breadcrumb"},"inLanguage":"fr-CA","potentialAction":[{"@type":"ReadAction","target":["https:\/\/ojen2024.turnbull.co\/fr\/ressources\/ressources-externes\/besoin-de-conseils-juridiques"]}]},{"@type":"BreadcrumbList","@id":"https:\/\/ojen2024.turnbull.co\/fr\/ressources\/ressources-externes\/besoin-de-conseils-juridiques#breadcrumb","itemListElement":[{"@type":"ListItem","position":1,"name":"Home","item":"https:\/\/ojen2024.turnbull.co\/fr"},{"@type":"ListItem","position":2,"name":"Ressources","item":"https:\/\/ojen2024.turnbull.co\/fr\/ressources"},{"@type":"ListItem","position":3,"name":"Ressources externes","item":"https:\/\/ojen2024.turnbull.co\/fr\/ressources\/ressources-externes"},{"@type":"ListItem","position":4,"name":"Besoin de conseils juridiques?"}]},{"@type":"WebSite","@id":"https:\/\/ojen2024.turnbull.co\/en\/#website","url":"https:\/\/ojen2024.turnbull.co\/en\/","name":"OJEN","description":"","potentialAction":[{"@type":"SearchAction","target":{"@type":"EntryPoint","urlTemplate":"https:\/\/ojen2024.turnbull.co\/en\/?s={search_term_string}"},"query-input":{"@type":"PropertyValueSpecification","valueRequired":true,"valueName":"search_term_string"}}],"inLanguage":"fr-CA"}]}},"_links":{"self":[{"href":"https:\/\/ojen2024.turnbull.co\/fr\/wp-json\/wp\/v2\/pages\/8001"}],"collection":[{"href":"https:\/\/ojen2024.turnbull.co\/fr\/wp-json\/wp\/v2\/pages"}],"about":[{"href":"https:\/\/ojen2024.turnbull.co\/fr\/wp-json\/wp\/v2\/types\/page"}],"author":[{"embeddable":true,"href":"https:\/\/ojen2024.turnbull.co\/fr\/wp-json\/wp\/v2\/users\/4"}],"replies":[{"embeddable":true,"href":"https:\/\/ojen2024.turnbull.co\/fr\/wp-json\/wp\/v2\/comments?post=8001"}],"version-history":[{"count":0,"href":"https:\/\/ojen2024.turnbull.co\/fr\/wp-json\/wp\/v2\/pages\/8001\/revisions"}],"up":[{"embeddable":true,"href":"https:\/\/ojen2024.turnbull.co\/fr\/wp-json\/wp\/v2\/pages\/7999"}],"wp:attachment":[{"href":"https:\/\/ojen2024.turnbull.co\/fr\/wp-json\/wp\/v2\/media?parent=8001"}],"curies":[{"name":"wp","href":"https:\/\/api.w.org\/{rel}","templated":true}]}}