{"id":8003,"date":"2016-11-29T07:12:41","date_gmt":"2016-11-29T12:12:41","guid":{"rendered":"http:\/\/ojen.ca\/fr\/?page_id=8003"},"modified":"2025-07-25T10:09:17","modified_gmt":"2025-07-25T14:09:17","slug":"formation","status":"publish","type":"page","link":"https:\/\/ojen2024.turnbull.co\/fr\/formation","title":{"rendered":"Formation"},"content":{"rendered":"\n<section class=\"wp-block-tco2025-blocks-section-block has-grey-bg\"><div class=\"layout__container\">\n<p>Le ROEJ offre diverses formations et occasions de perfectionnement professionnel en \u00e9ducation juridique aux enseignants, aux \u00e9ducateurs communautaires et aux autres intervenants qui travaillent aupr\u00e8s des jeunes.<\/p>\n<p>Notre but n&rsquo;est pas d&rsquo;apprendre aux enseignant ou aux \u00e9ducateurs communautaires \u00e0 faire leur travail: nous leur fournissons des outils, des id\u00e9es et de l&rsquo;expertise, nous les aidons \u00e0 se poser des questions et \u00e0 lancer des conversations qui leur permettront d\u2019aider les jeunes \u00e0 en apprendre davantage sur le syst\u00e8me judiciaire et sur la mani\u00e8re de l\u2019appr\u00e9hender.<\/p>\n\n\n\n<ul class=\"wp-block-tco2025-blocks-card-list-block image-preview-list\"><li class=\"image-preview js-flipped-card\" tabindex=\"0\"><div class=\"image-preview__inner\"><div class=\"image-preview__wrapper\"><img decoding=\"async\" class=\"image-preview__img\" src=\"https:\/\/ojen2024.turnbull.co\/wp-content\/uploads\/2025\/07\/involve-youth.png\" loading=\"lazy\" alt=\"\"\/><p class=\"image-preview__text\">Formation pour enseignant\u00b7es<\/p><\/div><div class=\"image-preview__back\"><div class=\"image-preview__back-inner js-flipped-card-content\"><h2 class=\"image-preview__back-heading\">Formation pour enseignant\u00b7es<\/h2><p class=\"image-preview__back-text\"><\/p><a class=\"image-preview__back-button button button--primary\" href=\"\/fr\/formation\/pour-les-enseignants\">En savoir plus<\/a><\/div><\/div><\/div><\/li><li class=\"image-preview js-flipped-card\" tabindex=\"0\"><div class=\"image-preview__inner\"><div class=\"image-preview__wrapper\"><img decoding=\"async\" class=\"image-preview__img\" src=\"https:\/\/ojen2024.turnbull.co\/wp-content\/uploads\/2025\/07\/hero.png\" loading=\"lazy\" alt=\"\"\/><p class=\"image-preview__text\">Formation pour les intervenant\u00b7es communautaires<\/p><\/div><div class=\"image-preview__back\"><div class=\"image-preview__back-inner js-flipped-card-content\"><h2 class=\"image-preview__back-heading\">Formation pour les intervenant\u00b7es communautaires<\/h2><p class=\"image-preview__back-text\"><\/p><a class=\"image-preview__back-button button button--primary\" href=\"\/fr\/formation\/pour-les-travailleurs-communautaires\">En savoir plus<\/a><\/div><\/div><\/div><\/li><li class=\"image-preview js-flipped-card\" tabindex=\"0\"><div class=\"image-preview__inner\"><div class=\"image-preview__wrapper\"><img decoding=\"async\" class=\"image-preview__img\" src=\"https:\/\/ojen2024.turnbull.co\/wp-content\/uploads\/2025\/07\/Training-for-justice-sector-volunteers.jpg\" loading=\"lazy\" alt=\"\"\/><p class=\"image-preview__text\">Formation pour les b\u00e9n\u00e9voles du secteur de la justice<\/p><\/div><div class=\"image-preview__back\"><div class=\"image-preview__back-inner js-flipped-card-content\"><h2 class=\"image-preview__back-heading\">Formation pour les b\u00e9n\u00e9voles du secteur de la justice<\/h2><p class=\"image-preview__back-text\"><\/p><a class=\"image-preview__back-button button button--primary\" href=\"\/fr\/formation\/formation-pour-les-benevoles-du-secteur-de-la-justice\">En savoir plus<\/a><\/div><\/div><\/div><\/li><\/ul>\n<\/div><\/section>\n","protected":false},"excerpt":{"rendered":"","protected":false},"author":4,"featured_media":0,"parent":0,"menu_order":-96,"comment_status":"closed","ping_status":"closed","template":"template-blocks.php","meta":{"_acf_changed":false,"_eb_attr":"","inline_featured_image":false,"ub_ctt_via":"","footnotes":""},"class_list":["post-8003","page","type-page","status-publish","hentry"],"acf":[],"featured_image_src":null,"yoast_head":"<!-- This site is optimized with the Yoast SEO plugin v25.3 - https:\/\/yoast.com\/wordpress\/plugins\/seo\/ -->\n<title>Formation - OJEN<\/title>\n<meta name=\"robots\" content=\"noindex, follow, max-snippet:-1, max-image-preview:large, max-video-preview:-1\" \/>\n<meta property=\"og:locale\" content=\"fr_CA\" \/>\n<meta property=\"og:type\" content=\"article\" \/>\n<meta property=\"og:title\" content=\"Formation - OJEN\" \/>\n<meta property=\"og:url\" content=\"https:\/\/ojen2024.turnbull.co\/fr\/formation\" \/>\n<meta property=\"og:site_name\" content=\"OJEN\" \/>\n<meta property=\"article:publisher\" content=\"https:\/\/www.facebook.com\/pages\/OJEN\/252115501467864\" \/>\n<meta property=\"article:modified_time\" content=\"2025-07-25T14:09:17+00:00\" \/>\n<meta property=\"og:image\" content=\"https:\/\/ojen2024.turnbull.co\/wp-content\/uploads\/2025\/07\/involve-youth.png\" \/>\n<meta name=\"twitter:card\" content=\"summary_large_image\" \/>\n<meta name=\"twitter:site\" content=\"@OJEN_ROEJ\" \/>\n<meta name=\"twitter:label1\" content=\"Estimation du temps de lecture\" \/>\n\t<meta name=\"twitter:data1\" content=\"2 minutes\" \/>\n<script type=\"application\/ld+json\" class=\"yoast-schema-graph\">{\"@context\":\"https:\/\/schema.org\",\"@graph\":[{\"@type\":\"WebPage\",\"@id\":\"https:\/\/ojen2024.turnbull.co\/fr\/formation\",\"url\":\"https:\/\/ojen2024.turnbull.co\/fr\/formation\",\"name\":\"Formation - OJEN\",\"isPartOf\":{\"@id\":\"https:\/\/ojen2024.turnbull.co\/en\/#website\"},\"primaryImageOfPage\":{\"@id\":\"https:\/\/ojen2024.turnbull.co\/fr\/formation#primaryimage\"},\"image\":{\"@id\":\"https:\/\/ojen2024.turnbull.co\/fr\/formation#primaryimage\"},\"thumbnailUrl\":\"https:\/\/ojen2024.turnbull.co\/wp-content\/uploads\/2025\/07\/involve-youth.png\",\"datePublished\":\"2016-11-29T12:12:41+00:00\",\"dateModified\":\"2025-07-25T14:09:17+00:00\",\"breadcrumb\":{\"@id\":\"https:\/\/ojen2024.turnbull.co\/fr\/formation#breadcrumb\"},\"inLanguage\":\"fr-CA\",\"potentialAction\":[{\"@type\":\"ReadAction\",\"target\":[\"https:\/\/ojen2024.turnbull.co\/fr\/formation\"]}]},{\"@type\":\"ImageObject\",\"inLanguage\":\"fr-CA\",\"@id\":\"https:\/\/ojen2024.turnbull.co\/fr\/formation#primaryimage\",\"url\":\"https:\/\/ojen2024.turnbull.co\/wp-content\/uploads\/2025\/07\/involve-youth.png\",\"contentUrl\":\"https:\/\/ojen2024.turnbull.co\/wp-content\/uploads\/2025\/07\/involve-youth.png\"},{\"@type\":\"BreadcrumbList\",\"@id\":\"https:\/\/ojen2024.turnbull.co\/fr\/formation#breadcrumb\",\"itemListElement\":[{\"@type\":\"ListItem\",\"position\":1,\"name\":\"Home\",\"item\":\"https:\/\/ojen2024.turnbull.co\/fr\"},{\"@type\":\"ListItem\",\"position\":2,\"name\":\"Formation\"}]},{\"@type\":\"WebSite\",\"@id\":\"https:\/\/ojen2024.turnbull.co\/en\/#website\",\"url\":\"https:\/\/ojen2024.turnbull.co\/en\/\",\"name\":\"OJEN\",\"description\":\"\",\"potentialAction\":[{\"@type\":\"SearchAction\",\"target\":{\"@type\":\"EntryPoint\",\"urlTemplate\":\"https:\/\/ojen2024.turnbull.co\/en\/?s={search_term_string}\"},\"query-input\":{\"@type\":\"PropertyValueSpecification\",\"valueRequired\":true,\"valueName\":\"search_term_string\"}}],\"inLanguage\":\"fr-CA\"}]}<\/script>\n<!-- \/ Yoast SEO plugin. -->","yoast_head_json":{"title":"Formation - OJEN","robots":{"index":"noindex","follow":"follow","max-snippet":"max-snippet:-1","max-image-preview":"max-image-preview:large","max-video-preview":"max-video-preview:-1"},"og_locale":"fr_CA","og_type":"article","og_title":"Formation - OJEN","og_url":"https:\/\/ojen2024.turnbull.co\/fr\/formation","og_site_name":"OJEN","article_publisher":"https:\/\/www.facebook.com\/pages\/OJEN\/252115501467864","article_modified_time":"2025-07-25T14:09:17+00:00","og_image":[{"url":"https:\/\/ojen2024.turnbull.co\/wp-content\/uploads\/2025\/07\/involve-youth.png","type":"","width":"","height":""}],"twitter_card":"summary_large_image","twitter_site":"@OJEN_ROEJ","twitter_misc":{"Estimation du temps de lecture":"2 minutes"},"schema":{"@context":"https:\/\/schema.org","@graph":[{"@type":"WebPage","@id":"https:\/\/ojen2024.turnbull.co\/fr\/formation","url":"https:\/\/ojen2024.turnbull.co\/fr\/formation","name":"Formation - OJEN","isPartOf":{"@id":"https:\/\/ojen2024.turnbull.co\/en\/#website"},"primaryImageOfPage":{"@id":"https:\/\/ojen2024.turnbull.co\/fr\/formation#primaryimage"},"image":{"@id":"https:\/\/ojen2024.turnbull.co\/fr\/formation#primaryimage"},"thumbnailUrl":"https:\/\/ojen2024.turnbull.co\/wp-content\/uploads\/2025\/07\/involve-youth.png","datePublished":"2016-11-29T12:12:41+00:00","dateModified":"2025-07-25T14:09:17+00:00","breadcrumb":{"@id":"https:\/\/ojen2024.turnbull.co\/fr\/formation#breadcrumb"},"inLanguage":"fr-CA","potentialAction":[{"@type":"ReadAction","target":["https:\/\/ojen2024.turnbull.co\/fr\/formation"]}]},{"@type":"ImageObject","inLanguage":"fr-CA","@id":"https:\/\/ojen2024.turnbull.co\/fr\/formation#primaryimage","url":"https:\/\/ojen2024.turnbull.co\/wp-content\/uploads\/2025\/07\/involve-youth.png","contentUrl":"https:\/\/ojen2024.turnbull.co\/wp-content\/uploads\/2025\/07\/involve-youth.png"},{"@type":"BreadcrumbList","@id":"https:\/\/ojen2024.turnbull.co\/fr\/formation#breadcrumb","itemListElement":[{"@type":"ListItem","position":1,"name":"Home","item":"https:\/\/ojen2024.turnbull.co\/fr"},{"@type":"ListItem","position":2,"name":"Formation"}]},{"@type":"WebSite","@id":"https:\/\/ojen2024.turnbull.co\/en\/#website","url":"https:\/\/ojen2024.turnbull.co\/en\/","name":"OJEN","description":"","potentialAction":[{"@type":"SearchAction","target":{"@type":"EntryPoint","urlTemplate":"https:\/\/ojen2024.turnbull.co\/en\/?s={search_term_string}"},"query-input":{"@type":"PropertyValueSpecification","valueRequired":true,"valueName":"search_term_string"}}],"inLanguage":"fr-CA"}]}},"_links":{"self":[{"href":"https:\/\/ojen2024.turnbull.co\/fr\/wp-json\/wp\/v2\/pages\/8003"}],"collection":[{"href":"https:\/\/ojen2024.turnbull.co\/fr\/wp-json\/wp\/v2\/pages"}],"about":[{"href":"https:\/\/ojen2024.turnbull.co\/fr\/wp-json\/wp\/v2\/types\/page"}],"author":[{"embeddable":true,"href":"https:\/\/ojen2024.turnbull.co\/fr\/wp-json\/wp\/v2\/users\/4"}],"replies":[{"embeddable":true,"href":"https:\/\/ojen2024.turnbull.co\/fr\/wp-json\/wp\/v2\/comments?post=8003"}],"version-history":[{"count":0,"href":"https:\/\/ojen2024.turnbull.co\/fr\/wp-json\/wp\/v2\/pages\/8003\/revisions"}],"wp:attachment":[{"href":"https:\/\/ojen2024.turnbull.co\/fr\/wp-json\/wp\/v2\/media?parent=8003"}],"curies":[{"name":"wp","href":"https:\/\/api.w.org\/{rel}","templated":true}]}}