{"id":8005,"date":"2016-11-29T07:15:41","date_gmt":"2016-11-29T12:15:41","guid":{"rendered":"http:\/\/ojen.ca\/fr\/?page_id=8005"},"modified":"2025-07-27T07:00:53","modified_gmt":"2025-07-27T11:00:53","slug":"pour-les-enseignants","status":"publish","type":"page","link":"https:\/\/ojen2024.turnbull.co\/fr\/formation\/pour-les-enseignants","title":{"rendered":"Formation pour enseignant\u00b7es"},"content":{"rendered":"<p>Nous mettons \u00e0 la disposition des enseignant\u00b7es qui souhaitent aider les jeunes \u00e0 se familiariser avec notre syst\u00e8me de justice du mat\u00e9riel \u00e9ducatif ainsi que des formations de perfectionnement professionnel gratuites ou peu co\u00fbteuses.<\/p>\n<p>Les <a href=\"\/fr\/formation\/for-teachers-fr\/instituts-de-droit-pour-les-enseignants\">instituts de droit du ROEJ<\/a> offrent aux enseignant\u00b7es un forum d\u2019apprentissage, de dialogue et d\u2019\u00e9change avec des professionnels du syst\u00e8me judiciaire, juges, avocats, parajuristes ou agents de police. Ces instituts de droit se tiennent en diff\u00e9rents endroits de la province, ce qui permet aux enseignant\u00b7es d\u2019entrer en contact avec des professionnels du secteur de la justice travaillant dans leur r\u00e9gion. L\u2019<a href=\"\/fr\/formation\/for-teachers-fr\/instituts-de-droit-pour-les-enseignants\/institut-estival-de-droit\">Institut estival de droit du ROEJ<\/a>, notre \u00e9v\u00e9nement annuel phare, a lieu tous les ans, en ao\u00fbt, \u00e0 Toronto.<\/p>\n<p>Nous offrons \u00e9galement des <a href=\"\/fr\/formation\/for-teachers-fr\/ateliers-de-perfectionnement-professionnel\">ateliers de perfectionnement professionnels<\/a> pour les enseignant\u00b7es et celles et ceux qui suivent des formations pour le devenir qui permettent d\u2019apprendre \u00e0 bien utiliser nos ressources \u00e9ducatives. Nous travaillons avec les conseils scolaires \u00e0 l\u2019occasion des journ\u00e9es de perfectionnement professionnel partout dans la province.<\/p>\n<p>Abonnez-vous au <a href=\"\/fr\/subscribe\/?reset=1&amp;q=civicrm\/profile\/create\">Bulletin de nouvelles du ROEJ<\/a> pour recevoir des mises \u00e0 jour sur les occasions de perfectionnement professionnel dans votre r\u00e9gion. Les nouvelles occasions de formation seront annonc\u00e9es sur <a href=\"https:\/\/twitter.com\/OJEN_ROEJ\" target=\"_blank\" rel=\"noopener\">X<\/a>, <a href=\"https:\/\/www.linkedin.com\/company\/ontario-justice-education-network\/posts\/?feedView=all\" target=\"_blank\" rel=\"noopener\">Linkedin<\/a>, <a href=\"https:\/\/www.facebook.com\/OJENROEJ\/\" target=\"_blank\" rel=\"noopener\">Facebook<\/a>, <a href=\"https:\/\/www.instagram.com\/ojen_roej\/\" target=\"_blank\" rel=\"noopener\">Instagram<\/a> et le <a href=\"\/fr\/a-propos\/blogue\/\">blogue du ROEJ<\/a>.<\/p>\n","protected":false},"excerpt":{"rendered":"<p>Nous mettons \u00e0 la disposition des enseignant\u00b7es qui souhaitent aider les jeunes \u00e0 se familiariser avec notre syst\u00e8me de justice du mat\u00e9riel \u00e9ducatif ainsi que des formations de perfectionnement professionnel gratuites ou peu co\u00fbteuses. Les instituts de droit du ROEJ offrent aux enseignant\u00b7es un forum d\u2019apprentissage, de dialogue et d\u2019\u00e9change avec des professionnels du syst\u00e8me [&hellip;]<\/p>\n","protected":false},"author":4,"featured_media":0,"parent":8003,"menu_order":0,"comment_status":"closed","ping_status":"closed","template":"","meta":{"_acf_changed":false,"_eb_attr":"","inline_featured_image":false,"ub_ctt_via":"","footnotes":""},"class_list":["post-8005","page","type-page","status-publish","hentry"],"acf":[],"featured_image_src":null,"yoast_head":"<!-- This site is optimized with the Yoast SEO plugin v25.3 - https:\/\/yoast.com\/wordpress\/plugins\/seo\/ -->\n<title>Formation pour enseignant\u00b7es - OJEN<\/title>\n<meta name=\"robots\" content=\"noindex, follow, max-snippet:-1, max-image-preview:large, max-video-preview:-1\" \/>\n<meta property=\"og:locale\" content=\"fr_CA\" \/>\n<meta property=\"og:type\" content=\"article\" \/>\n<meta property=\"og:title\" content=\"Formation pour enseignant\u00b7es - OJEN\" \/>\n<meta property=\"og:description\" content=\"Nous mettons \u00e0 la disposition des enseignant\u00b7es qui souhaitent aider les jeunes \u00e0 se familiariser avec notre syst\u00e8me de justice du mat\u00e9riel \u00e9ducatif ainsi que des formations de perfectionnement professionnel gratuites ou peu co\u00fbteuses. Les instituts de droit du ROEJ offrent aux enseignant\u00b7es un forum d\u2019apprentissage, de dialogue et d\u2019\u00e9change avec des professionnels du syst\u00e8me [&hellip;]\" \/>\n<meta property=\"og:url\" content=\"https:\/\/ojen2024.turnbull.co\/fr\/formation\/pour-les-enseignants\" \/>\n<meta property=\"og:site_name\" content=\"OJEN\" \/>\n<meta property=\"article:publisher\" content=\"https:\/\/www.facebook.com\/pages\/OJEN\/252115501467864\" \/>\n<meta property=\"article:modified_time\" content=\"2025-07-27T11:00:53+00:00\" \/>\n<meta name=\"twitter:card\" content=\"summary_large_image\" \/>\n<meta name=\"twitter:site\" content=\"@OJEN_ROEJ\" \/>\n<meta name=\"twitter:label1\" content=\"Estimation du temps de lecture\" \/>\n\t<meta name=\"twitter:data1\" content=\"1 minute\" \/>\n<script type=\"application\/ld+json\" class=\"yoast-schema-graph\">{\"@context\":\"https:\/\/schema.org\",\"@graph\":[{\"@type\":\"WebPage\",\"@id\":\"https:\/\/ojen2024.turnbull.co\/fr\/formation\/pour-les-enseignants\",\"url\":\"https:\/\/ojen2024.turnbull.co\/fr\/formation\/pour-les-enseignants\",\"name\":\"Formation pour enseignant\u00b7es - OJEN\",\"isPartOf\":{\"@id\":\"https:\/\/ojen2024.turnbull.co\/en\/#website\"},\"datePublished\":\"2016-11-29T12:15:41+00:00\",\"dateModified\":\"2025-07-27T11:00:53+00:00\",\"breadcrumb\":{\"@id\":\"https:\/\/ojen2024.turnbull.co\/fr\/formation\/pour-les-enseignants#breadcrumb\"},\"inLanguage\":\"fr-CA\",\"potentialAction\":[{\"@type\":\"ReadAction\",\"target\":[\"https:\/\/ojen2024.turnbull.co\/fr\/formation\/pour-les-enseignants\"]}]},{\"@type\":\"BreadcrumbList\",\"@id\":\"https:\/\/ojen2024.turnbull.co\/fr\/formation\/pour-les-enseignants#breadcrumb\",\"itemListElement\":[{\"@type\":\"ListItem\",\"position\":1,\"name\":\"Home\",\"item\":\"https:\/\/ojen2024.turnbull.co\/fr\"},{\"@type\":\"ListItem\",\"position\":2,\"name\":\"Formation\",\"item\":\"https:\/\/ojen2024.turnbull.co\/fr\/formation\"},{\"@type\":\"ListItem\",\"position\":3,\"name\":\"Formation pour enseignant\u00b7es\"}]},{\"@type\":\"WebSite\",\"@id\":\"https:\/\/ojen2024.turnbull.co\/en\/#website\",\"url\":\"https:\/\/ojen2024.turnbull.co\/en\/\",\"name\":\"OJEN\",\"description\":\"\",\"potentialAction\":[{\"@type\":\"SearchAction\",\"target\":{\"@type\":\"EntryPoint\",\"urlTemplate\":\"https:\/\/ojen2024.turnbull.co\/en\/?s={search_term_string}\"},\"query-input\":{\"@type\":\"PropertyValueSpecification\",\"valueRequired\":true,\"valueName\":\"search_term_string\"}}],\"inLanguage\":\"fr-CA\"}]}<\/script>\n<!-- \/ Yoast SEO plugin. -->","yoast_head_json":{"title":"Formation pour enseignant\u00b7es - OJEN","robots":{"index":"noindex","follow":"follow","max-snippet":"max-snippet:-1","max-image-preview":"max-image-preview:large","max-video-preview":"max-video-preview:-1"},"og_locale":"fr_CA","og_type":"article","og_title":"Formation pour enseignant\u00b7es - OJEN","og_description":"Nous mettons \u00e0 la disposition des enseignant\u00b7es qui souhaitent aider les jeunes \u00e0 se familiariser avec notre syst\u00e8me de justice du mat\u00e9riel \u00e9ducatif ainsi que des formations de perfectionnement professionnel gratuites ou peu co\u00fbteuses. Les instituts de droit du ROEJ offrent aux enseignant\u00b7es un forum d\u2019apprentissage, de dialogue et d\u2019\u00e9change avec des professionnels du syst\u00e8me [&hellip;]","og_url":"https:\/\/ojen2024.turnbull.co\/fr\/formation\/pour-les-enseignants","og_site_name":"OJEN","article_publisher":"https:\/\/www.facebook.com\/pages\/OJEN\/252115501467864","article_modified_time":"2025-07-27T11:00:53+00:00","twitter_card":"summary_large_image","twitter_site":"@OJEN_ROEJ","twitter_misc":{"Estimation du temps de lecture":"1 minute"},"schema":{"@context":"https:\/\/schema.org","@graph":[{"@type":"WebPage","@id":"https:\/\/ojen2024.turnbull.co\/fr\/formation\/pour-les-enseignants","url":"https:\/\/ojen2024.turnbull.co\/fr\/formation\/pour-les-enseignants","name":"Formation pour enseignant\u00b7es - OJEN","isPartOf":{"@id":"https:\/\/ojen2024.turnbull.co\/en\/#website"},"datePublished":"2016-11-29T12:15:41+00:00","dateModified":"2025-07-27T11:00:53+00:00","breadcrumb":{"@id":"https:\/\/ojen2024.turnbull.co\/fr\/formation\/pour-les-enseignants#breadcrumb"},"inLanguage":"fr-CA","potentialAction":[{"@type":"ReadAction","target":["https:\/\/ojen2024.turnbull.co\/fr\/formation\/pour-les-enseignants"]}]},{"@type":"BreadcrumbList","@id":"https:\/\/ojen2024.turnbull.co\/fr\/formation\/pour-les-enseignants#breadcrumb","itemListElement":[{"@type":"ListItem","position":1,"name":"Home","item":"https:\/\/ojen2024.turnbull.co\/fr"},{"@type":"ListItem","position":2,"name":"Formation","item":"https:\/\/ojen2024.turnbull.co\/fr\/formation"},{"@type":"ListItem","position":3,"name":"Formation pour enseignant\u00b7es"}]},{"@type":"WebSite","@id":"https:\/\/ojen2024.turnbull.co\/en\/#website","url":"https:\/\/ojen2024.turnbull.co\/en\/","name":"OJEN","description":"","potentialAction":[{"@type":"SearchAction","target":{"@type":"EntryPoint","urlTemplate":"https:\/\/ojen2024.turnbull.co\/en\/?s={search_term_string}"},"query-input":{"@type":"PropertyValueSpecification","valueRequired":true,"valueName":"search_term_string"}}],"inLanguage":"fr-CA"}]}},"_links":{"self":[{"href":"https:\/\/ojen2024.turnbull.co\/fr\/wp-json\/wp\/v2\/pages\/8005"}],"collection":[{"href":"https:\/\/ojen2024.turnbull.co\/fr\/wp-json\/wp\/v2\/pages"}],"about":[{"href":"https:\/\/ojen2024.turnbull.co\/fr\/wp-json\/wp\/v2\/types\/page"}],"author":[{"embeddable":true,"href":"https:\/\/ojen2024.turnbull.co\/fr\/wp-json\/wp\/v2\/users\/4"}],"replies":[{"embeddable":true,"href":"https:\/\/ojen2024.turnbull.co\/fr\/wp-json\/wp\/v2\/comments?post=8005"}],"version-history":[{"count":0,"href":"https:\/\/ojen2024.turnbull.co\/fr\/wp-json\/wp\/v2\/pages\/8005\/revisions"}],"up":[{"embeddable":true,"href":"https:\/\/ojen2024.turnbull.co\/fr\/wp-json\/wp\/v2\/pages\/8003"}],"wp:attachment":[{"href":"https:\/\/ojen2024.turnbull.co\/fr\/wp-json\/wp\/v2\/media?parent=8005"}],"curies":[{"name":"wp","href":"https:\/\/api.w.org\/{rel}","templated":true}]}}