{"id":8007,"date":"2016-11-29T07:16:44","date_gmt":"2016-11-29T12:16:44","guid":{"rendered":"http:\/\/ojen.ca\/fr\/?page_id=8007"},"modified":"2025-07-12T05:22:47","modified_gmt":"2025-07-12T09:22:47","slug":"instituts-de-droit-pour-les-enseignants","status":"publish","type":"page","link":"https:\/\/ojen2024.turnbull.co\/fr\/formation\/pour-les-enseignants\/instituts-de-droit-pour-les-enseignants","title":{"rendered":"Institut estival de droit et Instituts de droit"},"content":{"rendered":"<h2>Institut estival de droit<\/h2>\n<p>L\u2019Institut estival de droit (IED) du ROEJ est notre \u00e9v\u00e9nement vedette de perfectionnement professionnel. Les droits d\u2019inscription comprennent deux jours complets d\u2019activit\u00e9s d\u2019\u00e9ducation juridique de grande qualit\u00e9, un petit-d\u00e9jeuner et un d\u00e9jeuner pendant les deux jours. Un \u00e9v\u00e9nement d\u2019une valeur r\u00e9ellement exceptionnelle, l\u2019IED est devenu un \u00e9v\u00e9nement incontournable \u00e0 la fin de l\u2019\u00e9t\u00e9 pour de nombreux enseignants alors qu\u2019ils se pr\u00e9parent \u00e0 la rentr\u00e9e scolaire.<\/p>\n<h2>Instituts de droit<\/h2>\n<p>Les instituts de droit du ROEJ sont des programmes de formation professionnelle continue qui permettent aux enseignantes et aux enseignants de se perfectionner au contact des meilleur.e.s sp\u00e9cialistes du syst\u00e8me judiciaire. En participant \u00e0 ces instituts, les enseignantes et les enseignants ont l\u2019occasion de dialoguer avec des juges, des avocates et avocats, des universitaires, des polici\u00e8res et policiers, des activistes communautaires et autres personnes expertes.<\/p>\n<p>Les participant.e.s :<\/p>\n<ul>\n<li>assistent \u00e0 des pr\u00e9sentations de grande qualit\u00e9;<\/li>\n<li>dialoguent en profondeur avec leurs pairs et les nombreux experts du syst\u00e8me judiciaires pr\u00e9sents;<\/li>\n<li>observent et\/ou participent \u00e0 des sessions de mise en pratiques permettant de mieux appr\u00e9hender les processus judiciaires.<\/li>\n<\/ul>\n<p>Chaque ann\u00e9e, ces instituts de droit ont lieu \u00e0 diff\u00e9rents endroits dans la province et donnent aux enseignantes et enseignants l\u2019occasion de r\u00e9seauter avec des professionnelles et professionnels du secteur de la justice qui travaillent dans leur r\u00e9gion. Nous avons organis\u00e9 des \u00e9v\u00e9nements similaires \u00e0 Windsor, \u00e0 Ottawa, \u00e0 Kingston, \u00e0 Sudbury et \u00e0 Thunder Bay.<\/p>\n","protected":false},"excerpt":{"rendered":"<p>Institut estival de droit L\u2019Institut estival de droit (IED) du ROEJ est notre \u00e9v\u00e9nement vedette de perfectionnement professionnel. Les droits d\u2019inscription comprennent deux jours complets d\u2019activit\u00e9s d\u2019\u00e9ducation juridique de grande qualit\u00e9, un petit-d\u00e9jeuner et un d\u00e9jeuner pendant les deux jours. Un \u00e9v\u00e9nement d\u2019une valeur r\u00e9ellement exceptionnelle, l\u2019IED est devenu un \u00e9v\u00e9nement incontournable \u00e0 la fin [&hellip;]<\/p>\n","protected":false},"author":4,"featured_media":0,"parent":8005,"menu_order":0,"comment_status":"closed","ping_status":"closed","template":"","meta":{"_acf_changed":false,"_eb_attr":"","inline_featured_image":false,"ub_ctt_via":"","footnotes":""},"class_list":["post-8007","page","type-page","status-publish","hentry"],"acf":[],"featured_image_src":null,"yoast_head":"<!-- This site is optimized with the Yoast SEO plugin v25.3 - https:\/\/yoast.com\/wordpress\/plugins\/seo\/ -->\n<title>Institut estival de droit et Instituts de droit - OJEN<\/title>\n<meta name=\"robots\" content=\"noindex, follow, max-snippet:-1, max-image-preview:large, max-video-preview:-1\" \/>\n<meta property=\"og:locale\" content=\"fr_CA\" \/>\n<meta property=\"og:type\" content=\"article\" \/>\n<meta property=\"og:title\" content=\"Institut estival de droit et Instituts de droit - OJEN\" \/>\n<meta property=\"og:description\" content=\"Institut estival de droit L\u2019Institut estival de droit (IED) du ROEJ est notre \u00e9v\u00e9nement vedette de perfectionnement professionnel. Les droits d\u2019inscription comprennent deux jours complets d\u2019activit\u00e9s d\u2019\u00e9ducation juridique de grande qualit\u00e9, un petit-d\u00e9jeuner et un d\u00e9jeuner pendant les deux jours. Un \u00e9v\u00e9nement d\u2019une valeur r\u00e9ellement exceptionnelle, l\u2019IED est devenu un \u00e9v\u00e9nement incontournable \u00e0 la fin [&hellip;]\" \/>\n<meta property=\"og:url\" content=\"https:\/\/ojen2024.turnbull.co\/fr\/formation\/pour-les-enseignants\/instituts-de-droit-pour-les-enseignants\" \/>\n<meta property=\"og:site_name\" content=\"OJEN\" \/>\n<meta property=\"article:publisher\" content=\"https:\/\/www.facebook.com\/pages\/OJEN\/252115501467864\" \/>\n<meta property=\"article:modified_time\" content=\"2025-07-12T09:22:47+00:00\" \/>\n<meta name=\"twitter:card\" content=\"summary_large_image\" \/>\n<meta name=\"twitter:site\" content=\"@OJEN_ROEJ\" \/>\n<meta name=\"twitter:label1\" content=\"Estimation du temps de lecture\" \/>\n\t<meta name=\"twitter:data1\" content=\"2 minutes\" \/>\n<script type=\"application\/ld+json\" class=\"yoast-schema-graph\">{\"@context\":\"https:\/\/schema.org\",\"@graph\":[{\"@type\":\"WebPage\",\"@id\":\"https:\/\/ojen2024.turnbull.co\/fr\/formation\/pour-les-enseignants\/instituts-de-droit-pour-les-enseignants\",\"url\":\"https:\/\/ojen2024.turnbull.co\/fr\/formation\/pour-les-enseignants\/instituts-de-droit-pour-les-enseignants\",\"name\":\"Institut estival de droit et Instituts de droit - OJEN\",\"isPartOf\":{\"@id\":\"https:\/\/ojen2024.turnbull.co\/en\/#website\"},\"datePublished\":\"2016-11-29T12:16:44+00:00\",\"dateModified\":\"2025-07-12T09:22:47+00:00\",\"breadcrumb\":{\"@id\":\"https:\/\/ojen2024.turnbull.co\/fr\/formation\/pour-les-enseignants\/instituts-de-droit-pour-les-enseignants#breadcrumb\"},\"inLanguage\":\"fr-CA\",\"potentialAction\":[{\"@type\":\"ReadAction\",\"target\":[\"https:\/\/ojen2024.turnbull.co\/fr\/formation\/pour-les-enseignants\/instituts-de-droit-pour-les-enseignants\"]}]},{\"@type\":\"BreadcrumbList\",\"@id\":\"https:\/\/ojen2024.turnbull.co\/fr\/formation\/pour-les-enseignants\/instituts-de-droit-pour-les-enseignants#breadcrumb\",\"itemListElement\":[{\"@type\":\"ListItem\",\"position\":1,\"name\":\"Home\",\"item\":\"https:\/\/ojen2024.turnbull.co\/fr\"},{\"@type\":\"ListItem\",\"position\":2,\"name\":\"Formation\",\"item\":\"https:\/\/ojen2024.turnbull.co\/fr\/formation\"},{\"@type\":\"ListItem\",\"position\":3,\"name\":\"Formation pour enseignant\u00b7es\",\"item\":\"https:\/\/ojen2024.turnbull.co\/fr\/formation\/pour-les-enseignants\"},{\"@type\":\"ListItem\",\"position\":4,\"name\":\"Institut estival de droit et Instituts de droit\"}]},{\"@type\":\"WebSite\",\"@id\":\"https:\/\/ojen2024.turnbull.co\/en\/#website\",\"url\":\"https:\/\/ojen2024.turnbull.co\/en\/\",\"name\":\"OJEN\",\"description\":\"\",\"potentialAction\":[{\"@type\":\"SearchAction\",\"target\":{\"@type\":\"EntryPoint\",\"urlTemplate\":\"https:\/\/ojen2024.turnbull.co\/en\/?s={search_term_string}\"},\"query-input\":{\"@type\":\"PropertyValueSpecification\",\"valueRequired\":true,\"valueName\":\"search_term_string\"}}],\"inLanguage\":\"fr-CA\"}]}<\/script>\n<!-- \/ Yoast SEO plugin. -->","yoast_head_json":{"title":"Institut estival de droit et Instituts de droit - OJEN","robots":{"index":"noindex","follow":"follow","max-snippet":"max-snippet:-1","max-image-preview":"max-image-preview:large","max-video-preview":"max-video-preview:-1"},"og_locale":"fr_CA","og_type":"article","og_title":"Institut estival de droit et Instituts de droit - OJEN","og_description":"Institut estival de droit L\u2019Institut estival de droit (IED) du ROEJ est notre \u00e9v\u00e9nement vedette de perfectionnement professionnel. Les droits d\u2019inscription comprennent deux jours complets d\u2019activit\u00e9s d\u2019\u00e9ducation juridique de grande qualit\u00e9, un petit-d\u00e9jeuner et un d\u00e9jeuner pendant les deux jours. Un \u00e9v\u00e9nement d\u2019une valeur r\u00e9ellement exceptionnelle, l\u2019IED est devenu un \u00e9v\u00e9nement incontournable \u00e0 la fin [&hellip;]","og_url":"https:\/\/ojen2024.turnbull.co\/fr\/formation\/pour-les-enseignants\/instituts-de-droit-pour-les-enseignants","og_site_name":"OJEN","article_publisher":"https:\/\/www.facebook.com\/pages\/OJEN\/252115501467864","article_modified_time":"2025-07-12T09:22:47+00:00","twitter_card":"summary_large_image","twitter_site":"@OJEN_ROEJ","twitter_misc":{"Estimation du temps de lecture":"2 minutes"},"schema":{"@context":"https:\/\/schema.org","@graph":[{"@type":"WebPage","@id":"https:\/\/ojen2024.turnbull.co\/fr\/formation\/pour-les-enseignants\/instituts-de-droit-pour-les-enseignants","url":"https:\/\/ojen2024.turnbull.co\/fr\/formation\/pour-les-enseignants\/instituts-de-droit-pour-les-enseignants","name":"Institut estival de droit et Instituts de droit - OJEN","isPartOf":{"@id":"https:\/\/ojen2024.turnbull.co\/en\/#website"},"datePublished":"2016-11-29T12:16:44+00:00","dateModified":"2025-07-12T09:22:47+00:00","breadcrumb":{"@id":"https:\/\/ojen2024.turnbull.co\/fr\/formation\/pour-les-enseignants\/instituts-de-droit-pour-les-enseignants#breadcrumb"},"inLanguage":"fr-CA","potentialAction":[{"@type":"ReadAction","target":["https:\/\/ojen2024.turnbull.co\/fr\/formation\/pour-les-enseignants\/instituts-de-droit-pour-les-enseignants"]}]},{"@type":"BreadcrumbList","@id":"https:\/\/ojen2024.turnbull.co\/fr\/formation\/pour-les-enseignants\/instituts-de-droit-pour-les-enseignants#breadcrumb","itemListElement":[{"@type":"ListItem","position":1,"name":"Home","item":"https:\/\/ojen2024.turnbull.co\/fr"},{"@type":"ListItem","position":2,"name":"Formation","item":"https:\/\/ojen2024.turnbull.co\/fr\/formation"},{"@type":"ListItem","position":3,"name":"Formation pour enseignant\u00b7es","item":"https:\/\/ojen2024.turnbull.co\/fr\/formation\/pour-les-enseignants"},{"@type":"ListItem","position":4,"name":"Institut estival de droit et Instituts de droit"}]},{"@type":"WebSite","@id":"https:\/\/ojen2024.turnbull.co\/en\/#website","url":"https:\/\/ojen2024.turnbull.co\/en\/","name":"OJEN","description":"","potentialAction":[{"@type":"SearchAction","target":{"@type":"EntryPoint","urlTemplate":"https:\/\/ojen2024.turnbull.co\/en\/?s={search_term_string}"},"query-input":{"@type":"PropertyValueSpecification","valueRequired":true,"valueName":"search_term_string"}}],"inLanguage":"fr-CA"}]}},"_links":{"self":[{"href":"https:\/\/ojen2024.turnbull.co\/fr\/wp-json\/wp\/v2\/pages\/8007"}],"collection":[{"href":"https:\/\/ojen2024.turnbull.co\/fr\/wp-json\/wp\/v2\/pages"}],"about":[{"href":"https:\/\/ojen2024.turnbull.co\/fr\/wp-json\/wp\/v2\/types\/page"}],"author":[{"embeddable":true,"href":"https:\/\/ojen2024.turnbull.co\/fr\/wp-json\/wp\/v2\/users\/4"}],"replies":[{"embeddable":true,"href":"https:\/\/ojen2024.turnbull.co\/fr\/wp-json\/wp\/v2\/comments?post=8007"}],"version-history":[{"count":0,"href":"https:\/\/ojen2024.turnbull.co\/fr\/wp-json\/wp\/v2\/pages\/8007\/revisions"}],"up":[{"embeddable":true,"href":"https:\/\/ojen2024.turnbull.co\/fr\/wp-json\/wp\/v2\/pages\/8005"}],"wp:attachment":[{"href":"https:\/\/ojen2024.turnbull.co\/fr\/wp-json\/wp\/v2\/media?parent=8007"}],"curies":[{"name":"wp","href":"https:\/\/api.w.org\/{rel}","templated":true}]}}