{"id":8010,"date":"2016-11-29T07:20:02","date_gmt":"2016-11-29T12:20:02","guid":{"rendered":"http:\/\/ojen.ca\/fr\/?page_id=8010"},"modified":"2017-11-17T13:03:46","modified_gmt":"2017-11-17T17:03:46","slug":"institut-estival-de-droit","status":"publish","type":"page","link":"https:\/\/ojen2024.turnbull.co\/fr\/formation\/pour-les-enseignants\/instituts-de-droit-pour-les-enseignants\/institut-estival-de-droit","title":{"rendered":"Institut estival de droit"},"content":{"rendered":"<p>L&rsquo;Institut estival de droit (IED) du ROEJ est notre \u00e9v\u00e9nement vedette de perfectionnement professionnel. Ce congr\u00e8s de deux jours a lieu au <a href=\"http:\/\/www.historicplaces.ca\/fr\/rep-reg\/place-lieu.aspx?id=4258\">Osgoode Hall<\/a>, un endroit historique situ\u00e9 au centre-ville de Toronto, depuis le premier IED qui a eu lieu en 2002.<\/p>\n<p>Les droits d&rsquo;inscription comprennent deux jours complets d&rsquo;activit\u00e9s d&rsquo;\u00e9ducation juridique de grande qualit\u00e9, un d\u00e9jeuner-buffet et un d\u00eener\u2011buffet pendant les deux jours, et une r\u00e9ception en soir\u00e9e avec buffet dans l&rsquo;un des plus beaux \u00e9difices de Toronto. Un \u00e9v\u00e9nement d&rsquo;une valeur r\u00e9ellement exceptionnelle, l&rsquo;IED est devenu un \u00e9v\u00e9nement incontournable \u00e0 la fin de l&rsquo;\u00e9t\u00e9 pour de nombreux enseignants alors qu&rsquo;ils se pr\u00e9parent \u00e0 la rentr\u00e9e scolaire.<\/p>\n<p>Les instituts de droit du ROEJ sont des programmes de formation professionnelle continue qui permettent aux enseignant.e.s de se perfectionner au contact des meilleur.e.s sp\u00e9cialistes du syst\u00e8me judiciaire. En participant \u00e0 ces instituts, les enseignant.e.s ont l\u2019occasion de dialoguer avec des juges, des avocat.e.s, des universitaires, des policiers, des activistes communautaires et autres experts.<\/p>\n<p>Les participant.e.s :<\/p>\n<p>assistent \u00e0 des pr\u00e9sentations de grande qualit\u00e9;<br \/>\ndialoguent en profondeur avec leurs pairs et les nombreux experts du syst\u00e8me judiciaires pr\u00e9sents;<br \/>\nobservent et\/ou participent \u00e0 des sessions de mise en pratiques permettant de mieux appr\u00e9hender les processus judiciaires.<\/p>\n<p><span style=\"color: #ff6600;\"><em>Pour information, pri\u00e8re de contacter Thomas Gallezot, responsable des programmes francophones au (416) 761-9963 poste 230 ou tgallezot@ojen.ca<\/em><\/span><\/p>\n","protected":false},"excerpt":{"rendered":"<p>L&rsquo;Institut estival de droit (IED) du ROEJ est notre \u00e9v\u00e9nement vedette de perfectionnement professionnel. Ce congr\u00e8s de deux jours a lieu au Osgoode Hall, un endroit historique situ\u00e9 au centre-ville de Toronto, depuis le premier IED qui a eu lieu en 2002. Les droits d&rsquo;inscription comprennent deux jours complets d&rsquo;activit\u00e9s d&rsquo;\u00e9ducation juridique de grande qualit\u00e9, [&hellip;]<\/p>\n","protected":false},"author":4,"featured_media":0,"parent":8007,"menu_order":0,"comment_status":"closed","ping_status":"closed","template":"template-intro-textblocks.php","meta":{"_acf_changed":false,"_eb_attr":"","inline_featured_image":false,"ub_ctt_via":"","footnotes":""},"class_list":["post-8010","page","type-page","status-publish","hentry"],"acf":[],"featured_image_src":null,"yoast_head":"<!-- This site is optimized with the Yoast SEO plugin v25.3 - https:\/\/yoast.com\/wordpress\/plugins\/seo\/ -->\n<title>Institut estival de droit - OJEN<\/title>\n<meta name=\"robots\" content=\"noindex, follow, max-snippet:-1, max-image-preview:large, max-video-preview:-1\" \/>\n<meta property=\"og:locale\" content=\"fr_CA\" \/>\n<meta property=\"og:type\" content=\"article\" \/>\n<meta property=\"og:title\" content=\"Institut estival de droit - OJEN\" \/>\n<meta property=\"og:description\" content=\"L&rsquo;Institut estival de droit (IED) du ROEJ est notre \u00e9v\u00e9nement vedette de perfectionnement professionnel. Ce congr\u00e8s de deux jours a lieu au Osgoode Hall, un endroit historique situ\u00e9 au centre-ville de Toronto, depuis le premier IED qui a eu lieu en 2002. Les droits d&rsquo;inscription comprennent deux jours complets d&rsquo;activit\u00e9s d&rsquo;\u00e9ducation juridique de grande qualit\u00e9, [&hellip;]\" \/>\n<meta property=\"og:url\" content=\"https:\/\/ojen2024.turnbull.co\/fr\/formation\/pour-les-enseignants\/instituts-de-droit-pour-les-enseignants\/institut-estival-de-droit\" \/>\n<meta property=\"og:site_name\" content=\"OJEN\" \/>\n<meta property=\"article:publisher\" content=\"https:\/\/www.facebook.com\/pages\/OJEN\/252115501467864\" \/>\n<meta property=\"article:modified_time\" content=\"2017-11-17T17:03:46+00:00\" \/>\n<meta name=\"twitter:card\" content=\"summary_large_image\" \/>\n<meta name=\"twitter:site\" content=\"@OJEN_ROEJ\" \/>\n<meta name=\"twitter:label1\" content=\"Estimation du temps de lecture\" \/>\n\t<meta name=\"twitter:data1\" content=\"1 minute\" \/>\n<script type=\"application\/ld+json\" class=\"yoast-schema-graph\">{\"@context\":\"https:\/\/schema.org\",\"@graph\":[{\"@type\":\"WebPage\",\"@id\":\"https:\/\/ojen2024.turnbull.co\/fr\/formation\/pour-les-enseignants\/instituts-de-droit-pour-les-enseignants\/institut-estival-de-droit\",\"url\":\"https:\/\/ojen2024.turnbull.co\/fr\/formation\/pour-les-enseignants\/instituts-de-droit-pour-les-enseignants\/institut-estival-de-droit\",\"name\":\"Institut estival de droit - OJEN\",\"isPartOf\":{\"@id\":\"https:\/\/ojen2024.turnbull.co\/en\/#website\"},\"datePublished\":\"2016-11-29T12:20:02+00:00\",\"dateModified\":\"2017-11-17T17:03:46+00:00\",\"breadcrumb\":{\"@id\":\"https:\/\/ojen2024.turnbull.co\/fr\/formation\/pour-les-enseignants\/instituts-de-droit-pour-les-enseignants\/institut-estival-de-droit#breadcrumb\"},\"inLanguage\":\"fr-CA\",\"potentialAction\":[{\"@type\":\"ReadAction\",\"target\":[\"https:\/\/ojen2024.turnbull.co\/fr\/formation\/pour-les-enseignants\/instituts-de-droit-pour-les-enseignants\/institut-estival-de-droit\"]}]},{\"@type\":\"BreadcrumbList\",\"@id\":\"https:\/\/ojen2024.turnbull.co\/fr\/formation\/pour-les-enseignants\/instituts-de-droit-pour-les-enseignants\/institut-estival-de-droit#breadcrumb\",\"itemListElement\":[{\"@type\":\"ListItem\",\"position\":1,\"name\":\"Home\",\"item\":\"https:\/\/ojen2024.turnbull.co\/fr\"},{\"@type\":\"ListItem\",\"position\":2,\"name\":\"Formation\",\"item\":\"https:\/\/ojen2024.turnbull.co\/fr\/formation\"},{\"@type\":\"ListItem\",\"position\":3,\"name\":\"Formation pour enseignant\u00b7es\",\"item\":\"https:\/\/ojen2024.turnbull.co\/fr\/formation\/pour-les-enseignants\"},{\"@type\":\"ListItem\",\"position\":4,\"name\":\"Institut estival de droit et Instituts de droit\",\"item\":\"https:\/\/ojen2024.turnbull.co\/fr\/formation\/pour-les-enseignants\/instituts-de-droit-pour-les-enseignants\"},{\"@type\":\"ListItem\",\"position\":5,\"name\":\"Institut estival de droit\"}]},{\"@type\":\"WebSite\",\"@id\":\"https:\/\/ojen2024.turnbull.co\/en\/#website\",\"url\":\"https:\/\/ojen2024.turnbull.co\/en\/\",\"name\":\"OJEN\",\"description\":\"\",\"potentialAction\":[{\"@type\":\"SearchAction\",\"target\":{\"@type\":\"EntryPoint\",\"urlTemplate\":\"https:\/\/ojen2024.turnbull.co\/en\/?s={search_term_string}\"},\"query-input\":{\"@type\":\"PropertyValueSpecification\",\"valueRequired\":true,\"valueName\":\"search_term_string\"}}],\"inLanguage\":\"fr-CA\"}]}<\/script>\n<!-- \/ Yoast SEO plugin. -->","yoast_head_json":{"title":"Institut estival de droit - OJEN","robots":{"index":"noindex","follow":"follow","max-snippet":"max-snippet:-1","max-image-preview":"max-image-preview:large","max-video-preview":"max-video-preview:-1"},"og_locale":"fr_CA","og_type":"article","og_title":"Institut estival de droit - OJEN","og_description":"L&rsquo;Institut estival de droit (IED) du ROEJ est notre \u00e9v\u00e9nement vedette de perfectionnement professionnel. Ce congr\u00e8s de deux jours a lieu au Osgoode Hall, un endroit historique situ\u00e9 au centre-ville de Toronto, depuis le premier IED qui a eu lieu en 2002. Les droits d&rsquo;inscription comprennent deux jours complets d&rsquo;activit\u00e9s d&rsquo;\u00e9ducation juridique de grande qualit\u00e9, [&hellip;]","og_url":"https:\/\/ojen2024.turnbull.co\/fr\/formation\/pour-les-enseignants\/instituts-de-droit-pour-les-enseignants\/institut-estival-de-droit","og_site_name":"OJEN","article_publisher":"https:\/\/www.facebook.com\/pages\/OJEN\/252115501467864","article_modified_time":"2017-11-17T17:03:46+00:00","twitter_card":"summary_large_image","twitter_site":"@OJEN_ROEJ","twitter_misc":{"Estimation du temps de lecture":"1 minute"},"schema":{"@context":"https:\/\/schema.org","@graph":[{"@type":"WebPage","@id":"https:\/\/ojen2024.turnbull.co\/fr\/formation\/pour-les-enseignants\/instituts-de-droit-pour-les-enseignants\/institut-estival-de-droit","url":"https:\/\/ojen2024.turnbull.co\/fr\/formation\/pour-les-enseignants\/instituts-de-droit-pour-les-enseignants\/institut-estival-de-droit","name":"Institut estival de droit - OJEN","isPartOf":{"@id":"https:\/\/ojen2024.turnbull.co\/en\/#website"},"datePublished":"2016-11-29T12:20:02+00:00","dateModified":"2017-11-17T17:03:46+00:00","breadcrumb":{"@id":"https:\/\/ojen2024.turnbull.co\/fr\/formation\/pour-les-enseignants\/instituts-de-droit-pour-les-enseignants\/institut-estival-de-droit#breadcrumb"},"inLanguage":"fr-CA","potentialAction":[{"@type":"ReadAction","target":["https:\/\/ojen2024.turnbull.co\/fr\/formation\/pour-les-enseignants\/instituts-de-droit-pour-les-enseignants\/institut-estival-de-droit"]}]},{"@type":"BreadcrumbList","@id":"https:\/\/ojen2024.turnbull.co\/fr\/formation\/pour-les-enseignants\/instituts-de-droit-pour-les-enseignants\/institut-estival-de-droit#breadcrumb","itemListElement":[{"@type":"ListItem","position":1,"name":"Home","item":"https:\/\/ojen2024.turnbull.co\/fr"},{"@type":"ListItem","position":2,"name":"Formation","item":"https:\/\/ojen2024.turnbull.co\/fr\/formation"},{"@type":"ListItem","position":3,"name":"Formation pour enseignant\u00b7es","item":"https:\/\/ojen2024.turnbull.co\/fr\/formation\/pour-les-enseignants"},{"@type":"ListItem","position":4,"name":"Institut estival de droit et Instituts de droit","item":"https:\/\/ojen2024.turnbull.co\/fr\/formation\/pour-les-enseignants\/instituts-de-droit-pour-les-enseignants"},{"@type":"ListItem","position":5,"name":"Institut estival de droit"}]},{"@type":"WebSite","@id":"https:\/\/ojen2024.turnbull.co\/en\/#website","url":"https:\/\/ojen2024.turnbull.co\/en\/","name":"OJEN","description":"","potentialAction":[{"@type":"SearchAction","target":{"@type":"EntryPoint","urlTemplate":"https:\/\/ojen2024.turnbull.co\/en\/?s={search_term_string}"},"query-input":{"@type":"PropertyValueSpecification","valueRequired":true,"valueName":"search_term_string"}}],"inLanguage":"fr-CA"}]}},"_links":{"self":[{"href":"https:\/\/ojen2024.turnbull.co\/fr\/wp-json\/wp\/v2\/pages\/8010"}],"collection":[{"href":"https:\/\/ojen2024.turnbull.co\/fr\/wp-json\/wp\/v2\/pages"}],"about":[{"href":"https:\/\/ojen2024.turnbull.co\/fr\/wp-json\/wp\/v2\/types\/page"}],"author":[{"embeddable":true,"href":"https:\/\/ojen2024.turnbull.co\/fr\/wp-json\/wp\/v2\/users\/4"}],"replies":[{"embeddable":true,"href":"https:\/\/ojen2024.turnbull.co\/fr\/wp-json\/wp\/v2\/comments?post=8010"}],"version-history":[{"count":0,"href":"https:\/\/ojen2024.turnbull.co\/fr\/wp-json\/wp\/v2\/pages\/8010\/revisions"}],"up":[{"embeddable":true,"href":"https:\/\/ojen2024.turnbull.co\/fr\/wp-json\/wp\/v2\/pages\/8007"}],"wp:attachment":[{"href":"https:\/\/ojen2024.turnbull.co\/fr\/wp-json\/wp\/v2\/media?parent=8010"}],"curies":[{"name":"wp","href":"https:\/\/api.w.org\/{rel}","templated":true}]}}